


{"id":103224,"date":"2022-02-01T23:42:27","date_gmt":"2022-02-01T22:42:27","guid":{"rendered":"http:\/\/www.handdukstorkar.se\/?post_type=product&#038;p=103224"},"modified":"2026-04-24T14:23:39","modified_gmt":"2026-04-24T13:23:39","slug":"elektra-rund-elektrisk-handdukstork-i-polerad-massing","status":"publish","type":"product","link":"https:\/\/www.handdukstorkar.se\/sv\/shop\/haandklaedetorrer\/elektra-round-elektrisk-haandklaedetoerrer-poleret-messing\/","title":{"rendered":"Elektra rund elektrisk handdukstork - polerad m\u00e4ssing"},"content":{"rendered":"<p><a href=\"https:\/\/www.haandklaedetoerrer.dk\/wp-content\/uploads\/2022\/02\/new-timer-function-video.mp4\" target=\"_blank\" rel=\"noopener\"><img decoding=\"async\" class=\"alignnone wp-image-103291\" src=\"https:\/\/www.haandklaedetoerrer.dk\/wp-content\/uploads\/2022\/02\/video-clapper-01.png\" alt=\"\" width=\"128\" height=\"112\" srcset=\"https:\/\/www.handdukstorkar.se\/wp-content\/uploads\/2022\/02\/video-clapper-01.png 146w, https:\/\/www.handdukstorkar.se\/wp-content\/uploads\/2022\/02\/video-clapper-01-100x88.png 100w\" sizes=\"(max-width: 128px) 100vw, 128px\" \/>Anv\u00e4ndarhandledning video<\/a><\/p>\n<p><a href=\"https:\/\/www.haandklaedetoerrer.dk\/wp-content\/uploads\/2018\/06\/Installtions-Manual-ELEKTRA-H\u00e5ndkl\u00e6det\u00f8rrer.pdf\" target=\"_blank\" rel=\"noopener\"><img decoding=\"async\" src=\"https:\/\/www.haandklaedetoerrer.dk\/wp-content\/uploads\/2015\/03\/iconfinder_24_2133056-1.png\" alt=\"installationsguide\" \/>Installationsmanual<\/a><\/p>\n<p><a href=\"https:\/\/www.haandklaedetoerrer.dk\/wp-content\/uploads\/2022\/02\/new-timer-function-instruction-DK.pdf\" target=\"_blank\" rel=\"noopener\"><img decoding=\"async\" src=\"https:\/\/www.haandklaedetoerrer.dk\/wp-content\/uploads\/2015\/03\/iconfinder_24_2133056-1.png\" alt=\"installationsguide\" \/>Anv\u00e4ndarmanual\u00a0<\/a><\/p>","protected":false},"excerpt":{"rendered":"<p><strong>Elektra Rund Elektrisk Handdukstork \u2013 Polerad M\u00e4ssing<\/strong><\/p>\n<p>Elektra Round i polerad m\u00e4ssing kombinerar en tidl\u00f6s rund lamelldesign med smart elektrisk funktionalitet. Den inbyggda MOA-termostaten ger exakt temperaturkontroll fr\u00e5n 45\u201370 \u00b0C, medan den integrerade timern kan st\u00e4llas in p\u00e5 upp till 8 timmar i 1-timmarsintervaller. Med ett kompakt, platsbesparande djup och elegant finish \u00e4r denna handdukstork lika l\u00e4mplig f\u00f6r sm\u00e5 g\u00e4sttoaletter som f\u00f6r exklusiva spa-omr\u00e5den.<\/p>\n<p>Rund \u00d8 25 mm lamelldesign f\u00f6r optimal v\u00e4rmef\u00f6rdelning och mjukt visuellt uttryck<br \/>\nInbyggd elektronisk termostat (45\u201370 \u00b0C) f\u00f6r energieffektiv drift<br \/>\n2\u20138 timmars timerfunktion med 1-timmarsintervall f\u00f6r flexibel torkcykel<br \/>\nSnabb plug-and-play-installation i ett vanligt eluttag eller direkt i en elbox<br \/>\nH\u00f6gpresterande 88 W element f\u00f6r effektiv uppv\u00e4rmning<br \/>\nPolerad m\u00e4ssingsfinish som matchar exklusiva armaturer och patina vackert \u00f6ver tid<br \/>\nLevereras med monteringsf\u00e4sten och detaljerade installationsanvisningar (PDF)<br \/>\n2 \u00e5rs funktionsgaranti fr\u00e5n Elektra<\/p>\n<p><strong>Idealisk f\u00f6r:<\/strong><br \/>\nPrivata hem, hotell och spamilj\u00f6er<br \/>\nBadrum, g\u00e4sttoaletter och h\u00e4lsorum<\/p>\n<p><strong>Varianter och tillbeh\u00f6r:<\/strong><\/p>\n<p>Finns i flera standardbredder (400, 500, 600 mm) och h\u00f6jder (860 och 1220 mm)<br \/>\nFinns \u00e4ven i borstat st\u00e5l och svart lack<br \/>\nKabeln sitter till h\u00f6ger l\u00e4ngst ner p\u00e5 f\u00e4stet (ange vid best\u00e4llning om v\u00e4gguttag \u00f6nskas)<br \/>\nV\u00e4lj Elektra Round n\u00e4r du vill ha en kompromissl\u00f6s kombination av design, anv\u00e4ndarv\u00e4nlighet och exakt v\u00e4rmefunktion \u2013 direktanslutning och intelligent styrning i en elegant produkt.<\/p>\n<p>Finns i olika f\u00e4rger under kategorin Elektrisk handdukstork.<br \/>\n<a href=\"https:\/\/www.haandklaedetoerrer.dk\/produkt-kategori\/haandklaedetorrer\/elektrisk-haandklaedetoerrer\/\"><strong><span style=\"color: #0000ff;\">Klicka h\u00e4r<\/span><\/strong><\/a> f\u00f6r att se de andra f\u00e4rgerna.<\/p>\n<p>Kabeln sitter p\u00e5 h\u00f6ger sida l\u00e4ngst ner p\u00e5 f\u00e4stet.<\/p>\n<p>V\u00e4nligen skriv i best\u00e4llningen om du \u00f6nskar ett v\u00e4gguttag (kabelskydd) till produkten.<\/p>\n<p>&nbsp;<\/p>","protected":false},"featured_media":16372912301,"template":"","meta":[],"product_brand":[],"product_cat":[976,1585,1404,948,1405,1380],"product_tag":[1363],"class_list":{"0":"post-103224","1":"product","2":"type-product","3":"status-publish","4":"has-post-thumbnail","6":"product_cat-elektrisk-haandklaedetoerrer","7":"product_cat-haandklaedetoerrer-el","8":"product_cat-handklaedeholder","9":"product_cat-haandklaedetorrer","10":"product_cat-handklaedevarmer","11":"product_cat-messing-haandklaedetoerrer","12":"product_tag-elektrisk-haandklaedetoerrer","13":"pa_bredde-1028","14":"pa_bredde-1029","15":"pa_bredde-1030","16":"pa_farve-boerstet-messing","17":"pa_farve-boerstet-staal","18":"pa_farve-poleret-messing","19":"pa_farve-poleret-staal","20":"pa_farve-sort","21":"pa_finish-krom","22":"pa_finish-messing","23":"pa_finish-rustfrit","24":"pa_finish-sort","25":"pa_hoejde-1032","26":"pa_hoejde-1033","27":"pa_leverings_tid-1-2dage","28":"pa_manufacturer-ht-prestige","29":"pa_model-cd-elektra","31":"first","32":"instock","33":"taxable","34":"shipping-taxable","35":"product-type-variable"},"yoast_head":"<!-- This site is optimized with the Yoast SEO Premium plugin v27.1 (Yoast SEO v27.1.1) - https:\/\/yoast.com\/product\/yoast-seo-premium-wordpress\/ -->\n<title>Elektra Round Elektrisk H\u00e5ndkl\u00e6det\u00f8rrer - Poleret Messing - Handdukstorkar.se<\/title>\n<meta name=\"robots\" content=\"index, follow, max-snippet:-1, max-image-preview:large, max-video-preview:-1\" \/>\n<link rel=\"canonical\" href=\"https:\/\/www.handdukstorkar.se\/sv\/butik\/handdukstorkar\/elektra-rund-elektrisk-handdukstork-i-polerad-massing\/\" \/>\n<meta property=\"og:locale\" content=\"sv_SE\" \/>\n<meta property=\"og:type\" content=\"article\" \/>\n<meta property=\"og:title\" content=\"Elektra Round Elektrisk H\u00e5ndkl\u00e6det\u00f8rrer - Poleret Messing\" \/>\n<meta property=\"og:description\" content=\"Elektra Round Elektrisk H\u00e5ndkl\u00e6det\u00f8rrer \u2013 Poleret Messing  Elektra Round i poleret messing forener et tidl\u00f8st rundt lameldesign med smart elektrisk funktionalitet. Den indbyggede MOA-termostat giver pr\u00e6cis temperaturkontrol fra 45\u201370 \u00b0C, mens den integrerede timer kan indstilles op til 8 timer i 1-timers intervaller. Med en kompakt, pladsbesparende dybde og elegant finish er denne h\u00e5ndkl\u00e6det\u00f8rrer lige s\u00e5 velegnet i sm\u00e5 g\u00e6stetoiletter som i eksklusive spa-omr\u00e5der.  Rund \u00d8 25 mm lameldesign for optimal varmefordeling og bl\u00f8dt visuelt udtryk Indbygget elektronisk termostat (45\u201370 \u00b0C) for energieffektiv drift 2\u20138 timers timerfunktion med 1-times intervaller til fleksibel t\u00f8rrecyklus Hurtig, plug-and-play-installation i almindeligt el-stik eller direkte i el-d\u00e5se H\u00f8jtydende 88 W element for effektiv opvarmning Poleret messingfinish, der matcher eksklusive armaturer og patinerer smukt over tid Leveres med monteringsbeslag og detaljeret installationsvejledning (PDF) 2 \u00e5rs funktionsgaranti fra Elektra  Ideel til: Privatboliger, hoteller og spa-milj\u00f8er Badev\u00e6relser, g\u00e6stetoiletter og wellnessrum  Varianter &amp; tilbeh\u00f8r:  F\u00e5s i flere standardbredder (400, 500, 600 mm) og h\u00f8jder (860 og 1220 mm) Ogs\u00e5 tilg\u00e6ngelig i b\u00f8rstet st\u00e5l og sort lakering Ledning sidder til h\u00f8jre i bunden af beslaget (angiv ved bestilling, hvis v\u00e6gb\u00f8sning \u00f8nskes) V\u00e6lg Elektra Round, n\u00e5r du vil have kompromisl\u00f8s kombination af design, brugervenlighed og pr\u00e6cis varmefunktion \u2013 direkte tilslutning og intelligent styring i \u00e9t elegant produkt  Findes i forskellige farver under kategorien Elektriske H\u00e5ndkl\u00e6det\u00f8rrer. Klik her for at se de andre farver.  Ledning sidder p\u00e5 h\u00f8jre side i bunden af beslaget.  Skrive i ordren hvis der \u00f8nskes v\u00e6gb\u00f8sning (ledningsskjuler) med til produktet  &nbsp;\" \/>\n<meta property=\"og:url\" content=\"https:\/\/www.handdukstorkar.se\/sv\/butik\/handdukstorkar\/elektra-rund-elektrisk-handdukstork-i-polerad-massing\/\" \/>\n<meta property=\"og:site_name\" content=\"Handdukstorkar.se\" \/>\n<meta property=\"article:modified_time\" content=\"2026-04-24T13:23:39+00:00\" \/>\n<meta property=\"og:image\" content=\"https:\/\/www.handdukstorkar.se\/wp-content\/uploads\/2025\/08\/polish-gold-00-1-scaled-1.jpg\" \/>\n\t<meta property=\"og:image:width\" content=\"1829\" \/>\n\t<meta property=\"og:image:height\" content=\"2560\" \/>\n\t<meta property=\"og:image:type\" content=\"image\/jpeg\" \/>\n<meta name=\"twitter:card\" content=\"summary_large_image\" \/>\n<meta name=\"twitter:label1\" content=\"Availability\" \/>\n\t<meta name=\"twitter:data1\" content=\"In stock\" \/>\n<script type=\"application\/ld+json\" class=\"yoast-schema-graph\">{\"@context\":\"https:\/\/schema.org\",\"@graph\":[{\"@type\":\"WebPage\",\"@id\":\"https:\/\/www.handdukstorkar.se\/sv\/shop\/haandklaedetorrer\/elektra-round-elektrisk-haandklaedetoerrer-poleret-messing\/\",\"url\":\"https:\/\/www.handdukstorkar.se\/sv\/shop\/haandklaedetorrer\/elektra-round-elektrisk-haandklaedetoerrer-poleret-messing\/\",\"name\":\"Elektra Round Elektrisk H\u00e5ndkl\u00e6det\u00f8rrer - Poleret Messing - Handdukstorkar.se\",\"isPartOf\":{\"@id\":\"https:\/\/www.handdukstorkar.se\/sv\/#website\"},\"primaryImageOfPage\":{\"@id\":\"https:\/\/www.handdukstorkar.se\/sv\/shop\/haandklaedetorrer\/elektra-round-elektrisk-haandklaedetoerrer-poleret-messing\/#primaryimage\"},\"image\":{\"@id\":\"https:\/\/www.handdukstorkar.se\/sv\/shop\/haandklaedetorrer\/elektra-round-elektrisk-haandklaedetoerrer-poleret-messing\/#primaryimage\"},\"thumbnailUrl\":\"https:\/\/www.handdukstorkar.se\/wp-content\/uploads\/2025\/08\/polish-gold-00-1-scaled-1.jpg\",\"datePublished\":\"2022-02-01T22:42:27+00:00\",\"dateModified\":\"2026-04-24T13:23:39+00:00\",\"breadcrumb\":{\"@id\":\"https:\/\/www.handdukstorkar.se\/sv\/shop\/haandklaedetorrer\/elektra-round-elektrisk-haandklaedetoerrer-poleret-messing\/#breadcrumb\"},\"inLanguage\":\"sv-SE\",\"potentialAction\":[{\"@type\":\"ReadAction\",\"target\":[\"https:\/\/www.handdukstorkar.se\/sv\/shop\/haandklaedetorrer\/elektra-round-elektrisk-haandklaedetoerrer-poleret-messing\/\"]}]},{\"@type\":\"ImageObject\",\"inLanguage\":\"sv-SE\",\"@id\":\"https:\/\/www.handdukstorkar.se\/sv\/shop\/haandklaedetorrer\/elektra-round-elektrisk-haandklaedetoerrer-poleret-messing\/#primaryimage\",\"url\":\"https:\/\/www.handdukstorkar.se\/wp-content\/uploads\/2025\/08\/polish-gold-00-1-scaled-1.jpg\",\"contentUrl\":\"https:\/\/www.handdukstorkar.se\/wp-content\/uploads\/2025\/08\/polish-gold-00-1-scaled-1.jpg\",\"width\":1829,\"height\":2560,\"caption\":\"Elektra Round H\u00e5ndkl\u00e6det\u00f8rrer El Poleret Messing\"},{\"@type\":\"BreadcrumbList\",\"@id\":\"https:\/\/www.handdukstorkar.se\/sv\/shop\/haandklaedetorrer\/elektra-round-elektrisk-haandklaedetoerrer-poleret-messing\/#breadcrumb\",\"itemListElement\":[{\"@type\":\"ListItem\",\"position\":1,\"name\":\"Home\",\"item\":\"https:\/\/www.handdukstorkar.se\/sv\/\"},{\"@type\":\"ListItem\",\"position\":2,\"name\":\"Shop\",\"item\":\"https:\/\/www.handdukstorkar.se\/sv\/butik\/\"},{\"@type\":\"ListItem\",\"position\":3,\"name\":\"Elektra Round Elektrisk H\u00e5ndkl\u00e6det\u00f8rrer &#8211; Poleret Messing\"}]},{\"@type\":\"WebSite\",\"@id\":\"https:\/\/www.handdukstorkar.se\/sv\/#website\",\"url\":\"https:\/\/www.handdukstorkar.se\/sv\/\",\"name\":\"Handdukstorkar.se\",\"description\":\"Danmarks st\u00f8rste udvalg af h\u00e5ndkl\u00e6det\u00f8rrer\",\"publisher\":{\"@id\":\"https:\/\/www.handdukstorkar.se\/sv\/#organization\"},\"potentialAction\":[{\"@type\":\"SearchAction\",\"target\":{\"@type\":\"EntryPoint\",\"urlTemplate\":\"https:\/\/www.handdukstorkar.se\/sv\/?s={search_term_string}\"},\"query-input\":{\"@type\":\"PropertyValueSpecification\",\"valueRequired\":true,\"valueName\":\"search_term_string\"}}],\"inLanguage\":\"sv-SE\"},{\"@type\":\"Organization\",\"@id\":\"https:\/\/www.handdukstorkar.se\/sv\/#organization\",\"name\":\"H\u00e5ndkl\u00e6det\u00f8rrer.dk\",\"url\":\"https:\/\/www.handdukstorkar.se\/sv\/\",\"logo\":{\"@type\":\"ImageObject\",\"inLanguage\":\"sv-SE\",\"@id\":\"https:\/\/www.handdukstorkar.se\/sv\/#\/schema\/logo\/image\/\",\"url\":\"https:\/\/www.handdukstorkar.se\/wp-content\/uploads\/2019\/06\/logo-1.png\",\"contentUrl\":\"https:\/\/www.handdukstorkar.se\/wp-content\/uploads\/2019\/06\/logo-1.png\",\"width\":300,\"height\":45,\"caption\":\"H\u00e5ndkl\u00e6det\u00f8rrer.dk\"},\"image\":{\"@id\":\"https:\/\/www.handdukstorkar.se\/sv\/#\/schema\/logo\/image\/\"}}]}<\/script>\n<meta property=\"product:brand\" content=\"ELEKTRA\" \/>\n<meta property=\"og:availability\" content=\"instock\" \/>\n<meta property=\"product:availability\" content=\"instock\" \/>\n<meta property=\"product:retailer_item_id\" content=\"21670\" \/>\n<meta property=\"product:condition\" content=\"new\" \/>\n<!-- \/ Yoast SEO Premium plugin. -->","yoast_head_json":{"title":"Elektra Rund Elektrisk Handduksv\u00e4rmare - Polerad M\u00e4ssing - Handdukstorkar.se","robots":{"index":"index","follow":"follow","max-snippet":"max-snippet:-1","max-image-preview":"max-image-preview:large","max-video-preview":"max-video-preview:-1"},"canonical":"https:\/\/www.handdukstorkar.se\/sv\/butik\/handdukstorkar\/elektra-rund-elektrisk-handdukstork-i-polerad-massing\/","og_locale":"sv_SE","og_type":"article","og_title":"Elektra Round Elektrisk H\u00e5ndkl\u00e6det\u00f8rrer - Poleret Messing","og_description":"Elektra Round Elektrisk H\u00e5ndkl\u00e6det\u00f8rrer \u2013 Poleret Messing  Elektra Round i poleret messing forener et tidl\u00f8st rundt lameldesign med smart elektrisk funktionalitet. Den indbyggede MOA-termostat giver pr\u00e6cis temperaturkontrol fra 45\u201370 \u00b0C, mens den integrerede timer kan indstilles op til 8 timer i 1-timers intervaller. Med en kompakt, pladsbesparende dybde og elegant finish er denne h\u00e5ndkl\u00e6det\u00f8rrer lige s\u00e5 velegnet i sm\u00e5 g\u00e6stetoiletter som i eksklusive spa-omr\u00e5der.  Rund \u00d8 25 mm lameldesign for optimal varmefordeling og bl\u00f8dt visuelt udtryk Indbygget elektronisk termostat (45\u201370 \u00b0C) for energieffektiv drift 2\u20138 timers timerfunktion med 1-times intervaller til fleksibel t\u00f8rrecyklus Hurtig, plug-and-play-installation i almindeligt el-stik eller direkte i el-d\u00e5se H\u00f8jtydende 88 W element for effektiv opvarmning Poleret messingfinish, der matcher eksklusive armaturer og patinerer smukt over tid Leveres med monteringsbeslag og detaljeret installationsvejledning (PDF) 2 \u00e5rs funktionsgaranti fra Elektra  Ideel til: Privatboliger, hoteller og spa-milj\u00f8er Badev\u00e6relser, g\u00e6stetoiletter og wellnessrum  Varianter &amp; tilbeh\u00f8r:  F\u00e5s i flere standardbredder (400, 500, 600 mm) og h\u00f8jder (860 og 1220 mm) Ogs\u00e5 tilg\u00e6ngelig i b\u00f8rstet st\u00e5l og sort lakering Ledning sidder til h\u00f8jre i bunden af beslaget (angiv ved bestilling, hvis v\u00e6gb\u00f8sning \u00f8nskes) V\u00e6lg Elektra Round, n\u00e5r du vil have kompromisl\u00f8s kombination af design, brugervenlighed og pr\u00e6cis varmefunktion \u2013 direkte tilslutning og intelligent styring i \u00e9t elegant produkt  Findes i forskellige farver under kategorien Elektriske H\u00e5ndkl\u00e6det\u00f8rrer. Klik her for at se de andre farver.  Ledning sidder p\u00e5 h\u00f8jre side i bunden af beslaget.  Skrive i ordren hvis der \u00f8nskes v\u00e6gb\u00f8sning (ledningsskjuler) med til produktet  &nbsp;","og_url":"https:\/\/www.handdukstorkar.se\/sv\/butik\/handdukstorkar\/elektra-rund-elektrisk-handdukstork-i-polerad-massing\/","og_site_name":"Handdukstorkar.se","article_modified_time":"2026-04-24T13:23:39+00:00","og_image":[{"width":1829,"height":2560,"url":"https:\/\/www.handdukstorkar.se\/wp-content\/uploads\/2025\/08\/polish-gold-00-1-scaled-1.jpg","type":"image\/jpeg"}],"twitter_card":"summary_large_image","twitter_misc":{"Availability":"In stock"},"schema":{"@context":"https:\/\/schema.org","@graph":[{"@type":"WebPage","@id":"https:\/\/www.handdukstorkar.se\/sv\/shop\/haandklaedetorrer\/elektra-round-elektrisk-haandklaedetoerrer-poleret-messing\/","url":"https:\/\/www.handdukstorkar.se\/sv\/shop\/haandklaedetorrer\/elektra-round-elektrisk-haandklaedetoerrer-poleret-messing\/","name":"Elektra Rund Elektrisk Handduksv\u00e4rmare - Polerad M\u00e4ssing - Handdukstorkar.se","isPartOf":{"@id":"https:\/\/www.handdukstorkar.se\/sv\/#website"},"primaryImageOfPage":{"@id":"https:\/\/www.handdukstorkar.se\/sv\/shop\/haandklaedetorrer\/elektra-round-elektrisk-haandklaedetoerrer-poleret-messing\/#primaryimage"},"image":{"@id":"https:\/\/www.handdukstorkar.se\/sv\/shop\/haandklaedetorrer\/elektra-round-elektrisk-haandklaedetoerrer-poleret-messing\/#primaryimage"},"thumbnailUrl":"https:\/\/www.handdukstorkar.se\/wp-content\/uploads\/2025\/08\/polish-gold-00-1-scaled-1.jpg","datePublished":"2022-02-01T22:42:27+00:00","dateModified":"2026-04-24T13:23:39+00:00","breadcrumb":{"@id":"https:\/\/www.handdukstorkar.se\/sv\/shop\/haandklaedetorrer\/elektra-round-elektrisk-haandklaedetoerrer-poleret-messing\/#breadcrumb"},"inLanguage":"sv-SE","potentialAction":[{"@type":"ReadAction","target":["https:\/\/www.handdukstorkar.se\/sv\/shop\/haandklaedetorrer\/elektra-round-elektrisk-haandklaedetoerrer-poleret-messing\/"]}]},{"@type":"ImageObject","inLanguage":"sv-SE","@id":"https:\/\/www.handdukstorkar.se\/sv\/shop\/haandklaedetorrer\/elektra-round-elektrisk-haandklaedetoerrer-poleret-messing\/#primaryimage","url":"https:\/\/www.handdukstorkar.se\/wp-content\/uploads\/2025\/08\/polish-gold-00-1-scaled-1.jpg","contentUrl":"https:\/\/www.handdukstorkar.se\/wp-content\/uploads\/2025\/08\/polish-gold-00-1-scaled-1.jpg","width":1829,"height":2560,"caption":"Elektra Round H\u00e5ndkl\u00e6det\u00f8rrer El Poleret Messing"},{"@type":"BreadcrumbList","@id":"https:\/\/www.handdukstorkar.se\/sv\/shop\/haandklaedetorrer\/elektra-round-elektrisk-haandklaedetoerrer-poleret-messing\/#breadcrumb","itemListElement":[{"@type":"ListItem","position":1,"name":"Home","item":"https:\/\/www.handdukstorkar.se\/sv\/"},{"@type":"ListItem","position":2,"name":"Shop","item":"https:\/\/www.handdukstorkar.se\/sv\/butik\/"},{"@type":"ListItem","position":3,"name":"Elektra Round Elektrisk H\u00e5ndkl\u00e6det\u00f8rrer &#8211; Poleret Messing"}]},{"@type":"WebSite","@id":"https:\/\/www.handdukstorkar.se\/sv\/#website","url":"https:\/\/www.handdukstorkar.se\/sv\/","name":"Handdukstork.se","description":"Danmarks st\u00f6rsta utbud av handdukstorkar","publisher":{"@id":"https:\/\/www.handdukstorkar.se\/sv\/#organization"},"potentialAction":[{"@type":"SearchAction","target":{"@type":"EntryPoint","urlTemplate":"https:\/\/www.handdukstorkar.se\/sv\/?s={search_term_string}"},"query-input":{"@type":"PropertyValueSpecification","valueRequired":true,"valueName":"search_term_string"}}],"inLanguage":"sv-SE"},{"@type":"Organization","@id":"https:\/\/www.handdukstorkar.se\/sv\/#organization","name":"H\u00e5ndkladetorrer.dk","url":"https:\/\/www.handdukstorkar.se\/sv\/","logo":{"@type":"ImageObject","inLanguage":"sv-SE","@id":"https:\/\/www.handdukstorkar.se\/sv\/#\/schema\/logo\/image\/","url":"https:\/\/www.handdukstorkar.se\/wp-content\/uploads\/2019\/06\/logo-1.png","contentUrl":"https:\/\/www.handdukstorkar.se\/wp-content\/uploads\/2019\/06\/logo-1.png","width":300,"height":45,"caption":"H\u00e5ndkl\u00e6det\u00f8rrer.dk"},"image":{"@id":"https:\/\/www.handdukstorkar.se\/sv\/#\/schema\/logo\/image\/"}}]},"product_brand":"ELEKTRA","og_availability":"instock","product_availability":"instock","product_retailer_item_id":"21670","product_condition":"new"},"jetpack_sharing_enabled":true,"_links":{"self":[{"href":"https:\/\/www.handdukstorkar.se\/sv\/wp-json\/wp\/v2\/product\/103224","targetHints":{"allow":["GET"]}}],"collection":[{"href":"https:\/\/www.handdukstorkar.se\/sv\/wp-json\/wp\/v2\/product"}],"about":[{"href":"https:\/\/www.handdukstorkar.se\/sv\/wp-json\/wp\/v2\/types\/product"}],"version-history":[{"count":1,"href":"https:\/\/www.handdukstorkar.se\/sv\/wp-json\/wp\/v2\/product\/103224\/revisions"}],"predecessor-version":[{"id":16372913535,"href":"https:\/\/www.handdukstorkar.se\/sv\/wp-json\/wp\/v2\/product\/103224\/revisions\/16372913535"}],"wp:featuredmedia":[{"embeddable":true,"href":"https:\/\/www.handdukstorkar.se\/sv\/wp-json\/wp\/v2\/media\/16372912301"}],"wp:attachment":[{"href":"https:\/\/www.handdukstorkar.se\/sv\/wp-json\/wp\/v2\/media?parent=103224"}],"wp:term":[{"taxonomy":"product_brand","embeddable":true,"href":"https:\/\/www.handdukstorkar.se\/sv\/wp-json\/wp\/v2\/product_brand?post=103224"},{"taxonomy":"product_cat","embeddable":true,"href":"https:\/\/www.handdukstorkar.se\/sv\/wp-json\/wp\/v2\/product_cat?post=103224"},{"taxonomy":"product_tag","embeddable":true,"href":"https:\/\/www.handdukstorkar.se\/sv\/wp-json\/wp\/v2\/product_tag?post=103224"}],"curies":[{"name":"wp","href":"https:\/\/api.w.org\/{rel}","templated":true}]}}