


{"id":159828,"date":"2024-11-07T22:04:48","date_gmt":"2024-11-07T21:04:48","guid":{"rendered":"http:\/\/www.handdukstorkar.se\/?post_type=product&#038;p=159828"},"modified":"2026-04-24T14:17:40","modified_gmt":"2026-04-24T13:17:40","slug":"charon-elektrisk-handdukstork-i-borstat-staal","status":"publish","type":"product","link":"https:\/\/www.handdukstorkar.se\/sv\/shop\/haandklaedetorrer\/elektrisk-haandklaedetoerrer\/charon-elektrisk-haandklaedetoerrer-boerstet-staal\/","title":{"rendered":"Charon elektrisk handdukstork i borstat st\u00e5l"},"content":{"rendered":"<h3><span style=\"font-size: 1.125rem;\">Energif\u00f6rbrukning:<\/span><\/h3>\n<h3><span style=\"font-size: 1rem;\">Om produkten anv\u00e4nds dagligen \u00e4r den ber\u00e4knade \u00e5rliga energif\u00f6rbrukningen:<\/span><\/h3>\n<ul>\n<li><strong>3 timmar per dag:<\/strong> Cirka 82,1 kWh per \u00e5r.<\/li>\n<li><strong>6 timmar per dag:<\/strong> Cirka 164,2 kWh per \u00e5r.<br \/>\nDessa specifikationer g\u00f6r radiatorn idealisk f\u00f6r b\u00e5de sm\u00e5 och medelstora badrum d\u00e4r komfort och energieffektivitet \u00f6nskas.<\/li>\n<\/ul>","protected":false},"excerpt":{"rendered":"<p><strong>Charon elektrisk handduksv\u00e4rmare \u2013 borstat st\u00e5l<\/strong><\/p>\n<p>Den elektriska handdukstorken Charon i borstat rostfritt st\u00e5l kombinerar minimalistisk, vertikal design med exklusiva detaljer och praktisk funktionalitet.<\/p>\n<p><strong>Material och finish:<\/strong> Rostfritt st\u00e5l med borstad yta och kristallslipade detaljer p\u00e5 krokarna<br \/>\n<strong>Effekt:<\/strong> 75 W f\u00f6r l\u00e5g energif\u00f6rbrukning och snabb uppv\u00e4rmning<br \/>\n<strong>Storlek:<\/strong> 1420 mm h\u00f6g \u00d7 260 mm bred \u2013 optimerat utrymme f\u00f6r flera handdukar<br \/>\n<strong>F\u00f6rbindelse:<\/strong> 220 V med 1,5 m kabel; m\u00f6jlighet till dold installation<\/p>\n<p><strong>Timerfunktion:<\/strong><\/p>\n<p>Eng\u00e5ngs- eller kontinuerlig timerinst\u00e4llning p\u00e5 3 eller 6 timmar \u2013 st\u00e4ngs av automatiskt f\u00f6r att spara energi<\/p>\n<p><strong>Idealisk f\u00f6r:<\/strong><br \/>\nPrivata hem, hotell och spamilj\u00f6er<br \/>\nBadrum, g\u00e4sttoaletter och h\u00e4lsorum<\/p>\n<p><span style=\"font-size: 1rem;\">Installationsmanual och teknisk ritning<\/span><a style=\"font-size: 1rem;\" href=\"https:\/\/www.haandklaedetoerrer.dk\/wp-content\/uploads\/2024\/11\/Charon-installations-manual-teknisk-tegning-1.pdf\" target=\"_blank\" rel=\"noopener\"> <span style=\"color: #0000ff;\">klicka h\u00e4r<\/span><\/a><\/p>","protected":false},"featured_media":175029,"template":"","meta":[],"product_brand":[],"product_cat":[976,1585,1404,1405],"product_tag":[],"class_list":{"0":"post-159828","1":"product","2":"type-product","3":"status-publish","4":"has-post-thumbnail","6":"product_cat-elektrisk-haandklaedetoerrer","7":"product_cat-haandklaedetoerrer-el","8":"product_cat-handklaedeholder","9":"product_cat-handklaedevarmer","10":"pa_farve-boerstet-messing","11":"pa_leverings_tid-1f-3-5dage","12":"pa_manufacturer-ht-prestige","14":"first","15":"instock","16":"sale","17":"taxable","18":"shipping-taxable","19":"purchasable","20":"product-type-simple"},"yoast_head":"<!-- This site is optimized with the Yoast SEO Premium plugin v27.1 (Yoast SEO v27.1.1) - https:\/\/yoast.com\/product\/yoast-seo-premium-wordpress\/ -->\n<title>Charon elektrisk h\u00e5ndkl\u00e6det\u00f8rrer b\u00f8rstet st\u00e5l - Handdukstorkar.se<\/title>\n<meta name=\"robots\" content=\"index, follow, max-snippet:-1, max-image-preview:large, max-video-preview:-1\" \/>\n<link rel=\"canonical\" href=\"https:\/\/www.handdukstorkar.se\/sv\/butik\/handdukstorkar\/handdukstork-el-4\/charon-elektrisk-handdukstork-i-borstat-staal\/\" \/>\n<meta property=\"og:locale\" content=\"sv_SE\" \/>\n<meta property=\"og:type\" content=\"article\" \/>\n<meta property=\"og:title\" content=\"Charon elektrisk h\u00e5ndkl\u00e6det\u00f8rrer b\u00f8rstet st\u00e5l\" \/>\n<meta property=\"og:description\" content=\"Charon Elektrisk H\u00e5ndkl\u00e6det\u00f8rrer \u2013 B\u00f8rstet St\u00e5l  Charon elektrisk h\u00e5ndkl\u00e6det\u00f8rrer i b\u00f8rstet rustfrit st\u00e5l kombinerer minimalistisk, vertikalt design med eksklusive detaljeringer og praktisk funktionalitet.  Materiale &amp; Finish: Rustfrit st\u00e5l med b\u00f8rstet overflade og krystal-cut detaljer p\u00e5 krogene Effekt: 75 W for lavt energiforbrug og hurtig opvarmning St\u00f8rrelse: 1420 mm h\u00f8j \u00d7 260 mm bred \u2013 optimeret plads til flere h\u00e5ndkl\u00e6der Tilslutning: 220 V med 1,5 m ledning; mulighed for skjult installation  Timerfunktion:  Engangs- eller kontinuerlig timerindstilling p\u00e5 3 eller 6 timer \u2013 slukker automatisk, s\u00e5 du sparer energi  Ideel til: Privatboliger, hoteller og spa-milj\u00f8er Badev\u00e6relser, g\u00e6stetoiletter og wellnessrum  Installations manuel samt teknisk tegning klik her\" \/>\n<meta property=\"og:url\" content=\"https:\/\/www.handdukstorkar.se\/sv\/butik\/handdukstorkar\/handdukstork-el-4\/charon-elektrisk-handdukstork-i-borstat-staal\/\" \/>\n<meta property=\"og:site_name\" content=\"Handdukstorkar.se\" \/>\n<meta property=\"article:modified_time\" content=\"2026-04-24T13:17:40+00:00\" \/>\n<meta property=\"og:image\" content=\"https:\/\/www.handdukstorkar.se\/wp-content\/uploads\/2025\/07\/charon-elektrisk-haandklaedetoerrer-boerstet-staal-00-1.png\" \/>\n\t<meta property=\"og:image:width\" content=\"1551\" \/>\n\t<meta property=\"og:image:height\" content=\"1939\" \/>\n\t<meta property=\"og:image:type\" content=\"image\/png\" \/>\n<meta name=\"twitter:card\" content=\"summary_large_image\" \/>\n<meta name=\"twitter:label1\" content=\"Pris\" \/>\n\t<meta name=\"twitter:data1\" content=\"6.292,50&nbsp;kr\" \/>\n\t<meta name=\"twitter:label2\" content=\"Availability\" \/>\n\t<meta name=\"twitter:data2\" content=\"In stock\" \/>\n<script type=\"application\/ld+json\" class=\"yoast-schema-graph\">{\"@context\":\"https:\/\/schema.org\",\"@graph\":[{\"@type\":\"WebPage\",\"@id\":\"https:\/\/www.handdukstorkar.se\/shop\/haandklaedetorrer\/elektrisk-haandklaedetoerrer\/charon-elektrisk-haandklaedetoerrer-boerstet-staal\/\",\"url\":\"https:\/\/www.handdukstorkar.se\/shop\/haandklaedetorrer\/elektrisk-haandklaedetoerrer\/charon-elektrisk-haandklaedetoerrer-boerstet-staal\/\",\"name\":\"Charon elektrisk h\u00e5ndkl\u00e6det\u00f8rrer b\u00f8rstet st\u00e5l - Handdukstorkar.se\",\"isPartOf\":{\"@id\":\"https:\/\/www.handdukstorkar.se\/sv\/#website\"},\"primaryImageOfPage\":{\"@id\":\"https:\/\/www.handdukstorkar.se\/shop\/haandklaedetorrer\/elektrisk-haandklaedetoerrer\/charon-elektrisk-haandklaedetoerrer-boerstet-staal\/#primaryimage\"},\"image\":{\"@id\":\"https:\/\/www.handdukstorkar.se\/shop\/haandklaedetorrer\/elektrisk-haandklaedetoerrer\/charon-elektrisk-haandklaedetoerrer-boerstet-staal\/#primaryimage\"},\"thumbnailUrl\":\"https:\/\/www.handdukstorkar.se\/wp-content\/uploads\/2025\/07\/charon-elektrisk-haandklaedetoerrer-boerstet-staal-00-1.png\",\"datePublished\":\"2024-11-07T21:04:48+00:00\",\"dateModified\":\"2026-04-24T13:17:40+00:00\",\"breadcrumb\":{\"@id\":\"https:\/\/www.handdukstorkar.se\/shop\/haandklaedetorrer\/elektrisk-haandklaedetoerrer\/charon-elektrisk-haandklaedetoerrer-boerstet-staal\/#breadcrumb\"},\"inLanguage\":\"sv-SE\",\"potentialAction\":[{\"@type\":\"ReadAction\",\"target\":[\"https:\/\/www.handdukstorkar.se\/shop\/haandklaedetorrer\/elektrisk-haandklaedetoerrer\/charon-elektrisk-haandklaedetoerrer-boerstet-staal\/\"]}]},{\"@type\":\"ImageObject\",\"inLanguage\":\"sv-SE\",\"@id\":\"https:\/\/www.handdukstorkar.se\/shop\/haandklaedetorrer\/elektrisk-haandklaedetoerrer\/charon-elektrisk-haandklaedetoerrer-boerstet-staal\/#primaryimage\",\"url\":\"https:\/\/www.handdukstorkar.se\/wp-content\/uploads\/2025\/07\/charon-elektrisk-haandklaedetoerrer-boerstet-staal-00-1.png\",\"contentUrl\":\"https:\/\/www.handdukstorkar.se\/wp-content\/uploads\/2025\/07\/charon-elektrisk-haandklaedetoerrer-boerstet-staal-00-1.png\",\"width\":1551,\"height\":1939},{\"@type\":\"BreadcrumbList\",\"@id\":\"https:\/\/www.handdukstorkar.se\/shop\/haandklaedetorrer\/elektrisk-haandklaedetoerrer\/charon-elektrisk-haandklaedetoerrer-boerstet-staal\/#breadcrumb\",\"itemListElement\":[{\"@type\":\"ListItem\",\"position\":1,\"name\":\"Home\",\"item\":\"https:\/\/www.handdukstorkar.se\/sv\/\"},{\"@type\":\"ListItem\",\"position\":2,\"name\":\"Shop\",\"item\":\"https:\/\/www.handdukstorkar.se\/sv\/butik\/\"},{\"@type\":\"ListItem\",\"position\":3,\"name\":\"Charon elektrisk h\u00e5ndkl\u00e6det\u00f8rrer b\u00f8rstet st\u00e5l\"}]},{\"@type\":\"WebSite\",\"@id\":\"https:\/\/www.handdukstorkar.se\/sv\/#website\",\"url\":\"https:\/\/www.handdukstorkar.se\/sv\/\",\"name\":\"Handdukstorkar.se\",\"description\":\"Danmarks st\u00f8rste udvalg af h\u00e5ndkl\u00e6det\u00f8rrer\",\"publisher\":{\"@id\":\"https:\/\/www.handdukstorkar.se\/sv\/#organization\"},\"potentialAction\":[{\"@type\":\"SearchAction\",\"target\":{\"@type\":\"EntryPoint\",\"urlTemplate\":\"https:\/\/www.handdukstorkar.se\/sv\/?s={search_term_string}\"},\"query-input\":{\"@type\":\"PropertyValueSpecification\",\"valueRequired\":true,\"valueName\":\"search_term_string\"}}],\"inLanguage\":\"sv-SE\"},{\"@type\":\"Organization\",\"@id\":\"https:\/\/www.handdukstorkar.se\/sv\/#organization\",\"name\":\"H\u00e5ndkl\u00e6det\u00f8rrer.dk\",\"url\":\"https:\/\/www.handdukstorkar.se\/sv\/\",\"logo\":{\"@type\":\"ImageObject\",\"inLanguage\":\"sv-SE\",\"@id\":\"https:\/\/www.handdukstorkar.se\/sv\/#\/schema\/logo\/image\/\",\"url\":\"https:\/\/www.handdukstorkar.se\/wp-content\/uploads\/2019\/06\/logo-1.png\",\"contentUrl\":\"https:\/\/www.handdukstorkar.se\/wp-content\/uploads\/2019\/06\/logo-1.png\",\"width\":300,\"height\":45,\"caption\":\"H\u00e5ndkl\u00e6det\u00f8rrer.dk\"},\"image\":{\"@id\":\"https:\/\/www.handdukstorkar.se\/sv\/#\/schema\/logo\/image\/\"}}]}<\/script>\n<meta property=\"product:price:amount\" content=\"6292.50\" \/>\n<meta property=\"product:price:currency\" content=\"SEK\" \/>\n<meta property=\"og:availability\" content=\"instock\" \/>\n<meta property=\"product:availability\" content=\"instock\" \/>\n<meta property=\"product:retailer_item_id\" content=\"30802\" \/>\n<meta property=\"product:condition\" content=\"new\" \/>\n<!-- \/ Yoast SEO Premium plugin. -->","yoast_head_json":{"title":"Charon elektrisk handdukstorkar borstad st\u00e5l - Handdukstorkar.se","robots":{"index":"index","follow":"follow","max-snippet":"max-snippet:-1","max-image-preview":"max-image-preview:large","max-video-preview":"max-video-preview:-1"},"canonical":"https:\/\/www.handdukstorkar.se\/sv\/butik\/handdukstorkar\/handdukstork-el-4\/charon-elektrisk-handdukstork-i-borstat-staal\/","og_locale":"sv_SE","og_type":"article","og_title":"Charon elektrisk h\u00e5ndkl\u00e6det\u00f8rrer b\u00f8rstet st\u00e5l","og_description":"Charon Elektrisk H\u00e5ndkl\u00e6det\u00f8rrer \u2013 B\u00f8rstet St\u00e5l  Charon elektrisk h\u00e5ndkl\u00e6det\u00f8rrer i b\u00f8rstet rustfrit st\u00e5l kombinerer minimalistisk, vertikalt design med eksklusive detaljeringer og praktisk funktionalitet.  Materiale &amp; Finish: Rustfrit st\u00e5l med b\u00f8rstet overflade og krystal-cut detaljer p\u00e5 krogene Effekt: 75 W for lavt energiforbrug og hurtig opvarmning St\u00f8rrelse: 1420 mm h\u00f8j \u00d7 260 mm bred \u2013 optimeret plads til flere h\u00e5ndkl\u00e6der Tilslutning: 220 V med 1,5 m ledning; mulighed for skjult installation  Timerfunktion:  Engangs- eller kontinuerlig timerindstilling p\u00e5 3 eller 6 timer \u2013 slukker automatisk, s\u00e5 du sparer energi  Ideel til: Privatboliger, hoteller og spa-milj\u00f8er Badev\u00e6relser, g\u00e6stetoiletter og wellnessrum  Installations manuel samt teknisk tegning klik her","og_url":"https:\/\/www.handdukstorkar.se\/sv\/butik\/handdukstorkar\/handdukstork-el-4\/charon-elektrisk-handdukstork-i-borstat-staal\/","og_site_name":"Handdukstorkar.se","article_modified_time":"2026-04-24T13:17:40+00:00","og_image":[{"width":1551,"height":1939,"url":"https:\/\/www.handdukstorkar.se\/wp-content\/uploads\/2025\/07\/charon-elektrisk-haandklaedetoerrer-boerstet-staal-00-1.png","type":"image\/png"}],"twitter_card":"summary_large_image","twitter_misc":{"Pris":"6.292,50&nbsp;kr","Availability":"In stock"},"schema":{"@context":"https:\/\/schema.org","@graph":[{"@type":"WebPage","@id":"https:\/\/www.handdukstorkar.se\/shop\/haandklaedetorrer\/elektrisk-haandklaedetoerrer\/charon-elektrisk-haandklaedetoerrer-boerstet-staal\/","url":"https:\/\/www.handdukstorkar.se\/shop\/haandklaedetorrer\/elektrisk-haandklaedetoerrer\/charon-elektrisk-haandklaedetoerrer-boerstet-staal\/","name":"Charon elektrisk handdukstorkar borstad st\u00e5l - Handdukstorkar.se","isPartOf":{"@id":"https:\/\/www.handdukstorkar.se\/sv\/#website"},"primaryImageOfPage":{"@id":"https:\/\/www.handdukstorkar.se\/shop\/haandklaedetorrer\/elektrisk-haandklaedetoerrer\/charon-elektrisk-haandklaedetoerrer-boerstet-staal\/#primaryimage"},"image":{"@id":"https:\/\/www.handdukstorkar.se\/shop\/haandklaedetorrer\/elektrisk-haandklaedetoerrer\/charon-elektrisk-haandklaedetoerrer-boerstet-staal\/#primaryimage"},"thumbnailUrl":"https:\/\/www.handdukstorkar.se\/wp-content\/uploads\/2025\/07\/charon-elektrisk-haandklaedetoerrer-boerstet-staal-00-1.png","datePublished":"2024-11-07T21:04:48+00:00","dateModified":"2026-04-24T13:17:40+00:00","breadcrumb":{"@id":"https:\/\/www.handdukstorkar.se\/shop\/haandklaedetorrer\/elektrisk-haandklaedetoerrer\/charon-elektrisk-haandklaedetoerrer-boerstet-staal\/#breadcrumb"},"inLanguage":"sv-SE","potentialAction":[{"@type":"ReadAction","target":["https:\/\/www.handdukstorkar.se\/shop\/haandklaedetorrer\/elektrisk-haandklaedetoerrer\/charon-elektrisk-haandklaedetoerrer-boerstet-staal\/"]}]},{"@type":"ImageObject","inLanguage":"sv-SE","@id":"https:\/\/www.handdukstorkar.se\/shop\/haandklaedetorrer\/elektrisk-haandklaedetoerrer\/charon-elektrisk-haandklaedetoerrer-boerstet-staal\/#primaryimage","url":"https:\/\/www.handdukstorkar.se\/wp-content\/uploads\/2025\/07\/charon-elektrisk-haandklaedetoerrer-boerstet-staal-00-1.png","contentUrl":"https:\/\/www.handdukstorkar.se\/wp-content\/uploads\/2025\/07\/charon-elektrisk-haandklaedetoerrer-boerstet-staal-00-1.png","width":1551,"height":1939},{"@type":"BreadcrumbList","@id":"https:\/\/www.handdukstorkar.se\/shop\/haandklaedetorrer\/elektrisk-haandklaedetoerrer\/charon-elektrisk-haandklaedetoerrer-boerstet-staal\/#breadcrumb","itemListElement":[{"@type":"ListItem","position":1,"name":"Home","item":"https:\/\/www.handdukstorkar.se\/sv\/"},{"@type":"ListItem","position":2,"name":"Shop","item":"https:\/\/www.handdukstorkar.se\/sv\/butik\/"},{"@type":"ListItem","position":3,"name":"Charon elektrisk h\u00e5ndkl\u00e6det\u00f8rrer b\u00f8rstet st\u00e5l"}]},{"@type":"WebSite","@id":"https:\/\/www.handdukstorkar.se\/sv\/#website","url":"https:\/\/www.handdukstorkar.se\/sv\/","name":"Handdukstork.se","description":"Danmarks st\u00f6rsta utbud av handdukstorkar","publisher":{"@id":"https:\/\/www.handdukstorkar.se\/sv\/#organization"},"potentialAction":[{"@type":"SearchAction","target":{"@type":"EntryPoint","urlTemplate":"https:\/\/www.handdukstorkar.se\/sv\/?s={search_term_string}"},"query-input":{"@type":"PropertyValueSpecification","valueRequired":true,"valueName":"search_term_string"}}],"inLanguage":"sv-SE"},{"@type":"Organization","@id":"https:\/\/www.handdukstorkar.se\/sv\/#organization","name":"H\u00e5ndkladetorrer.dk","url":"https:\/\/www.handdukstorkar.se\/sv\/","logo":{"@type":"ImageObject","inLanguage":"sv-SE","@id":"https:\/\/www.handdukstorkar.se\/sv\/#\/schema\/logo\/image\/","url":"https:\/\/www.handdukstorkar.se\/wp-content\/uploads\/2019\/06\/logo-1.png","contentUrl":"https:\/\/www.handdukstorkar.se\/wp-content\/uploads\/2019\/06\/logo-1.png","width":300,"height":45,"caption":"H\u00e5ndkl\u00e6det\u00f8rrer.dk"},"image":{"@id":"https:\/\/www.handdukstorkar.se\/sv\/#\/schema\/logo\/image\/"}}]},"product_price_amount":"6292.50","product_price_currency":"SEK","og_availability":"instock","product_availability":"instock","product_retailer_item_id":"30802","product_condition":"new"},"jetpack_sharing_enabled":true,"_links":{"self":[{"href":"https:\/\/www.handdukstorkar.se\/sv\/wp-json\/wp\/v2\/product\/159828","targetHints":{"allow":["GET"]}}],"collection":[{"href":"https:\/\/www.handdukstorkar.se\/sv\/wp-json\/wp\/v2\/product"}],"about":[{"href":"https:\/\/www.handdukstorkar.se\/sv\/wp-json\/wp\/v2\/types\/product"}],"version-history":[{"count":1,"href":"https:\/\/www.handdukstorkar.se\/sv\/wp-json\/wp\/v2\/product\/159828\/revisions"}],"predecessor-version":[{"id":16372913515,"href":"https:\/\/www.handdukstorkar.se\/sv\/wp-json\/wp\/v2\/product\/159828\/revisions\/16372913515"}],"wp:featuredmedia":[{"embeddable":true,"href":"https:\/\/www.handdukstorkar.se\/sv\/wp-json\/wp\/v2\/media\/175029"}],"wp:attachment":[{"href":"https:\/\/www.handdukstorkar.se\/sv\/wp-json\/wp\/v2\/media?parent=159828"}],"wp:term":[{"taxonomy":"product_brand","embeddable":true,"href":"https:\/\/www.handdukstorkar.se\/sv\/wp-json\/wp\/v2\/product_brand?post=159828"},{"taxonomy":"product_cat","embeddable":true,"href":"https:\/\/www.handdukstorkar.se\/sv\/wp-json\/wp\/v2\/product_cat?post=159828"},{"taxonomy":"product_tag","embeddable":true,"href":"https:\/\/www.handdukstorkar.se\/sv\/wp-json\/wp\/v2\/product_tag?post=159828"}],"curies":[{"name":"wp","href":"https:\/\/api.w.org\/{rel}","templated":true}]}}