


{"id":16372913427,"date":"2025-10-24T13:14:03","date_gmt":"2025-10-24T12:14:03","guid":{"rendered":"http:\/\/www.handdukstorkar.se\/?post_type=product&#038;p=16372913427"},"modified":"2026-05-13T08:20:21","modified_gmt":"2026-05-13T07:20:21","slug":"multi-deal-termostat-ventilsate-vit","status":"publish","type":"product","link":"https:\/\/www.handdukstorkar.se\/sv\/shop\/ventiler-termostater\/radiatortermostater\/multi-deal-termostat-ventilsaet-hvid\/","title":{"rendered":"Multi-deal Termostat Ventils\u00e6t 40mm"},"content":{"rendered":"<p data-start=\"0\" data-end=\"330\">Optimal v\u00e4rmereglering \u00e4ven efter ett varmt bad<br data-start=\"47\" data-end=\"50\" \/>Ventil f\u00f6r vattenbursv\u00e4rmesystem. En l\u00f6sning som \u00e4r v\u00e4l l\u00e4mpad f\u00f6r fj\u00e4rrv\u00e4rme eller centralv\u00e4rme \u00e4r en returtermostat som m\u00e4ter temperaturen p\u00e5 vattnet i handdukstorken. En handdukstork med returtermostat st\u00e4nger inte av sig \u00e4ven om rummet v\u00e4rms upp, till exempel efter ett varmt bad.<\/p>\n<p data-start=\"332\" data-end=\"354\"><strong data-start=\"332\" data-end=\"352\">Specifikationer:<\/strong><\/p>\n<ul data-start=\"355\" data-end=\"680\" data-is-last-node=\"\" data-is-only-node=\"\">\n<li data-start=\"355\" data-end=\"395\">\n<p data-start=\"357\" data-end=\"395\">Idealisk f\u00f6r fj\u00e4rrv\u00e4rme och centralv\u00e4rme<\/p>\n<\/li>\n<li data-start=\"396\" data-end=\"409\">\n<p data-start=\"398\" data-end=\"409\">Termostat<\/p>\n<\/li>\n<li data-start=\"410\" data-end=\"428\">\n<p data-start=\"412\" data-end=\"428\">Rostfritt st\u00e5l<\/p>\n<\/li>\n<li data-start=\"429\" data-end=\"476\">\n<p data-start=\"431\" data-end=\"476\">Ventil med \u00f6ppnings- och st\u00e4ngningsfunktion<\/p>\n<\/li>\n<li data-start=\"477\" data-end=\"512\">\n<p data-start=\"479\" data-end=\"512\">Kan omvandlas till en 1-r\u00f6rsventil<\/p>\n<\/li>\n<li data-start=\"513\" data-end=\"549\">\n<p data-start=\"515\" data-end=\"549\">Fungerar i alla rumstemperaturer<\/p>\n<\/li>\n<li data-start=\"550\" data-end=\"572\">\n<p data-start=\"552\" data-end=\"572\">Med returtermostat<\/p>\n<\/li>\n<\/ul>","protected":false},"excerpt":{"rendered":"<p data-start=\"0\" data-end=\"27\">Rak genomg\u00e5ende ventilsats<\/p>\n<p data-start=\"29\" data-end=\"171\">Denna ventilsats \u00e4r kompatibel med v\u00e5ra handdukstorkar och radiatorer och \u00e4r idealisk f\u00f6r installationer d\u00e4r r\u00f6ret g\u00e5r direkt genom golvet.<\/p>\n<p data-start=\"173\" data-end=\"310\" data-is-last-node=\"\" data-is-only-node=\"\">Obs: Om dina r\u00f6r g\u00e5r ut ur v\u00e4ggen rekommenderar vi att du v\u00e4ljer en ist\u00e4llet <strong data-start=\"262\" data-end=\"289\">h\u00f6rn-\/vinkelventilsats<\/strong> \u2013 se v\u00e5rt sortiment.<\/p>","protected":false},"featured_media":16372913432,"template":"","meta":[],"product_brand":[],"product_cat":[1437,1418,1417,1416,1415,1431,1430,1413],"product_tag":[],"class_list":{"0":"post-16372913427","1":"product","2":"type-product","3":"status-publish","4":"has-post-thumbnail","6":"product_cat-antracit-radiatortermostater","7":"product_cat-hvid","8":"product_cat-hvide-ventiler-ventiler-til-haandklaedetoerrer-ventiler-termostater","9":"product_cat-krom-radiatortermostater","10":"product_cat-radiatortermostater","11":"product_cat-rustfrit-radiatortermostater","12":"product_cat-sort-radiatortermostater","13":"product_cat-ventiler-til-haandklaedetoerrer-ventiler-termostater","14":"pa_farve-krom","15":"pa_finish-hvid","16":"pa_finish-krom","17":"pa_finish-silver","18":"pa_leverings_tid-1-2dage","19":"pa_manufacturer-vario-term","20":"pa_model-26-prestige","22":"first","23":"instock","24":"sale","25":"taxable","26":"shipping-taxable","27":"purchasable","28":"product-type-variable"},"yoast_head":"<!-- This site is optimized with the Yoast SEO Premium plugin v27.1 (Yoast SEO v27.1.1) - https:\/\/yoast.com\/product\/yoast-seo-premium-wordpress\/ -->\n<title>Multi-deal Termostat Ventils\u00e6t 40mm - Handdukstorkar.se<\/title>\n<meta name=\"robots\" content=\"index, follow, max-snippet:-1, max-image-preview:large, max-video-preview:-1\" \/>\n<link rel=\"canonical\" href=\"https:\/\/www.handdukstorkar.se\/sv\/butik\/ventiler-termostater\/radiatortermostater\/multi-deal-termostat-ventilsate-vit\/\" \/>\n<meta property=\"og:locale\" content=\"sv_SE\" \/>\n<meta property=\"og:type\" content=\"article\" \/>\n<meta property=\"og:title\" content=\"Multi-deal Termostat Ventils\u00e6t 40mm\" \/>\n<meta property=\"og:description\" content=\"Rak genomg\u00e5ende ventilset Detta ventilset \u00e4r kompatibelt med v\u00e5ra handdukstorkar och radiatorer och \u00e4r idealiskt f\u00f6r installationer d\u00e4r r\u00f6ren g\u00e5r direkt genom golvet. Observera: Om dina r\u00f6r kommer ut fr\u00e5n v\u00e4ggen rekommenderar vi ist\u00e4llet att du v\u00e4ljer ett h\u00f6rn-\/vinklat ventilset \u2013 se v\u00e5rt sortiment.\" \/>\n<meta property=\"og:url\" content=\"https:\/\/www.handdukstorkar.se\/sv\/butik\/ventiler-termostater\/radiatortermostater\/multi-deal-termostat-ventilsate-vit\/\" \/>\n<meta property=\"og:site_name\" content=\"Handdukstorkar.se\" \/>\n<meta property=\"article:modified_time\" content=\"2026-05-13T07:20:21+00:00\" \/>\n<meta property=\"og:image\" content=\"http:\/\/www.handdukstorkar.se\/wp-content\/uploads\/2025\/10\/Multi-deal-Manuel-ligelobende-hvid-.jpg\" \/>\n\t<meta property=\"og:image:width\" content=\"450\" \/>\n\t<meta property=\"og:image:height\" content=\"640\" \/>\n\t<meta property=\"og:image:type\" content=\"image\/jpeg\" \/>\n<meta name=\"twitter:card\" content=\"summary_large_image\" \/>\n<meta name=\"twitter:label1\" content=\"Availability\" \/>\n\t<meta name=\"twitter:data1\" content=\"In stock\" \/>\n<script type=\"application\/ld+json\" class=\"yoast-schema-graph\">{\"@context\":\"https:\/\/schema.org\",\"@graph\":[{\"@type\":\"WebPage\",\"@id\":\"https:\/\/www.handdukstorkar.se\/shop\/ventiler-termostater\/radiatortermostater\/multi-deal-termostat-ventilsaet-hvid\/\",\"url\":\"https:\/\/www.handdukstorkar.se\/shop\/ventiler-termostater\/radiatortermostater\/multi-deal-termostat-ventilsaet-hvid\/\",\"name\":\"Multi-deal Termostat Ventils\u00e6t 40mm - Handdukstorkar.se\",\"isPartOf\":{\"@id\":\"https:\/\/www.handdukstorkar.se\/sv\/#website\"},\"primaryImageOfPage\":{\"@id\":\"https:\/\/www.handdukstorkar.se\/shop\/ventiler-termostater\/radiatortermostater\/multi-deal-termostat-ventilsaet-hvid\/#primaryimage\"},\"image\":{\"@id\":\"https:\/\/www.handdukstorkar.se\/shop\/ventiler-termostater\/radiatortermostater\/multi-deal-termostat-ventilsaet-hvid\/#primaryimage\"},\"thumbnailUrl\":\"https:\/\/www.handdukstorkar.se\/wp-content\/uploads\/2025\/10\/Multi-deal-Manuel-ligelobende-hvid-.jpg\",\"datePublished\":\"2025-10-24T12:14:03+00:00\",\"dateModified\":\"2026-05-13T07:20:21+00:00\",\"breadcrumb\":{\"@id\":\"https:\/\/www.handdukstorkar.se\/shop\/ventiler-termostater\/radiatortermostater\/multi-deal-termostat-ventilsaet-hvid\/#breadcrumb\"},\"inLanguage\":\"sv-SE\",\"potentialAction\":[{\"@type\":\"ReadAction\",\"target\":[\"https:\/\/www.handdukstorkar.se\/shop\/ventiler-termostater\/radiatortermostater\/multi-deal-termostat-ventilsaet-hvid\/\"]}]},{\"@type\":\"ImageObject\",\"inLanguage\":\"sv-SE\",\"@id\":\"https:\/\/www.handdukstorkar.se\/shop\/ventiler-termostater\/radiatortermostater\/multi-deal-termostat-ventilsaet-hvid\/#primaryimage\",\"url\":\"https:\/\/www.handdukstorkar.se\/wp-content\/uploads\/2025\/10\/Multi-deal-Manuel-ligelobende-hvid-.jpg\",\"contentUrl\":\"https:\/\/www.handdukstorkar.se\/wp-content\/uploads\/2025\/10\/Multi-deal-Manuel-ligelobende-hvid-.jpg\",\"width\":450,\"height\":640},{\"@type\":\"BreadcrumbList\",\"@id\":\"https:\/\/www.handdukstorkar.se\/shop\/ventiler-termostater\/radiatortermostater\/multi-deal-termostat-ventilsaet-hvid\/#breadcrumb\",\"itemListElement\":[{\"@type\":\"ListItem\",\"position\":1,\"name\":\"Home\",\"item\":\"https:\/\/www.handdukstorkar.se\/sv\/\"},{\"@type\":\"ListItem\",\"position\":2,\"name\":\"Shop\",\"item\":\"https:\/\/www.handdukstorkar.se\/sv\/butik\/\"},{\"@type\":\"ListItem\",\"position\":3,\"name\":\"Multi-deal Termostat Ventils\u00e6t 40mm\"}]},{\"@type\":\"WebSite\",\"@id\":\"https:\/\/www.handdukstorkar.se\/sv\/#website\",\"url\":\"https:\/\/www.handdukstorkar.se\/sv\/\",\"name\":\"Handdukstorkar.se\",\"description\":\"Danmarks st\u00f8rste udvalg af h\u00e5ndkl\u00e6det\u00f8rrer\",\"publisher\":{\"@id\":\"https:\/\/www.handdukstorkar.se\/sv\/#organization\"},\"potentialAction\":[{\"@type\":\"SearchAction\",\"target\":{\"@type\":\"EntryPoint\",\"urlTemplate\":\"https:\/\/www.handdukstorkar.se\/sv\/?s={search_term_string}\"},\"query-input\":{\"@type\":\"PropertyValueSpecification\",\"valueRequired\":true,\"valueName\":\"search_term_string\"}}],\"inLanguage\":\"sv-SE\"},{\"@type\":\"Organization\",\"@id\":\"https:\/\/www.handdukstorkar.se\/sv\/#organization\",\"name\":\"H\u00e5ndkl\u00e6det\u00f8rrer.dk\",\"url\":\"https:\/\/www.handdukstorkar.se\/sv\/\",\"logo\":{\"@type\":\"ImageObject\",\"inLanguage\":\"sv-SE\",\"@id\":\"https:\/\/www.handdukstorkar.se\/sv\/#\/schema\/logo\/image\/\",\"url\":\"https:\/\/www.handdukstorkar.se\/wp-content\/uploads\/2019\/06\/logo-1.png\",\"contentUrl\":\"https:\/\/www.handdukstorkar.se\/wp-content\/uploads\/2019\/06\/logo-1.png\",\"width\":300,\"height\":45,\"caption\":\"H\u00e5ndkl\u00e6det\u00f8rrer.dk\"},\"image\":{\"@id\":\"https:\/\/www.handdukstorkar.se\/sv\/#\/schema\/logo\/image\/\"}}]}<\/script>\n<meta property=\"product:brand\" content=\"PRESTIGE\" \/>\n<meta property=\"og:availability\" content=\"instock\" \/>\n<meta property=\"product:availability\" content=\"instock\" \/>\n<meta property=\"product:retailer_item_id\" content=\"70760-1\" \/>\n<meta property=\"product:condition\" content=\"new\" \/>\n<!-- \/ Yoast SEO Premium plugin. -->","yoast_head_json":{"title":"Multi-deal Termostat Ventils\u00e6t 40mm - Handdukstorkar.se","robots":{"index":"index","follow":"follow","max-snippet":"max-snippet:-1","max-image-preview":"max-image-preview:large","max-video-preview":"max-video-preview:-1"},"canonical":"https:\/\/www.handdukstorkar.se\/sv\/butik\/ventiler-termostater\/radiatortermostater\/multi-deal-termostat-ventilsate-vit\/","og_locale":"sv_SE","og_type":"article","og_title":"Multi-deal Termostat Ventils\u00e6t 40mm","og_description":"Rak genomg\u00e5ende ventilset Detta ventilset \u00e4r kompatibelt med v\u00e5ra handdukstorkar och radiatorer och \u00e4r idealiskt f\u00f6r installationer d\u00e4r r\u00f6ren g\u00e5r direkt genom golvet. Observera: Om dina r\u00f6r kommer ut fr\u00e5n v\u00e4ggen rekommenderar vi ist\u00e4llet att du v\u00e4ljer ett h\u00f6rn-\/vinklat ventilset \u2013 se v\u00e5rt sortiment.","og_url":"https:\/\/www.handdukstorkar.se\/sv\/butik\/ventiler-termostater\/radiatortermostater\/multi-deal-termostat-ventilsate-vit\/","og_site_name":"Handdukstorkar.se","article_modified_time":"2026-05-13T07:20:21+00:00","og_image":[{"width":450,"height":640,"url":"http:\/\/www.handdukstorkar.se\/wp-content\/uploads\/2025\/10\/Multi-deal-Manuel-ligelobende-hvid-.jpg","type":"image\/jpeg"}],"twitter_card":"summary_large_image","twitter_misc":{"Availability":"In stock"},"schema":{"@context":"https:\/\/schema.org","@graph":[{"@type":"WebPage","@id":"https:\/\/www.handdukstorkar.se\/shop\/ventiler-termostater\/radiatortermostater\/multi-deal-termostat-ventilsaet-hvid\/","url":"https:\/\/www.handdukstorkar.se\/shop\/ventiler-termostater\/radiatortermostater\/multi-deal-termostat-ventilsaet-hvid\/","name":"Multi-deal Termostat Ventils\u00e6t 40mm - Handdukstorkar.se","isPartOf":{"@id":"https:\/\/www.handdukstorkar.se\/sv\/#website"},"primaryImageOfPage":{"@id":"https:\/\/www.handdukstorkar.se\/shop\/ventiler-termostater\/radiatortermostater\/multi-deal-termostat-ventilsaet-hvid\/#primaryimage"},"image":{"@id":"https:\/\/www.handdukstorkar.se\/shop\/ventiler-termostater\/radiatortermostater\/multi-deal-termostat-ventilsaet-hvid\/#primaryimage"},"thumbnailUrl":"https:\/\/www.handdukstorkar.se\/wp-content\/uploads\/2025\/10\/Multi-deal-Manuel-ligelobende-hvid-.jpg","datePublished":"2025-10-24T12:14:03+00:00","dateModified":"2026-05-13T07:20:21+00:00","breadcrumb":{"@id":"https:\/\/www.handdukstorkar.se\/shop\/ventiler-termostater\/radiatortermostater\/multi-deal-termostat-ventilsaet-hvid\/#breadcrumb"},"inLanguage":"sv-SE","potentialAction":[{"@type":"ReadAction","target":["https:\/\/www.handdukstorkar.se\/shop\/ventiler-termostater\/radiatortermostater\/multi-deal-termostat-ventilsaet-hvid\/"]}]},{"@type":"ImageObject","inLanguage":"sv-SE","@id":"https:\/\/www.handdukstorkar.se\/shop\/ventiler-termostater\/radiatortermostater\/multi-deal-termostat-ventilsaet-hvid\/#primaryimage","url":"https:\/\/www.handdukstorkar.se\/wp-content\/uploads\/2025\/10\/Multi-deal-Manuel-ligelobende-hvid-.jpg","contentUrl":"https:\/\/www.handdukstorkar.se\/wp-content\/uploads\/2025\/10\/Multi-deal-Manuel-ligelobende-hvid-.jpg","width":450,"height":640},{"@type":"BreadcrumbList","@id":"https:\/\/www.handdukstorkar.se\/shop\/ventiler-termostater\/radiatortermostater\/multi-deal-termostat-ventilsaet-hvid\/#breadcrumb","itemListElement":[{"@type":"ListItem","position":1,"name":"Home","item":"https:\/\/www.handdukstorkar.se\/sv\/"},{"@type":"ListItem","position":2,"name":"Shop","item":"https:\/\/www.handdukstorkar.se\/sv\/butik\/"},{"@type":"ListItem","position":3,"name":"Multi-deal Termostat Ventils\u00e6t 40mm"}]},{"@type":"WebSite","@id":"https:\/\/www.handdukstorkar.se\/sv\/#website","url":"https:\/\/www.handdukstorkar.se\/sv\/","name":"Handdukstork.se","description":"Danmarks st\u00f6rsta utbud av handdukstorkar","publisher":{"@id":"https:\/\/www.handdukstorkar.se\/sv\/#organization"},"potentialAction":[{"@type":"SearchAction","target":{"@type":"EntryPoint","urlTemplate":"https:\/\/www.handdukstorkar.se\/sv\/?s={search_term_string}"},"query-input":{"@type":"PropertyValueSpecification","valueRequired":true,"valueName":"search_term_string"}}],"inLanguage":"sv-SE"},{"@type":"Organization","@id":"https:\/\/www.handdukstorkar.se\/sv\/#organization","name":"H\u00e5ndkladetorrer.dk","url":"https:\/\/www.handdukstorkar.se\/sv\/","logo":{"@type":"ImageObject","inLanguage":"sv-SE","@id":"https:\/\/www.handdukstorkar.se\/sv\/#\/schema\/logo\/image\/","url":"https:\/\/www.handdukstorkar.se\/wp-content\/uploads\/2019\/06\/logo-1.png","contentUrl":"https:\/\/www.handdukstorkar.se\/wp-content\/uploads\/2019\/06\/logo-1.png","width":300,"height":45,"caption":"H\u00e5ndkl\u00e6det\u00f8rrer.dk"},"image":{"@id":"https:\/\/www.handdukstorkar.se\/sv\/#\/schema\/logo\/image\/"}}]},"product_brand":"PRESTIGE","og_availability":"instock","product_availability":"instock","product_retailer_item_id":"70760-1","product_condition":"new"},"jetpack_sharing_enabled":true,"_links":{"self":[{"href":"https:\/\/www.handdukstorkar.se\/sv\/wp-json\/wp\/v2\/product\/16372913427","targetHints":{"allow":["GET"]}}],"collection":[{"href":"https:\/\/www.handdukstorkar.se\/sv\/wp-json\/wp\/v2\/product"}],"about":[{"href":"https:\/\/www.handdukstorkar.se\/sv\/wp-json\/wp\/v2\/types\/product"}],"version-history":[{"count":4,"href":"https:\/\/www.handdukstorkar.se\/sv\/wp-json\/wp\/v2\/product\/16372913427\/revisions"}],"predecessor-version":[{"id":16372917602,"href":"https:\/\/www.handdukstorkar.se\/sv\/wp-json\/wp\/v2\/product\/16372913427\/revisions\/16372917602"}],"wp:featuredmedia":[{"embeddable":true,"href":"https:\/\/www.handdukstorkar.se\/sv\/wp-json\/wp\/v2\/media\/16372913432"}],"wp:attachment":[{"href":"https:\/\/www.handdukstorkar.se\/sv\/wp-json\/wp\/v2\/media?parent=16372913427"}],"wp:term":[{"taxonomy":"product_brand","embeddable":true,"href":"https:\/\/www.handdukstorkar.se\/sv\/wp-json\/wp\/v2\/product_brand?post=16372913427"},{"taxonomy":"product_cat","embeddable":true,"href":"https:\/\/www.handdukstorkar.se\/sv\/wp-json\/wp\/v2\/product_cat?post=16372913427"},{"taxonomy":"product_tag","embeddable":true,"href":"https:\/\/www.handdukstorkar.se\/sv\/wp-json\/wp\/v2\/product_tag?post=16372913427"}],"curies":[{"name":"wp","href":"https:\/\/api.w.org\/{rel}","templated":true}]}}