


{"id":166816,"date":"2025-01-29T01:42:51","date_gmt":"2025-01-29T00:42:51","guid":{"rendered":"http:\/\/www.handdukstorkar.se\/?post_type=product&#038;p=166816"},"modified":"2026-04-24T14:18:44","modified_gmt":"2026-04-24T13:18:44","slug":"minos-elektrisk-handdukstork-borstad-koppar","status":"publish","type":"product","link":"https:\/\/www.handdukstorkar.se\/sv\/shop\/haandklaedetorrer\/messing-haandklaedetoerrer\/minos-elektrisk-haandklaedetoerrer-boerstet-kobber\/","title":{"rendered":"Minos elektrisk handdukstork borstad koppar"},"content":{"rendered":"<h3><span style=\"font-size: 1.125rem;\"><strong>Energif\u00f6rbrukning:<\/strong><br \/>\n<\/span><span style=\"font-size: 1rem;\">Om produkten anv\u00e4nds dagligen \u00e4r den ber\u00e4knade \u00e5rliga energif\u00f6rbrukningen:<\/span><\/h3>\n<ul>\n<li><strong>3 timmar per dag:<\/strong> Cirka 22 kWh per \u00e5r.<\/li>\n<li><strong>6 timmar per dag:<\/strong> Cirka 44 kWh per \u00e5r.<br \/>\nDenna l\u00e5ga str\u00f6mf\u00f6rbrukning g\u00f6r MINOS till en energieffektiv l\u00f6sning f\u00f6r att v\u00e4rma och torka handdukar, och dess timerfunktion hj\u00e4lper till att minimera str\u00f6msl\u00f6seri.<\/li>\n<\/ul>","protected":false},"excerpt":{"rendered":"<p><strong>Minos elektrisk handduksv\u00e4rmare \u2013 borstad koppar<\/strong><\/p>\n<p>Den elektriska handdukstorken Minos i borstad koppar kombinerar en elegant, vertikal design med praktisk funktionalitet och en exklusiv borstad kopparfinish med &quot;kristallslipade&quot; detaljer p\u00e5 krokarna \u2013 perfekt f\u00f6r dig som vill ha en snygg och varm touch i badrummet.<\/p>\n<p><strong>Material och finish:<\/strong> Rostfritt st\u00e5l med borstad kopparfinish och inbyggda kristallkrokar<br \/>\n<strong>Effekt:<\/strong> 20 W energieffektiv uppv\u00e4rmning \u2013 perfekt f\u00f6r att snabbt v\u00e4rma och torka en handduk<br \/>\n<strong>Storlek:<\/strong> 1 480 mm h\u00f6g \u00d7 22 mm djup \u2013 smal design som passar i mindre utrymmen<br \/>\n<strong>F\u00f6rbindelse:<\/strong> 220 V med 1,5 m sladd; dold installation f\u00f6r ett rent utseende<br \/>\n<strong>Timerfunktion:<\/strong> V\u00e4lj mellan 3 timmars eller 6 timmars &quot;One-Shot&quot;-timer som st\u00e4ngs av automatiskt efter den inst\u00e4llda tiden<\/p>\n<p><strong>Idealisk f\u00f6r:<\/strong><br \/>\nPrivata hem, hotell och spamilj\u00f6er<br \/>\nBadrum, g\u00e4sttoaletter och h\u00e4lsorum<\/p>\n<p>Med Minos f\u00e5r du en dekorativ och anv\u00e4ndarv\u00e4nlig radiator som f\u00f6rh\u00f6jer b\u00e5de rummets estetik och komfort.<\/p>\n<ul>\n<li>Installationsmanual och teknisk ritning<a href=\"https:\/\/www.haandklaedetoerrer.dk\/wp-content\/uploads\/2024\/11\/minos-installations-manual-med-teknisk-tegning.pdf\" rel=\"noopener\"> <span style=\"color: #0000ff;\">klicka h\u00e4r<\/span><\/a><\/li>\n<\/ul>","protected":false},"featured_media":175124,"template":"","meta":[],"product_brand":[],"product_cat":[976,1585,1404,1405,1380],"product_tag":[],"class_list":{"0":"post-166816","1":"product","2":"type-product","3":"status-publish","4":"has-post-thumbnail","6":"product_cat-elektrisk-haandklaedetoerrer","7":"product_cat-haandklaedetoerrer-el","8":"product_cat-handklaedeholder","9":"product_cat-handklaedevarmer","10":"product_cat-messing-haandklaedetoerrer","11":"pa_farve-boerstet-messing","12":"pa_leverings_tid-1f-3-5dage","13":"pa_manufacturer-ht-prestige","15":"first","16":"instock","17":"sale","18":"taxable","19":"shipping-taxable","20":"purchasable","21":"product-type-simple"},"yoast_head":"<!-- This site is optimized with the Yoast SEO Premium plugin v27.1 (Yoast SEO v27.1.1) - https:\/\/yoast.com\/product\/yoast-seo-premium-wordpress\/ -->\n<title>Minos elektrisk h\u00e5ndkl\u00e6det\u00f8rrer b\u00f8rstet kobber - Handdukstorkar.se<\/title>\n<meta name=\"robots\" content=\"index, follow, max-snippet:-1, max-image-preview:large, max-video-preview:-1\" \/>\n<link rel=\"canonical\" href=\"https:\/\/www.handdukstorkar.se\/sv\/butik\/handdukstorkar\/massing-handdukstorkar\/minos-elektrisk-handdukstork-borstad-koppar\/\" \/>\n<meta property=\"og:locale\" content=\"sv_SE\" \/>\n<meta property=\"og:type\" content=\"article\" \/>\n<meta property=\"og:title\" content=\"Minos elektrisk h\u00e5ndkl\u00e6det\u00f8rrer b\u00f8rstet kobber\" \/>\n<meta property=\"og:description\" content=\"Minos Elektrisk H\u00e5ndkl\u00e6det\u00f8rrer \u2013 B\u00f8rstet Kobber  Minos elektrisk h\u00e5ndkl\u00e6det\u00f8rrer i b\u00f8rstet kobber kombinerer et slankt, lodret design med praktisk funktionalitet og en eksklusiv b\u00f8rstet kobberfinish med \u201ccrystal cut\u201d-detaljer p\u00e5 kroge \u2013 perfekt til dig, der \u00f8nsker et stilrent og varmt touch i badev\u00e6relset.  Materiale &amp; Finish: Rustfrit st\u00e5l med b\u00f8rstet kobberbel\u00e6gning og indbyggede \u201ccrystal cut\u201d-kroge Effekt: 20 W energieffektiv opvarmning \u2013 ideel til hurtigt at varme og t\u00f8rre et enkelt h\u00e5ndkl\u00e6de St\u00f8rrelse: 1 480 mm h\u00f8j \u00d7 22 mm dyb \u2013 smalt design, der passer ind i mindre rum Tilslutning: 220 V med 1,5 m ledning; mulighed for skjult installation for et rent look Timerfunktion: V\u00e6lg mellem 3 t eller 6 t \u201cOne-Shot\u201d timer, der automatisk slukker efter indstillet tid  Ideel til: Privatboliger, hoteller og spa-milj\u00f8er Badev\u00e6relser, g\u00e6stetoiletter og wellnessrum  Med Minos f\u00e5r du en dekorativ og brugervenlig radiator, der l\u00f8fter b\u00e5de \u00e6stetikken og komforten i rummet.   Installations manuel samt teknisk tegning klik her\" \/>\n<meta property=\"og:url\" content=\"https:\/\/www.handdukstorkar.se\/sv\/butik\/handdukstorkar\/massing-handdukstorkar\/minos-elektrisk-handdukstork-borstad-koppar\/\" \/>\n<meta property=\"og:site_name\" content=\"Handdukstorkar.se\" \/>\n<meta property=\"article:modified_time\" content=\"2026-04-24T13:18:44+00:00\" \/>\n<meta property=\"og:image\" content=\"https:\/\/www.handdukstorkar.se\/wp-content\/uploads\/2025\/07\/minos-elektrisk-haandklaedetoerrer-boerstet-kobber-1.png\" \/>\n\t<meta property=\"og:image:width\" content=\"2163\" \/>\n\t<meta property=\"og:image:height\" content=\"2704\" \/>\n\t<meta property=\"og:image:type\" content=\"image\/png\" \/>\n<meta name=\"twitter:card\" content=\"summary_large_image\" \/>\n<meta name=\"twitter:label1\" content=\"Pris\" \/>\n\t<meta name=\"twitter:data1\" content=\"4.942,50&nbsp;kr\" \/>\n\t<meta name=\"twitter:label2\" content=\"Availability\" \/>\n\t<meta name=\"twitter:data2\" content=\"In stock\" \/>\n<script type=\"application\/ld+json\" class=\"yoast-schema-graph\">{\"@context\":\"https:\/\/schema.org\",\"@graph\":[{\"@type\":\"WebPage\",\"@id\":\"https:\/\/www.handdukstorkar.se\/sv\/shop\/haandklaedetorrer\/messing-haandklaedetoerrer\/minos-elektrisk-haandklaedetoerrer-boerstet-kobber\/\",\"url\":\"https:\/\/www.handdukstorkar.se\/sv\/shop\/haandklaedetorrer\/messing-haandklaedetoerrer\/minos-elektrisk-haandklaedetoerrer-boerstet-kobber\/\",\"name\":\"Minos elektrisk h\u00e5ndkl\u00e6det\u00f8rrer b\u00f8rstet kobber - Handdukstorkar.se\",\"isPartOf\":{\"@id\":\"https:\/\/www.handdukstorkar.se\/sv\/#website\"},\"primaryImageOfPage\":{\"@id\":\"https:\/\/www.handdukstorkar.se\/sv\/shop\/haandklaedetorrer\/messing-haandklaedetoerrer\/minos-elektrisk-haandklaedetoerrer-boerstet-kobber\/#primaryimage\"},\"image\":{\"@id\":\"https:\/\/www.handdukstorkar.se\/sv\/shop\/haandklaedetorrer\/messing-haandklaedetoerrer\/minos-elektrisk-haandklaedetoerrer-boerstet-kobber\/#primaryimage\"},\"thumbnailUrl\":\"https:\/\/www.handdukstorkar.se\/wp-content\/uploads\/2025\/07\/minos-elektrisk-haandklaedetoerrer-boerstet-kobber-1.png\",\"datePublished\":\"2025-01-29T00:42:51+00:00\",\"dateModified\":\"2026-04-24T13:18:44+00:00\",\"breadcrumb\":{\"@id\":\"https:\/\/www.handdukstorkar.se\/sv\/shop\/haandklaedetorrer\/messing-haandklaedetoerrer\/minos-elektrisk-haandklaedetoerrer-boerstet-kobber\/#breadcrumb\"},\"inLanguage\":\"sv-SE\",\"potentialAction\":[{\"@type\":\"ReadAction\",\"target\":[\"https:\/\/www.handdukstorkar.se\/sv\/shop\/haandklaedetorrer\/messing-haandklaedetoerrer\/minos-elektrisk-haandklaedetoerrer-boerstet-kobber\/\"]}]},{\"@type\":\"ImageObject\",\"inLanguage\":\"sv-SE\",\"@id\":\"https:\/\/www.handdukstorkar.se\/sv\/shop\/haandklaedetorrer\/messing-haandklaedetoerrer\/minos-elektrisk-haandklaedetoerrer-boerstet-kobber\/#primaryimage\",\"url\":\"https:\/\/www.handdukstorkar.se\/wp-content\/uploads\/2025\/07\/minos-elektrisk-haandklaedetoerrer-boerstet-kobber-1.png\",\"contentUrl\":\"https:\/\/www.handdukstorkar.se\/wp-content\/uploads\/2025\/07\/minos-elektrisk-haandklaedetoerrer-boerstet-kobber-1.png\",\"width\":2163,\"height\":2704},{\"@type\":\"BreadcrumbList\",\"@id\":\"https:\/\/www.handdukstorkar.se\/sv\/shop\/haandklaedetorrer\/messing-haandklaedetoerrer\/minos-elektrisk-haandklaedetoerrer-boerstet-kobber\/#breadcrumb\",\"itemListElement\":[{\"@type\":\"ListItem\",\"position\":1,\"name\":\"Home\",\"item\":\"https:\/\/www.handdukstorkar.se\/sv\/\"},{\"@type\":\"ListItem\",\"position\":2,\"name\":\"Shop\",\"item\":\"https:\/\/www.handdukstorkar.se\/sv\/butik\/\"},{\"@type\":\"ListItem\",\"position\":3,\"name\":\"Minos elektrisk h\u00e5ndkl\u00e6det\u00f8rrer b\u00f8rstet kobber\"}]},{\"@type\":\"WebSite\",\"@id\":\"https:\/\/www.handdukstorkar.se\/sv\/#website\",\"url\":\"https:\/\/www.handdukstorkar.se\/sv\/\",\"name\":\"Handdukstorkar.se\",\"description\":\"Danmarks st\u00f8rste udvalg af h\u00e5ndkl\u00e6det\u00f8rrer\",\"publisher\":{\"@id\":\"https:\/\/www.handdukstorkar.se\/sv\/#organization\"},\"potentialAction\":[{\"@type\":\"SearchAction\",\"target\":{\"@type\":\"EntryPoint\",\"urlTemplate\":\"https:\/\/www.handdukstorkar.se\/sv\/?s={search_term_string}\"},\"query-input\":{\"@type\":\"PropertyValueSpecification\",\"valueRequired\":true,\"valueName\":\"search_term_string\"}}],\"inLanguage\":\"sv-SE\"},{\"@type\":\"Organization\",\"@id\":\"https:\/\/www.handdukstorkar.se\/sv\/#organization\",\"name\":\"H\u00e5ndkl\u00e6det\u00f8rrer.dk\",\"url\":\"https:\/\/www.handdukstorkar.se\/sv\/\",\"logo\":{\"@type\":\"ImageObject\",\"inLanguage\":\"sv-SE\",\"@id\":\"https:\/\/www.handdukstorkar.se\/sv\/#\/schema\/logo\/image\/\",\"url\":\"https:\/\/www.handdukstorkar.se\/wp-content\/uploads\/2019\/06\/logo-1.png\",\"contentUrl\":\"https:\/\/www.handdukstorkar.se\/wp-content\/uploads\/2019\/06\/logo-1.png\",\"width\":300,\"height\":45,\"caption\":\"H\u00e5ndkl\u00e6det\u00f8rrer.dk\"},\"image\":{\"@id\":\"https:\/\/www.handdukstorkar.se\/sv\/#\/schema\/logo\/image\/\"}}]}<\/script>\n<meta property=\"product:price:amount\" content=\"4942.50\" \/>\n<meta property=\"product:price:currency\" content=\"SEK\" \/>\n<meta property=\"og:availability\" content=\"instock\" \/>\n<meta property=\"product:availability\" content=\"instock\" \/>\n<meta property=\"product:retailer_item_id\" content=\"36000\" \/>\n<meta property=\"product:condition\" content=\"new\" \/>\n<!-- \/ Yoast SEO Premium plugin. -->","yoast_head_json":{"title":"Minos elektrisk handdukstorkar borstad koppar - Handdukstorkar.se","robots":{"index":"index","follow":"follow","max-snippet":"max-snippet:-1","max-image-preview":"max-image-preview:large","max-video-preview":"max-video-preview:-1"},"canonical":"https:\/\/www.handdukstorkar.se\/sv\/butik\/handdukstorkar\/massing-handdukstorkar\/minos-elektrisk-handdukstork-borstad-koppar\/","og_locale":"sv_SE","og_type":"article","og_title":"Minos elektrisk h\u00e5ndkl\u00e6det\u00f8rrer b\u00f8rstet kobber","og_description":"Minos Elektrisk H\u00e5ndkl\u00e6det\u00f8rrer \u2013 B\u00f8rstet Kobber  Minos elektrisk h\u00e5ndkl\u00e6det\u00f8rrer i b\u00f8rstet kobber kombinerer et slankt, lodret design med praktisk funktionalitet og en eksklusiv b\u00f8rstet kobberfinish med \u201ccrystal cut\u201d-detaljer p\u00e5 kroge \u2013 perfekt til dig, der \u00f8nsker et stilrent og varmt touch i badev\u00e6relset.  Materiale &amp; Finish: Rustfrit st\u00e5l med b\u00f8rstet kobberbel\u00e6gning og indbyggede \u201ccrystal cut\u201d-kroge Effekt: 20 W energieffektiv opvarmning \u2013 ideel til hurtigt at varme og t\u00f8rre et enkelt h\u00e5ndkl\u00e6de St\u00f8rrelse: 1 480 mm h\u00f8j \u00d7 22 mm dyb \u2013 smalt design, der passer ind i mindre rum Tilslutning: 220 V med 1,5 m ledning; mulighed for skjult installation for et rent look Timerfunktion: V\u00e6lg mellem 3 t eller 6 t \u201cOne-Shot\u201d timer, der automatisk slukker efter indstillet tid  Ideel til: Privatboliger, hoteller og spa-milj\u00f8er Badev\u00e6relser, g\u00e6stetoiletter og wellnessrum  Med Minos f\u00e5r du en dekorativ og brugervenlig radiator, der l\u00f8fter b\u00e5de \u00e6stetikken og komforten i rummet.   Installations manuel samt teknisk tegning klik her","og_url":"https:\/\/www.handdukstorkar.se\/sv\/butik\/handdukstorkar\/massing-handdukstorkar\/minos-elektrisk-handdukstork-borstad-koppar\/","og_site_name":"Handdukstorkar.se","article_modified_time":"2026-04-24T13:18:44+00:00","og_image":[{"width":2163,"height":2704,"url":"https:\/\/www.handdukstorkar.se\/wp-content\/uploads\/2025\/07\/minos-elektrisk-haandklaedetoerrer-boerstet-kobber-1.png","type":"image\/png"}],"twitter_card":"summary_large_image","twitter_misc":{"Pris":"4.942,50&nbsp;kr","Availability":"In stock"},"schema":{"@context":"https:\/\/schema.org","@graph":[{"@type":"WebPage","@id":"https:\/\/www.handdukstorkar.se\/sv\/shop\/haandklaedetorrer\/messing-haandklaedetoerrer\/minos-elektrisk-haandklaedetoerrer-boerstet-kobber\/","url":"https:\/\/www.handdukstorkar.se\/sv\/shop\/haandklaedetorrer\/messing-haandklaedetoerrer\/minos-elektrisk-haandklaedetoerrer-boerstet-kobber\/","name":"Minos elektrisk handdukstorkar borstad koppar - Handdukstorkar.se","isPartOf":{"@id":"https:\/\/www.handdukstorkar.se\/sv\/#website"},"primaryImageOfPage":{"@id":"https:\/\/www.handdukstorkar.se\/sv\/shop\/haandklaedetorrer\/messing-haandklaedetoerrer\/minos-elektrisk-haandklaedetoerrer-boerstet-kobber\/#primaryimage"},"image":{"@id":"https:\/\/www.handdukstorkar.se\/sv\/shop\/haandklaedetorrer\/messing-haandklaedetoerrer\/minos-elektrisk-haandklaedetoerrer-boerstet-kobber\/#primaryimage"},"thumbnailUrl":"https:\/\/www.handdukstorkar.se\/wp-content\/uploads\/2025\/07\/minos-elektrisk-haandklaedetoerrer-boerstet-kobber-1.png","datePublished":"2025-01-29T00:42:51+00:00","dateModified":"2026-04-24T13:18:44+00:00","breadcrumb":{"@id":"https:\/\/www.handdukstorkar.se\/sv\/shop\/haandklaedetorrer\/messing-haandklaedetoerrer\/minos-elektrisk-haandklaedetoerrer-boerstet-kobber\/#breadcrumb"},"inLanguage":"sv-SE","potentialAction":[{"@type":"ReadAction","target":["https:\/\/www.handdukstorkar.se\/sv\/shop\/haandklaedetorrer\/messing-haandklaedetoerrer\/minos-elektrisk-haandklaedetoerrer-boerstet-kobber\/"]}]},{"@type":"ImageObject","inLanguage":"sv-SE","@id":"https:\/\/www.handdukstorkar.se\/sv\/shop\/haandklaedetorrer\/messing-haandklaedetoerrer\/minos-elektrisk-haandklaedetoerrer-boerstet-kobber\/#primaryimage","url":"https:\/\/www.handdukstorkar.se\/wp-content\/uploads\/2025\/07\/minos-elektrisk-haandklaedetoerrer-boerstet-kobber-1.png","contentUrl":"https:\/\/www.handdukstorkar.se\/wp-content\/uploads\/2025\/07\/minos-elektrisk-haandklaedetoerrer-boerstet-kobber-1.png","width":2163,"height":2704},{"@type":"BreadcrumbList","@id":"https:\/\/www.handdukstorkar.se\/sv\/shop\/haandklaedetorrer\/messing-haandklaedetoerrer\/minos-elektrisk-haandklaedetoerrer-boerstet-kobber\/#breadcrumb","itemListElement":[{"@type":"ListItem","position":1,"name":"Home","item":"https:\/\/www.handdukstorkar.se\/sv\/"},{"@type":"ListItem","position":2,"name":"Shop","item":"https:\/\/www.handdukstorkar.se\/sv\/butik\/"},{"@type":"ListItem","position":3,"name":"Minos elektrisk h\u00e5ndkl\u00e6det\u00f8rrer b\u00f8rstet kobber"}]},{"@type":"WebSite","@id":"https:\/\/www.handdukstorkar.se\/sv\/#website","url":"https:\/\/www.handdukstorkar.se\/sv\/","name":"Handdukstork.se","description":"Danmarks st\u00f6rsta utbud av handdukstorkar","publisher":{"@id":"https:\/\/www.handdukstorkar.se\/sv\/#organization"},"potentialAction":[{"@type":"SearchAction","target":{"@type":"EntryPoint","urlTemplate":"https:\/\/www.handdukstorkar.se\/sv\/?s={search_term_string}"},"query-input":{"@type":"PropertyValueSpecification","valueRequired":true,"valueName":"search_term_string"}}],"inLanguage":"sv-SE"},{"@type":"Organization","@id":"https:\/\/www.handdukstorkar.se\/sv\/#organization","name":"H\u00e5ndkladetorrer.dk","url":"https:\/\/www.handdukstorkar.se\/sv\/","logo":{"@type":"ImageObject","inLanguage":"sv-SE","@id":"https:\/\/www.handdukstorkar.se\/sv\/#\/schema\/logo\/image\/","url":"https:\/\/www.handdukstorkar.se\/wp-content\/uploads\/2019\/06\/logo-1.png","contentUrl":"https:\/\/www.handdukstorkar.se\/wp-content\/uploads\/2019\/06\/logo-1.png","width":300,"height":45,"caption":"H\u00e5ndkl\u00e6det\u00f8rrer.dk"},"image":{"@id":"https:\/\/www.handdukstorkar.se\/sv\/#\/schema\/logo\/image\/"}}]},"product_price_amount":"4942.50","product_price_currency":"SEK","og_availability":"instock","product_availability":"instock","product_retailer_item_id":"36000","product_condition":"new"},"jetpack_sharing_enabled":true,"_links":{"self":[{"href":"https:\/\/www.handdukstorkar.se\/sv\/wp-json\/wp\/v2\/product\/166816","targetHints":{"allow":["GET"]}}],"collection":[{"href":"https:\/\/www.handdukstorkar.se\/sv\/wp-json\/wp\/v2\/product"}],"about":[{"href":"https:\/\/www.handdukstorkar.se\/sv\/wp-json\/wp\/v2\/types\/product"}],"version-history":[{"count":1,"href":"https:\/\/www.handdukstorkar.se\/sv\/wp-json\/wp\/v2\/product\/166816\/revisions"}],"predecessor-version":[{"id":16372913505,"href":"https:\/\/www.handdukstorkar.se\/sv\/wp-json\/wp\/v2\/product\/166816\/revisions\/16372913505"}],"wp:featuredmedia":[{"embeddable":true,"href":"https:\/\/www.handdukstorkar.se\/sv\/wp-json\/wp\/v2\/media\/175124"}],"wp:attachment":[{"href":"https:\/\/www.handdukstorkar.se\/sv\/wp-json\/wp\/v2\/media?parent=166816"}],"wp:term":[{"taxonomy":"product_brand","embeddable":true,"href":"https:\/\/www.handdukstorkar.se\/sv\/wp-json\/wp\/v2\/product_brand?post=166816"},{"taxonomy":"product_cat","embeddable":true,"href":"https:\/\/www.handdukstorkar.se\/sv\/wp-json\/wp\/v2\/product_cat?post=166816"},{"taxonomy":"product_tag","embeddable":true,"href":"https:\/\/www.handdukstorkar.se\/sv\/wp-json\/wp\/v2\/product_tag?post=166816"}],"curies":[{"name":"wp","href":"https:\/\/api.w.org\/{rel}","templated":true}]}}