


{"id":173755,"date":"2025-05-12T09:43:10","date_gmt":"2025-05-12T08:43:10","guid":{"rendered":"http:\/\/www.handdukstorkar.se\/?post_type=product&#038;p=173755"},"modified":"2026-04-24T14:20:08","modified_gmt":"2026-04-24T13:20:08","slug":"gia-elektrisk-handdukstork-3","status":"publish","type":"product","link":"https:\/\/www.handdukstorkar.se\/sv\/shop\/haandklaedetorrer\/elektrisk-haandklaedetoerrer\/gia-elektrisk-haandklaedetoerrer-2\/","title":{"rendered":"Gia elektrisk handduksv\u00e4rmare"},"content":{"rendered":"<h1><strong>Beskrivning<\/strong><\/h1>\n<p><strong>Bredd:<\/strong> 550 mm<br \/>\n<strong>H\u00f6jd:<\/strong> 780\u20131120 mm<br \/>\n<strong>V\u00e4ggavst\u00e5nd:\u00a0<\/strong>75 mm<br \/>\n<strong>Avsluta:<\/strong> Svartvit<br \/>\n<strong>Garanti: <\/strong>2 \u00e5r<br \/>\n<strong>Design:\u00a0<\/strong>Reina<br \/>\n<strong>Konsumtion:\u00a0<\/strong> 500\u2013750 W<\/p>","protected":false},"excerpt":{"rendered":"<p><strong>Gia elektrisk handduksv\u00e4rmare<\/strong><br \/>\nModern, platt r\u00f6rdesign i l\u00e4tt aluminium med inbyggd LCD-sk\u00e4rm, timer och Wi-Fi-kompatibilitet.<\/p>\n<p><strong>Material och finish:<\/strong> Slitstark, l\u00e4ttviktig aluminium med matt finish<br \/>\n<strong>Effekt:<\/strong> Effektiv elektrisk uppv\u00e4rmning f\u00f6r snabb torkning och komfort<br \/>\n<strong>Storlek:<\/strong> Flera varianter i h\u00f6jd och f\u00e4rg (v\u00e4lj efter behov)<br \/>\n<strong>Smart drift:<\/strong><br \/>\nProgrammerbar timer och temperaturkontroll (7\u201330 \u00b0C)<br \/>\nInbyggd sk\u00e5llningsskyddsfunktion f\u00f6r extra s\u00e4kerhet<br \/>\nWi-Fi-kompatibel \u2013 styr via Alexa eller Google Home<\/p>\n<p><strong>Idealisk f\u00f6r:<\/strong><br \/>\nPrivata hem, hotell och spamilj\u00f6er<br \/>\nBadrum, g\u00e4sttoaletter och h\u00e4lsorum<\/p>\n<p data-start=\"921\" data-end=\"941\"><strong><span class=\"_fadeIn_m1hgl_8\">Viktiga funktioner:<\/span><\/strong><\/p>\n<ul data-start=\"942\" data-end=\"1357\">\n<li data-start=\"942\" data-end=\"986\">\n<p data-start=\"944\" data-end=\"986\"><span class=\"_fadeIn_m1hgl_8\">L\u00e4tt <\/span><span class=\"_fadeIn_m1hgl_8\">och <\/span><span class=\"_fadeIn_m1hgl_8\">h\u00e5llbar <\/span><span class=\"_fadeIn_m1hgl_8\">aluminium<\/span><span class=\"_fadeIn_m1hgl_8\">konstruktion<\/span><\/p>\n<\/li>\n<li data-start=\"987\" data-end=\"1035\">\n<p data-start=\"989\" data-end=\"1035\"><span class=\"_fadeIn_m1hgl_8\">Flotta <\/span><span class=\"_fadeIn_m1hgl_8\">horisontell <\/span><span class=\"_fadeIn_m1hgl_8\">stavar<\/span> <span class=\"_fadeIn_m1hgl_8\">med <\/span><span class=\"_fadeIn_m1hgl_8\">modern <\/span><span class=\"_fadeIn_m1hgl_8\">design<\/span><\/p>\n<\/li>\n<li data-start=\"1036\" data-end=\"1103\">\n<p data-start=\"1038\" data-end=\"1103\"><span class=\"_fadeIn_m1hgl_8\">Excellent <\/span><span class=\"_fadeIn_m1hgl_8\">uppv\u00e4rmningseffekt<\/span> <span class=\"_fadeIn_m1hgl_8\">med <\/span><span class=\"_fadeIn_m1hgl_8\">effektiv <\/span><span class=\"_fadeIn_m1hgl_8\">torka <\/span><span class=\"_fadeIn_m1hgl_8\">elektrisk <\/span><span class=\"_fadeIn_m1hgl_8\">uppv\u00e4rmning<\/span><\/p>\n<\/li>\n<li data-start=\"1104\" data-end=\"1183\">\n<p data-start=\"1106\" data-end=\"1183\"><span class=\"_fadeIn_m1hgl_8\">LCD-sk\u00e4rm<\/span><span class=\"_fadeIn_m1hgl_8\">visa<\/span> <span class=\"_fadeIn_m1hgl_8\">med <\/span><span class=\"_fadeIn_m1hgl_8\">programmerbar <\/span><span class=\"_fadeIn_m1hgl_8\">timmar<\/span> <span class=\"_fadeIn_m1hgl_8\">och <\/span><span class=\"_fadeIn_m1hgl_8\">temperaturkontroll<\/span><span class=\"_fadeIn_m1hgl_8\"> (<\/span><span class=\"_fadeIn_m1hgl_8\">7\u2013<\/span><span class=\"_fadeIn_m1hgl_8\">30\u00b0<\/span><span class=\"_fadeIn_m1hgl_8\">C)<\/span><\/p>\n<\/li>\n<li data-start=\"1184\" data-end=\"1232\">\n<p data-start=\"1186\" data-end=\"1232\"><span class=\"_fadeIn_m1hgl_8\">Anti-<\/span><span class=\"_fadeIn_m1hgl_8\">sk\u00e5llningsfunktion<\/span> <span class=\"_fadeIn_m1hgl_8\">f\u00f6re <\/span><span class=\"_fadeIn_m1hgl_8\">\u00f6kad <\/span><span class=\"_fadeIn_m1hgl_8\">s\u00e4kerhet<\/span><\/p>\n<\/li>\n<li data-start=\"1233\" data-end=\"1296\">\n<p data-start=\"1235\" data-end=\"1296\"><span class=\"_fadeIn_m1hgl_8\">Wi-Fi<\/span><span class=\"_fadeIn_m1hgl_8\">kompatibel<\/span><span class=\"_fadeIn_m1hgl_8\"> \u2013 <\/span><span class=\"_fadeIn_m1hgl_8\">fabrik <\/span><span class=\"_fadeIn_m1hgl_8\">med <\/span><span class=\"_fadeIn_m1hgl_8\">Alexa<\/span> <span class=\"_fadeIn_m1hgl_8\">och <\/span><span class=\"_fadeIn_m1hgl_8\">Google <\/span><span class=\"_fadeIn_m1hgl_8\">Hem<\/span><\/p>\n<\/li>\n<li data-start=\"1297\" data-end=\"1337\">\n<p data-start=\"1299\" data-end=\"1337\"><span class=\"_fadeIn_m1hgl_8\">Tillg\u00e4nglig <\/span><span class=\"_fadeIn_m1hgl_8\">i <\/span><span class=\"_fadeIn_m1hgl_8\">2 <\/span><span class=\"_fadeIn_m1hgl_8\">f\u00e4rger<\/span> <span class=\"_fadeIn_m1hgl_8\">och <\/span><span class=\"_fadeIn_m1hgl_8\">2 <\/span><span class=\"_fadeIn_m1hgl_8\">storlekar<\/span><\/p>\n<\/li>\n<li data-start=\"1338\" data-end=\"1357\">\n<p data-start=\"1340\" data-end=\"1357\"><span class=\"_fadeIn_m1hgl_8\">2 <\/span><span class=\"_fadeIn_m1hgl_8\">\u00e5r <\/span><span class=\"_fadeIn_m1hgl_8\">garanti<\/span><\/p>\n<\/li>\n<\/ul>\n<p><a href=\"https:\/\/www.haandklaedetoerrer.dk\/wp-content\/uploads\/2025\/05\/Reina-Gia-Installation-Guide.pdf\" target=\"_blank\" rel=\"noopener\">\u00a0 \u00a0<img decoding=\"async\" class=\"alignnone size-full wp-image-36446\" src=\"https:\/\/www.haandklaedetoerrer.dk\/wp-content\/uploads\/2015\/03\/iconfinder_pdfs_774684-2.png\" alt=\"\" width=\"49\" height=\"64\" \/><\/a>\u00a0 \u00a0 \u00a0 \u00a0 \u00a0 \u00a0 \u00a0 \u00a0 <a href=\"https:\/\/www.haandklaedetoerrer.dk\/wp-content\/uploads\/2025\/05\/Reina-Gia-Product-Datasheet.pdf\" target=\"_blank\" rel=\"noopener\"><img decoding=\"async\" class=\"alignnone size-full wp-image-36446\" src=\"https:\/\/www.haandklaedetoerrer.dk\/wp-content\/uploads\/2015\/03\/iconfinder_pdfs_774684-2.png\" alt=\"\" width=\"49\" height=\"64\" \/><\/a><br \/>\n<strong>\u00a0Installationsdatablad\u00a0<\/strong><br \/>\n<strong>\u00a0 \u00a0 Guide<\/strong><\/p>","protected":false},"featured_media":175237,"template":"","meta":[],"product_brand":[942],"product_cat":[976,1585,948,1405],"product_tag":[],"class_list":{"0":"post-173755","1":"product","2":"type-product","3":"status-publish","4":"has-post-thumbnail","6":"product_brand-reina","7":"product_cat-elektrisk-haandklaedetoerrer","8":"product_cat-haandklaedetoerrer-el","9":"product_cat-haandklaedetorrer","10":"product_cat-handklaedevarmer","11":"pa_bredde-1141","12":"pa_farve-hvid","13":"pa_farve-sort","14":"pa_hoejde-1120-750w","15":"pa_hoejde-780-500w","16":"pa_leverings_tid-4-6-uger","18":"first","19":"instock","20":"sale","21":"taxable","22":"shipping-taxable","23":"purchasable","24":"product-type-variable"},"yoast_head":"<!-- This site is optimized with the Yoast SEO Premium plugin v27.1 (Yoast SEO v27.1.1) - https:\/\/yoast.com\/product\/yoast-seo-premium-wordpress\/ -->\n<title>Gia Elektrisk H\u00e5ndkl\u00e6det\u00f8rrer - Handdukstorkar.se<\/title>\n<meta name=\"robots\" content=\"index, follow, max-snippet:-1, max-image-preview:large, max-video-preview:-1\" \/>\n<link rel=\"canonical\" href=\"https:\/\/www.handdukstorkar.se\/sv\/butik\/handdukstorkar\/handdukstork-el-4\/gia-elektrisk-handdukstork-3\/\" \/>\n<meta property=\"og:locale\" content=\"sv_SE\" \/>\n<meta property=\"og:type\" content=\"article\" \/>\n<meta property=\"og:title\" content=\"Gia Elektrisk H\u00e5ndkl\u00e6det\u00f8rrer\" \/>\n<meta property=\"og:description\" content=\"Gia Elektrisk H\u00e5ndkl\u00e6det\u00f8rrer Moderne, fladt r\u00f8rdesign i let aluminium med indbygget LCD-display, timer og Wi-Fi-kompatibilitet.  Materiale &amp; Finish: Holdbar, let aluminium med mat lakering Effekt: Effektiv el-opvarmning for hurtig t\u00f8rring og komfort St\u00f8rrelse: Flere varianter i h\u00f8jde og farve (v\u00e6lg efter behov) Smart betjening: Programmerbar timer og temperaturstyring (7\u201330 \u00b0C) Indbygget anti-skoldningsfunktion for ekstra sikkerhed Wi-Fi-kompatibel \u2013 styr via Alexa eller Google Home  Ideel til: Privatboliger, hoteller og spa-milj\u00f8er Badev\u00e6relser, g\u00e6stetoiletter og wellnessrum N\u00f8glefunktioner:     Let og holdbar aluminiums-konstruktion    Flade vandrette st\u00e6nger med moderne design    Fremragende varmeeffekt med effektiv t\u00f8r elektrisk opvarmning    LCD-display med programmerbar timer og temperaturkontrol (7\u201330\u00b0C)    Anti-skoldningsfunktion for \u00f8get sikkerhed    Wi-Fi-kompatibel \u2013 virker med Alexa og Google Home    F\u00e5s i 2 farver og 2 st\u00f8rrelser    2 \u00e5rs garanti   \u00a0 \u00a0\u00a0 \u00a0 \u00a0 \u00a0 \u00a0 \u00a0 \u00a0 \u00a0  \u00a0Installation\u00a0 \u00a0 \u00a0 \u00a0 \u00a0 Datablad\u00a0 \u00a0 \u00a0 Guide\" \/>\n<meta property=\"og:url\" content=\"https:\/\/www.handdukstorkar.se\/sv\/butik\/handdukstorkar\/handdukstork-el-4\/gia-elektrisk-handdukstork-3\/\" \/>\n<meta property=\"og:site_name\" content=\"Handdukstorkar.se\" \/>\n<meta property=\"article:modified_time\" content=\"2026-04-24T13:20:08+00:00\" \/>\n<meta property=\"og:image\" content=\"https:\/\/www.handdukstorkar.se\/wp-content\/uploads\/2025\/07\/reina-gia-1120x500-black-1-1.png\" \/>\n\t<meta property=\"og:image:width\" content=\"2000\" \/>\n\t<meta property=\"og:image:height\" content=\"2499\" \/>\n\t<meta property=\"og:image:type\" content=\"image\/png\" \/>\n<meta name=\"twitter:card\" content=\"summary_large_image\" \/>\n<meta name=\"twitter:label1\" content=\"Availability\" \/>\n\t<meta name=\"twitter:data1\" content=\"In stock\" \/>\n<script type=\"application\/ld+json\" class=\"yoast-schema-graph\">{\"@context\":\"https:\/\/schema.org\",\"@graph\":[{\"@type\":\"WebPage\",\"@id\":\"https:\/\/www.handdukstorkar.se\/shop\/haandklaedetorrer\/elektrisk-haandklaedetoerrer\/gia-elektrisk-haandklaedetoerrer-2\/\",\"url\":\"https:\/\/www.handdukstorkar.se\/shop\/haandklaedetorrer\/elektrisk-haandklaedetoerrer\/gia-elektrisk-haandklaedetoerrer-2\/\",\"name\":\"Gia Elektrisk H\u00e5ndkl\u00e6det\u00f8rrer - Handdukstorkar.se\",\"isPartOf\":{\"@id\":\"https:\/\/www.handdukstorkar.se\/sv\/#website\"},\"primaryImageOfPage\":{\"@id\":\"https:\/\/www.handdukstorkar.se\/shop\/haandklaedetorrer\/elektrisk-haandklaedetoerrer\/gia-elektrisk-haandklaedetoerrer-2\/#primaryimage\"},\"image\":{\"@id\":\"https:\/\/www.handdukstorkar.se\/shop\/haandklaedetorrer\/elektrisk-haandklaedetoerrer\/gia-elektrisk-haandklaedetoerrer-2\/#primaryimage\"},\"thumbnailUrl\":\"https:\/\/www.handdukstorkar.se\/wp-content\/uploads\/2025\/07\/reina-gia-1120x500-black-1-1.png\",\"datePublished\":\"2025-05-12T08:43:10+00:00\",\"dateModified\":\"2026-04-24T13:20:08+00:00\",\"breadcrumb\":{\"@id\":\"https:\/\/www.handdukstorkar.se\/shop\/haandklaedetorrer\/elektrisk-haandklaedetoerrer\/gia-elektrisk-haandklaedetoerrer-2\/#breadcrumb\"},\"inLanguage\":\"sv-SE\",\"potentialAction\":[{\"@type\":\"ReadAction\",\"target\":[\"https:\/\/www.handdukstorkar.se\/shop\/haandklaedetorrer\/elektrisk-haandklaedetoerrer\/gia-elektrisk-haandklaedetoerrer-2\/\"]}]},{\"@type\":\"ImageObject\",\"inLanguage\":\"sv-SE\",\"@id\":\"https:\/\/www.handdukstorkar.se\/shop\/haandklaedetorrer\/elektrisk-haandklaedetoerrer\/gia-elektrisk-haandklaedetoerrer-2\/#primaryimage\",\"url\":\"https:\/\/www.handdukstorkar.se\/wp-content\/uploads\/2025\/07\/reina-gia-1120x500-black-1-1.png\",\"contentUrl\":\"https:\/\/www.handdukstorkar.se\/wp-content\/uploads\/2025\/07\/reina-gia-1120x500-black-1-1.png\",\"width\":2000,\"height\":2499},{\"@type\":\"BreadcrumbList\",\"@id\":\"https:\/\/www.handdukstorkar.se\/shop\/haandklaedetorrer\/elektrisk-haandklaedetoerrer\/gia-elektrisk-haandklaedetoerrer-2\/#breadcrumb\",\"itemListElement\":[{\"@type\":\"ListItem\",\"position\":1,\"name\":\"Home\",\"item\":\"https:\/\/www.handdukstorkar.se\/sv\/\"},{\"@type\":\"ListItem\",\"position\":2,\"name\":\"Shop\",\"item\":\"https:\/\/www.handdukstorkar.se\/sv\/butik\/\"},{\"@type\":\"ListItem\",\"position\":3,\"name\":\"Gia Elektrisk H\u00e5ndkl\u00e6det\u00f8rrer\"}]},{\"@type\":\"WebSite\",\"@id\":\"https:\/\/www.handdukstorkar.se\/sv\/#website\",\"url\":\"https:\/\/www.handdukstorkar.se\/sv\/\",\"name\":\"Handdukstorkar.se\",\"description\":\"Danmarks st\u00f8rste udvalg af h\u00e5ndkl\u00e6det\u00f8rrer\",\"publisher\":{\"@id\":\"https:\/\/www.handdukstorkar.se\/sv\/#organization\"},\"potentialAction\":[{\"@type\":\"SearchAction\",\"target\":{\"@type\":\"EntryPoint\",\"urlTemplate\":\"https:\/\/www.handdukstorkar.se\/sv\/?s={search_term_string}\"},\"query-input\":{\"@type\":\"PropertyValueSpecification\",\"valueRequired\":true,\"valueName\":\"search_term_string\"}}],\"inLanguage\":\"sv-SE\"},{\"@type\":\"Organization\",\"@id\":\"https:\/\/www.handdukstorkar.se\/sv\/#organization\",\"name\":\"H\u00e5ndkl\u00e6det\u00f8rrer.dk\",\"url\":\"https:\/\/www.handdukstorkar.se\/sv\/\",\"logo\":{\"@type\":\"ImageObject\",\"inLanguage\":\"sv-SE\",\"@id\":\"https:\/\/www.handdukstorkar.se\/sv\/#\/schema\/logo\/image\/\",\"url\":\"https:\/\/www.handdukstorkar.se\/wp-content\/uploads\/2019\/06\/logo-1.png\",\"contentUrl\":\"https:\/\/www.handdukstorkar.se\/wp-content\/uploads\/2019\/06\/logo-1.png\",\"width\":300,\"height\":45,\"caption\":\"H\u00e5ndkl\u00e6det\u00f8rrer.dk\"},\"image\":{\"@id\":\"https:\/\/www.handdukstorkar.se\/sv\/#\/schema\/logo\/image\/\"}}]}<\/script>\n<meta property=\"og:availability\" content=\"instock\" \/>\n<meta property=\"product:availability\" content=\"instock\" \/>\n<meta property=\"product:retailer_item_id\" content=\"25310\" \/>\n<meta property=\"product:condition\" content=\"new\" \/>\n<!-- \/ Yoast SEO Premium plugin. -->","yoast_head_json":{"title":"Gia Elektrisk Handdukstork - Handdukstorkar.se","robots":{"index":"index","follow":"follow","max-snippet":"max-snippet:-1","max-image-preview":"max-image-preview:large","max-video-preview":"max-video-preview:-1"},"canonical":"https:\/\/www.handdukstorkar.se\/sv\/butik\/handdukstorkar\/handdukstork-el-4\/gia-elektrisk-handdukstork-3\/","og_locale":"sv_SE","og_type":"article","og_title":"Gia Elektrisk H\u00e5ndkl\u00e6det\u00f8rrer","og_description":"Gia Elektrisk H\u00e5ndkl\u00e6det\u00f8rrer Moderne, fladt r\u00f8rdesign i let aluminium med indbygget LCD-display, timer og Wi-Fi-kompatibilitet.  Materiale &amp; Finish: Holdbar, let aluminium med mat lakering Effekt: Effektiv el-opvarmning for hurtig t\u00f8rring og komfort St\u00f8rrelse: Flere varianter i h\u00f8jde og farve (v\u00e6lg efter behov) Smart betjening: Programmerbar timer og temperaturstyring (7\u201330 \u00b0C) Indbygget anti-skoldningsfunktion for ekstra sikkerhed Wi-Fi-kompatibel \u2013 styr via Alexa eller Google Home  Ideel til: Privatboliger, hoteller og spa-milj\u00f8er Badev\u00e6relser, g\u00e6stetoiletter og wellnessrum N\u00f8glefunktioner:     Let og holdbar aluminiums-konstruktion    Flade vandrette st\u00e6nger med moderne design    Fremragende varmeeffekt med effektiv t\u00f8r elektrisk opvarmning    LCD-display med programmerbar timer og temperaturkontrol (7\u201330\u00b0C)    Anti-skoldningsfunktion for \u00f8get sikkerhed    Wi-Fi-kompatibel \u2013 virker med Alexa og Google Home    F\u00e5s i 2 farver og 2 st\u00f8rrelser    2 \u00e5rs garanti   \u00a0 \u00a0\u00a0 \u00a0 \u00a0 \u00a0 \u00a0 \u00a0 \u00a0 \u00a0  \u00a0Installation\u00a0 \u00a0 \u00a0 \u00a0 \u00a0 Datablad\u00a0 \u00a0 \u00a0 Guide","og_url":"https:\/\/www.handdukstorkar.se\/sv\/butik\/handdukstorkar\/handdukstork-el-4\/gia-elektrisk-handdukstork-3\/","og_site_name":"Handdukstorkar.se","article_modified_time":"2026-04-24T13:20:08+00:00","og_image":[{"width":2000,"height":2499,"url":"https:\/\/www.handdukstorkar.se\/wp-content\/uploads\/2025\/07\/reina-gia-1120x500-black-1-1.png","type":"image\/png"}],"twitter_card":"summary_large_image","twitter_misc":{"Availability":"In stock"},"schema":{"@context":"https:\/\/schema.org","@graph":[{"@type":"WebPage","@id":"https:\/\/www.handdukstorkar.se\/shop\/haandklaedetorrer\/elektrisk-haandklaedetoerrer\/gia-elektrisk-haandklaedetoerrer-2\/","url":"https:\/\/www.handdukstorkar.se\/shop\/haandklaedetorrer\/elektrisk-haandklaedetoerrer\/gia-elektrisk-haandklaedetoerrer-2\/","name":"Gia Elektrisk Handdukstork - Handdukstorkar.se","isPartOf":{"@id":"https:\/\/www.handdukstorkar.se\/sv\/#website"},"primaryImageOfPage":{"@id":"https:\/\/www.handdukstorkar.se\/shop\/haandklaedetorrer\/elektrisk-haandklaedetoerrer\/gia-elektrisk-haandklaedetoerrer-2\/#primaryimage"},"image":{"@id":"https:\/\/www.handdukstorkar.se\/shop\/haandklaedetorrer\/elektrisk-haandklaedetoerrer\/gia-elektrisk-haandklaedetoerrer-2\/#primaryimage"},"thumbnailUrl":"https:\/\/www.handdukstorkar.se\/wp-content\/uploads\/2025\/07\/reina-gia-1120x500-black-1-1.png","datePublished":"2025-05-12T08:43:10+00:00","dateModified":"2026-04-24T13:20:08+00:00","breadcrumb":{"@id":"https:\/\/www.handdukstorkar.se\/shop\/haandklaedetorrer\/elektrisk-haandklaedetoerrer\/gia-elektrisk-haandklaedetoerrer-2\/#breadcrumb"},"inLanguage":"sv-SE","potentialAction":[{"@type":"ReadAction","target":["https:\/\/www.handdukstorkar.se\/shop\/haandklaedetorrer\/elektrisk-haandklaedetoerrer\/gia-elektrisk-haandklaedetoerrer-2\/"]}]},{"@type":"ImageObject","inLanguage":"sv-SE","@id":"https:\/\/www.handdukstorkar.se\/shop\/haandklaedetorrer\/elektrisk-haandklaedetoerrer\/gia-elektrisk-haandklaedetoerrer-2\/#primaryimage","url":"https:\/\/www.handdukstorkar.se\/wp-content\/uploads\/2025\/07\/reina-gia-1120x500-black-1-1.png","contentUrl":"https:\/\/www.handdukstorkar.se\/wp-content\/uploads\/2025\/07\/reina-gia-1120x500-black-1-1.png","width":2000,"height":2499},{"@type":"BreadcrumbList","@id":"https:\/\/www.handdukstorkar.se\/shop\/haandklaedetorrer\/elektrisk-haandklaedetoerrer\/gia-elektrisk-haandklaedetoerrer-2\/#breadcrumb","itemListElement":[{"@type":"ListItem","position":1,"name":"Home","item":"https:\/\/www.handdukstorkar.se\/sv\/"},{"@type":"ListItem","position":2,"name":"Shop","item":"https:\/\/www.handdukstorkar.se\/sv\/butik\/"},{"@type":"ListItem","position":3,"name":"Gia Elektrisk H\u00e5ndkl\u00e6det\u00f8rrer"}]},{"@type":"WebSite","@id":"https:\/\/www.handdukstorkar.se\/sv\/#website","url":"https:\/\/www.handdukstorkar.se\/sv\/","name":"Handdukstork.se","description":"Danmarks st\u00f6rsta utbud av handdukstorkar","publisher":{"@id":"https:\/\/www.handdukstorkar.se\/sv\/#organization"},"potentialAction":[{"@type":"SearchAction","target":{"@type":"EntryPoint","urlTemplate":"https:\/\/www.handdukstorkar.se\/sv\/?s={search_term_string}"},"query-input":{"@type":"PropertyValueSpecification","valueRequired":true,"valueName":"search_term_string"}}],"inLanguage":"sv-SE"},{"@type":"Organization","@id":"https:\/\/www.handdukstorkar.se\/sv\/#organization","name":"H\u00e5ndkladetorrer.dk","url":"https:\/\/www.handdukstorkar.se\/sv\/","logo":{"@type":"ImageObject","inLanguage":"sv-SE","@id":"https:\/\/www.handdukstorkar.se\/sv\/#\/schema\/logo\/image\/","url":"https:\/\/www.handdukstorkar.se\/wp-content\/uploads\/2019\/06\/logo-1.png","contentUrl":"https:\/\/www.handdukstorkar.se\/wp-content\/uploads\/2019\/06\/logo-1.png","width":300,"height":45,"caption":"H\u00e5ndkl\u00e6det\u00f8rrer.dk"},"image":{"@id":"https:\/\/www.handdukstorkar.se\/sv\/#\/schema\/logo\/image\/"}}]},"og_availability":"instock","product_availability":"instock","product_retailer_item_id":"25310","product_condition":"new"},"jetpack_sharing_enabled":true,"_links":{"self":[{"href":"https:\/\/www.handdukstorkar.se\/sv\/wp-json\/wp\/v2\/product\/173755","targetHints":{"allow":["GET"]}}],"collection":[{"href":"https:\/\/www.handdukstorkar.se\/sv\/wp-json\/wp\/v2\/product"}],"about":[{"href":"https:\/\/www.handdukstorkar.se\/sv\/wp-json\/wp\/v2\/types\/product"}],"version-history":[{"count":1,"href":"https:\/\/www.handdukstorkar.se\/sv\/wp-json\/wp\/v2\/product\/173755\/revisions"}],"predecessor-version":[{"id":16372913497,"href":"https:\/\/www.handdukstorkar.se\/sv\/wp-json\/wp\/v2\/product\/173755\/revisions\/16372913497"}],"wp:featuredmedia":[{"embeddable":true,"href":"https:\/\/www.handdukstorkar.se\/sv\/wp-json\/wp\/v2\/media\/175237"}],"wp:attachment":[{"href":"https:\/\/www.handdukstorkar.se\/sv\/wp-json\/wp\/v2\/media?parent=173755"}],"wp:term":[{"taxonomy":"product_brand","embeddable":true,"href":"https:\/\/www.handdukstorkar.se\/sv\/wp-json\/wp\/v2\/product_brand?post=173755"},{"taxonomy":"product_cat","embeddable":true,"href":"https:\/\/www.handdukstorkar.se\/sv\/wp-json\/wp\/v2\/product_cat?post=173755"},{"taxonomy":"product_tag","embeddable":true,"href":"https:\/\/www.handdukstorkar.se\/sv\/wp-json\/wp\/v2\/product_tag?post=173755"}],"curies":[{"name":"wp","href":"https:\/\/api.w.org\/{rel}","templated":true}]}}