


{"id":24553,"date":"2011-02-11T21:18:52","date_gmt":"2011-02-11T20:18:52","guid":{"rendered":"http:\/\/www.handdukstorkar.se\/?post_type=product&#038;p=24553"},"modified":"2026-04-24T14:11:06","modified_gmt":"2026-04-24T13:11:06","slug":"danfoss-vinklad-termostatventilsats-i-krom","status":"publish","type":"product","link":"https:\/\/www.handdukstorkar.se\/sv\/shop\/ventiler-termostater\/radiatortermostater\/krom-radiatortermostater\/danfoss-vinklet-termostat-ventilsaet-i-krom\/","title":{"rendered":"Danfoss vinklad termostatventilsats i krom"},"content":{"rendered":"<p>Exklusiva ventilsatser RAX<br \/>\nEtt komplett regelverk<\/p>\n<p>Ventilsatserna \u00e4r rumstermostater som passar f\u00f6r handdukstorkar och radiatorer och kan anv\u00e4ndas p\u00e5 alla v\u00e5ra produkter som matchar varandra i design och f\u00e4rg.<br \/>\nSetet best\u00e5r av en reglerventil, avst\u00e4ngningsventil och termostatelement.<br \/>\nGodk\u00e4nd enligt EN 215. Avst\u00e4ngningsventilen \u00e4r godk\u00e4nd enligt BS 2767-10.<\/p>\n<ul>\n<li style=\"list-style-type: none;\">\n<ul>\n<li>Flytande sensor<\/li>\n<li>Dubbelriktad ventilkropp<\/li>\n<li>Avst\u00e4ngningsventil<\/li>\n<li>Funktion f\u00f6r r\u00e4ckviddsgr\u00e4ns<\/li>\n<li>Energy Saving Trust godk\u00e4nd<\/li>\n<li>Frostskydd<\/li>\n<\/ul>\n<\/li>\n<\/ul>\n<ul>\n<li>M\u00e5tt: RG \u00bd\u201d \/ \u00bd\u201d hylsa (BSP)<\/li>\n<\/ul>","protected":false},"excerpt":{"rendered":"<p>Vinklad ventil: Denna ventil \u00e4r kompatibel med v\u00e5ra handduksv\u00e4rmare\/radiatorer och kan anv\u00e4ndas p\u00e5 platser d\u00e4r r\u00f6ret \u00e4r direkt dragen igenom.<strong><em>\u00a0v\u00e4ggen<\/em><\/strong>.<br \/>\nOm r\u00f6ren g\u00e5r fr\u00e5n golvet, se v\u00e5rt urval av raka ventiler.<\/p>\n<p>Garanti: 1 \u00e5r.<\/p>","protected":false},"featured_media":174671,"template":"","meta":[],"product_brand":[939],"product_cat":[1416,1414,1415,1412,1413],"product_tag":[],"class_list":{"0":"post-24553","1":"product","2":"type-product","3":"status-publish","4":"has-post-thumbnail","6":"product_brand-danfoss","7":"product_cat-krom-radiatortermostater","8":"product_cat-krom-ventiler-ventiler-til-haandklaedetoerrer-ventiler-termostater","9":"product_cat-radiatortermostater","10":"product_cat-ventiler-termostater","11":"product_cat-ventiler-til-haandklaedetoerrer-ventiler-termostater","12":"pa_farve-krom","13":"pa_finish-krom","14":"pa_leverings_tid-1-2dage","15":"pa_manufacturer-danfoss","16":"pa_model-5b-danfossraxdesigntermostat","18":"first","19":"outofstock","20":"sale","21":"taxable","22":"shipping-taxable","23":"purchasable","24":"product-type-simple"},"yoast_head":"<!-- This site is optimized with the Yoast SEO Premium plugin v27.1 (Yoast SEO v27.1.1) - https:\/\/yoast.com\/product\/yoast-seo-premium-wordpress\/ -->\n<title>Danfoss vinklet termostat ventils\u00e6t i krom - Handdukstorkar.se<\/title>\n<meta name=\"robots\" content=\"index, follow, max-snippet:-1, max-image-preview:large, max-video-preview:-1\" \/>\n<link rel=\"canonical\" href=\"https:\/\/www.handdukstorkar.se\/sv\/butik\/ventiler-termostater\/radiatortermostater\/kromade-radiatortermostater-2\/danfoss-vinklad-termostatventilsats-i-krom\/\" \/>\n<meta property=\"og:locale\" content=\"sv_SE\" \/>\n<meta property=\"og:type\" content=\"article\" \/>\n<meta property=\"og:title\" content=\"Danfoss vinklet termostat ventils\u00e6t i krom\" \/>\n<meta property=\"og:description\" content=\"Vinklet Ventil: Denne ventil er kompatibel med vores h\u00e5ndkl\u00e6det\u00f8rrer \/ radiatorer\u00a0 og kan bruges til steder hvor r\u00f8ret direkte f\u00f8res igennem\u00a0v\u00e6ggen. Hvis r\u00f8rf\u00f8ringen\u00a0er fra gulvet, kig venligst vores udvalg af lige ventiler.  Garanti: 1 \u00e5r.\" \/>\n<meta property=\"og:url\" content=\"https:\/\/www.handdukstorkar.se\/sv\/butik\/ventiler-termostater\/radiatortermostater\/kromade-radiatortermostater-2\/danfoss-vinklad-termostatventilsats-i-krom\/\" \/>\n<meta property=\"og:site_name\" content=\"Handdukstorkar.se\" \/>\n<meta property=\"article:modified_time\" content=\"2026-04-24T13:11:06+00:00\" \/>\n<meta property=\"og:image\" content=\"https:\/\/www.handdukstorkar.se\/wp-content\/uploads\/2025\/07\/danfoss-krom-vinklet-1.jpg\" \/>\n\t<meta property=\"og:image:width\" content=\"390\" \/>\n\t<meta property=\"og:image:height\" content=\"520\" \/>\n\t<meta property=\"og:image:type\" content=\"image\/jpeg\" \/>\n<meta name=\"twitter:card\" content=\"summary_large_image\" \/>\n<meta name=\"twitter:label1\" content=\"Pris\" \/>\n\t<meta name=\"twitter:data1\" content=\"1.462,50&nbsp;kr\" \/>\n\t<meta name=\"twitter:label2\" content=\"Availability\" \/>\n\t<meta name=\"twitter:data2\" content=\"Out of stock\" \/>\n<script type=\"application\/ld+json\" class=\"yoast-schema-graph\">{\"@context\":\"https:\/\/schema.org\",\"@graph\":[{\"@type\":\"WebPage\",\"@id\":\"https:\/\/www.handdukstorkar.se\/shop\/ventiler-termostater\/radiatortermostater\/krom-radiatortermostater\/danfoss-vinklet-termostat-ventilsaet-i-krom\/\",\"url\":\"https:\/\/www.handdukstorkar.se\/shop\/ventiler-termostater\/radiatortermostater\/krom-radiatortermostater\/danfoss-vinklet-termostat-ventilsaet-i-krom\/\",\"name\":\"Danfoss vinklet termostat ventils\u00e6t i krom - Handdukstorkar.se\",\"isPartOf\":{\"@id\":\"https:\/\/www.handdukstorkar.se\/sv\/#website\"},\"primaryImageOfPage\":{\"@id\":\"https:\/\/www.handdukstorkar.se\/shop\/ventiler-termostater\/radiatortermostater\/krom-radiatortermostater\/danfoss-vinklet-termostat-ventilsaet-i-krom\/#primaryimage\"},\"image\":{\"@id\":\"https:\/\/www.handdukstorkar.se\/shop\/ventiler-termostater\/radiatortermostater\/krom-radiatortermostater\/danfoss-vinklet-termostat-ventilsaet-i-krom\/#primaryimage\"},\"thumbnailUrl\":\"https:\/\/www.handdukstorkar.se\/wp-content\/uploads\/2025\/07\/danfoss-krom-vinklet-1.jpg\",\"datePublished\":\"2011-02-11T20:18:52+00:00\",\"dateModified\":\"2026-04-24T13:11:06+00:00\",\"breadcrumb\":{\"@id\":\"https:\/\/www.handdukstorkar.se\/shop\/ventiler-termostater\/radiatortermostater\/krom-radiatortermostater\/danfoss-vinklet-termostat-ventilsaet-i-krom\/#breadcrumb\"},\"inLanguage\":\"sv-SE\",\"potentialAction\":[{\"@type\":\"ReadAction\",\"target\":[\"https:\/\/www.handdukstorkar.se\/shop\/ventiler-termostater\/radiatortermostater\/krom-radiatortermostater\/danfoss-vinklet-termostat-ventilsaet-i-krom\/\"]}]},{\"@type\":\"ImageObject\",\"inLanguage\":\"sv-SE\",\"@id\":\"https:\/\/www.handdukstorkar.se\/shop\/ventiler-termostater\/radiatortermostater\/krom-radiatortermostater\/danfoss-vinklet-termostat-ventilsaet-i-krom\/#primaryimage\",\"url\":\"https:\/\/www.handdukstorkar.se\/wp-content\/uploads\/2025\/07\/danfoss-krom-vinklet-1.jpg\",\"contentUrl\":\"https:\/\/www.handdukstorkar.se\/wp-content\/uploads\/2025\/07\/danfoss-krom-vinklet-1.jpg\",\"width\":390,\"height\":520,\"caption\":\"Danfoss\"},{\"@type\":\"BreadcrumbList\",\"@id\":\"https:\/\/www.handdukstorkar.se\/shop\/ventiler-termostater\/radiatortermostater\/krom-radiatortermostater\/danfoss-vinklet-termostat-ventilsaet-i-krom\/#breadcrumb\",\"itemListElement\":[{\"@type\":\"ListItem\",\"position\":1,\"name\":\"Home\",\"item\":\"https:\/\/www.handdukstorkar.se\/sv\/\"},{\"@type\":\"ListItem\",\"position\":2,\"name\":\"Shop\",\"item\":\"https:\/\/www.handdukstorkar.se\/sv\/butik\/\"},{\"@type\":\"ListItem\",\"position\":3,\"name\":\"Danfoss vinklet termostat ventils\u00e6t i krom\"}]},{\"@type\":\"WebSite\",\"@id\":\"https:\/\/www.handdukstorkar.se\/sv\/#website\",\"url\":\"https:\/\/www.handdukstorkar.se\/sv\/\",\"name\":\"Handdukstorkar.se\",\"description\":\"Danmarks st\u00f8rste udvalg af h\u00e5ndkl\u00e6det\u00f8rrer\",\"publisher\":{\"@id\":\"https:\/\/www.handdukstorkar.se\/sv\/#organization\"},\"potentialAction\":[{\"@type\":\"SearchAction\",\"target\":{\"@type\":\"EntryPoint\",\"urlTemplate\":\"https:\/\/www.handdukstorkar.se\/sv\/?s={search_term_string}\"},\"query-input\":{\"@type\":\"PropertyValueSpecification\",\"valueRequired\":true,\"valueName\":\"search_term_string\"}}],\"inLanguage\":\"sv-SE\"},{\"@type\":\"Organization\",\"@id\":\"https:\/\/www.handdukstorkar.se\/sv\/#organization\",\"name\":\"H\u00e5ndkl\u00e6det\u00f8rrer.dk\",\"url\":\"https:\/\/www.handdukstorkar.se\/sv\/\",\"logo\":{\"@type\":\"ImageObject\",\"inLanguage\":\"sv-SE\",\"@id\":\"https:\/\/www.handdukstorkar.se\/sv\/#\/schema\/logo\/image\/\",\"url\":\"https:\/\/www.handdukstorkar.se\/wp-content\/uploads\/2019\/06\/logo-1.png\",\"contentUrl\":\"https:\/\/www.handdukstorkar.se\/wp-content\/uploads\/2019\/06\/logo-1.png\",\"width\":300,\"height\":45,\"caption\":\"H\u00e5ndkl\u00e6det\u00f8rrer.dk\"},\"image\":{\"@id\":\"https:\/\/www.handdukstorkar.se\/sv\/#\/schema\/logo\/image\/\"}}]}<\/script>\n<meta property=\"product:brand\" content=\"Danfoss RAX designtermostat\" \/>\n<meta property=\"product:price:amount\" content=\"1462.50\" \/>\n<meta property=\"product:price:currency\" content=\"SEK\" \/>\n<meta property=\"og:availability\" content=\"out of stock\" \/>\n<meta property=\"product:availability\" content=\"out of stock\" \/>\n<meta property=\"product:retailer_item_id\" content=\"71102\" \/>\n<meta property=\"product:condition\" content=\"new\" \/>\n<!-- \/ Yoast SEO Premium plugin. -->","yoast_head_json":{"title":"Danfoss vinklad termostatventil i krom - Handdukstorkar.se","robots":{"index":"index","follow":"follow","max-snippet":"max-snippet:-1","max-image-preview":"max-image-preview:large","max-video-preview":"max-video-preview:-1"},"canonical":"https:\/\/www.handdukstorkar.se\/sv\/butik\/ventiler-termostater\/radiatortermostater\/kromade-radiatortermostater-2\/danfoss-vinklad-termostatventilsats-i-krom\/","og_locale":"sv_SE","og_type":"article","og_title":"Danfoss vinklet termostat ventils\u00e6t i krom","og_description":"Vinklet Ventil: Denne ventil er kompatibel med vores h\u00e5ndkl\u00e6det\u00f8rrer \/ radiatorer\u00a0 og kan bruges til steder hvor r\u00f8ret direkte f\u00f8res igennem\u00a0v\u00e6ggen. Hvis r\u00f8rf\u00f8ringen\u00a0er fra gulvet, kig venligst vores udvalg af lige ventiler.  Garanti: 1 \u00e5r.","og_url":"https:\/\/www.handdukstorkar.se\/sv\/butik\/ventiler-termostater\/radiatortermostater\/kromade-radiatortermostater-2\/danfoss-vinklad-termostatventilsats-i-krom\/","og_site_name":"Handdukstorkar.se","article_modified_time":"2026-04-24T13:11:06+00:00","og_image":[{"width":390,"height":520,"url":"https:\/\/www.handdukstorkar.se\/wp-content\/uploads\/2025\/07\/danfoss-krom-vinklet-1.jpg","type":"image\/jpeg"}],"twitter_card":"summary_large_image","twitter_misc":{"Pris":"1.462,50&nbsp;kr","Availability":"Out of stock"},"schema":{"@context":"https:\/\/schema.org","@graph":[{"@type":"WebPage","@id":"https:\/\/www.handdukstorkar.se\/shop\/ventiler-termostater\/radiatortermostater\/krom-radiatortermostater\/danfoss-vinklet-termostat-ventilsaet-i-krom\/","url":"https:\/\/www.handdukstorkar.se\/shop\/ventiler-termostater\/radiatortermostater\/krom-radiatortermostater\/danfoss-vinklet-termostat-ventilsaet-i-krom\/","name":"Danfoss vinklad termostatventil i krom - Handdukstorkar.se","isPartOf":{"@id":"https:\/\/www.handdukstorkar.se\/sv\/#website"},"primaryImageOfPage":{"@id":"https:\/\/www.handdukstorkar.se\/shop\/ventiler-termostater\/radiatortermostater\/krom-radiatortermostater\/danfoss-vinklet-termostat-ventilsaet-i-krom\/#primaryimage"},"image":{"@id":"https:\/\/www.handdukstorkar.se\/shop\/ventiler-termostater\/radiatortermostater\/krom-radiatortermostater\/danfoss-vinklet-termostat-ventilsaet-i-krom\/#primaryimage"},"thumbnailUrl":"https:\/\/www.handdukstorkar.se\/wp-content\/uploads\/2025\/07\/danfoss-krom-vinklet-1.jpg","datePublished":"2011-02-11T20:18:52+00:00","dateModified":"2026-04-24T13:11:06+00:00","breadcrumb":{"@id":"https:\/\/www.handdukstorkar.se\/shop\/ventiler-termostater\/radiatortermostater\/krom-radiatortermostater\/danfoss-vinklet-termostat-ventilsaet-i-krom\/#breadcrumb"},"inLanguage":"sv-SE","potentialAction":[{"@type":"ReadAction","target":["https:\/\/www.handdukstorkar.se\/shop\/ventiler-termostater\/radiatortermostater\/krom-radiatortermostater\/danfoss-vinklet-termostat-ventilsaet-i-krom\/"]}]},{"@type":"ImageObject","inLanguage":"sv-SE","@id":"https:\/\/www.handdukstorkar.se\/shop\/ventiler-termostater\/radiatortermostater\/krom-radiatortermostater\/danfoss-vinklet-termostat-ventilsaet-i-krom\/#primaryimage","url":"https:\/\/www.handdukstorkar.se\/wp-content\/uploads\/2025\/07\/danfoss-krom-vinklet-1.jpg","contentUrl":"https:\/\/www.handdukstorkar.se\/wp-content\/uploads\/2025\/07\/danfoss-krom-vinklet-1.jpg","width":390,"height":520,"caption":"Danfoss"},{"@type":"BreadcrumbList","@id":"https:\/\/www.handdukstorkar.se\/shop\/ventiler-termostater\/radiatortermostater\/krom-radiatortermostater\/danfoss-vinklet-termostat-ventilsaet-i-krom\/#breadcrumb","itemListElement":[{"@type":"ListItem","position":1,"name":"Home","item":"https:\/\/www.handdukstorkar.se\/sv\/"},{"@type":"ListItem","position":2,"name":"Shop","item":"https:\/\/www.handdukstorkar.se\/sv\/butik\/"},{"@type":"ListItem","position":3,"name":"Danfoss vinklet termostat ventils\u00e6t i krom"}]},{"@type":"WebSite","@id":"https:\/\/www.handdukstorkar.se\/sv\/#website","url":"https:\/\/www.handdukstorkar.se\/sv\/","name":"Handdukstork.se","description":"Danmarks st\u00f6rsta utbud av handdukstorkar","publisher":{"@id":"https:\/\/www.handdukstorkar.se\/sv\/#organization"},"potentialAction":[{"@type":"SearchAction","target":{"@type":"EntryPoint","urlTemplate":"https:\/\/www.handdukstorkar.se\/sv\/?s={search_term_string}"},"query-input":{"@type":"PropertyValueSpecification","valueRequired":true,"valueName":"search_term_string"}}],"inLanguage":"sv-SE"},{"@type":"Organization","@id":"https:\/\/www.handdukstorkar.se\/sv\/#organization","name":"H\u00e5ndkladetorrer.dk","url":"https:\/\/www.handdukstorkar.se\/sv\/","logo":{"@type":"ImageObject","inLanguage":"sv-SE","@id":"https:\/\/www.handdukstorkar.se\/sv\/#\/schema\/logo\/image\/","url":"https:\/\/www.handdukstorkar.se\/wp-content\/uploads\/2019\/06\/logo-1.png","contentUrl":"https:\/\/www.handdukstorkar.se\/wp-content\/uploads\/2019\/06\/logo-1.png","width":300,"height":45,"caption":"H\u00e5ndkl\u00e6det\u00f8rrer.dk"},"image":{"@id":"https:\/\/www.handdukstorkar.se\/sv\/#\/schema\/logo\/image\/"}}]},"product_brand":"Danfoss RAX designtermostat","product_price_amount":"1462.50","product_price_currency":"SEK","og_availability":"out of stock","product_availability":"out of stock","product_retailer_item_id":"71102","product_condition":"new"},"jetpack_sharing_enabled":true,"_links":{"self":[{"href":"https:\/\/www.handdukstorkar.se\/sv\/wp-json\/wp\/v2\/product\/24553","targetHints":{"allow":["GET"]}}],"collection":[{"href":"https:\/\/www.handdukstorkar.se\/sv\/wp-json\/wp\/v2\/product"}],"about":[{"href":"https:\/\/www.handdukstorkar.se\/sv\/wp-json\/wp\/v2\/types\/product"}],"version-history":[{"count":2,"href":"https:\/\/www.handdukstorkar.se\/sv\/wp-json\/wp\/v2\/product\/24553\/revisions"}],"predecessor-version":[{"id":16372915810,"href":"https:\/\/www.handdukstorkar.se\/sv\/wp-json\/wp\/v2\/product\/24553\/revisions\/16372915810"}],"wp:featuredmedia":[{"embeddable":true,"href":"https:\/\/www.handdukstorkar.se\/sv\/wp-json\/wp\/v2\/media\/174671"}],"wp:attachment":[{"href":"https:\/\/www.handdukstorkar.se\/sv\/wp-json\/wp\/v2\/media?parent=24553"}],"wp:term":[{"taxonomy":"product_brand","embeddable":true,"href":"https:\/\/www.handdukstorkar.se\/sv\/wp-json\/wp\/v2\/product_brand?post=24553"},{"taxonomy":"product_cat","embeddable":true,"href":"https:\/\/www.handdukstorkar.se\/sv\/wp-json\/wp\/v2\/product_cat?post=24553"},{"taxonomy":"product_tag","embeddable":true,"href":"https:\/\/www.handdukstorkar.se\/sv\/wp-json\/wp\/v2\/product_tag?post=24553"}],"curies":[{"name":"wp","href":"https:\/\/api.w.org\/{rel}","templated":true}]}}