


{"id":24576,"date":"2011-02-14T04:23:12","date_gmt":"2011-02-14T03:23:12","guid":{"rendered":"http:\/\/www.handdukstorkar.se\/?post_type=product&#038;p=24576"},"modified":"2026-04-24T14:11:06","modified_gmt":"2026-04-24T13:11:06","slug":"reina-portland-vinklat-ventilsate-i-krom","status":"publish","type":"product","link":"https:\/\/www.handdukstorkar.se\/sv\/shop\/ventiler-termostater\/ventiler-til-haandklaedetoerrer-ventiler-termostater\/krom-ventiler-ventiler-til-haandklaedetoerrer-ventiler-termostater\/reina-portland-vinklet-ventilsaet-i-krom\/","title":{"rendered":"Reina Portland vinklad ventilsats i krom"},"content":{"rendered":"<h3 data-start=\"114\" data-end=\"178\"><strong data-start=\"118\" data-end=\"178\">Vinklad ventil \u2013 Perfekt f\u00f6r v\u00e4ggmonterade installationer<\/strong><\/h3>\n<p data-start=\"180\" data-end=\"336\">Denna vinklade ventil \u00e4r kompatibel med alla v\u00e5ra handduksv\u00e4rmare och radiatorer och \u00e4r idealisk f\u00f6r installationer d\u00e4r r\u00f6ren \u00e4r dragna direkt genom v\u00e4ggen.<\/p>\n<blockquote data-start=\"338\" data-end=\"481\">\n<p data-start=\"340\" data-end=\"481\"><strong data-start=\"340\" data-end=\"351\">Notera:<\/strong> Om dina r\u00f6rledningar g\u00e5r fr\u00e5n golvet rekommenderar vi en <strong data-start=\"411\" data-end=\"436\">raktg\u00e5ende ventilsats<\/strong> f\u00f6r korrekt installation och optimal funktion.<\/p>\n<\/blockquote>","protected":false},"excerpt":{"rendered":"<h3 data-start=\"98\" data-end=\"133\"><strong data-start=\"102\" data-end=\"133\">Exklusivt styrventilset i krom<\/strong><\/h3>\n<p data-start=\"135\" data-end=\"262\">Ge din handdukstork eller radiator ett elegant och tidl\u00f6st utseende med detta exklusiva ventilset i krom.<br \/>\n<span style=\"font-size: 1rem;\">Denna kompletta kontrollenhet passar b\u00e5de handduksv\u00e4rmare och element, och passar perfekt till alla v\u00e5ra produkter i b\u00e5de design och f\u00e4rger.<\/p>\n<p><\/span><strong data-start=\"426\" data-end=\"447\">Setet best\u00e5r av:<\/strong><br data-start=\"447\" data-end=\"450\" \/>Kontrollventil<br data-start=\"470\" data-end=\"473\" \/>Avst\u00e4ngningsventil<br data-start=\"493\" data-end=\"496\" \/>Anslutningsr\u00f6r och rosetter \u2013 ing\u00e5r i priset<\/p>\n<p data-start=\"552\" data-end=\"567\"><strong data-start=\"552\" data-end=\"565\">Detaljer:<br \/>\n<\/strong><span style=\"font-size: 1rem;\">Material: Polerad krom p\u00e5 m\u00e4ssing<br \/>\n<\/span><span style=\"font-size: 1rem;\">M\u00e5tt: RG \u00bd\u201d \/ \u00bd\u201d \u00e4rm<\/p>\n<p><\/span><span style=\"font-size: 1rem;\">Med detta ventilset f\u00e5r du b\u00e5de snygg design och h\u00f6g funktionalitet kombinerat i en komplett l\u00f6sning.<br \/>\n<a href=\"https:\/\/www.haandklaedetoerrer.dk\/wp-content\/uploads\/2011\/02\/portland_installation-guide.pdf\"><img decoding=\"async\" class=\"alignnone wp-image-179126\" src=\"https:\/\/www.haandklaedetoerrer.dk\/wp-content\/uploads\/2015\/11\/pdf-icon-300x300.png\" alt=\"\" width=\"65\" height=\"65\" \/><\/a><br \/>\n<\/span><\/p>","protected":false},"featured_media":16372911394,"template":"","meta":[],"product_brand":[945],"product_cat":[1413,1414],"product_tag":[],"class_list":{"0":"post-24576","1":"product","2":"type-product","3":"status-publish","4":"has-post-thumbnail","6":"product_brand-vario-term","7":"product_cat-ventiler-til-haandklaedetoerrer-ventiler-termostater","8":"product_cat-krom-ventiler-ventiler-til-haandklaedetoerrer-ventiler-termostater","9":"pa_farve-krom","10":"pa_finish-krom","11":"pa_leverings_tid-1-2dage","12":"pa_manufacturer-reina","13":"pa_model-e4-reinaportland","15":"first","16":"instock","17":"sale","18":"taxable","19":"shipping-taxable","20":"purchasable","21":"product-type-simple"},"yoast_head":"<!-- This site is optimized with the Yoast SEO Premium plugin v27.1 (Yoast SEO v27.1.1) - https:\/\/yoast.com\/product\/yoast-seo-premium-wordpress\/ -->\n<title>Reina Portland vinklet ventils\u00e6t i krom - Handdukstorkar.se<\/title>\n<meta name=\"robots\" content=\"index, follow, max-snippet:-1, max-image-preview:large, max-video-preview:-1\" \/>\n<link rel=\"canonical\" href=\"https:\/\/www.handdukstorkar.se\/sv\/butik\/ventiler-termostater\/ventiler-for-handduksvarmare-ventiler-termostater-3\/kromventiler-ventiler-for-handdukstorkar-ventiler-termostater-3\/reina-portland-vinklat-ventilsate-i-krom\/\" \/>\n<meta property=\"og:locale\" content=\"sv_SE\" \/>\n<meta property=\"og:type\" content=\"article\" \/>\n<meta property=\"og:title\" content=\"Reina Portland vinklet ventils\u00e6t i krom\" \/>\n<meta property=\"og:description\" content=\"Eksklusivt regulerings ventils\u00e6t i krom Giv din h\u00e5ndkl\u00e6det\u00f8rrer eller radiator et elegant og tidl\u00f8st udtryk med dette eksklusive ventils\u00e6t i krom. Dette komplette reguleringss\u00e6t er velegnet til b\u00e5de h\u00e5ndkl\u00e6det\u00f8rrere og radiatorer, og passer perfekt sammen med alle vores produkter i b\u00e5de design og farver.  S\u00e6ttet best\u00e5r af:ReguleringsventilAfsp\u00e6rringsventilTilslutningsr\u00f8r og rosetter \u2013 inkluderet i prisen Detaljer: Materiale: Poleret krom p\u00e5 messing Dimension: RG \u00bd&quot; \/ \u00bd&quot; muffe  Med dette ventils\u00e6t f\u00e5r du b\u00e5de stilrent design og h\u00f8j funktionalitet samlet i \u00e9n komplet l\u00f8sning\" \/>\n<meta property=\"og:url\" content=\"https:\/\/www.handdukstorkar.se\/sv\/butik\/ventiler-termostater\/ventiler-for-handduksvarmare-ventiler-termostater-3\/kromventiler-ventiler-for-handdukstorkar-ventiler-termostater-3\/reina-portland-vinklat-ventilsate-i-krom\/\" \/>\n<meta property=\"og:site_name\" content=\"Handdukstorkar.se\" \/>\n<meta property=\"article:modified_time\" content=\"2026-04-24T13:11:06+00:00\" \/>\n<meta property=\"og:image\" content=\"https:\/\/www.handdukstorkar.se\/wp-content\/uploads\/2025\/08\/HTZIS02_FK-e1751910787709.png\" \/>\n\t<meta property=\"og:image:width\" content=\"1052\" \/>\n\t<meta property=\"og:image:height\" content=\"1218\" \/>\n\t<meta property=\"og:image:type\" content=\"image\/png\" \/>\n<meta name=\"twitter:card\" content=\"summary_large_image\" \/>\n<meta name=\"twitter:label1\" content=\"Pris\" \/>\n\t<meta name=\"twitter:data1\" content=\"1.350,00&nbsp;kr\" \/>\n\t<meta name=\"twitter:label2\" content=\"Availability\" \/>\n\t<meta name=\"twitter:data2\" content=\"In stock\" \/>\n<script type=\"application\/ld+json\" class=\"yoast-schema-graph\">{\"@context\":\"https:\/\/schema.org\",\"@graph\":[{\"@type\":\"WebPage\",\"@id\":\"https:\/\/www.handdukstorkar.se\/shop\/ventiler-termostater\/ventiler-til-haandklaedetoerrer-ventiler-termostater\/krom-ventiler-ventiler-til-haandklaedetoerrer-ventiler-termostater\/reina-portland-vinklet-ventilsaet-i-krom\/\",\"url\":\"https:\/\/www.handdukstorkar.se\/shop\/ventiler-termostater\/ventiler-til-haandklaedetoerrer-ventiler-termostater\/krom-ventiler-ventiler-til-haandklaedetoerrer-ventiler-termostater\/reina-portland-vinklet-ventilsaet-i-krom\/\",\"name\":\"Reina Portland vinklet ventils\u00e6t i krom - Handdukstorkar.se\",\"isPartOf\":{\"@id\":\"https:\/\/www.handdukstorkar.se\/sv\/#website\"},\"primaryImageOfPage\":{\"@id\":\"https:\/\/www.handdukstorkar.se\/shop\/ventiler-termostater\/ventiler-til-haandklaedetoerrer-ventiler-termostater\/krom-ventiler-ventiler-til-haandklaedetoerrer-ventiler-termostater\/reina-portland-vinklet-ventilsaet-i-krom\/#primaryimage\"},\"image\":{\"@id\":\"https:\/\/www.handdukstorkar.se\/shop\/ventiler-termostater\/ventiler-til-haandklaedetoerrer-ventiler-termostater\/krom-ventiler-ventiler-til-haandklaedetoerrer-ventiler-termostater\/reina-portland-vinklet-ventilsaet-i-krom\/#primaryimage\"},\"thumbnailUrl\":\"https:\/\/www.handdukstorkar.se\/wp-content\/uploads\/2025\/08\/HTZIS02_FK-e1751910787709.png\",\"datePublished\":\"2011-02-14T03:23:12+00:00\",\"dateModified\":\"2026-04-24T13:11:06+00:00\",\"breadcrumb\":{\"@id\":\"https:\/\/www.handdukstorkar.se\/shop\/ventiler-termostater\/ventiler-til-haandklaedetoerrer-ventiler-termostater\/krom-ventiler-ventiler-til-haandklaedetoerrer-ventiler-termostater\/reina-portland-vinklet-ventilsaet-i-krom\/#breadcrumb\"},\"inLanguage\":\"sv-SE\",\"potentialAction\":[{\"@type\":\"ReadAction\",\"target\":[\"https:\/\/www.handdukstorkar.se\/shop\/ventiler-termostater\/ventiler-til-haandklaedetoerrer-ventiler-termostater\/krom-ventiler-ventiler-til-haandklaedetoerrer-ventiler-termostater\/reina-portland-vinklet-ventilsaet-i-krom\/\"]}]},{\"@type\":\"ImageObject\",\"inLanguage\":\"sv-SE\",\"@id\":\"https:\/\/www.handdukstorkar.se\/shop\/ventiler-termostater\/ventiler-til-haandklaedetoerrer-ventiler-termostater\/krom-ventiler-ventiler-til-haandklaedetoerrer-ventiler-termostater\/reina-portland-vinklet-ventilsaet-i-krom\/#primaryimage\",\"url\":\"https:\/\/www.handdukstorkar.se\/wp-content\/uploads\/2025\/08\/HTZIS02_FK-e1751910787709.png\",\"contentUrl\":\"https:\/\/www.handdukstorkar.se\/wp-content\/uploads\/2025\/08\/HTZIS02_FK-e1751910787709.png\",\"width\":1052,\"height\":1218},{\"@type\":\"BreadcrumbList\",\"@id\":\"https:\/\/www.handdukstorkar.se\/shop\/ventiler-termostater\/ventiler-til-haandklaedetoerrer-ventiler-termostater\/krom-ventiler-ventiler-til-haandklaedetoerrer-ventiler-termostater\/reina-portland-vinklet-ventilsaet-i-krom\/#breadcrumb\",\"itemListElement\":[{\"@type\":\"ListItem\",\"position\":1,\"name\":\"Home\",\"item\":\"https:\/\/www.handdukstorkar.se\/sv\/\"},{\"@type\":\"ListItem\",\"position\":2,\"name\":\"Shop\",\"item\":\"https:\/\/www.handdukstorkar.se\/sv\/butik\/\"},{\"@type\":\"ListItem\",\"position\":3,\"name\":\"Reina Portland vinklet ventils\u00e6t i krom\"}]},{\"@type\":\"WebSite\",\"@id\":\"https:\/\/www.handdukstorkar.se\/sv\/#website\",\"url\":\"https:\/\/www.handdukstorkar.se\/sv\/\",\"name\":\"Handdukstorkar.se\",\"description\":\"Danmarks st\u00f8rste udvalg af h\u00e5ndkl\u00e6det\u00f8rrer\",\"publisher\":{\"@id\":\"https:\/\/www.handdukstorkar.se\/sv\/#organization\"},\"potentialAction\":[{\"@type\":\"SearchAction\",\"target\":{\"@type\":\"EntryPoint\",\"urlTemplate\":\"https:\/\/www.handdukstorkar.se\/sv\/?s={search_term_string}\"},\"query-input\":{\"@type\":\"PropertyValueSpecification\",\"valueRequired\":true,\"valueName\":\"search_term_string\"}}],\"inLanguage\":\"sv-SE\"},{\"@type\":\"Organization\",\"@id\":\"https:\/\/www.handdukstorkar.se\/sv\/#organization\",\"name\":\"H\u00e5ndkl\u00e6det\u00f8rrer.dk\",\"url\":\"https:\/\/www.handdukstorkar.se\/sv\/\",\"logo\":{\"@type\":\"ImageObject\",\"inLanguage\":\"sv-SE\",\"@id\":\"https:\/\/www.handdukstorkar.se\/sv\/#\/schema\/logo\/image\/\",\"url\":\"https:\/\/www.handdukstorkar.se\/wp-content\/uploads\/2019\/06\/logo-1.png\",\"contentUrl\":\"https:\/\/www.handdukstorkar.se\/wp-content\/uploads\/2019\/06\/logo-1.png\",\"width\":300,\"height\":45,\"caption\":\"H\u00e5ndkl\u00e6det\u00f8rrer.dk\"},\"image\":{\"@id\":\"https:\/\/www.handdukstorkar.se\/sv\/#\/schema\/logo\/image\/\"}}]}<\/script>\n<meta property=\"product:brand\" content=\"Reina Portland\" \/>\n<meta property=\"product:price:amount\" content=\"1350.00\" \/>\n<meta property=\"product:price:currency\" content=\"SEK\" \/>\n<meta property=\"og:availability\" content=\"instock\" \/>\n<meta property=\"product:availability\" content=\"instock\" \/>\n<meta property=\"product:retailer_item_id\" content=\"70000\" \/>\n<meta property=\"product:condition\" content=\"new\" \/>\n<!-- \/ Yoast SEO Premium plugin. -->","yoast_head_json":{"title":"Reina Portland vinklad ventilsats i krom - Handdukstorkar.se","robots":{"index":"index","follow":"follow","max-snippet":"max-snippet:-1","max-image-preview":"max-image-preview:large","max-video-preview":"max-video-preview:-1"},"canonical":"https:\/\/www.handdukstorkar.se\/sv\/butik\/ventiler-termostater\/ventiler-for-handduksvarmare-ventiler-termostater-3\/kromventiler-ventiler-for-handdukstorkar-ventiler-termostater-3\/reina-portland-vinklat-ventilsate-i-krom\/","og_locale":"sv_SE","og_type":"article","og_title":"Reina Portland vinklet ventils\u00e6t i krom","og_description":"Eksklusivt regulerings ventils\u00e6t i krom Giv din h\u00e5ndkl\u00e6det\u00f8rrer eller radiator et elegant og tidl\u00f8st udtryk med dette eksklusive ventils\u00e6t i krom. Dette komplette reguleringss\u00e6t er velegnet til b\u00e5de h\u00e5ndkl\u00e6det\u00f8rrere og radiatorer, og passer perfekt sammen med alle vores produkter i b\u00e5de design og farver.  S\u00e6ttet best\u00e5r af:ReguleringsventilAfsp\u00e6rringsventilTilslutningsr\u00f8r og rosetter \u2013 inkluderet i prisen Detaljer: Materiale: Poleret krom p\u00e5 messing Dimension: RG \u00bd\" \/ \u00bd\" muffe  Med dette ventils\u00e6t f\u00e5r du b\u00e5de stilrent design og h\u00f8j funktionalitet samlet i \u00e9n komplet l\u00f8sning","og_url":"https:\/\/www.handdukstorkar.se\/sv\/butik\/ventiler-termostater\/ventiler-for-handduksvarmare-ventiler-termostater-3\/kromventiler-ventiler-for-handdukstorkar-ventiler-termostater-3\/reina-portland-vinklat-ventilsate-i-krom\/","og_site_name":"Handdukstorkar.se","article_modified_time":"2026-04-24T13:11:06+00:00","og_image":[{"width":1052,"height":1218,"url":"https:\/\/www.handdukstorkar.se\/wp-content\/uploads\/2025\/08\/HTZIS02_FK-e1751910787709.png","type":"image\/png"}],"twitter_card":"summary_large_image","twitter_misc":{"Pris":"1.350,00&nbsp;kr","Availability":"In stock"},"schema":{"@context":"https:\/\/schema.org","@graph":[{"@type":"WebPage","@id":"https:\/\/www.handdukstorkar.se\/shop\/ventiler-termostater\/ventiler-til-haandklaedetoerrer-ventiler-termostater\/krom-ventiler-ventiler-til-haandklaedetoerrer-ventiler-termostater\/reina-portland-vinklet-ventilsaet-i-krom\/","url":"https:\/\/www.handdukstorkar.se\/shop\/ventiler-termostater\/ventiler-til-haandklaedetoerrer-ventiler-termostater\/krom-ventiler-ventiler-til-haandklaedetoerrer-ventiler-termostater\/reina-portland-vinklet-ventilsaet-i-krom\/","name":"Reina Portland vinklad ventilsats i krom - Handdukstorkar.se","isPartOf":{"@id":"https:\/\/www.handdukstorkar.se\/sv\/#website"},"primaryImageOfPage":{"@id":"https:\/\/www.handdukstorkar.se\/shop\/ventiler-termostater\/ventiler-til-haandklaedetoerrer-ventiler-termostater\/krom-ventiler-ventiler-til-haandklaedetoerrer-ventiler-termostater\/reina-portland-vinklet-ventilsaet-i-krom\/#primaryimage"},"image":{"@id":"https:\/\/www.handdukstorkar.se\/shop\/ventiler-termostater\/ventiler-til-haandklaedetoerrer-ventiler-termostater\/krom-ventiler-ventiler-til-haandklaedetoerrer-ventiler-termostater\/reina-portland-vinklet-ventilsaet-i-krom\/#primaryimage"},"thumbnailUrl":"https:\/\/www.handdukstorkar.se\/wp-content\/uploads\/2025\/08\/HTZIS02_FK-e1751910787709.png","datePublished":"2011-02-14T03:23:12+00:00","dateModified":"2026-04-24T13:11:06+00:00","breadcrumb":{"@id":"https:\/\/www.handdukstorkar.se\/shop\/ventiler-termostater\/ventiler-til-haandklaedetoerrer-ventiler-termostater\/krom-ventiler-ventiler-til-haandklaedetoerrer-ventiler-termostater\/reina-portland-vinklet-ventilsaet-i-krom\/#breadcrumb"},"inLanguage":"sv-SE","potentialAction":[{"@type":"ReadAction","target":["https:\/\/www.handdukstorkar.se\/shop\/ventiler-termostater\/ventiler-til-haandklaedetoerrer-ventiler-termostater\/krom-ventiler-ventiler-til-haandklaedetoerrer-ventiler-termostater\/reina-portland-vinklet-ventilsaet-i-krom\/"]}]},{"@type":"ImageObject","inLanguage":"sv-SE","@id":"https:\/\/www.handdukstorkar.se\/shop\/ventiler-termostater\/ventiler-til-haandklaedetoerrer-ventiler-termostater\/krom-ventiler-ventiler-til-haandklaedetoerrer-ventiler-termostater\/reina-portland-vinklet-ventilsaet-i-krom\/#primaryimage","url":"https:\/\/www.handdukstorkar.se\/wp-content\/uploads\/2025\/08\/HTZIS02_FK-e1751910787709.png","contentUrl":"https:\/\/www.handdukstorkar.se\/wp-content\/uploads\/2025\/08\/HTZIS02_FK-e1751910787709.png","width":1052,"height":1218},{"@type":"BreadcrumbList","@id":"https:\/\/www.handdukstorkar.se\/shop\/ventiler-termostater\/ventiler-til-haandklaedetoerrer-ventiler-termostater\/krom-ventiler-ventiler-til-haandklaedetoerrer-ventiler-termostater\/reina-portland-vinklet-ventilsaet-i-krom\/#breadcrumb","itemListElement":[{"@type":"ListItem","position":1,"name":"Home","item":"https:\/\/www.handdukstorkar.se\/sv\/"},{"@type":"ListItem","position":2,"name":"Shop","item":"https:\/\/www.handdukstorkar.se\/sv\/butik\/"},{"@type":"ListItem","position":3,"name":"Reina Portland vinklet ventils\u00e6t i krom"}]},{"@type":"WebSite","@id":"https:\/\/www.handdukstorkar.se\/sv\/#website","url":"https:\/\/www.handdukstorkar.se\/sv\/","name":"Handdukstork.se","description":"Danmarks st\u00f6rsta utbud av handdukstorkar","publisher":{"@id":"https:\/\/www.handdukstorkar.se\/sv\/#organization"},"potentialAction":[{"@type":"SearchAction","target":{"@type":"EntryPoint","urlTemplate":"https:\/\/www.handdukstorkar.se\/sv\/?s={search_term_string}"},"query-input":{"@type":"PropertyValueSpecification","valueRequired":true,"valueName":"search_term_string"}}],"inLanguage":"sv-SE"},{"@type":"Organization","@id":"https:\/\/www.handdukstorkar.se\/sv\/#organization","name":"H\u00e5ndkladetorrer.dk","url":"https:\/\/www.handdukstorkar.se\/sv\/","logo":{"@type":"ImageObject","inLanguage":"sv-SE","@id":"https:\/\/www.handdukstorkar.se\/sv\/#\/schema\/logo\/image\/","url":"https:\/\/www.handdukstorkar.se\/wp-content\/uploads\/2019\/06\/logo-1.png","contentUrl":"https:\/\/www.handdukstorkar.se\/wp-content\/uploads\/2019\/06\/logo-1.png","width":300,"height":45,"caption":"H\u00e5ndkl\u00e6det\u00f8rrer.dk"},"image":{"@id":"https:\/\/www.handdukstorkar.se\/sv\/#\/schema\/logo\/image\/"}}]},"product_brand":"Reina Portland","product_price_amount":"1350.00","product_price_currency":"SEK","og_availability":"instock","product_availability":"instock","product_retailer_item_id":"70000","product_condition":"new"},"jetpack_sharing_enabled":true,"_links":{"self":[{"href":"https:\/\/www.handdukstorkar.se\/sv\/wp-json\/wp\/v2\/product\/24576","targetHints":{"allow":["GET"]}}],"collection":[{"href":"https:\/\/www.handdukstorkar.se\/sv\/wp-json\/wp\/v2\/product"}],"about":[{"href":"https:\/\/www.handdukstorkar.se\/sv\/wp-json\/wp\/v2\/types\/product"}],"version-history":[{"count":0,"href":"https:\/\/www.handdukstorkar.se\/sv\/wp-json\/wp\/v2\/product\/24576\/revisions"}],"wp:featuredmedia":[{"embeddable":true,"href":"https:\/\/www.handdukstorkar.se\/sv\/wp-json\/wp\/v2\/media\/16372911394"}],"wp:attachment":[{"href":"https:\/\/www.handdukstorkar.se\/sv\/wp-json\/wp\/v2\/media?parent=24576"}],"wp:term":[{"taxonomy":"product_brand","embeddable":true,"href":"https:\/\/www.handdukstorkar.se\/sv\/wp-json\/wp\/v2\/product_brand?post=24576"},{"taxonomy":"product_cat","embeddable":true,"href":"https:\/\/www.handdukstorkar.se\/sv\/wp-json\/wp\/v2\/product_cat?post=24576"},{"taxonomy":"product_tag","embeddable":true,"href":"https:\/\/www.handdukstorkar.se\/sv\/wp-json\/wp\/v2\/product_tag?post=24576"}],"curies":[{"name":"wp","href":"https:\/\/api.w.org\/{rel}","templated":true}]}}