


{"id":25929,"date":"2012-04-30T02:38:39","date_gmt":"2012-04-30T01:38:39","guid":{"rendered":"http:\/\/www.handdukstorkar.se\/?post_type=product&#038;p=25929"},"modified":"2026-04-24T14:23:30","modified_gmt":"2026-04-24T13:23:30","slug":"luxor-handhaallen-dorrtermostat-med-timer","status":"publish","type":"product","link":"https:\/\/www.handdukstorkar.se\/sv\/shop\/haandklaedetorrer\/elektrisk-haandklaedetoerrer\/luxor-haandklaedetoerrer-m-termostat-timer\/","title":{"rendered":"Luxor handdukstork med elektrisk v\u00e4rmare."},"content":{"rendered":"<p><b>Bredd:<\/b> Fr\u00e5n 350mm till 1000mm<br \/>\n<b>H\u00f6jd:<\/b>\u00a0Fr\u00e5n 450 till 1700 mm<br \/>\n<b>V\u00e4ggavst\u00e5nd:<\/b> 75-90 mm<br \/>\n<b>V\u00e4gg till r\u00f6r-center:<\/b> 60-75 mm<br \/>\n<b>Prestanda (\u0394t=50\u00b0C):<\/b>\u00a0250-700 watt<br \/>\n<b>Avsluta:<\/b> Polerat &amp; borstat rostfritt st\u00e5l.<br \/>\n<b>Garanti:<\/b> 25 \u00e5r f\u00f6r handdukstork \/ 2 \u00e5r f\u00f6r elv\u00e4rmare<br \/>\n<b>Design:<\/b> PMH<\/p>\n<p>Handdukstorken levereras med en elektrisk v\u00e4rmare med str\u00f6mbrytare och timer.<\/p>\n<hr \/>\n<p><b>S\u00e4kerhetsinformation:<br \/>\n<\/b>F\u00f6rutsatt att den medf\u00f6ljande kabeln med stickpropp anv\u00e4nds<br \/>\nUtan modifiering och ansluten till en lagligt etablerad kontakt, kan produkten anslutas av alla vuxna.<br \/>\n<span style=\"font-size: 1rem;\">Endast en beh\u00f6rig elektriker f\u00e5r ansluta produkten om den medf\u00f6ljande kabeln eller kontakten \u00e4r modifierad och endast om anslutningen uppfyller g\u00e4llande best\u00e4mmelser p\u00e5 den angivna installationsplatsen.<br \/>\n<\/span>Endast en beh\u00f6rig elektriker f\u00e5r g\u00f6ra \u00e4ndringar p\u00e5 kabeln och kontakten eller utf\u00f6ra reparationer p\u00e5 kabeln eller kontakten.<br \/>\nProdukten \u00e4r godk\u00e4nd i IP-klass X4. Om kabeln eller stickkontakten modifieras \u00e4r installat\u00f6ren ansvarig f\u00f6r att den specifika anslutningen \u00e4r laglig p\u00e5 den aktuella platsen.<\/p>\n<p>F\u00f6r installationsanvisningar,<a href=\"https:\/\/www.haandklaedetoerrer.dk\/wp-content\/uploads\/2012\/01\/Vejledning-MOA-el-patroner.pdf\" target=\"_blank\" rel=\"noopener\"><span style=\"color: #000080;\"> klicka h\u00e4r<\/span><\/a><\/p>\n<p><img decoding=\"async\" class=\"size-full wp-image-25923\" src=\"https:\/\/www.haandklaedetoerrer.dk\/wp-content\/uploads\/2012\/04\/25_RS_GARANTI_-1.jpg\" alt=\"\" width=\"130\" height=\"118\" srcset=\"https:\/\/www.handdukstorkar.se\/wp-content\/uploads\/2012\/04\/25_RS_GARANTI_-1.jpg 130w, https:\/\/www.handdukstorkar.se\/wp-content\/uploads\/2012\/04\/25_RS_GARANTI_-1-100x91.jpg 100w\" sizes=\"(max-width: 130px) 100vw, 130px\" \/><\/p>","protected":false},"excerpt":{"rendered":"<p><strong>Luxor handdukstork med elektrisk patron<\/strong><\/p>\n<p>Tidl\u00f6s elektrisk handdukstork med dold elv\u00e4rmare, inbyggd termostat och 2-timmars timerfunktion f\u00f6r flexibel uppv\u00e4rmning.<\/p>\n<p>Material och finish: H\u00f6gkvalitativt st\u00e5l, tillg\u00e4ngligt i polerat st\u00e5l, svart eller m\u00e4ssing<br \/>\nEffekt: 88 W elektrisk v\u00e4rmare f\u00f6r snabb uppv\u00e4rmning<br \/>\nStorlek: V\u00e4lj mellan 400\u00d71000, 500\u00d71200, 600\u00d71400 mm och andra.<br \/>\nAnslutning: 220 V med 1,5 m kabel; m\u00f6jlighet till dold installation<\/p>\n<p><strong>Praktisk termostat- och timerfunktion:<\/strong><\/p>\n<p>Termostat: Justerbar v\u00e4rme fr\u00e5n 45 \u00b0C till 70 \u00b0C<br \/>\nTimer: 2 timmars tidsinst\u00e4llning med automatisk avst\u00e4ngning<\/p>\n<p><strong>Idealisk f\u00f6r:<\/strong><br \/>\nPrivata hem, hotell och spamilj\u00f6er<br \/>\nBadrum, g\u00e4sttoaletter och h\u00e4lsorum<\/p>\n<p><a href=\"https:\/\/www.haandklaedetoerrer.dk\/wp-content\/uploads\/2012\/01\/Vejledning-MOA-el-patroner.pdf\" target=\"_blank\" rel=\"noopener noreferrer\"><img decoding=\"async\" class=\"alignnone size-full wp-image-36449\" src=\"https:\/\/www.haandklaedetoerrer.dk\/wp-content\/uploads\/2015\/03\/iconfinder_24_2133056-1.png\" alt=\"\" width=\"48\" height=\"48\" \/><\/a><a href=\"https:\/\/www.haandklaedetoerrer.dk\/wp-content\/uploads\/2012\/04\/Elekstrik-Luxor.pdf\" target=\"_blank\" rel=\"noopener noreferrer\">Installationsguide\u00a0<\/a><\/p>","protected":false},"featured_media":16372911666,"template":"","meta":[],"product_brand":[941],"product_cat":[976,1585,1404,948,1405],"product_tag":[],"class_list":{"0":"post-25929","1":"product","2":"type-product","3":"status-publish","4":"has-post-thumbnail","6":"product_brand-ht-prestige","7":"product_cat-elektrisk-haandklaedetoerrer","8":"product_cat-haandklaedetoerrer-el","9":"product_cat-handklaedeholder","10":"product_cat-haandklaedetorrer","11":"product_cat-handklaedevarmer","12":"pa_bredde-1115","13":"pa_bredde-1046","14":"pa_bredde-1028","15":"pa_bredde-1029","16":"pa_bredde-1030","17":"pa_bredde-1041","18":"pa_bredde-800-3","19":"pa_farve-boerstet-staal","20":"pa_farve-krom","21":"pa_finish-rustfrit","22":"pa_hoejde-1032","23":"pa_hoejde-1033","24":"pa_hoejde-1036","25":"pa_hoejde-1049","26":"pa_hoejde-1047","27":"pa_hoejde-600mm","28":"pa_hoejde-1048","29":"pa_hoejde-1031","30":"pa_leverings_tid-1-2dage","31":"pa_manufacturer-reina","32":"pa_model-37-luxor","33":"pa_pdf-42-vejledning_moa_el-patroner","34":"pa_pdf_label-67-brugsanvisningpdf","36":"first","37":"instock","38":"sale","39":"taxable","40":"shipping-taxable","41":"purchasable","42":"product-type-variable"},"yoast_head":"<!-- This site is optimized with the Yoast SEO Premium plugin v27.1 (Yoast SEO v27.1.1) - https:\/\/yoast.com\/product\/yoast-seo-premium-wordpress\/ -->\n<title>Luxor h\u00e5ndkl\u00e6det\u00f8rrer med el-patron. - Handdukstorkar.se<\/title>\n<meta name=\"robots\" content=\"index, follow, max-snippet:-1, max-image-preview:large, max-video-preview:-1\" \/>\n<link rel=\"canonical\" href=\"https:\/\/www.handdukstorkar.se\/sv\/butik\/handdukstorkar\/handdukstork-el-4\/luxor-handhaallen-dorrtermostat-med-timer\/\" \/>\n<meta property=\"og:locale\" content=\"sv_SE\" \/>\n<meta property=\"og:type\" content=\"article\" \/>\n<meta property=\"og:title\" content=\"Luxor h\u00e5ndkl\u00e6det\u00f8rrer med el-patron.\" \/>\n<meta property=\"og:description\" content=\"Luxor H\u00e5ndkl\u00e6det\u00f8rrer med El-patron  Tidl\u00f8st elektrisk h\u00e5ndkl\u00e6det\u00f8rrer med skjult el-patron, indbygget termostat og 2-timers timerfunktion for fleksibel opvarmning.  Materiale &amp; Finish: H\u00f8jkvalitets st\u00e5l, f\u00e5s i poleret st\u00e5l, sort eller messing Effekt: 88 W el-patron for hurtig opvarmning St\u00f8rrelse: V\u00e6lg mellem 400\u00d71000, 500\u00d71200, 600\u00d71400 mm m.fl. Tilslutning: 220 V med 1,5 m ledning; mulighed for skjult installation  Praktisk termostat &amp; timerfunktion:  Termostat: Justerbar varme fra 45 \u00b0C til 70 \u00b0C Timer: 2 t tidsindstilling med automatisk sluk  Ideel til: Privatboliger, hoteller og spa-milj\u00f8er Badev\u00e6relser, g\u00e6stetoiletter og wellnessrum  Installationsguide\u00a0\" \/>\n<meta property=\"og:url\" content=\"https:\/\/www.handdukstorkar.se\/sv\/butik\/handdukstorkar\/handdukstork-el-4\/luxor-handhaallen-dorrtermostat-med-timer\/\" \/>\n<meta property=\"og:site_name\" content=\"Handdukstorkar.se\" \/>\n<meta property=\"article:modified_time\" content=\"2026-04-24T13:23:30+00:00\" \/>\n<meta property=\"og:image\" content=\"https:\/\/www.handdukstorkar.se\/wp-content\/uploads\/2025\/08\/LUXOR-POLISH-STEEL-6001500-1.jpg\" \/>\n\t<meta property=\"og:image:width\" content=\"776\" \/>\n\t<meta property=\"og:image:height\" content=\"979\" \/>\n\t<meta property=\"og:image:type\" content=\"image\/jpeg\" \/>\n<meta name=\"twitter:card\" content=\"summary_large_image\" \/>\n<meta name=\"twitter:label1\" content=\"Availability\" \/>\n\t<meta name=\"twitter:data1\" content=\"In stock\" \/>\n<script type=\"application\/ld+json\" class=\"yoast-schema-graph\">{\"@context\":\"https:\/\/schema.org\",\"@graph\":[{\"@type\":\"WebPage\",\"@id\":\"https:\/\/www.handdukstorkar.se\/sv\/shop\/haandklaedetorrer\/elektrisk-haandklaedetoerrer\/luxor-haandklaedetoerrer-m-termostat-timer\/\",\"url\":\"https:\/\/www.handdukstorkar.se\/sv\/shop\/haandklaedetorrer\/elektrisk-haandklaedetoerrer\/luxor-haandklaedetoerrer-m-termostat-timer\/\",\"name\":\"Luxor h\u00e5ndkl\u00e6det\u00f8rrer med el-patron. - Handdukstorkar.se\",\"isPartOf\":{\"@id\":\"https:\/\/www.handdukstorkar.se\/sv\/#website\"},\"primaryImageOfPage\":{\"@id\":\"https:\/\/www.handdukstorkar.se\/sv\/shop\/haandklaedetorrer\/elektrisk-haandklaedetoerrer\/luxor-haandklaedetoerrer-m-termostat-timer\/#primaryimage\"},\"image\":{\"@id\":\"https:\/\/www.handdukstorkar.se\/sv\/shop\/haandklaedetorrer\/elektrisk-haandklaedetoerrer\/luxor-haandklaedetoerrer-m-termostat-timer\/#primaryimage\"},\"thumbnailUrl\":\"https:\/\/www.handdukstorkar.se\/wp-content\/uploads\/2025\/08\/LUXOR-POLISH-STEEL-6001500-1.jpg\",\"datePublished\":\"2012-04-30T01:38:39+00:00\",\"dateModified\":\"2026-04-24T13:23:30+00:00\",\"breadcrumb\":{\"@id\":\"https:\/\/www.handdukstorkar.se\/sv\/shop\/haandklaedetorrer\/elektrisk-haandklaedetoerrer\/luxor-haandklaedetoerrer-m-termostat-timer\/#breadcrumb\"},\"inLanguage\":\"sv-SE\",\"potentialAction\":[{\"@type\":\"ReadAction\",\"target\":[\"https:\/\/www.handdukstorkar.se\/sv\/shop\/haandklaedetorrer\/elektrisk-haandklaedetoerrer\/luxor-haandklaedetoerrer-m-termostat-timer\/\"]}]},{\"@type\":\"ImageObject\",\"inLanguage\":\"sv-SE\",\"@id\":\"https:\/\/www.handdukstorkar.se\/sv\/shop\/haandklaedetorrer\/elektrisk-haandklaedetoerrer\/luxor-haandklaedetoerrer-m-termostat-timer\/#primaryimage\",\"url\":\"https:\/\/www.handdukstorkar.se\/wp-content\/uploads\/2025\/08\/LUXOR-POLISH-STEEL-6001500-1.jpg\",\"contentUrl\":\"https:\/\/www.handdukstorkar.se\/wp-content\/uploads\/2025\/08\/LUXOR-POLISH-STEEL-6001500-1.jpg\",\"width\":776,\"height\":979},{\"@type\":\"BreadcrumbList\",\"@id\":\"https:\/\/www.handdukstorkar.se\/sv\/shop\/haandklaedetorrer\/elektrisk-haandklaedetoerrer\/luxor-haandklaedetoerrer-m-termostat-timer\/#breadcrumb\",\"itemListElement\":[{\"@type\":\"ListItem\",\"position\":1,\"name\":\"Home\",\"item\":\"https:\/\/www.handdukstorkar.se\/sv\/\"},{\"@type\":\"ListItem\",\"position\":2,\"name\":\"Shop\",\"item\":\"https:\/\/www.handdukstorkar.se\/sv\/butik\/\"},{\"@type\":\"ListItem\",\"position\":3,\"name\":\"Luxor h\u00e5ndkl\u00e6det\u00f8rrer med el-patron.\"}]},{\"@type\":\"WebSite\",\"@id\":\"https:\/\/www.handdukstorkar.se\/sv\/#website\",\"url\":\"https:\/\/www.handdukstorkar.se\/sv\/\",\"name\":\"Handdukstorkar.se\",\"description\":\"Danmarks st\u00f8rste udvalg af h\u00e5ndkl\u00e6det\u00f8rrer\",\"publisher\":{\"@id\":\"https:\/\/www.handdukstorkar.se\/sv\/#organization\"},\"potentialAction\":[{\"@type\":\"SearchAction\",\"target\":{\"@type\":\"EntryPoint\",\"urlTemplate\":\"https:\/\/www.handdukstorkar.se\/sv\/?s={search_term_string}\"},\"query-input\":{\"@type\":\"PropertyValueSpecification\",\"valueRequired\":true,\"valueName\":\"search_term_string\"}}],\"inLanguage\":\"sv-SE\"},{\"@type\":\"Organization\",\"@id\":\"https:\/\/www.handdukstorkar.se\/sv\/#organization\",\"name\":\"H\u00e5ndkl\u00e6det\u00f8rrer.dk\",\"url\":\"https:\/\/www.handdukstorkar.se\/sv\/\",\"logo\":{\"@type\":\"ImageObject\",\"inLanguage\":\"sv-SE\",\"@id\":\"https:\/\/www.handdukstorkar.se\/sv\/#\/schema\/logo\/image\/\",\"url\":\"https:\/\/www.handdukstorkar.se\/wp-content\/uploads\/2019\/06\/logo-1.png\",\"contentUrl\":\"https:\/\/www.handdukstorkar.se\/wp-content\/uploads\/2019\/06\/logo-1.png\",\"width\":300,\"height\":45,\"caption\":\"H\u00e5ndkl\u00e6det\u00f8rrer.dk\"},\"image\":{\"@id\":\"https:\/\/www.handdukstorkar.se\/sv\/#\/schema\/logo\/image\/\"}}]}<\/script>\n<meta property=\"product:brand\" content=\"LUXOR\" \/>\n<meta property=\"og:availability\" content=\"instock\" \/>\n<meta property=\"product:availability\" content=\"instock\" \/>\n<meta property=\"product:retailer_item_id\" content=\"34000\" \/>\n<meta property=\"product:condition\" content=\"new\" \/>\n<!-- \/ Yoast SEO Premium plugin. -->","yoast_head_json":{"title":"Luxor handdukstorkar med elpatron. - Handdukstorkar.se","robots":{"index":"index","follow":"follow","max-snippet":"max-snippet:-1","max-image-preview":"max-image-preview:large","max-video-preview":"max-video-preview:-1"},"canonical":"https:\/\/www.handdukstorkar.se\/sv\/butik\/handdukstorkar\/handdukstork-el-4\/luxor-handhaallen-dorrtermostat-med-timer\/","og_locale":"sv_SE","og_type":"article","og_title":"Luxor h\u00e5ndkl\u00e6det\u00f8rrer med el-patron.","og_description":"Luxor H\u00e5ndkl\u00e6det\u00f8rrer med El-patron  Tidl\u00f8st elektrisk h\u00e5ndkl\u00e6det\u00f8rrer med skjult el-patron, indbygget termostat og 2-timers timerfunktion for fleksibel opvarmning.  Materiale &amp; Finish: H\u00f8jkvalitets st\u00e5l, f\u00e5s i poleret st\u00e5l, sort eller messing Effekt: 88 W el-patron for hurtig opvarmning St\u00f8rrelse: V\u00e6lg mellem 400\u00d71000, 500\u00d71200, 600\u00d71400 mm m.fl. Tilslutning: 220 V med 1,5 m ledning; mulighed for skjult installation  Praktisk termostat &amp; timerfunktion:  Termostat: Justerbar varme fra 45 \u00b0C til 70 \u00b0C Timer: 2 t tidsindstilling med automatisk sluk  Ideel til: Privatboliger, hoteller og spa-milj\u00f8er Badev\u00e6relser, g\u00e6stetoiletter og wellnessrum  Installationsguide\u00a0","og_url":"https:\/\/www.handdukstorkar.se\/sv\/butik\/handdukstorkar\/handdukstork-el-4\/luxor-handhaallen-dorrtermostat-med-timer\/","og_site_name":"Handdukstorkar.se","article_modified_time":"2026-04-24T13:23:30+00:00","og_image":[{"width":776,"height":979,"url":"https:\/\/www.handdukstorkar.se\/wp-content\/uploads\/2025\/08\/LUXOR-POLISH-STEEL-6001500-1.jpg","type":"image\/jpeg"}],"twitter_card":"summary_large_image","twitter_misc":{"Availability":"In stock"},"schema":{"@context":"https:\/\/schema.org","@graph":[{"@type":"WebPage","@id":"https:\/\/www.handdukstorkar.se\/sv\/shop\/haandklaedetorrer\/elektrisk-haandklaedetoerrer\/luxor-haandklaedetoerrer-m-termostat-timer\/","url":"https:\/\/www.handdukstorkar.se\/sv\/shop\/haandklaedetorrer\/elektrisk-haandklaedetoerrer\/luxor-haandklaedetoerrer-m-termostat-timer\/","name":"Luxor handdukstorkar med elpatron. - Handdukstorkar.se","isPartOf":{"@id":"https:\/\/www.handdukstorkar.se\/sv\/#website"},"primaryImageOfPage":{"@id":"https:\/\/www.handdukstorkar.se\/sv\/shop\/haandklaedetorrer\/elektrisk-haandklaedetoerrer\/luxor-haandklaedetoerrer-m-termostat-timer\/#primaryimage"},"image":{"@id":"https:\/\/www.handdukstorkar.se\/sv\/shop\/haandklaedetorrer\/elektrisk-haandklaedetoerrer\/luxor-haandklaedetoerrer-m-termostat-timer\/#primaryimage"},"thumbnailUrl":"https:\/\/www.handdukstorkar.se\/wp-content\/uploads\/2025\/08\/LUXOR-POLISH-STEEL-6001500-1.jpg","datePublished":"2012-04-30T01:38:39+00:00","dateModified":"2026-04-24T13:23:30+00:00","breadcrumb":{"@id":"https:\/\/www.handdukstorkar.se\/sv\/shop\/haandklaedetorrer\/elektrisk-haandklaedetoerrer\/luxor-haandklaedetoerrer-m-termostat-timer\/#breadcrumb"},"inLanguage":"sv-SE","potentialAction":[{"@type":"ReadAction","target":["https:\/\/www.handdukstorkar.se\/sv\/shop\/haandklaedetorrer\/elektrisk-haandklaedetoerrer\/luxor-haandklaedetoerrer-m-termostat-timer\/"]}]},{"@type":"ImageObject","inLanguage":"sv-SE","@id":"https:\/\/www.handdukstorkar.se\/sv\/shop\/haandklaedetorrer\/elektrisk-haandklaedetoerrer\/luxor-haandklaedetoerrer-m-termostat-timer\/#primaryimage","url":"https:\/\/www.handdukstorkar.se\/wp-content\/uploads\/2025\/08\/LUXOR-POLISH-STEEL-6001500-1.jpg","contentUrl":"https:\/\/www.handdukstorkar.se\/wp-content\/uploads\/2025\/08\/LUXOR-POLISH-STEEL-6001500-1.jpg","width":776,"height":979},{"@type":"BreadcrumbList","@id":"https:\/\/www.handdukstorkar.se\/sv\/shop\/haandklaedetorrer\/elektrisk-haandklaedetoerrer\/luxor-haandklaedetoerrer-m-termostat-timer\/#breadcrumb","itemListElement":[{"@type":"ListItem","position":1,"name":"Home","item":"https:\/\/www.handdukstorkar.se\/sv\/"},{"@type":"ListItem","position":2,"name":"Shop","item":"https:\/\/www.handdukstorkar.se\/sv\/butik\/"},{"@type":"ListItem","position":3,"name":"Luxor h\u00e5ndkl\u00e6det\u00f8rrer med el-patron."}]},{"@type":"WebSite","@id":"https:\/\/www.handdukstorkar.se\/sv\/#website","url":"https:\/\/www.handdukstorkar.se\/sv\/","name":"Handdukstork.se","description":"Danmarks st\u00f6rsta utbud av handdukstorkar","publisher":{"@id":"https:\/\/www.handdukstorkar.se\/sv\/#organization"},"potentialAction":[{"@type":"SearchAction","target":{"@type":"EntryPoint","urlTemplate":"https:\/\/www.handdukstorkar.se\/sv\/?s={search_term_string}"},"query-input":{"@type":"PropertyValueSpecification","valueRequired":true,"valueName":"search_term_string"}}],"inLanguage":"sv-SE"},{"@type":"Organization","@id":"https:\/\/www.handdukstorkar.se\/sv\/#organization","name":"H\u00e5ndkladetorrer.dk","url":"https:\/\/www.handdukstorkar.se\/sv\/","logo":{"@type":"ImageObject","inLanguage":"sv-SE","@id":"https:\/\/www.handdukstorkar.se\/sv\/#\/schema\/logo\/image\/","url":"https:\/\/www.handdukstorkar.se\/wp-content\/uploads\/2019\/06\/logo-1.png","contentUrl":"https:\/\/www.handdukstorkar.se\/wp-content\/uploads\/2019\/06\/logo-1.png","width":300,"height":45,"caption":"H\u00e5ndkl\u00e6det\u00f8rrer.dk"},"image":{"@id":"https:\/\/www.handdukstorkar.se\/sv\/#\/schema\/logo\/image\/"}}]},"product_brand":"LUXOR","og_availability":"instock","product_availability":"instock","product_retailer_item_id":"34000","product_condition":"new"},"jetpack_sharing_enabled":true,"_links":{"self":[{"href":"https:\/\/www.handdukstorkar.se\/sv\/wp-json\/wp\/v2\/product\/25929","targetHints":{"allow":["GET"]}}],"collection":[{"href":"https:\/\/www.handdukstorkar.se\/sv\/wp-json\/wp\/v2\/product"}],"about":[{"href":"https:\/\/www.handdukstorkar.se\/sv\/wp-json\/wp\/v2\/types\/product"}],"version-history":[{"count":1,"href":"https:\/\/www.handdukstorkar.se\/sv\/wp-json\/wp\/v2\/product\/25929\/revisions"}],"predecessor-version":[{"id":16372913541,"href":"https:\/\/www.handdukstorkar.se\/sv\/wp-json\/wp\/v2\/product\/25929\/revisions\/16372913541"}],"wp:featuredmedia":[{"embeddable":true,"href":"https:\/\/www.handdukstorkar.se\/sv\/wp-json\/wp\/v2\/media\/16372911666"}],"wp:attachment":[{"href":"https:\/\/www.handdukstorkar.se\/sv\/wp-json\/wp\/v2\/media?parent=25929"}],"wp:term":[{"taxonomy":"product_brand","embeddable":true,"href":"https:\/\/www.handdukstorkar.se\/sv\/wp-json\/wp\/v2\/product_brand?post=25929"},{"taxonomy":"product_cat","embeddable":true,"href":"https:\/\/www.handdukstorkar.se\/sv\/wp-json\/wp\/v2\/product_cat?post=25929"},{"taxonomy":"product_tag","embeddable":true,"href":"https:\/\/www.handdukstorkar.se\/sv\/wp-json\/wp\/v2\/product_tag?post=25929"}],"curies":[{"name":"wp","href":"https:\/\/api.w.org\/{rel}","templated":true}]}}