


{"id":25972,"date":"2013-06-21T15:44:57","date_gmt":"2013-06-21T14:44:57","guid":{"rendered":"http:\/\/www.handdukstorkar.se\/?post_type=product&#038;p=25972"},"modified":"2026-04-24T14:23:27","modified_gmt":"2026-04-24T13:23:27","slug":"prestige-horntermostatventil-saag-i-svart","status":"publish","type":"product","link":"https:\/\/www.handdukstorkar.se\/sv\/shop\/ventiler-termostater\/ventiler-til-haandklaedetoerrer-ventiler-termostater\/sort\/prestige-corner-termostat-ventilsaet-i-sort\/","title":{"rendered":"Prestige h\u00f6rntermostatventilsats i svart"},"content":{"rendered":"<h3 data-start=\"166\" data-end=\"234\"><span style=\"color: #808080;\"><strong data-start=\"170\" data-end=\"234\">Komplett styrsystem med rumstermostat \u2013 h\u00f6rnventilset<\/strong><\/span><\/h3>\n<p data-start=\"236\" data-end=\"459\"><span style=\"color: #808080;\">Uppgradera din handdukstork eller radiator med detta exklusiva och kompletta termostatset med rumsgivare. Ventilsetet passar alla v\u00e5ra modeller och matchar i b\u00e5de design och f\u00e4rg f\u00f6r ett vackert och enhetligt utseende.<\/span><\/p>\n<p data-start=\"461\" data-end=\"681\"><span style=\"color: #808080;\"><strong data-start=\"461\" data-end=\"482\">Setet best\u00e5r av:<\/strong><\/span><br data-start=\"482\" data-end=\"485\" \/><span style=\"color: #808080;\">Styrventil med v\u00e4tskesensor<\/span><br data-start=\"525\" data-end=\"528\" \/><span style=\"color: #808080;\">Avst\u00e4ngningsventil (godk\u00e4nd enligt BS 2767-10)<\/span><br data-start=\"570\" data-end=\"573\" \/><span style=\"color: #808080;\">Termostatisk rumsf\u00f6ljare (EN 215-godk\u00e4nd)<\/span><br data-start=\"614\" data-end=\"617\" \/><span style=\"color: #808080;\">Distansr\u00f6r och rosetter ing\u00e5r \u2013 allt i ett paket<\/span><\/p>\n<p data-start=\"683\" data-end=\"700\"><span style=\"color: #808080;\"><strong data-start=\"683\" data-end=\"698\">Funktioner:<br \/>\n<\/strong><span style=\"font-size: 1rem;\">Dubbelriktad ventilkropp f\u00f6r flexibel montering<br \/>\n<\/span><span style=\"font-size: 1rem;\">R\u00e4ckviddsgr\u00e4nsfunktion f\u00f6r exakt temperaturkontroll<br \/>\n<\/span><span style=\"font-size: 1rem;\">Frostskydd<br \/>\n<\/span>Godk\u00e4nd av Energy Saving Trust \u2013 spara energi utan att kompromissa med komforten<\/span><\/p>\n<p data-start=\"915\" data-end=\"942\"><span style=\"color: #808080;\"><strong>Dimensionera<\/strong>RG \u00bd\u201d \/ \u00bd\u201d hylsa<\/span><\/p>\n<p data-start=\"944\" data-end=\"1048\"><span style=\"color: #808080;\"><strong data-start=\"944\" data-end=\"958\">Montering: <\/strong><\/span><span style=\"color: #808080;\">\u00a0termostaten \u00e4r monterad p\u00e5 <strong>utbudssidan<\/strong> av systemet \u2013<strong> inte vid \u00e5terkomst.<\/strong><\/span><\/p>\n<p data-start=\"944\" data-end=\"1048\"><span style=\"color: #808080;\"><a href=\"https:\/\/www.haandklaedetoerrer.dk\/wp-content\/uploads\/2014\/02\/PRESTIGE-TERMOSTAT.pdf\"><img decoding=\"async\" class=\"alignnone wp-image-179126 size-full\" style=\"font-size: 1rem;\" src=\"https:\/\/www.haandklaedetoerrer.dk\/wp-content\/uploads\/2015\/11\/pdf-icon-e1752926666753.png\" alt=\"\" width=\"65\" height=\"65\" \/><img decoding=\"async\" class=\"alignnone wp-image-179126 size-full\" src=\"https:\/\/www.haandklaedetoerrer.dk\/wp-content\/uploads\/2015\/11\/pdf-icon-e1752926666753.png\" alt=\"\" width=\"65\" height=\"65\" \/><\/a><br \/>\n<\/span><\/p>","protected":false},"excerpt":{"rendered":"<h3 data-start=\"114\" data-end=\"178\"><span style=\"color: #808080;\"><strong data-start=\"118\" data-end=\"178\">H\u00f6rnventilset \u2013 L\u00e4mplig f\u00f6r v\u00e4ggmonterade installationer<\/strong><\/span><\/h3>\n<p data-start=\"180\" data-end=\"336\"><span style=\"color: #808080;\">Denna vinklade ventil \u00e4r kompatibel med alla v\u00e5ra handduksv\u00e4rmare och radiatorer och \u00e4r idealisk f\u00f6r installationer d\u00e4r r\u00f6ren \u00e4r dragna direkt genom v\u00e4ggen.<\/span><\/p>\n<blockquote data-start=\"338\" data-end=\"481\">\n<p data-start=\"340\" data-end=\"481\"><span style=\"color: #808080;\"><strong data-start=\"340\" data-end=\"351\">Notera:<\/strong> Om dina r\u00f6rledningar g\u00e5r fr\u00e5n golvet rekommenderar vi en <strong data-start=\"411\" data-end=\"436\">raktg\u00e5ende ventilsats<\/strong> f\u00f6r korrekt installation och optimal funktion.<\/span><\/p>\n<\/blockquote>","protected":false},"featured_media":16372911668,"template":"","meta":[],"product_brand":[944],"product_cat":[1427,1413],"product_tag":[],"class_list":{"0":"post-25972","1":"product","2":"type-product","3":"status-publish","4":"has-post-thumbnail","6":"product_brand-terma-technologie","7":"product_cat-sort","8":"product_cat-ventiler-til-haandklaedetoerrer-ventiler-termostater","9":"pa_farve-sort","10":"pa_leverings_tid-1-2dage","11":"pa_manufacturer-terma-technologie","12":"pa_model-95-eleganc","14":"first","15":"instock","16":"taxable","17":"shipping-taxable","18":"purchasable","19":"product-type-variable"},"yoast_head":"<!-- This site is optimized with the Yoast SEO Premium plugin v27.1 (Yoast SEO v27.1.1) - https:\/\/yoast.com\/product\/yoast-seo-premium-wordpress\/ -->\n<title>Prestige corner termostat ventils\u00e6t i sort - Handdukstorkar.se<\/title>\n<meta name=\"robots\" content=\"index, follow, max-snippet:-1, max-image-preview:large, max-video-preview:-1\" \/>\n<link rel=\"canonical\" href=\"https:\/\/www.handdukstorkar.se\/sv\/butik\/ventiler-termostater\/ventiler-for-handduksvarmare-ventiler-termostater-3\/svart\/prestige-horntermostatventil-saag-i-svart\/\" \/>\n<meta property=\"og:locale\" content=\"sv_SE\" \/>\n<meta property=\"og:type\" content=\"article\" \/>\n<meta property=\"og:title\" content=\"Prestige corner termostat ventils\u00e6t i sort\" \/>\n<meta property=\"og:description\" content=\"Corner ventils\u00e6t \u2013 Velegnet til v\u00e6gmonterede installationer Denne vinklet ventil er kompatibel med alle vores h\u00e5ndkl\u00e6det\u00f8rrere og radiatorer og er ideel til installationer, hvor r\u00f8rene f\u00f8res direkte igennem v\u00e6ggen.   Bem\u00e6rk: Hvis din r\u00f8rf\u00f8ring er fra gulvet, anbefaler vi i stedet et ligel\u00f8bende ventils\u00e6t for korrekt montering og optimal funktion.\" \/>\n<meta property=\"og:url\" content=\"https:\/\/www.handdukstorkar.se\/sv\/butik\/ventiler-termostater\/ventiler-for-handduksvarmare-ventiler-termostater-3\/svart\/prestige-horntermostatventil-saag-i-svart\/\" \/>\n<meta property=\"og:site_name\" content=\"Handdukstorkar.se\" \/>\n<meta property=\"article:modified_time\" content=\"2026-04-24T13:23:27+00:00\" \/>\n<meta property=\"og:image\" content=\"https:\/\/www.handdukstorkar.se\/wp-content\/uploads\/2025\/08\/HTLUX1GS0214CFK_P_-e1753480197777.png\" \/>\n\t<meta property=\"og:image:width\" content=\"1215\" \/>\n\t<meta property=\"og:image:height\" content=\"1323\" \/>\n\t<meta property=\"og:image:type\" content=\"image\/png\" \/>\n<meta name=\"twitter:card\" content=\"summary_large_image\" \/>\n<meta name=\"twitter:label1\" content=\"Availability\" \/>\n\t<meta name=\"twitter:data1\" content=\"In stock\" \/>\n<script type=\"application\/ld+json\" class=\"yoast-schema-graph\">{\"@context\":\"https:\/\/schema.org\",\"@graph\":[{\"@type\":\"WebPage\",\"@id\":\"https:\/\/www.handdukstorkar.se\/shop\/ventiler-termostater\/ventiler-til-haandklaedetoerrer-ventiler-termostater\/sort\/prestige-corner-termostat-ventilsaet-i-sort\/\",\"url\":\"https:\/\/www.handdukstorkar.se\/shop\/ventiler-termostater\/ventiler-til-haandklaedetoerrer-ventiler-termostater\/sort\/prestige-corner-termostat-ventilsaet-i-sort\/\",\"name\":\"Prestige corner termostat ventils\u00e6t i sort - Handdukstorkar.se\",\"isPartOf\":{\"@id\":\"https:\/\/www.handdukstorkar.se\/sv\/#website\"},\"primaryImageOfPage\":{\"@id\":\"https:\/\/www.handdukstorkar.se\/shop\/ventiler-termostater\/ventiler-til-haandklaedetoerrer-ventiler-termostater\/sort\/prestige-corner-termostat-ventilsaet-i-sort\/#primaryimage\"},\"image\":{\"@id\":\"https:\/\/www.handdukstorkar.se\/shop\/ventiler-termostater\/ventiler-til-haandklaedetoerrer-ventiler-termostater\/sort\/prestige-corner-termostat-ventilsaet-i-sort\/#primaryimage\"},\"thumbnailUrl\":\"https:\/\/www.handdukstorkar.se\/wp-content\/uploads\/2025\/08\/HTLUX1GS0214CFK_P_-e1753480197777.png\",\"datePublished\":\"2013-06-21T14:44:57+00:00\",\"dateModified\":\"2026-04-24T13:23:27+00:00\",\"breadcrumb\":{\"@id\":\"https:\/\/www.handdukstorkar.se\/shop\/ventiler-termostater\/ventiler-til-haandklaedetoerrer-ventiler-termostater\/sort\/prestige-corner-termostat-ventilsaet-i-sort\/#breadcrumb\"},\"inLanguage\":\"sv-SE\",\"potentialAction\":[{\"@type\":\"ReadAction\",\"target\":[\"https:\/\/www.handdukstorkar.se\/shop\/ventiler-termostater\/ventiler-til-haandklaedetoerrer-ventiler-termostater\/sort\/prestige-corner-termostat-ventilsaet-i-sort\/\"]}]},{\"@type\":\"ImageObject\",\"inLanguage\":\"sv-SE\",\"@id\":\"https:\/\/www.handdukstorkar.se\/shop\/ventiler-termostater\/ventiler-til-haandklaedetoerrer-ventiler-termostater\/sort\/prestige-corner-termostat-ventilsaet-i-sort\/#primaryimage\",\"url\":\"https:\/\/www.handdukstorkar.se\/wp-content\/uploads\/2025\/08\/HTLUX1GS0214CFK_P_-e1753480197777.png\",\"contentUrl\":\"https:\/\/www.handdukstorkar.se\/wp-content\/uploads\/2025\/08\/HTLUX1GS0214CFK_P_-e1753480197777.png\",\"width\":1215,\"height\":1323,\"caption\":\"PRESTIGE CORNER SORT\"},{\"@type\":\"BreadcrumbList\",\"@id\":\"https:\/\/www.handdukstorkar.se\/shop\/ventiler-termostater\/ventiler-til-haandklaedetoerrer-ventiler-termostater\/sort\/prestige-corner-termostat-ventilsaet-i-sort\/#breadcrumb\",\"itemListElement\":[{\"@type\":\"ListItem\",\"position\":1,\"name\":\"Home\",\"item\":\"https:\/\/www.handdukstorkar.se\/sv\/\"},{\"@type\":\"ListItem\",\"position\":2,\"name\":\"Shop\",\"item\":\"https:\/\/www.handdukstorkar.se\/sv\/butik\/\"},{\"@type\":\"ListItem\",\"position\":3,\"name\":\"Prestige corner termostat ventils\u00e6t i sort\"}]},{\"@type\":\"WebSite\",\"@id\":\"https:\/\/www.handdukstorkar.se\/sv\/#website\",\"url\":\"https:\/\/www.handdukstorkar.se\/sv\/\",\"name\":\"Handdukstorkar.se\",\"description\":\"Danmarks st\u00f8rste udvalg af h\u00e5ndkl\u00e6det\u00f8rrer\",\"publisher\":{\"@id\":\"https:\/\/www.handdukstorkar.se\/sv\/#organization\"},\"potentialAction\":[{\"@type\":\"SearchAction\",\"target\":{\"@type\":\"EntryPoint\",\"urlTemplate\":\"https:\/\/www.handdukstorkar.se\/sv\/?s={search_term_string}\"},\"query-input\":{\"@type\":\"PropertyValueSpecification\",\"valueRequired\":true,\"valueName\":\"search_term_string\"}}],\"inLanguage\":\"sv-SE\"},{\"@type\":\"Organization\",\"@id\":\"https:\/\/www.handdukstorkar.se\/sv\/#organization\",\"name\":\"H\u00e5ndkl\u00e6det\u00f8rrer.dk\",\"url\":\"https:\/\/www.handdukstorkar.se\/sv\/\",\"logo\":{\"@type\":\"ImageObject\",\"inLanguage\":\"sv-SE\",\"@id\":\"https:\/\/www.handdukstorkar.se\/sv\/#\/schema\/logo\/image\/\",\"url\":\"https:\/\/www.handdukstorkar.se\/wp-content\/uploads\/2019\/06\/logo-1.png\",\"contentUrl\":\"https:\/\/www.handdukstorkar.se\/wp-content\/uploads\/2019\/06\/logo-1.png\",\"width\":300,\"height\":45,\"caption\":\"H\u00e5ndkl\u00e6det\u00f8rrer.dk\"},\"image\":{\"@id\":\"https:\/\/www.handdukstorkar.se\/sv\/#\/schema\/logo\/image\/\"}}]}<\/script>\n<meta property=\"product:brand\" content=\"ELEGANC\" \/>\n<meta property=\"og:availability\" content=\"instock\" \/>\n<meta property=\"product:availability\" content=\"instock\" \/>\n<meta property=\"product:retailer_item_id\" content=\"70305\" \/>\n<meta property=\"product:condition\" content=\"new\" \/>\n<!-- \/ Yoast SEO Premium plugin. -->","yoast_head_json":{"title":"Prestige h\u00f6rntermostatventilsats i svart - Handdukstorkar.se","robots":{"index":"index","follow":"follow","max-snippet":"max-snippet:-1","max-image-preview":"max-image-preview:large","max-video-preview":"max-video-preview:-1"},"canonical":"https:\/\/www.handdukstorkar.se\/sv\/butik\/ventiler-termostater\/ventiler-for-handduksvarmare-ventiler-termostater-3\/svart\/prestige-horntermostatventil-saag-i-svart\/","og_locale":"sv_SE","og_type":"article","og_title":"Prestige corner termostat ventils\u00e6t i sort","og_description":"Corner ventils\u00e6t \u2013 Velegnet til v\u00e6gmonterede installationer Denne vinklet ventil er kompatibel med alle vores h\u00e5ndkl\u00e6det\u00f8rrere og radiatorer og er ideel til installationer, hvor r\u00f8rene f\u00f8res direkte igennem v\u00e6ggen.   Bem\u00e6rk: Hvis din r\u00f8rf\u00f8ring er fra gulvet, anbefaler vi i stedet et ligel\u00f8bende ventils\u00e6t for korrekt montering og optimal funktion.","og_url":"https:\/\/www.handdukstorkar.se\/sv\/butik\/ventiler-termostater\/ventiler-for-handduksvarmare-ventiler-termostater-3\/svart\/prestige-horntermostatventil-saag-i-svart\/","og_site_name":"Handdukstorkar.se","article_modified_time":"2026-04-24T13:23:27+00:00","og_image":[{"width":1215,"height":1323,"url":"https:\/\/www.handdukstorkar.se\/wp-content\/uploads\/2025\/08\/HTLUX1GS0214CFK_P_-e1753480197777.png","type":"image\/png"}],"twitter_card":"summary_large_image","twitter_misc":{"Availability":"In stock"},"schema":{"@context":"https:\/\/schema.org","@graph":[{"@type":"WebPage","@id":"https:\/\/www.handdukstorkar.se\/shop\/ventiler-termostater\/ventiler-til-haandklaedetoerrer-ventiler-termostater\/sort\/prestige-corner-termostat-ventilsaet-i-sort\/","url":"https:\/\/www.handdukstorkar.se\/shop\/ventiler-termostater\/ventiler-til-haandklaedetoerrer-ventiler-termostater\/sort\/prestige-corner-termostat-ventilsaet-i-sort\/","name":"Prestige h\u00f6rntermostatventilsats i svart - Handdukstorkar.se","isPartOf":{"@id":"https:\/\/www.handdukstorkar.se\/sv\/#website"},"primaryImageOfPage":{"@id":"https:\/\/www.handdukstorkar.se\/shop\/ventiler-termostater\/ventiler-til-haandklaedetoerrer-ventiler-termostater\/sort\/prestige-corner-termostat-ventilsaet-i-sort\/#primaryimage"},"image":{"@id":"https:\/\/www.handdukstorkar.se\/shop\/ventiler-termostater\/ventiler-til-haandklaedetoerrer-ventiler-termostater\/sort\/prestige-corner-termostat-ventilsaet-i-sort\/#primaryimage"},"thumbnailUrl":"https:\/\/www.handdukstorkar.se\/wp-content\/uploads\/2025\/08\/HTLUX1GS0214CFK_P_-e1753480197777.png","datePublished":"2013-06-21T14:44:57+00:00","dateModified":"2026-04-24T13:23:27+00:00","breadcrumb":{"@id":"https:\/\/www.handdukstorkar.se\/shop\/ventiler-termostater\/ventiler-til-haandklaedetoerrer-ventiler-termostater\/sort\/prestige-corner-termostat-ventilsaet-i-sort\/#breadcrumb"},"inLanguage":"sv-SE","potentialAction":[{"@type":"ReadAction","target":["https:\/\/www.handdukstorkar.se\/shop\/ventiler-termostater\/ventiler-til-haandklaedetoerrer-ventiler-termostater\/sort\/prestige-corner-termostat-ventilsaet-i-sort\/"]}]},{"@type":"ImageObject","inLanguage":"sv-SE","@id":"https:\/\/www.handdukstorkar.se\/shop\/ventiler-termostater\/ventiler-til-haandklaedetoerrer-ventiler-termostater\/sort\/prestige-corner-termostat-ventilsaet-i-sort\/#primaryimage","url":"https:\/\/www.handdukstorkar.se\/wp-content\/uploads\/2025\/08\/HTLUX1GS0214CFK_P_-e1753480197777.png","contentUrl":"https:\/\/www.handdukstorkar.se\/wp-content\/uploads\/2025\/08\/HTLUX1GS0214CFK_P_-e1753480197777.png","width":1215,"height":1323,"caption":"PRESTIGE CORNER SORT"},{"@type":"BreadcrumbList","@id":"https:\/\/www.handdukstorkar.se\/shop\/ventiler-termostater\/ventiler-til-haandklaedetoerrer-ventiler-termostater\/sort\/prestige-corner-termostat-ventilsaet-i-sort\/#breadcrumb","itemListElement":[{"@type":"ListItem","position":1,"name":"Home","item":"https:\/\/www.handdukstorkar.se\/sv\/"},{"@type":"ListItem","position":2,"name":"Shop","item":"https:\/\/www.handdukstorkar.se\/sv\/butik\/"},{"@type":"ListItem","position":3,"name":"Prestige corner termostat ventils\u00e6t i sort"}]},{"@type":"WebSite","@id":"https:\/\/www.handdukstorkar.se\/sv\/#website","url":"https:\/\/www.handdukstorkar.se\/sv\/","name":"Handdukstork.se","description":"Danmarks st\u00f6rsta utbud av handdukstorkar","publisher":{"@id":"https:\/\/www.handdukstorkar.se\/sv\/#organization"},"potentialAction":[{"@type":"SearchAction","target":{"@type":"EntryPoint","urlTemplate":"https:\/\/www.handdukstorkar.se\/sv\/?s={search_term_string}"},"query-input":{"@type":"PropertyValueSpecification","valueRequired":true,"valueName":"search_term_string"}}],"inLanguage":"sv-SE"},{"@type":"Organization","@id":"https:\/\/www.handdukstorkar.se\/sv\/#organization","name":"H\u00e5ndkladetorrer.dk","url":"https:\/\/www.handdukstorkar.se\/sv\/","logo":{"@type":"ImageObject","inLanguage":"sv-SE","@id":"https:\/\/www.handdukstorkar.se\/sv\/#\/schema\/logo\/image\/","url":"https:\/\/www.handdukstorkar.se\/wp-content\/uploads\/2019\/06\/logo-1.png","contentUrl":"https:\/\/www.handdukstorkar.se\/wp-content\/uploads\/2019\/06\/logo-1.png","width":300,"height":45,"caption":"H\u00e5ndkl\u00e6det\u00f8rrer.dk"},"image":{"@id":"https:\/\/www.handdukstorkar.se\/sv\/#\/schema\/logo\/image\/"}}]},"product_brand":"ELEGANC","og_availability":"instock","product_availability":"instock","product_retailer_item_id":"70305","product_condition":"new"},"jetpack_sharing_enabled":true,"_links":{"self":[{"href":"https:\/\/www.handdukstorkar.se\/sv\/wp-json\/wp\/v2\/product\/25972","targetHints":{"allow":["GET"]}}],"collection":[{"href":"https:\/\/www.handdukstorkar.se\/sv\/wp-json\/wp\/v2\/product"}],"about":[{"href":"https:\/\/www.handdukstorkar.se\/sv\/wp-json\/wp\/v2\/types\/product"}],"version-history":[{"count":2,"href":"https:\/\/www.handdukstorkar.se\/sv\/wp-json\/wp\/v2\/product\/25972\/revisions"}],"predecessor-version":[{"id":16372914224,"href":"https:\/\/www.handdukstorkar.se\/sv\/wp-json\/wp\/v2\/product\/25972\/revisions\/16372914224"}],"wp:featuredmedia":[{"embeddable":true,"href":"https:\/\/www.handdukstorkar.se\/sv\/wp-json\/wp\/v2\/media\/16372911668"}],"wp:attachment":[{"href":"https:\/\/www.handdukstorkar.se\/sv\/wp-json\/wp\/v2\/media?parent=25972"}],"wp:term":[{"taxonomy":"product_brand","embeddable":true,"href":"https:\/\/www.handdukstorkar.se\/sv\/wp-json\/wp\/v2\/product_brand?post=25972"},{"taxonomy":"product_cat","embeddable":true,"href":"https:\/\/www.handdukstorkar.se\/sv\/wp-json\/wp\/v2\/product_cat?post=25972"},{"taxonomy":"product_tag","embeddable":true,"href":"https:\/\/www.handdukstorkar.se\/sv\/wp-json\/wp\/v2\/product_tag?post=25972"}],"curies":[{"name":"wp","href":"https:\/\/api.w.org\/{rel}","templated":true}]}}