


{"id":26646,"date":"2014-04-22T18:44:45","date_gmt":"2014-04-22T17:44:45","guid":{"rendered":"http:\/\/www.handdukstorkar.se\/?post_type=product&#038;p=26646"},"modified":"2026-05-05T18:15:45","modified_gmt":"2026-05-05T17:15:45","slug":"prestige-ventilsatetermostat-rak-i-vitt","status":"publish","type":"product","link":"https:\/\/www.handdukstorkar.se\/sv\/shop\/ventiler-termostater\/radiatortermostater\/hvid\/prestige-ventilsaet-termostat-lige-i-hvid\/","title":{"rendered":"Prestige rak termostatventilset i vitt"},"content":{"rendered":"<p>Exklusiva ventilset PRESTIGE EQUAL VENTILSET I VITT<\/p>\n<div class=\"body2\"><strong>Ett komplett regelverk<\/strong><\/div>\n<p>&nbsp;<\/p>\n<p><span style=\"color: #000000;\">Ventilsatserna \u00e4r rumstermostater som passar f\u00f6r handdukstorkar och radiatorer och kan anv\u00e4ndas p\u00e5 alla v\u00e5ra produkter som matchar varandra i design och f\u00e4rg.<br \/>\nSetet best\u00e5r av en reglerventil, avst\u00e4ngningsventil och termostatelement.<br \/>\nGodk\u00e4nd enligt EN 215. Avst\u00e4ngningsventilen \u00e4r godk\u00e4nd enligt BS 2767-10.\u00a0<\/span><\/p>\n<p>\u2022 Flytande sensor<br \/>\n<span style=\"color: #000000;\">\u2022 Tv\u00e5v\u00e4gsventilhus<\/span><br \/>\n<span style=\"color: #000000;\">\u2022 Avst\u00e4ngningsventil. <\/span><br \/>\n<span style=\"color: #000000;\">\u2022 Funktion f\u00f6r r\u00e4ckviddsbegr\u00e4nsning<\/span><br \/>\n<span style=\"color: #000000;\">\u2022 Energy Saving Trust Godk\u00e4nd<\/span><br \/>\n<span style=\"color: #000000;\">\u2022 Frostskydd<\/span><br \/>\n<span style=\"color: #000000;\">\u2022 M\u00e5tt: RG \u00bd\u201d \/ \u00bd\u201d hylsa<br \/>\n<strong>Montering: Vi rekommenderar att termostaten anv\u00e4nds p\u00e5 systemets fl\u00f6dessida, inte p\u00e5 retursidan.<\/strong><\/span><\/p>","protected":false},"excerpt":{"rendered":"<p>RAKT VENTILSATS: Denna ventil \u00e4r kompatibel med v\u00e5ra handduksv\u00e4rmare\/radiatorer och kan anv\u00e4ndas p\u00e5 platser d\u00e4r r\u00f6ret passerar direkt.<strong><em>\u00a0GOLVET.<\/em><\/strong><br \/>\nOm r\u00f6ren \u00e4r fr\u00e5n V\u00c4GG, m\u00e5ste VINKLADE VENTILER anv\u00e4ndas.<\/p>","protected":false},"featured_media":16372911761,"template":"","meta":[],"product_brand":[944],"product_cat":[1418,1417,1415,1413],"product_tag":[],"class_list":{"0":"post-26646","1":"product","2":"type-product","3":"status-publish","4":"has-post-thumbnail","6":"product_brand-terma-technologie","7":"product_cat-hvid","8":"product_cat-hvide-ventiler-ventiler-til-haandklaedetoerrer-ventiler-termostater","9":"product_cat-radiatortermostater","10":"product_cat-ventiler-til-haandklaedetoerrer-ventiler-termostater","11":"pa_farve-hvid","12":"pa_finish-hvid","13":"pa_leverings_tid-1-2dage","14":"pa_manufacturer-terma-technologie","15":"pa_model-26-prestige","17":"first","18":"instock","19":"sale","20":"taxable","21":"shipping-taxable","22":"purchasable","23":"product-type-simple"},"yoast_head":"<!-- This site is optimized with the Yoast SEO Premium plugin v27.1 (Yoast SEO v27.1.1) - https:\/\/yoast.com\/product\/yoast-seo-premium-wordpress\/ -->\n<title>Prestige lige termostat ventils\u00e6t i hvid - Handdukstorkar.se<\/title>\n<meta name=\"robots\" content=\"index, follow, max-snippet:-1, max-image-preview:large, max-video-preview:-1\" \/>\n<link rel=\"canonical\" href=\"https:\/\/www.handdukstorkar.se\/sv\/butik\/ventiler-termostater\/radiatortermostater\/vit\/prestige-ventilsatetermostat-rak-i-vitt\/\" \/>\n<meta property=\"og:locale\" content=\"sv_SE\" \/>\n<meta property=\"og:type\" content=\"article\" \/>\n<meta property=\"og:title\" content=\"Prestige lige termostat ventils\u00e6t i hvid\" \/>\n<meta property=\"og:description\" content=\"LIGE VENTILS\u00c6T: Denne ventil er kompatibel med vores h\u00e5ndkl\u00e6det\u00f8rrer \/ radiatorer og kan bruges til steder hvor r\u00f8ret direkte f\u00f8res igennem\u00a0GULVET. Hvis r\u00f8rf\u00f8ringen\u00a0er fra\u00a0V\u00c6GGEN\u00a0skal der bruges\u00a0VINKLET VENTILER.\" \/>\n<meta property=\"og:url\" content=\"https:\/\/www.handdukstorkar.se\/sv\/butik\/ventiler-termostater\/radiatortermostater\/vit\/prestige-ventilsatetermostat-rak-i-vitt\/\" \/>\n<meta property=\"og:site_name\" content=\"Handdukstorkar.se\" \/>\n<meta property=\"article:modified_time\" content=\"2026-05-05T17:15:45+00:00\" \/>\n<meta property=\"og:image\" content=\"https:\/\/www.handdukstorkar.se\/wp-content\/uploads\/2025\/08\/HTROGS0206CFP-e1752598520261.png\" \/>\n\t<meta property=\"og:image:width\" content=\"1006\" \/>\n\t<meta property=\"og:image:height\" content=\"1237\" \/>\n\t<meta property=\"og:image:type\" content=\"image\/png\" \/>\n<meta name=\"twitter:card\" content=\"summary_large_image\" \/>\n<meta name=\"twitter:label1\" content=\"Pris\" \/>\n\t<meta name=\"twitter:data1\" content=\"1.125,00&nbsp;kr\" \/>\n\t<meta name=\"twitter:label2\" content=\"Availability\" \/>\n\t<meta name=\"twitter:data2\" content=\"In stock\" \/>\n<script type=\"application\/ld+json\" class=\"yoast-schema-graph\">{\"@context\":\"https:\/\/schema.org\",\"@graph\":[{\"@type\":\"WebPage\",\"@id\":\"https:\/\/www.handdukstorkar.se\/sv\/shop\/ventiler-termostater\/radiatortermostater\/hvid\/prestige-ventilsaet-termostat-lige-i-hvid\/\",\"url\":\"https:\/\/www.handdukstorkar.se\/sv\/shop\/ventiler-termostater\/radiatortermostater\/hvid\/prestige-ventilsaet-termostat-lige-i-hvid\/\",\"name\":\"Prestige lige termostat ventils\u00e6t i hvid - Handdukstorkar.se\",\"isPartOf\":{\"@id\":\"https:\/\/www.handdukstorkar.se\/sv\/#website\"},\"primaryImageOfPage\":{\"@id\":\"https:\/\/www.handdukstorkar.se\/sv\/shop\/ventiler-termostater\/radiatortermostater\/hvid\/prestige-ventilsaet-termostat-lige-i-hvid\/#primaryimage\"},\"image\":{\"@id\":\"https:\/\/www.handdukstorkar.se\/sv\/shop\/ventiler-termostater\/radiatortermostater\/hvid\/prestige-ventilsaet-termostat-lige-i-hvid\/#primaryimage\"},\"thumbnailUrl\":\"https:\/\/www.handdukstorkar.se\/wp-content\/uploads\/2025\/08\/HTROGS0206CFP-e1752598520261.png\",\"datePublished\":\"2014-04-22T17:44:45+00:00\",\"dateModified\":\"2026-05-05T17:15:45+00:00\",\"breadcrumb\":{\"@id\":\"https:\/\/www.handdukstorkar.se\/sv\/shop\/ventiler-termostater\/radiatortermostater\/hvid\/prestige-ventilsaet-termostat-lige-i-hvid\/#breadcrumb\"},\"inLanguage\":\"sv-SE\",\"potentialAction\":[{\"@type\":\"ReadAction\",\"target\":[\"https:\/\/www.handdukstorkar.se\/sv\/shop\/ventiler-termostater\/radiatortermostater\/hvid\/prestige-ventilsaet-termostat-lige-i-hvid\/\"]}]},{\"@type\":\"ImageObject\",\"inLanguage\":\"sv-SE\",\"@id\":\"https:\/\/www.handdukstorkar.se\/sv\/shop\/ventiler-termostater\/radiatortermostater\/hvid\/prestige-ventilsaet-termostat-lige-i-hvid\/#primaryimage\",\"url\":\"https:\/\/www.handdukstorkar.se\/wp-content\/uploads\/2025\/08\/HTROGS0206CFP-e1752598520261.png\",\"contentUrl\":\"https:\/\/www.handdukstorkar.se\/wp-content\/uploads\/2025\/08\/HTROGS0206CFP-e1752598520261.png\",\"width\":1006,\"height\":1237},{\"@type\":\"BreadcrumbList\",\"@id\":\"https:\/\/www.handdukstorkar.se\/sv\/shop\/ventiler-termostater\/radiatortermostater\/hvid\/prestige-ventilsaet-termostat-lige-i-hvid\/#breadcrumb\",\"itemListElement\":[{\"@type\":\"ListItem\",\"position\":1,\"name\":\"Home\",\"item\":\"https:\/\/www.handdukstorkar.se\/sv\/\"},{\"@type\":\"ListItem\",\"position\":2,\"name\":\"Shop\",\"item\":\"https:\/\/www.handdukstorkar.se\/sv\/butik\/\"},{\"@type\":\"ListItem\",\"position\":3,\"name\":\"Prestige lige termostat ventils\u00e6t i hvid\"}]},{\"@type\":\"WebSite\",\"@id\":\"https:\/\/www.handdukstorkar.se\/sv\/#website\",\"url\":\"https:\/\/www.handdukstorkar.se\/sv\/\",\"name\":\"Handdukstorkar.se\",\"description\":\"Danmarks st\u00f8rste udvalg af h\u00e5ndkl\u00e6det\u00f8rrer\",\"publisher\":{\"@id\":\"https:\/\/www.handdukstorkar.se\/sv\/#organization\"},\"potentialAction\":[{\"@type\":\"SearchAction\",\"target\":{\"@type\":\"EntryPoint\",\"urlTemplate\":\"https:\/\/www.handdukstorkar.se\/sv\/?s={search_term_string}\"},\"query-input\":{\"@type\":\"PropertyValueSpecification\",\"valueRequired\":true,\"valueName\":\"search_term_string\"}}],\"inLanguage\":\"sv-SE\"},{\"@type\":\"Organization\",\"@id\":\"https:\/\/www.handdukstorkar.se\/sv\/#organization\",\"name\":\"H\u00e5ndkl\u00e6det\u00f8rrer.dk\",\"url\":\"https:\/\/www.handdukstorkar.se\/sv\/\",\"logo\":{\"@type\":\"ImageObject\",\"inLanguage\":\"sv-SE\",\"@id\":\"https:\/\/www.handdukstorkar.se\/sv\/#\/schema\/logo\/image\/\",\"url\":\"https:\/\/www.handdukstorkar.se\/wp-content\/uploads\/2019\/06\/logo-1.png\",\"contentUrl\":\"https:\/\/www.handdukstorkar.se\/wp-content\/uploads\/2019\/06\/logo-1.png\",\"width\":300,\"height\":45,\"caption\":\"H\u00e5ndkl\u00e6det\u00f8rrer.dk\"},\"image\":{\"@id\":\"https:\/\/www.handdukstorkar.se\/sv\/#\/schema\/logo\/image\/\"}}]}<\/script>\n<meta property=\"product:brand\" content=\"PRESTIGE\" \/>\n<meta property=\"product:price:amount\" content=\"1125.00\" \/>\n<meta property=\"product:price:currency\" content=\"SEK\" \/>\n<meta property=\"og:availability\" content=\"instock\" \/>\n<meta property=\"product:availability\" content=\"instock\" \/>\n<meta property=\"product:retailer_item_id\" content=\"70307\" \/>\n<meta property=\"product:condition\" content=\"new\" \/>\n<!-- \/ Yoast SEO Premium plugin. -->","yoast_head_json":{"title":"Prestige rak termostatventilset i vitt - Handdukstorkar.se","robots":{"index":"index","follow":"follow","max-snippet":"max-snippet:-1","max-image-preview":"max-image-preview:large","max-video-preview":"max-video-preview:-1"},"canonical":"https:\/\/www.handdukstorkar.se\/sv\/butik\/ventiler-termostater\/radiatortermostater\/vit\/prestige-ventilsatetermostat-rak-i-vitt\/","og_locale":"sv_SE","og_type":"article","og_title":"Prestige lige termostat ventils\u00e6t i hvid","og_description":"LIGE VENTILS\u00c6T: Denne ventil er kompatibel med vores h\u00e5ndkl\u00e6det\u00f8rrer \/ radiatorer og kan bruges til steder hvor r\u00f8ret direkte f\u00f8res igennem\u00a0GULVET. Hvis r\u00f8rf\u00f8ringen\u00a0er fra\u00a0V\u00c6GGEN\u00a0skal der bruges\u00a0VINKLET VENTILER.","og_url":"https:\/\/www.handdukstorkar.se\/sv\/butik\/ventiler-termostater\/radiatortermostater\/vit\/prestige-ventilsatetermostat-rak-i-vitt\/","og_site_name":"Handdukstorkar.se","article_modified_time":"2026-05-05T17:15:45+00:00","og_image":[{"width":1006,"height":1237,"url":"https:\/\/www.handdukstorkar.se\/wp-content\/uploads\/2025\/08\/HTROGS0206CFP-e1752598520261.png","type":"image\/png"}],"twitter_card":"summary_large_image","twitter_misc":{"Pris":"1.125,00&nbsp;kr","Availability":"In stock"},"schema":{"@context":"https:\/\/schema.org","@graph":[{"@type":"WebPage","@id":"https:\/\/www.handdukstorkar.se\/sv\/shop\/ventiler-termostater\/radiatortermostater\/hvid\/prestige-ventilsaet-termostat-lige-i-hvid\/","url":"https:\/\/www.handdukstorkar.se\/sv\/shop\/ventiler-termostater\/radiatortermostater\/hvid\/prestige-ventilsaet-termostat-lige-i-hvid\/","name":"Prestige rak termostatventilset i vitt - Handdukstorkar.se","isPartOf":{"@id":"https:\/\/www.handdukstorkar.se\/sv\/#website"},"primaryImageOfPage":{"@id":"https:\/\/www.handdukstorkar.se\/sv\/shop\/ventiler-termostater\/radiatortermostater\/hvid\/prestige-ventilsaet-termostat-lige-i-hvid\/#primaryimage"},"image":{"@id":"https:\/\/www.handdukstorkar.se\/sv\/shop\/ventiler-termostater\/radiatortermostater\/hvid\/prestige-ventilsaet-termostat-lige-i-hvid\/#primaryimage"},"thumbnailUrl":"https:\/\/www.handdukstorkar.se\/wp-content\/uploads\/2025\/08\/HTROGS0206CFP-e1752598520261.png","datePublished":"2014-04-22T17:44:45+00:00","dateModified":"2026-05-05T17:15:45+00:00","breadcrumb":{"@id":"https:\/\/www.handdukstorkar.se\/sv\/shop\/ventiler-termostater\/radiatortermostater\/hvid\/prestige-ventilsaet-termostat-lige-i-hvid\/#breadcrumb"},"inLanguage":"sv-SE","potentialAction":[{"@type":"ReadAction","target":["https:\/\/www.handdukstorkar.se\/sv\/shop\/ventiler-termostater\/radiatortermostater\/hvid\/prestige-ventilsaet-termostat-lige-i-hvid\/"]}]},{"@type":"ImageObject","inLanguage":"sv-SE","@id":"https:\/\/www.handdukstorkar.se\/sv\/shop\/ventiler-termostater\/radiatortermostater\/hvid\/prestige-ventilsaet-termostat-lige-i-hvid\/#primaryimage","url":"https:\/\/www.handdukstorkar.se\/wp-content\/uploads\/2025\/08\/HTROGS0206CFP-e1752598520261.png","contentUrl":"https:\/\/www.handdukstorkar.se\/wp-content\/uploads\/2025\/08\/HTROGS0206CFP-e1752598520261.png","width":1006,"height":1237},{"@type":"BreadcrumbList","@id":"https:\/\/www.handdukstorkar.se\/sv\/shop\/ventiler-termostater\/radiatortermostater\/hvid\/prestige-ventilsaet-termostat-lige-i-hvid\/#breadcrumb","itemListElement":[{"@type":"ListItem","position":1,"name":"Home","item":"https:\/\/www.handdukstorkar.se\/sv\/"},{"@type":"ListItem","position":2,"name":"Shop","item":"https:\/\/www.handdukstorkar.se\/sv\/butik\/"},{"@type":"ListItem","position":3,"name":"Prestige lige termostat ventils\u00e6t i hvid"}]},{"@type":"WebSite","@id":"https:\/\/www.handdukstorkar.se\/sv\/#website","url":"https:\/\/www.handdukstorkar.se\/sv\/","name":"Handdukstork.se","description":"Danmarks st\u00f6rsta utbud av handdukstorkar","publisher":{"@id":"https:\/\/www.handdukstorkar.se\/sv\/#organization"},"potentialAction":[{"@type":"SearchAction","target":{"@type":"EntryPoint","urlTemplate":"https:\/\/www.handdukstorkar.se\/sv\/?s={search_term_string}"},"query-input":{"@type":"PropertyValueSpecification","valueRequired":true,"valueName":"search_term_string"}}],"inLanguage":"sv-SE"},{"@type":"Organization","@id":"https:\/\/www.handdukstorkar.se\/sv\/#organization","name":"H\u00e5ndkladetorrer.dk","url":"https:\/\/www.handdukstorkar.se\/sv\/","logo":{"@type":"ImageObject","inLanguage":"sv-SE","@id":"https:\/\/www.handdukstorkar.se\/sv\/#\/schema\/logo\/image\/","url":"https:\/\/www.handdukstorkar.se\/wp-content\/uploads\/2019\/06\/logo-1.png","contentUrl":"https:\/\/www.handdukstorkar.se\/wp-content\/uploads\/2019\/06\/logo-1.png","width":300,"height":45,"caption":"H\u00e5ndkl\u00e6det\u00f8rrer.dk"},"image":{"@id":"https:\/\/www.handdukstorkar.se\/sv\/#\/schema\/logo\/image\/"}}]},"product_brand":"PRESTIGE","product_price_amount":"1125.00","product_price_currency":"SEK","og_availability":"instock","product_availability":"instock","product_retailer_item_id":"70307","product_condition":"new"},"jetpack_sharing_enabled":true,"_links":{"self":[{"href":"https:\/\/www.handdukstorkar.se\/sv\/wp-json\/wp\/v2\/product\/26646","targetHints":{"allow":["GET"]}}],"collection":[{"href":"https:\/\/www.handdukstorkar.se\/sv\/wp-json\/wp\/v2\/product"}],"about":[{"href":"https:\/\/www.handdukstorkar.se\/sv\/wp-json\/wp\/v2\/types\/product"}],"version-history":[{"count":0,"href":"https:\/\/www.handdukstorkar.se\/sv\/wp-json\/wp\/v2\/product\/26646\/revisions"}],"wp:featuredmedia":[{"embeddable":true,"href":"https:\/\/www.handdukstorkar.se\/sv\/wp-json\/wp\/v2\/media\/16372911761"}],"wp:attachment":[{"href":"https:\/\/www.handdukstorkar.se\/sv\/wp-json\/wp\/v2\/media?parent=26646"}],"wp:term":[{"taxonomy":"product_brand","embeddable":true,"href":"https:\/\/www.handdukstorkar.se\/sv\/wp-json\/wp\/v2\/product_brand?post=26646"},{"taxonomy":"product_cat","embeddable":true,"href":"https:\/\/www.handdukstorkar.se\/sv\/wp-json\/wp\/v2\/product_cat?post=26646"},{"taxonomy":"product_tag","embeddable":true,"href":"https:\/\/www.handdukstorkar.se\/sv\/wp-json\/wp\/v2\/product_tag?post=26646"}],"curies":[{"name":"wp","href":"https:\/\/api.w.org\/{rel}","templated":true}]}}