


{"id":26782,"date":"2015-02-16T05:29:33","date_gmt":"2015-02-16T04:29:33","guid":{"rendered":"http:\/\/www.handdukstorkar.se\/?post_type=product&#038;p=26782"},"modified":"2026-04-07T13:06:16","modified_gmt":"2026-04-07T12:06:16","slug":"breno-handklocktornet","status":"publish","type":"product","link":"https:\/\/www.handdukstorkar.se\/sv\/shop\/haandklaedetorrer\/brede-modeller\/breno-haandklaedetoerrer\/","title":{"rendered":"Breno handdukstork"},"content":{"rendered":"<p><strong>Bredd:<\/strong> 700 mm<br \/>\n<strong>H\u00f6jd:<\/strong> 350 mm<br \/>\n<strong>c\/c-avst\u00e5nd:<\/strong> 50 mm<br \/>\n<strong>Djup: <\/strong>70-80m<br \/>\n<strong>V\u00e4gg till r\u00f6r-center: <\/strong>60-70 mm<br \/>\n<strong>Prestanda (\u0394t=50\u00b0C):<\/strong>\u00a0152 watt<br \/>\n<strong>Avsluta:<\/strong> Krom<br \/>\n<strong>Tilltr\u00e4de och avresa:<\/strong> 1\/2\u201d RG<br \/>\n<strong>Garanti: <\/strong>5 \u00e5r<br \/>\n<strong>Maximalt driftstryck:<\/strong> 6 takter<br \/>\n<strong>Design:<\/strong> Reina<\/p>\n<hr \/>\n<p><strong>Kan inte anslutas till el<\/strong><strong><br \/>\n<\/strong><\/p>\n<div style=\"padding: 20px; margin-bottom: 20px; border: 1px solid #957777; background-color: #efec9c; border-radius: 5px; color: #000; font-weight: 400; line-height: 1.5em; font-size: 1.1em;\">Handdukstorken kan anslutas till fj\u00e4rrv\u00e4rme\/centralv\u00e4rme, elv\u00e4rme eller en kombination av el och fj\u00e4rrv\u00e4rme.<br \/>\nSe \u00e4ven v\u00e5rt stora utbud av <a style=\"color: blue; text-decoration: none;\" href=\"https:\/\/www.haandklaedetoerrer.dk\/produkt-kategori\/el-patroner-til-haandklaedetoerrer\/\">elpatroner<\/a> och relaterade <a style=\"color: blue; text-decoration: none;\" title=\"ventiler\" href=\"https:\/\/www.haandklaedetoerrer.dk\/produkt-kategori\/ventiler-og-termostater\/\">ventiler<\/a>F\u00f6r mer information och installationsanvisningar, bes\u00f6k v\u00e5r <a style=\"color: blue; text-decoration: none;\" title=\"teknisk information\" href=\"http:\/\/www.haandklaedetoerrer.dk\/teknisk-info\">sida med teknisk information<\/a>.<\/div>\n<p><img decoding=\"async\" class=\"size-full wp-image-24542\" title=\"REINA\" src=\"https:\/\/haandklaedetoerrer.dk\/wp-content\/uploads\/2011\/02\/logo_Reina.jpg\" alt=\"REINA\" width=\"150\" height=\"87\" srcset=\"https:\/\/www.handdukstorkar.se\/wp-content\/uploads\/2011\/02\/logo_Reina.jpg 150w, https:\/\/www.handdukstorkar.se\/wp-content\/uploads\/2011\/02\/logo_Reina-100x58.jpg 100w\" sizes=\"(max-width: 150px) 100vw, 150px\" \/>\u00a0 <img decoding=\"async\" class=\"size-full wp-image-24667\" src=\"https:\/\/haandklaedetoerrer.dk\/wp-content\/uploads\/2011\/02\/5_RS_GARANTI_-1.jpg\" alt=\"5 \u00e5rs garanti\" width=\"130\" height=\"118\" srcset=\"https:\/\/www.handdukstorkar.se\/wp-content\/uploads\/2011\/02\/5_RS_GARANTI_-1.jpg 130w, https:\/\/www.handdukstorkar.se\/wp-content\/uploads\/2011\/02\/5_RS_GARANTI_-1-100x91.jpg 100w\" sizes=\"(max-width: 130px) 100vw, 130px\" \/><\/p>","protected":false},"excerpt":{"rendered":"<p>Breno har en okonventionell och elegant design. En vacker, praktisk handdukstork utstr\u00e5lar b\u00e5de lyx och v\u00e4rme. Det vackra designkonceptet och de rena linjerna g\u00f6r BRENO till det perfekta valet \u2013 inte bara f\u00f6r sm\u00e5 badrum, utan \u00e4ven f\u00f6r st\u00f6rre rum d\u00e4r extra utrymme beh\u00f6vs.<\/p>\n<p><strong><a href=\"https:\/\/haandklaedetoerrer.dk\/wp-content\/uploads\/2011\/03\/breno.pdf\" target=\"_blank\" rel=\"noopener noreferrer\"><img decoding=\"async\" class=\"size-full wp-image-36449 aligncenter\" src=\"https:\/\/haandklaedetoerrer.dk\/wp-content\/uploads\/2015\/03\/iconfinder_24_2133056-1.png\" alt=\"\" width=\"48\" height=\"48\" \/><\/a><\/strong><\/p>\n<p><a href=\"https:\/\/www.haandklaedetoerrer.dk\/wp-content\/uploads\/2011\/03\/breno.pdf\" target=\"_blank\" rel=\"noopener noreferrer\"><img loading=\"lazy\" decoding=\"async\" class=\"size-full wp-image-36446 aligncenter\" src=\"https:\/\/www.haandklaedetoerrer.dk\/wp-content\/uploads\/2015\/03\/iconfinder_pdfs_774684-2.png\" alt=\"\" width=\"49\" height=\"64\" \/><\/a><\/p>\n<p style=\"text-align: center;\"><strong>INSTALLATIONSRITNING PDF<\/strong><\/p>","protected":false},"featured_media":16372911799,"template":"","meta":[],"product_brand":[942],"product_cat":[978,964,1404,948,1405],"product_tag":[],"class_list":{"0":"post-26782","1":"product","2":"type-product","3":"status-publish","4":"has-post-thumbnail","6":"product_brand-reina","7":"product_cat-brede-modeller","8":"product_cat-designer-modeller","9":"product_cat-handklaedeholder","10":"product_cat-haandklaedetorrer","11":"product_cat-handklaedevarmer","12":"pa_farve-poleret-staal","13":"pa_finish-krom","14":"pa_leverings_tid-1f-3-5dage","15":"pa_manufacturer-reina","16":"pa_model-7b-breno","17":"pa_pdf-49-brenopdf","18":"pa_pdf_label-9c-brenoinstallationspdf","20":"first","21":"instock","22":"sale","23":"taxable","24":"shipping-taxable","25":"purchasable","26":"product-type-simple"},"yoast_head":"<!-- This site is optimized with the Yoast SEO Premium plugin v27.1 (Yoast SEO v27.1.1) - https:\/\/yoast.com\/product\/yoast-seo-premium-wordpress\/ -->\n<title>Breno h\u00e5ndkl\u00e6det\u00f8rrer - Handdukstorkar.se<\/title>\n<meta name=\"robots\" content=\"index, follow, max-snippet:-1, max-image-preview:large, max-video-preview:-1\" \/>\n<link rel=\"canonical\" href=\"https:\/\/www.handdukstorkar.se\/sv\/butik\/handdukstorkar\/designermodeller\/breno-handklocktornet\/\" \/>\n<meta property=\"og:locale\" content=\"sv_SE\" \/>\n<meta property=\"og:type\" content=\"article\" \/>\n<meta property=\"og:title\" content=\"Breno h\u00e5ndkl\u00e6det\u00f8rrer\" \/>\n<meta property=\"og:description\" content=\"Breno\u00a0er utraditionelt og fornemt design. En sk\u00f8n, praktisk h\u00e5ndkl\u00e6det\u00f8rrer udstr\u00e5ler b\u00e5de luksus og varme. Det smukke designkoncept og de rene linjer g\u00f8r\u00a0BRENO til det ideelle valg- ikke bare til sm\u00e5 badev\u00e6relser, men ogs\u00e5 til st\u00f8rre rum, hvor der er brug for ekstra plads.   INSTALLATIONS TEGNING PDF\" \/>\n<meta property=\"og:url\" content=\"https:\/\/www.handdukstorkar.se\/sv\/butik\/handdukstorkar\/designermodeller\/breno-handklocktornet\/\" \/>\n<meta property=\"og:site_name\" content=\"Handdukstorkar.se\" \/>\n<meta property=\"article:modified_time\" content=\"2026-04-07T12:06:16+00:00\" \/>\n<meta property=\"og:image\" content=\"https:\/\/www.handdukstorkar.se\/wp-content\/uploads\/2025\/08\/breno-web.jpg\" \/>\n\t<meta property=\"og:image:width\" content=\"678\" \/>\n\t<meta property=\"og:image:height\" content=\"1000\" \/>\n\t<meta property=\"og:image:type\" content=\"image\/jpeg\" \/>\n<meta name=\"twitter:card\" content=\"summary_large_image\" \/>\n<meta name=\"twitter:label1\" content=\"Pris\" \/>\n\t<meta name=\"twitter:data1\" content=\"4.025,00&nbsp;kr\" \/>\n\t<meta name=\"twitter:label2\" content=\"Availability\" \/>\n\t<meta name=\"twitter:data2\" content=\"In stock\" \/>\n<script type=\"application\/ld+json\" class=\"yoast-schema-graph\">{\"@context\":\"https:\/\/schema.org\",\"@graph\":[{\"@type\":\"WebPage\",\"@id\":\"https:\/\/www.handdukstorkar.se\/shop\/haandklaedetorrer\/designer-modeller\/breno-haandklaedetoerrer\/\",\"url\":\"https:\/\/www.handdukstorkar.se\/shop\/haandklaedetorrer\/designer-modeller\/breno-haandklaedetoerrer\/\",\"name\":\"Breno h\u00e5ndkl\u00e6det\u00f8rrer - Handdukstorkar.se\",\"isPartOf\":{\"@id\":\"https:\/\/www.handdukstorkar.se\/sv\/#website\"},\"primaryImageOfPage\":{\"@id\":\"https:\/\/www.handdukstorkar.se\/shop\/haandklaedetorrer\/designer-modeller\/breno-haandklaedetoerrer\/#primaryimage\"},\"image\":{\"@id\":\"https:\/\/www.handdukstorkar.se\/shop\/haandklaedetorrer\/designer-modeller\/breno-haandklaedetoerrer\/#primaryimage\"},\"thumbnailUrl\":\"https:\/\/www.handdukstorkar.se\/wp-content\/uploads\/2025\/08\/breno-web.jpg\",\"datePublished\":\"2015-02-16T04:29:33+00:00\",\"dateModified\":\"2026-04-07T12:06:16+00:00\",\"breadcrumb\":{\"@id\":\"https:\/\/www.handdukstorkar.se\/shop\/haandklaedetorrer\/designer-modeller\/breno-haandklaedetoerrer\/#breadcrumb\"},\"inLanguage\":\"sv-SE\",\"potentialAction\":[{\"@type\":\"ReadAction\",\"target\":[\"https:\/\/www.handdukstorkar.se\/shop\/haandklaedetorrer\/designer-modeller\/breno-haandklaedetoerrer\/\"]}]},{\"@type\":\"ImageObject\",\"inLanguage\":\"sv-SE\",\"@id\":\"https:\/\/www.handdukstorkar.se\/shop\/haandklaedetorrer\/designer-modeller\/breno-haandklaedetoerrer\/#primaryimage\",\"url\":\"https:\/\/www.handdukstorkar.se\/wp-content\/uploads\/2025\/08\/breno-web.jpg\",\"contentUrl\":\"https:\/\/www.handdukstorkar.se\/wp-content\/uploads\/2025\/08\/breno-web.jpg\",\"width\":678,\"height\":1000,\"caption\":\"BRENO H\u00c5NDKL\u00c6DET\u00d8RRER -0\"},{\"@type\":\"BreadcrumbList\",\"@id\":\"https:\/\/www.handdukstorkar.se\/shop\/haandklaedetorrer\/designer-modeller\/breno-haandklaedetoerrer\/#breadcrumb\",\"itemListElement\":[{\"@type\":\"ListItem\",\"position\":1,\"name\":\"Home\",\"item\":\"https:\/\/www.handdukstorkar.se\/sv\/\"},{\"@type\":\"ListItem\",\"position\":2,\"name\":\"Shop\",\"item\":\"https:\/\/www.handdukstorkar.se\/sv\/butik\/\"},{\"@type\":\"ListItem\",\"position\":3,\"name\":\"Breno h\u00e5ndkl\u00e6det\u00f8rrer\"}]},{\"@type\":\"WebSite\",\"@id\":\"https:\/\/www.handdukstorkar.se\/sv\/#website\",\"url\":\"https:\/\/www.handdukstorkar.se\/sv\/\",\"name\":\"Handdukstorkar.se\",\"description\":\"Danmarks st\u00f8rste udvalg af h\u00e5ndkl\u00e6det\u00f8rrer\",\"publisher\":{\"@id\":\"https:\/\/www.handdukstorkar.se\/sv\/#organization\"},\"potentialAction\":[{\"@type\":\"SearchAction\",\"target\":{\"@type\":\"EntryPoint\",\"urlTemplate\":\"https:\/\/www.handdukstorkar.se\/sv\/?s={search_term_string}\"},\"query-input\":{\"@type\":\"PropertyValueSpecification\",\"valueRequired\":true,\"valueName\":\"search_term_string\"}}],\"inLanguage\":\"sv-SE\"},{\"@type\":\"Organization\",\"@id\":\"https:\/\/www.handdukstorkar.se\/sv\/#organization\",\"name\":\"H\u00e5ndkl\u00e6det\u00f8rrer.dk\",\"url\":\"https:\/\/www.handdukstorkar.se\/sv\/\",\"logo\":{\"@type\":\"ImageObject\",\"inLanguage\":\"sv-SE\",\"@id\":\"https:\/\/www.handdukstorkar.se\/sv\/#\/schema\/logo\/image\/\",\"url\":\"https:\/\/www.handdukstorkar.se\/wp-content\/uploads\/2019\/06\/logo-1.png\",\"contentUrl\":\"https:\/\/www.handdukstorkar.se\/wp-content\/uploads\/2019\/06\/logo-1.png\",\"width\":300,\"height\":45,\"caption\":\"H\u00e5ndkl\u00e6det\u00f8rrer.dk\"},\"image\":{\"@id\":\"https:\/\/www.handdukstorkar.se\/sv\/#\/schema\/logo\/image\/\"}}]}<\/script>\n<meta property=\"product:brand\" content=\"BRENO\" \/>\n<meta property=\"product:price:amount\" content=\"4025.00\" \/>\n<meta property=\"product:price:currency\" content=\"SEK\" \/>\n<meta property=\"og:availability\" content=\"instock\" \/>\n<meta property=\"product:availability\" content=\"instock\" \/>\n<meta property=\"product:retailer_item_id\" content=\"26300\" \/>\n<meta property=\"product:condition\" content=\"new\" \/>\n<!-- \/ Yoast SEO Premium plugin. -->","yoast_head_json":{"title":"Breno handdukstork - Handdukstorkar.se","robots":{"index":"index","follow":"follow","max-snippet":"max-snippet:-1","max-image-preview":"max-image-preview:large","max-video-preview":"max-video-preview:-1"},"canonical":"https:\/\/www.handdukstorkar.se\/sv\/butik\/handdukstorkar\/designermodeller\/breno-handklocktornet\/","og_locale":"sv_SE","og_type":"article","og_title":"Breno h\u00e5ndkl\u00e6det\u00f8rrer","og_description":"Breno\u00a0er utraditionelt og fornemt design. En sk\u00f8n, praktisk h\u00e5ndkl\u00e6det\u00f8rrer udstr\u00e5ler b\u00e5de luksus og varme. Det smukke designkoncept og de rene linjer g\u00f8r\u00a0BRENO til det ideelle valg- ikke bare til sm\u00e5 badev\u00e6relser, men ogs\u00e5 til st\u00f8rre rum, hvor der er brug for ekstra plads.   INSTALLATIONS TEGNING PDF","og_url":"https:\/\/www.handdukstorkar.se\/sv\/butik\/handdukstorkar\/designermodeller\/breno-handklocktornet\/","og_site_name":"Handdukstorkar.se","article_modified_time":"2026-04-07T12:06:16+00:00","og_image":[{"width":678,"height":1000,"url":"https:\/\/www.handdukstorkar.se\/wp-content\/uploads\/2025\/08\/breno-web.jpg","type":"image\/jpeg"}],"twitter_card":"summary_large_image","twitter_misc":{"Pris":"4.025,00&nbsp;kr","Availability":"In stock"},"schema":{"@context":"https:\/\/schema.org","@graph":[{"@type":"WebPage","@id":"https:\/\/www.handdukstorkar.se\/shop\/haandklaedetorrer\/designer-modeller\/breno-haandklaedetoerrer\/","url":"https:\/\/www.handdukstorkar.se\/shop\/haandklaedetorrer\/designer-modeller\/breno-haandklaedetoerrer\/","name":"Breno handdukstork - Handdukstorkar.se","isPartOf":{"@id":"https:\/\/www.handdukstorkar.se\/sv\/#website"},"primaryImageOfPage":{"@id":"https:\/\/www.handdukstorkar.se\/shop\/haandklaedetorrer\/designer-modeller\/breno-haandklaedetoerrer\/#primaryimage"},"image":{"@id":"https:\/\/www.handdukstorkar.se\/shop\/haandklaedetorrer\/designer-modeller\/breno-haandklaedetoerrer\/#primaryimage"},"thumbnailUrl":"https:\/\/www.handdukstorkar.se\/wp-content\/uploads\/2025\/08\/breno-web.jpg","datePublished":"2015-02-16T04:29:33+00:00","dateModified":"2026-04-07T12:06:16+00:00","breadcrumb":{"@id":"https:\/\/www.handdukstorkar.se\/shop\/haandklaedetorrer\/designer-modeller\/breno-haandklaedetoerrer\/#breadcrumb"},"inLanguage":"sv-SE","potentialAction":[{"@type":"ReadAction","target":["https:\/\/www.handdukstorkar.se\/shop\/haandklaedetorrer\/designer-modeller\/breno-haandklaedetoerrer\/"]}]},{"@type":"ImageObject","inLanguage":"sv-SE","@id":"https:\/\/www.handdukstorkar.se\/shop\/haandklaedetorrer\/designer-modeller\/breno-haandklaedetoerrer\/#primaryimage","url":"https:\/\/www.handdukstorkar.se\/wp-content\/uploads\/2025\/08\/breno-web.jpg","contentUrl":"https:\/\/www.handdukstorkar.se\/wp-content\/uploads\/2025\/08\/breno-web.jpg","width":678,"height":1000,"caption":"BRENO H\u00c5NDKL\u00c6DET\u00d8RRER -0"},{"@type":"BreadcrumbList","@id":"https:\/\/www.handdukstorkar.se\/shop\/haandklaedetorrer\/designer-modeller\/breno-haandklaedetoerrer\/#breadcrumb","itemListElement":[{"@type":"ListItem","position":1,"name":"Home","item":"https:\/\/www.handdukstorkar.se\/sv\/"},{"@type":"ListItem","position":2,"name":"Shop","item":"https:\/\/www.handdukstorkar.se\/sv\/butik\/"},{"@type":"ListItem","position":3,"name":"Breno h\u00e5ndkl\u00e6det\u00f8rrer"}]},{"@type":"WebSite","@id":"https:\/\/www.handdukstorkar.se\/sv\/#website","url":"https:\/\/www.handdukstorkar.se\/sv\/","name":"Handdukstork.se","description":"Danmarks st\u00f6rsta utbud av handdukstorkar","publisher":{"@id":"https:\/\/www.handdukstorkar.se\/sv\/#organization"},"potentialAction":[{"@type":"SearchAction","target":{"@type":"EntryPoint","urlTemplate":"https:\/\/www.handdukstorkar.se\/sv\/?s={search_term_string}"},"query-input":{"@type":"PropertyValueSpecification","valueRequired":true,"valueName":"search_term_string"}}],"inLanguage":"sv-SE"},{"@type":"Organization","@id":"https:\/\/www.handdukstorkar.se\/sv\/#organization","name":"H\u00e5ndkladetorrer.dk","url":"https:\/\/www.handdukstorkar.se\/sv\/","logo":{"@type":"ImageObject","inLanguage":"sv-SE","@id":"https:\/\/www.handdukstorkar.se\/sv\/#\/schema\/logo\/image\/","url":"https:\/\/www.handdukstorkar.se\/wp-content\/uploads\/2019\/06\/logo-1.png","contentUrl":"https:\/\/www.handdukstorkar.se\/wp-content\/uploads\/2019\/06\/logo-1.png","width":300,"height":45,"caption":"H\u00e5ndkl\u00e6det\u00f8rrer.dk"},"image":{"@id":"https:\/\/www.handdukstorkar.se\/sv\/#\/schema\/logo\/image\/"}}]},"product_brand":"BRENO","product_price_amount":"4025.00","product_price_currency":"SEK","og_availability":"instock","product_availability":"instock","product_retailer_item_id":"26300","product_condition":"new"},"jetpack_sharing_enabled":true,"_links":{"self":[{"href":"https:\/\/www.handdukstorkar.se\/sv\/wp-json\/wp\/v2\/product\/26782","targetHints":{"allow":["GET"]}}],"collection":[{"href":"https:\/\/www.handdukstorkar.se\/sv\/wp-json\/wp\/v2\/product"}],"about":[{"href":"https:\/\/www.handdukstorkar.se\/sv\/wp-json\/wp\/v2\/types\/product"}],"version-history":[{"count":0,"href":"https:\/\/www.handdukstorkar.se\/sv\/wp-json\/wp\/v2\/product\/26782\/revisions"}],"wp:featuredmedia":[{"embeddable":true,"href":"https:\/\/www.handdukstorkar.se\/sv\/wp-json\/wp\/v2\/media\/16372911799"}],"wp:attachment":[{"href":"https:\/\/www.handdukstorkar.se\/sv\/wp-json\/wp\/v2\/media?parent=26782"}],"wp:term":[{"taxonomy":"product_brand","embeddable":true,"href":"https:\/\/www.handdukstorkar.se\/sv\/wp-json\/wp\/v2\/product_brand?post=26782"},{"taxonomy":"product_cat","embeddable":true,"href":"https:\/\/www.handdukstorkar.se\/sv\/wp-json\/wp\/v2\/product_cat?post=26782"},{"taxonomy":"product_tag","embeddable":true,"href":"https:\/\/www.handdukstorkar.se\/sv\/wp-json\/wp\/v2\/product_tag?post=26782"}],"curies":[{"name":"wp","href":"https:\/\/api.w.org\/{rel}","templated":true}]}}