


{"id":26818,"date":"2015-03-18T18:29:46","date_gmt":"2015-03-18T17:29:46","guid":{"rendered":"http:\/\/www.handdukstorkar.se\/?post_type=product&#038;p=26818"},"modified":"2026-04-24T14:13:01","modified_gmt":"2026-04-24T13:13:01","slug":"cavo-handklor-i-rostfritt-staal-drivare","status":"publish","type":"product","link":"https:\/\/www.handdukstorkar.se\/sv\/shop\/haandklaedetorrer\/designer-modeller\/cavo-haandklaedetoerrer-rustfri\/","title":{"rendered":"Cavo handdukstork rostfri"},"content":{"rendered":"<p><strong>Bredd:<\/strong> 500 mm<br \/>\n<strong>H\u00f6jd:<\/strong> 880-1230 mm<br \/>\nmed<strong> c Avst\u00e5nd:<\/strong> 50 mm<br \/>\n<strong>V\u00e4ggavst\u00e5nd:<\/strong> 92-107 mm<br \/>\n<strong>V\u00e4gg till r\u00f6r-center: <\/strong>45-61 mm<br \/>\n<strong>Prestanda (\u0394t=50\u00b0C):<\/strong>\u00a0542-728 watt<br \/>\n<strong>Avsluta:<\/strong> putsa<br \/>\n<strong>Tilltr\u00e4de och avresa:<\/strong> 1\/2\u201d RG<br \/>\n<strong>Garanti: <\/strong>25 \u00e5r<br \/>\n<strong>Maximalt driftstryck:<\/strong>\u00a010 barer<br \/>\n<strong>Design:<\/strong> Reina<\/p>\n<p><strong>L\u00e4mplig elelement: Med termostat: 300W<\/strong><\/p>\n<div style=\"padding: 20px; margin-bottom: 20px; border: 1px solid #957777; background-color: #efec9c; border-radius: 5px; color: #000; font-weight: 400; line-height: 1.5em; font-size: 1.1em;\">Handdukstorken kan anslutas till fj\u00e4rrv\u00e4rme\/centralv\u00e4rme, elv\u00e4rme eller en kombination av el och fj\u00e4rrv\u00e4rme.<br \/>\nSe \u00e4ven v\u00e5rt stora utbud av <a style=\"color: blue; text-decoration: none;\" href=\"https:\/\/www.haandklaedetoerrer.dk\/produkt-kategori\/el-patroner-til-haandklaedetoerrer\/\">elpatroner<\/a> och relaterade <a style=\"color: blue; text-decoration: none;\" title=\"ventiler\" href=\"https:\/\/www.haandklaedetoerrer.dk\/produkt-kategori\/ventiler-og-termostater\/\">ventiler<\/a>F\u00f6r mer information och installationsanvisningar, bes\u00f6k v\u00e5r <a style=\"color: blue; text-decoration: none;\" title=\"teknisk information\" href=\"http:\/\/www.haandklaedetoerrer.dk\/teknisk-info\">sida med teknisk information<\/a>.<\/div>\n<p><img decoding=\"async\" class=\"size-full wp-image-24542\" title=\"REINA\" src=\"http:\/\/wordpress\/wp-content\/uploads\/2011\/02\/logo_Reina.jpg\" alt=\"REINA\" width=\"103\" height=\"60\" srcset=\"https:\/\/www.handdukstorkar.se\/wp-content\/uploads\/2011\/02\/logo_Reina.jpg 150w, https:\/\/www.handdukstorkar.se\/wp-content\/uploads\/2011\/02\/logo_Reina-100x58.jpg 100w\" sizes=\"(max-width: 103px) 100vw, 103px\" \/>\u00a0<img decoding=\"async\" class=\"size-full wp-image-24592\" title=\"25 \u00e5r\" src=\"http:\/\/wordpress\/wp-content\/uploads\/2011\/02\/25_RS_GARANTI_-1.jpg\" alt=\"25 \u00e5rs garanti\" width=\"130\" height=\"118\" srcset=\"https:\/\/www.handdukstorkar.se\/wp-content\/uploads\/2011\/02\/25_RS_GARANTI_-1.jpg 130w, https:\/\/www.handdukstorkar.se\/wp-content\/uploads\/2011\/02\/25_RS_GARANTI_-1-100x91.jpg 100w\" sizes=\"(max-width: 130px) 100vw, 130px\" \/><\/p>","protected":false},"excerpt":{"rendered":"<p>&nbsp;<\/p>\n<p>Elegant design fr\u00e5n Reina-CAVO \u00e4r perfekt, b\u00e5de i funktion och design.<br \/>\nSnygg enkelhet och funktionell anv\u00e4ndning. Unik, \u00f6ppen design.<br \/>\nUpph\u00e4ngningsf\u00e4stena sitter p\u00e5 baksidan.<br \/>\n<span id=\"result_box\" class=\"long_text\" lang=\"da\"><span class=\"hps\" title=\"Klicka h\u00e4r f\u00f6r att se alternativa \u00f6vers\u00e4ttningar\">H\u00f6g kvalitet<\/span>\u00a0<span class=\"hps\" title=\"Klicka h\u00e4r f\u00f6r att se alternativa \u00f6vers\u00e4ttningar\">polerat rostfritt st\u00e5l.<\/span><br \/>\n<span class=\"hps\" title=\"Klicka h\u00e4r f\u00f6r att se alternativa \u00f6vers\u00e4ttningar\">Ventiler<\/span>\u00a0<span class=\"hps\" title=\"Klicka h\u00e4r f\u00f6r att se alternativa \u00f6vers\u00e4ttningar\">\u00e4r inte<\/span>\u00a0ing\u00e5r.<br \/>\n<span class=\"hps\" title=\"Klicka h\u00e4r f\u00f6r att se alternativa \u00f6vers\u00e4ttningar\">Levereras<\/span>\u00a0<span class=\"hps\" title=\"Klicka h\u00e4r f\u00f6r att se alternativa \u00f6vers\u00e4ttningar\">med<\/span>\u00a0<span class=\"hps\" title=\"Klicka h\u00e4r f\u00f6r att se alternativa \u00f6vers\u00e4ttningar\">beslag.<\/span><br \/>\n<span class=\"hps\" title=\"Klicka h\u00e4r f\u00f6r att se alternativa \u00f6vers\u00e4ttningar\">Producerad av<\/span>\u00a0<span class=\"hps\" title=\"Klicka h\u00e4r f\u00f6r att se alternativa \u00f6vers\u00e4ttningar\">finaste kvalitet<\/span>\u00a0<span class=\"hps\" title=\"Klicka h\u00e4r f\u00f6r att se alternativa \u00f6vers\u00e4ttningar\">rostfri<\/span>\u00a0<span class=\"hps\" title=\"Klicka h\u00e4r f\u00f6r att se alternativa \u00f6vers\u00e4ttningar\">st\u00e5l.<\/span><br \/>\n<span class=\"hps\" title=\"Klicka h\u00e4r f\u00f6r att se alternativa \u00f6vers\u00e4ttningar\">H\u00f6gkvalitativ svetsning.<\/span><br \/>\n<span class=\"hps\" title=\"Klicka h\u00e4r f\u00f6r att se alternativa \u00f6vers\u00e4ttningar\">L\u00e4mplig<\/span>\u00a0<span class=\"hps\" title=\"Klicka h\u00e4r f\u00f6r att se alternativa \u00f6vers\u00e4ttningar\">till<\/span>\u00a0C<span class=\"hps\" title=\"Klicka h\u00e4r f\u00f6r att se alternativa \u00f6vers\u00e4ttningar\">entral<\/span><span title=\"Klicka h\u00e4r f\u00f6r att se alternativa \u00f6vers\u00e4ttningar\">,<\/span>\u00a0<span class=\"hps\" title=\"Klicka h\u00e4r f\u00f6r att se alternativa \u00f6vers\u00e4ttningar\">El<\/span>\u00a0<span class=\"hps\" title=\"Klicka h\u00e4r f\u00f6r att se alternativa \u00f6vers\u00e4ttningar\">&amp;<\/span>\u00a0<span class=\"hps\" title=\"Klicka h\u00e4r f\u00f6r att se alternativa \u00f6vers\u00e4ttningar\">Dubbel<\/span>\u00a0<span class=\"hps\" title=\"Klicka h\u00e4r f\u00f6r att se alternativa \u00f6vers\u00e4ttningar\">Br\u00e4nsle<\/span>\u00a0<span class=\"hps\" title=\"Klicka h\u00e4r f\u00f6r att se alternativa \u00f6vers\u00e4ttningar\">v\u00e4rmesystem.<\/span><\/span><\/p>\n<p><strong><a href=\"http:\/\/demo.haandklaedetoerrer.dk\/wp-content\/uploads\/2011\/03\/CAVO.pdf\" target=\"_blank\" rel=\"noopener noreferrer\"><img decoding=\"async\" class=\"size-full wp-image-36449 aligncenter\" src=\"http:\/\/demo.haandklaedetoerrer.dk\/wp-content\/uploads\/2015\/03\/iconfinder_24_2133056-1.png\" alt=\"\" width=\"48\" height=\"48\" \/><\/a><\/strong><\/p>\n<p><a href=\"http:\/\/www.haandklaedetoerrer.dk\/wp-content\/uploads\/2011\/03\/CAVO.pdf\" target=\"_blank\" rel=\"noopener noreferrer\"><img loading=\"lazy\" decoding=\"async\" class=\"size-full wp-image-36446 aligncenter\" src=\"http:\/\/www.haandklaedetoerrer.dk\/wp-content\/uploads\/2015\/03\/iconfinder_pdfs_774684-2.png\" alt=\"\" width=\"49\" height=\"64\" \/><\/a><\/p>\n<p style=\"text-align: center;\"><strong>\u00a0 \u00a0 INSTALLATION T<\/strong><strong style=\"font-size: 1rem;\">Beh\u00f6righet PDF\u00a0<\/strong><\/p>","protected":false},"featured_media":16372911813,"template":"","meta":[],"product_brand":[942],"product_cat":[964,1404,948,1405],"product_tag":[1005,1014],"class_list":{"0":"post-26818","1":"product","2":"type-product","3":"status-publish","4":"has-post-thumbnail","6":"product_brand-reina","7":"product_cat-designer-modeller","8":"product_cat-handklaedeholder","9":"product_cat-haandklaedetorrer","10":"product_cat-handklaedevarmer","11":"product_tag-handklaedetorrer","12":"product_tag-rustfrit","13":"pa_bredde-1029","14":"pa_centerafstand-1037","15":"pa_farve-boerstet-staal","16":"pa_farve-poleret-staal","17":"pa_finish-rustfrit","18":"pa_hoejde-1063","19":"pa_hoejde-1067","20":"pa_leverings_tid-1f-3-5dage","21":"pa_manufacturer-reina","22":"pa_model-d3-cavo","24":"first","25":"instock","26":"sale","27":"taxable","28":"shipping-taxable","29":"purchasable","30":"product-type-variable"},"yoast_head":"<!-- This site is optimized with the Yoast SEO Premium plugin v27.1 (Yoast SEO v27.1.1) - https:\/\/yoast.com\/product\/yoast-seo-premium-wordpress\/ -->\n<title>Cavo h\u00e5ndkl\u00e6det\u00f8rrer rustfri - Handdukstorkar.se<\/title>\n<meta name=\"robots\" content=\"index, follow, max-snippet:-1, max-image-preview:large, max-video-preview:-1\" \/>\n<link rel=\"canonical\" href=\"https:\/\/www.handdukstorkar.se\/sv\/butik\/handdukstorkar\/designermodeller\/cavo-handklor-i-rostfritt-staal-drivare\/\" \/>\n<meta property=\"og:locale\" content=\"sv_SE\" \/>\n<meta property=\"og:type\" content=\"article\" \/>\n<meta property=\"og:title\" content=\"Cavo h\u00e5ndkl\u00e6det\u00f8rrer rustfri\" \/>\n<meta property=\"og:description\" content=\"&nbsp;  Elegant design fra Reina- CAVO er perfekt, b\u00e5de i funktion og design. Stilfuld enkelthed og funktionel anvendelse. Unikt, \u00e5bent design. Oph\u00e6ngs beslagene er placeret p\u00e5 bagsiden. H\u00f8j kvalitet\u00a0poleret rustfrit st\u00e5l. Ventiler\u00a0er ikke\u00a0inkluderet. Leveres\u00a0med\u00a0beslag. Fremstillet af\u00a0fineste kvalitet\u00a0rustfrit\u00a0st\u00e5l. Svejsning af h\u00f8j kvalitet. Velegnet\u00a0til\u00a0Centrale,\u00a0El\u00a0&amp;\u00a0Dual\u00a0Fuel\u00a0varmeanl\u00e6g.     \u00a0 \u00a0 INSTALLATIONS TEGNING PDF\u00a0\" \/>\n<meta property=\"og:url\" content=\"https:\/\/www.handdukstorkar.se\/sv\/butik\/handdukstorkar\/designermodeller\/cavo-handklor-i-rostfritt-staal-drivare\/\" \/>\n<meta property=\"og:site_name\" content=\"Handdukstorkar.se\" \/>\n<meta property=\"article:modified_time\" content=\"2026-04-24T13:13:01+00:00\" \/>\n<meta property=\"og:image\" content=\"https:\/\/www.handdukstorkar.se\/wp-content\/uploads\/2025\/08\/cavo.jpg\" \/>\n\t<meta property=\"og:image:width\" content=\"916\" \/>\n\t<meta property=\"og:image:height\" content=\"1357\" \/>\n\t<meta property=\"og:image:type\" content=\"image\/jpeg\" \/>\n<meta name=\"twitter:card\" content=\"summary_large_image\" \/>\n<meta name=\"twitter:label1\" content=\"Availability\" \/>\n\t<meta name=\"twitter:data1\" content=\"In stock\" \/>\n<script type=\"application\/ld+json\" class=\"yoast-schema-graph\">{\"@context\":\"https:\/\/schema.org\",\"@graph\":[{\"@type\":\"WebPage\",\"@id\":\"https:\/\/www.handdukstorkar.se\/sv\/shop\/haandklaedetorrer\/designer-modeller\/cavo-haandklaedetoerrer-rustfri\/\",\"url\":\"https:\/\/www.handdukstorkar.se\/sv\/shop\/haandklaedetorrer\/designer-modeller\/cavo-haandklaedetoerrer-rustfri\/\",\"name\":\"Cavo h\u00e5ndkl\u00e6det\u00f8rrer rustfri - Handdukstorkar.se\",\"isPartOf\":{\"@id\":\"https:\/\/www.handdukstorkar.se\/sv\/#website\"},\"primaryImageOfPage\":{\"@id\":\"https:\/\/www.handdukstorkar.se\/sv\/shop\/haandklaedetorrer\/designer-modeller\/cavo-haandklaedetoerrer-rustfri\/#primaryimage\"},\"image\":{\"@id\":\"https:\/\/www.handdukstorkar.se\/sv\/shop\/haandklaedetorrer\/designer-modeller\/cavo-haandklaedetoerrer-rustfri\/#primaryimage\"},\"thumbnailUrl\":\"https:\/\/www.handdukstorkar.se\/wp-content\/uploads\/2025\/08\/cavo.jpg\",\"datePublished\":\"2015-03-18T17:29:46+00:00\",\"dateModified\":\"2026-04-24T13:13:01+00:00\",\"breadcrumb\":{\"@id\":\"https:\/\/www.handdukstorkar.se\/sv\/shop\/haandklaedetorrer\/designer-modeller\/cavo-haandklaedetoerrer-rustfri\/#breadcrumb\"},\"inLanguage\":\"sv-SE\",\"potentialAction\":[{\"@type\":\"ReadAction\",\"target\":[\"https:\/\/www.handdukstorkar.se\/sv\/shop\/haandklaedetorrer\/designer-modeller\/cavo-haandklaedetoerrer-rustfri\/\"]}]},{\"@type\":\"ImageObject\",\"inLanguage\":\"sv-SE\",\"@id\":\"https:\/\/www.handdukstorkar.se\/sv\/shop\/haandklaedetorrer\/designer-modeller\/cavo-haandklaedetoerrer-rustfri\/#primaryimage\",\"url\":\"https:\/\/www.handdukstorkar.se\/wp-content\/uploads\/2025\/08\/cavo.jpg\",\"contentUrl\":\"https:\/\/www.handdukstorkar.se\/wp-content\/uploads\/2025\/08\/cavo.jpg\",\"width\":916,\"height\":1357,\"caption\":\"CAVO RUSTFRI H\u00c5NDKL\u00c6DET\u00d8RRER-0\"},{\"@type\":\"BreadcrumbList\",\"@id\":\"https:\/\/www.handdukstorkar.se\/sv\/shop\/haandklaedetorrer\/designer-modeller\/cavo-haandklaedetoerrer-rustfri\/#breadcrumb\",\"itemListElement\":[{\"@type\":\"ListItem\",\"position\":1,\"name\":\"Home\",\"item\":\"https:\/\/www.handdukstorkar.se\/sv\/\"},{\"@type\":\"ListItem\",\"position\":2,\"name\":\"Shop\",\"item\":\"https:\/\/www.handdukstorkar.se\/sv\/butik\/\"},{\"@type\":\"ListItem\",\"position\":3,\"name\":\"Cavo h\u00e5ndkl\u00e6det\u00f8rrer rustfri\"}]},{\"@type\":\"WebSite\",\"@id\":\"https:\/\/www.handdukstorkar.se\/sv\/#website\",\"url\":\"https:\/\/www.handdukstorkar.se\/sv\/\",\"name\":\"Handdukstorkar.se\",\"description\":\"Danmarks st\u00f8rste udvalg af h\u00e5ndkl\u00e6det\u00f8rrer\",\"publisher\":{\"@id\":\"https:\/\/www.handdukstorkar.se\/sv\/#organization\"},\"potentialAction\":[{\"@type\":\"SearchAction\",\"target\":{\"@type\":\"EntryPoint\",\"urlTemplate\":\"https:\/\/www.handdukstorkar.se\/sv\/?s={search_term_string}\"},\"query-input\":{\"@type\":\"PropertyValueSpecification\",\"valueRequired\":true,\"valueName\":\"search_term_string\"}}],\"inLanguage\":\"sv-SE\"},{\"@type\":\"Organization\",\"@id\":\"https:\/\/www.handdukstorkar.se\/sv\/#organization\",\"name\":\"H\u00e5ndkl\u00e6det\u00f8rrer.dk\",\"url\":\"https:\/\/www.handdukstorkar.se\/sv\/\",\"logo\":{\"@type\":\"ImageObject\",\"inLanguage\":\"sv-SE\",\"@id\":\"https:\/\/www.handdukstorkar.se\/sv\/#\/schema\/logo\/image\/\",\"url\":\"https:\/\/www.handdukstorkar.se\/wp-content\/uploads\/2019\/06\/logo-1.png\",\"contentUrl\":\"https:\/\/www.handdukstorkar.se\/wp-content\/uploads\/2019\/06\/logo-1.png\",\"width\":300,\"height\":45,\"caption\":\"H\u00e5ndkl\u00e6det\u00f8rrer.dk\"},\"image\":{\"@id\":\"https:\/\/www.handdukstorkar.se\/sv\/#\/schema\/logo\/image\/\"}}]}<\/script>\n<meta property=\"product:brand\" content=\"CAVO\" \/>\n<meta property=\"og:availability\" content=\"instock\" \/>\n<meta property=\"product:availability\" content=\"instock\" \/>\n<meta property=\"product:retailer_item_id\" content=\"30410\" \/>\n<meta property=\"product:condition\" content=\"new\" \/>\n<!-- \/ Yoast SEO Premium plugin. -->","yoast_head_json":{"title":"Cavo handdukstork rostfri - Handdukstorkar.se","robots":{"index":"index","follow":"follow","max-snippet":"max-snippet:-1","max-image-preview":"max-image-preview:large","max-video-preview":"max-video-preview:-1"},"canonical":"https:\/\/www.handdukstorkar.se\/sv\/butik\/handdukstorkar\/designermodeller\/cavo-handklor-i-rostfritt-staal-drivare\/","og_locale":"sv_SE","og_type":"article","og_title":"Cavo h\u00e5ndkl\u00e6det\u00f8rrer rustfri","og_description":"&nbsp;  Elegant design fra Reina- CAVO er perfekt, b\u00e5de i funktion og design. Stilfuld enkelthed og funktionel anvendelse. Unikt, \u00e5bent design. Oph\u00e6ngs beslagene er placeret p\u00e5 bagsiden. H\u00f8j kvalitet\u00a0poleret rustfrit st\u00e5l. Ventiler\u00a0er ikke\u00a0inkluderet. Leveres\u00a0med\u00a0beslag. Fremstillet af\u00a0fineste kvalitet\u00a0rustfrit\u00a0st\u00e5l. Svejsning af h\u00f8j kvalitet. Velegnet\u00a0til\u00a0Centrale,\u00a0El\u00a0&amp;\u00a0Dual\u00a0Fuel\u00a0varmeanl\u00e6g.     \u00a0 \u00a0 INSTALLATIONS TEGNING PDF\u00a0","og_url":"https:\/\/www.handdukstorkar.se\/sv\/butik\/handdukstorkar\/designermodeller\/cavo-handklor-i-rostfritt-staal-drivare\/","og_site_name":"Handdukstorkar.se","article_modified_time":"2026-04-24T13:13:01+00:00","og_image":[{"width":916,"height":1357,"url":"https:\/\/www.handdukstorkar.se\/wp-content\/uploads\/2025\/08\/cavo.jpg","type":"image\/jpeg"}],"twitter_card":"summary_large_image","twitter_misc":{"Availability":"In stock"},"schema":{"@context":"https:\/\/schema.org","@graph":[{"@type":"WebPage","@id":"https:\/\/www.handdukstorkar.se\/sv\/shop\/haandklaedetorrer\/designer-modeller\/cavo-haandklaedetoerrer-rustfri\/","url":"https:\/\/www.handdukstorkar.se\/sv\/shop\/haandklaedetorrer\/designer-modeller\/cavo-haandklaedetoerrer-rustfri\/","name":"Cavo handdukstork rostfri - Handdukstorkar.se","isPartOf":{"@id":"https:\/\/www.handdukstorkar.se\/sv\/#website"},"primaryImageOfPage":{"@id":"https:\/\/www.handdukstorkar.se\/sv\/shop\/haandklaedetorrer\/designer-modeller\/cavo-haandklaedetoerrer-rustfri\/#primaryimage"},"image":{"@id":"https:\/\/www.handdukstorkar.se\/sv\/shop\/haandklaedetorrer\/designer-modeller\/cavo-haandklaedetoerrer-rustfri\/#primaryimage"},"thumbnailUrl":"https:\/\/www.handdukstorkar.se\/wp-content\/uploads\/2025\/08\/cavo.jpg","datePublished":"2015-03-18T17:29:46+00:00","dateModified":"2026-04-24T13:13:01+00:00","breadcrumb":{"@id":"https:\/\/www.handdukstorkar.se\/sv\/shop\/haandklaedetorrer\/designer-modeller\/cavo-haandklaedetoerrer-rustfri\/#breadcrumb"},"inLanguage":"sv-SE","potentialAction":[{"@type":"ReadAction","target":["https:\/\/www.handdukstorkar.se\/sv\/shop\/haandklaedetorrer\/designer-modeller\/cavo-haandklaedetoerrer-rustfri\/"]}]},{"@type":"ImageObject","inLanguage":"sv-SE","@id":"https:\/\/www.handdukstorkar.se\/sv\/shop\/haandklaedetorrer\/designer-modeller\/cavo-haandklaedetoerrer-rustfri\/#primaryimage","url":"https:\/\/www.handdukstorkar.se\/wp-content\/uploads\/2025\/08\/cavo.jpg","contentUrl":"https:\/\/www.handdukstorkar.se\/wp-content\/uploads\/2025\/08\/cavo.jpg","width":916,"height":1357,"caption":"CAVO RUSTFRI H\u00c5NDKL\u00c6DET\u00d8RRER-0"},{"@type":"BreadcrumbList","@id":"https:\/\/www.handdukstorkar.se\/sv\/shop\/haandklaedetorrer\/designer-modeller\/cavo-haandklaedetoerrer-rustfri\/#breadcrumb","itemListElement":[{"@type":"ListItem","position":1,"name":"Home","item":"https:\/\/www.handdukstorkar.se\/sv\/"},{"@type":"ListItem","position":2,"name":"Shop","item":"https:\/\/www.handdukstorkar.se\/sv\/butik\/"},{"@type":"ListItem","position":3,"name":"Cavo h\u00e5ndkl\u00e6det\u00f8rrer rustfri"}]},{"@type":"WebSite","@id":"https:\/\/www.handdukstorkar.se\/sv\/#website","url":"https:\/\/www.handdukstorkar.se\/sv\/","name":"Handdukstork.se","description":"Danmarks st\u00f6rsta utbud av handdukstorkar","publisher":{"@id":"https:\/\/www.handdukstorkar.se\/sv\/#organization"},"potentialAction":[{"@type":"SearchAction","target":{"@type":"EntryPoint","urlTemplate":"https:\/\/www.handdukstorkar.se\/sv\/?s={search_term_string}"},"query-input":{"@type":"PropertyValueSpecification","valueRequired":true,"valueName":"search_term_string"}}],"inLanguage":"sv-SE"},{"@type":"Organization","@id":"https:\/\/www.handdukstorkar.se\/sv\/#organization","name":"H\u00e5ndkladetorrer.dk","url":"https:\/\/www.handdukstorkar.se\/sv\/","logo":{"@type":"ImageObject","inLanguage":"sv-SE","@id":"https:\/\/www.handdukstorkar.se\/sv\/#\/schema\/logo\/image\/","url":"https:\/\/www.handdukstorkar.se\/wp-content\/uploads\/2019\/06\/logo-1.png","contentUrl":"https:\/\/www.handdukstorkar.se\/wp-content\/uploads\/2019\/06\/logo-1.png","width":300,"height":45,"caption":"H\u00e5ndkl\u00e6det\u00f8rrer.dk"},"image":{"@id":"https:\/\/www.handdukstorkar.se\/sv\/#\/schema\/logo\/image\/"}}]},"product_brand":"CAVO","og_availability":"instock","product_availability":"instock","product_retailer_item_id":"30410","product_condition":"new"},"jetpack_sharing_enabled":true,"_links":{"self":[{"href":"https:\/\/www.handdukstorkar.se\/sv\/wp-json\/wp\/v2\/product\/26818","targetHints":{"allow":["GET"]}}],"collection":[{"href":"https:\/\/www.handdukstorkar.se\/sv\/wp-json\/wp\/v2\/product"}],"about":[{"href":"https:\/\/www.handdukstorkar.se\/sv\/wp-json\/wp\/v2\/types\/product"}],"version-history":[{"count":0,"href":"https:\/\/www.handdukstorkar.se\/sv\/wp-json\/wp\/v2\/product\/26818\/revisions"}],"wp:featuredmedia":[{"embeddable":true,"href":"https:\/\/www.handdukstorkar.se\/sv\/wp-json\/wp\/v2\/media\/16372911813"}],"wp:attachment":[{"href":"https:\/\/www.handdukstorkar.se\/sv\/wp-json\/wp\/v2\/media?parent=26818"}],"wp:term":[{"taxonomy":"product_brand","embeddable":true,"href":"https:\/\/www.handdukstorkar.se\/sv\/wp-json\/wp\/v2\/product_brand?post=26818"},{"taxonomy":"product_cat","embeddable":true,"href":"https:\/\/www.handdukstorkar.se\/sv\/wp-json\/wp\/v2\/product_cat?post=26818"},{"taxonomy":"product_tag","embeddable":true,"href":"https:\/\/www.handdukstorkar.se\/sv\/wp-json\/wp\/v2\/product_tag?post=26818"}],"curies":[{"name":"wp","href":"https:\/\/api.w.org\/{rel}","templated":true}]}}