


{"id":27207,"date":"2016-05-27T14:12:15","date_gmt":"2016-05-27T13:12:15","guid":{"rendered":"http:\/\/www.handdukstorkar.se\/?post_type=product&#038;p=27207"},"modified":"2026-04-24T14:13:16","modified_gmt":"2026-04-24T13:13:16","slug":"platt-vertikal-radiator","status":"publish","type":"product","link":"https:\/\/www.handdukstorkar.se\/sv\/shop\/radiatorer\/smal-radiator-2\/plan-vertikal-radiator\/","title":{"rendered":"Plan vertikal Element vit"},"content":{"rendered":"<p><strong>Bredd:<\/strong> 300 mm\u2013400 mm\u2013500 mm\u2013600 mm<br \/>\n<strong>H\u00f6jd:<\/strong> 1200\u20131400 mm\u20131600 mm\u20131800 mm\u20132000 mm<br \/>\n<strong>c\/c-avst\u00e5nd:<\/strong>\u00a050 mm<br \/>\n<strong>V\u00e4ggavst\u00e5nd:<\/strong> 107<br \/>\n<strong>V\u00e4gg till r\u00f6r-center:<\/strong> 59,5 mm<br \/>\n<strong>Prestanda <\/strong><strong>(\u0394t=35\u00b0C)<\/strong><strong>:<\/strong> <a href=\"https:\/\/www.haandklaedetoerrer.dk\/wp-content\/uploads\/2016\/05\/PLAN-VERTIKAL-YDE-EVNE-INSATALLATIONS-GUIDE.pdf\" target=\"_blank\" rel=\"noopener noreferrer\">Visa pdf-filen<\/a><br \/>\n<strong>Avsluta:<\/strong> Vit pulverlackerad<br \/>\n<strong>Tilltr\u00e4de och avresa:<\/strong> 1\/2\u201d RG<br \/>\n<strong>Garanti: 10 \u00e5r<br \/>\nMaximalt driftstryck: 10 bar<br \/>\n\u201dDet kan f\u00f6rekomma avvikelser i centrumm\u00e5tten p\u00e5 upp till +\/- 3 mm. D\u00e4rf\u00f6r m\u00e5ste produkterna alltid m\u00e4tas exakt innan n\u00e5got r\u00f6rarbete utf\u00f6rs.\u201d<br \/>\n<\/strong><\/p>","protected":false},"excerpt":{"rendered":"<p>Vertical Plan \u00e4r en h\u00f6gkvalitativ vertikal designradiator som finns i vitsvart eller antracitgr\u00e5tt.<br \/>\nVertical Plan \u00e4r en lyxig vertikal radiator med en l\u00e4ttst\u00e4dad yta.<br \/>\nKylaren \u00e4r l\u00e4mplig d\u00e4r h\u00f6g prestanda kr\u00e4vs.<br \/>\nRadiatorn \u00e4r konstruerad med en konvektor som ger god v\u00e4rmeprestanda.<\/p>\n<p>Radiatorer levereras med 10 \u00e5rs garanti, vilket ger v\u00e5ra kunder sinnesro.<\/p>\n<p>Den helt sl\u00e4ta ytan ger en unik design som \u00e4r mycket l\u00e4mplig f\u00f6r vardagsrum, k\u00f6k, badrum och alla platser som beh\u00f6ver behaglig v\u00e4rme.<\/p>\n<p>F\u00f6r prestanda och teknisk ritning, se pdf-filen.:<\/p>\n<p><a href=\"https:\/\/www.haandklaedetoerrer.dk\/wp-content\/uploads\/2016\/05\/PLAN-VERTIKAL-YDEEVNE-INSATALLATIONS-GUIDE-01.pdf\" target=\"_blank\" rel=\"noopener noreferrer\"><img decoding=\"async\" class=\"alignnone size-full wp-image-36449\" src=\"http:\/\/www.haandklaedetoerrer.dk\/wp-content\/uploads\/2015\/03\/iconfinder_24_2133056-1.png\" alt=\"\" width=\"48\" height=\"48\" \/>POWER-TABELL OCH INSTALLATIONSGUIDE\u00a0<\/a><\/p>","protected":false},"featured_media":174802,"template":"","meta":[],"product_brand":[944],"product_cat":[1423,1424,1425],"product_tag":[1005,1016,1010,1009],"class_list":{"0":"post-27207","1":"product","2":"type-product","3":"status-publish","4":"has-post-thumbnail","6":"product_brand-terma-technologie","7":"product_cat-radiatorer","8":"product_cat-smal-radiator-2","9":"product_cat-tynd-radiator","10":"product_tag-handklaedetorrer","11":"product_tag-hvid","12":"product_tag-radiator","13":"product_tag-vertikal","14":"product_shipping_class-radiatorer","15":"pa_bredde-1076","16":"pa_bredde-1028","17":"pa_bredde-1029","18":"pa_bredde-1030","19":"pa_farve-hvid","20":"pa_finish-hvid","21":"pa_hoejde-1033","22":"pa_hoejde-1038","23":"pa_hoejde-1034","24":"pa_hoejde-1128","25":"pa_hoejde-1221","26":"pa_leverings_tid-1-2dage","27":"pa_manufacturer-terma-technologie","28":"pa_model-eb-plan","29":"pa_pdf-b1-teknisk_detaljejpgpdf","30":"pa_pdf_label-42-vertikalplanradiatorertekn","32":"first","33":"instock","34":"sale","35":"taxable","36":"shipping-taxable","37":"purchasable","38":"product-type-variable"},"yoast_head":"<!-- This site is optimized with the Yoast SEO Premium plugin v27.1 (Yoast SEO v27.1.1) - https:\/\/yoast.com\/product\/yoast-seo-premium-wordpress\/ -->\n<title>Plan Vertikal Radiator Hvid - Handdukstorkar.se<\/title>\n<meta name=\"robots\" content=\"index, follow, max-snippet:-1, max-image-preview:large, max-video-preview:-1\" \/>\n<link rel=\"canonical\" href=\"https:\/\/www.handdukstorkar.se\/sv\/butik\/radiatorer\/smal-radiator-2\/platt-vertikal-radiator\/\" \/>\n<meta property=\"og:locale\" content=\"sv_SE\" \/>\n<meta property=\"og:type\" content=\"article\" \/>\n<meta property=\"og:title\" content=\"Plan Vertikal Radiator Hvid\" \/>\n<meta property=\"og:description\" content=\"Vertikal Plan er en kvalitet vertikal designer radiator kan f\u00e5s i hvid-sort eller antracit gr\u00e5. Vertikal Plan er et luksuri\u00f8s vertikalradiator nem at g\u00f8re rent p\u00e5 overfladen. Radiatoren egner sig for der hvor der har brug for stor yde evne. Radiatoren er konstrueret med konvektor som giver god varmeydelse.  Radiatorer leveres med 10 \u00e5rs garanti, der giver vores kunder ro i sindet.  Helt glat overflade giver et unik design som er meget velegnet til stue, k\u00f8kken, badev\u00e6relse og alle de steder der brug for en behaglig varme.  For yde evne og teknisk tegning se pdf filen. :  EFFEKT TABEL OG INSTALLATION GUIDE\u00a0\" \/>\n<meta property=\"og:url\" content=\"https:\/\/www.handdukstorkar.se\/sv\/butik\/radiatorer\/smal-radiator-2\/platt-vertikal-radiator\/\" \/>\n<meta property=\"og:site_name\" content=\"Handdukstorkar.se\" \/>\n<meta property=\"article:modified_time\" content=\"2026-04-24T13:13:16+00:00\" \/>\n<meta property=\"og:image\" content=\"https:\/\/www.handdukstorkar.se\/wp-content\/uploads\/2025\/07\/VERTIKAL-PLAN-RADIATOR-02-1.jpg\" \/>\n\t<meta property=\"og:image:width\" content=\"572\" \/>\n\t<meta property=\"og:image:height\" content=\"800\" \/>\n\t<meta property=\"og:image:type\" content=\"image\/jpeg\" \/>\n<meta name=\"twitter:card\" content=\"summary_large_image\" \/>\n<meta name=\"twitter:label1\" content=\"Availability\" \/>\n\t<meta name=\"twitter:data1\" content=\"In stock\" \/>\n<script type=\"application\/ld+json\" class=\"yoast-schema-graph\">{\"@context\":\"https:\/\/schema.org\",\"@graph\":[{\"@type\":\"WebPage\",\"@id\":\"https:\/\/www.handdukstorkar.se\/sv\/shop\/radiatorer\/smal-radiator-2\/plan-vertikal-radiator\/\",\"url\":\"https:\/\/www.handdukstorkar.se\/sv\/shop\/radiatorer\/smal-radiator-2\/plan-vertikal-radiator\/\",\"name\":\"Plan Vertikal Radiator Hvid - Handdukstorkar.se\",\"isPartOf\":{\"@id\":\"https:\/\/www.handdukstorkar.se\/sv\/#website\"},\"primaryImageOfPage\":{\"@id\":\"https:\/\/www.handdukstorkar.se\/sv\/shop\/radiatorer\/smal-radiator-2\/plan-vertikal-radiator\/#primaryimage\"},\"image\":{\"@id\":\"https:\/\/www.handdukstorkar.se\/sv\/shop\/radiatorer\/smal-radiator-2\/plan-vertikal-radiator\/#primaryimage\"},\"thumbnailUrl\":\"https:\/\/www.handdukstorkar.se\/wp-content\/uploads\/2025\/07\/VERTIKAL-PLAN-RADIATOR-02-1.jpg\",\"datePublished\":\"2016-05-27T13:12:15+00:00\",\"dateModified\":\"2026-04-24T13:13:16+00:00\",\"breadcrumb\":{\"@id\":\"https:\/\/www.handdukstorkar.se\/sv\/shop\/radiatorer\/smal-radiator-2\/plan-vertikal-radiator\/#breadcrumb\"},\"inLanguage\":\"sv-SE\",\"potentialAction\":[{\"@type\":\"ReadAction\",\"target\":[\"https:\/\/www.handdukstorkar.se\/sv\/shop\/radiatorer\/smal-radiator-2\/plan-vertikal-radiator\/\"]}]},{\"@type\":\"ImageObject\",\"inLanguage\":\"sv-SE\",\"@id\":\"https:\/\/www.handdukstorkar.se\/sv\/shop\/radiatorer\/smal-radiator-2\/plan-vertikal-radiator\/#primaryimage\",\"url\":\"https:\/\/www.handdukstorkar.se\/wp-content\/uploads\/2025\/07\/VERTIKAL-PLAN-RADIATOR-02-1.jpg\",\"contentUrl\":\"https:\/\/www.handdukstorkar.se\/wp-content\/uploads\/2025\/07\/VERTIKAL-PLAN-RADIATOR-02-1.jpg\",\"width\":572,\"height\":800},{\"@type\":\"BreadcrumbList\",\"@id\":\"https:\/\/www.handdukstorkar.se\/sv\/shop\/radiatorer\/smal-radiator-2\/plan-vertikal-radiator\/#breadcrumb\",\"itemListElement\":[{\"@type\":\"ListItem\",\"position\":1,\"name\":\"Home\",\"item\":\"https:\/\/www.handdukstorkar.se\/sv\/\"},{\"@type\":\"ListItem\",\"position\":2,\"name\":\"Shop\",\"item\":\"https:\/\/www.handdukstorkar.se\/sv\/butik\/\"},{\"@type\":\"ListItem\",\"position\":3,\"name\":\"Plan Vertikal Radiator Hvid\"}]},{\"@type\":\"WebSite\",\"@id\":\"https:\/\/www.handdukstorkar.se\/sv\/#website\",\"url\":\"https:\/\/www.handdukstorkar.se\/sv\/\",\"name\":\"Handdukstorkar.se\",\"description\":\"Danmarks st\u00f8rste udvalg af h\u00e5ndkl\u00e6det\u00f8rrer\",\"publisher\":{\"@id\":\"https:\/\/www.handdukstorkar.se\/sv\/#organization\"},\"potentialAction\":[{\"@type\":\"SearchAction\",\"target\":{\"@type\":\"EntryPoint\",\"urlTemplate\":\"https:\/\/www.handdukstorkar.se\/sv\/?s={search_term_string}\"},\"query-input\":{\"@type\":\"PropertyValueSpecification\",\"valueRequired\":true,\"valueName\":\"search_term_string\"}}],\"inLanguage\":\"sv-SE\"},{\"@type\":\"Organization\",\"@id\":\"https:\/\/www.handdukstorkar.se\/sv\/#organization\",\"name\":\"H\u00e5ndkl\u00e6det\u00f8rrer.dk\",\"url\":\"https:\/\/www.handdukstorkar.se\/sv\/\",\"logo\":{\"@type\":\"ImageObject\",\"inLanguage\":\"sv-SE\",\"@id\":\"https:\/\/www.handdukstorkar.se\/sv\/#\/schema\/logo\/image\/\",\"url\":\"https:\/\/www.handdukstorkar.se\/wp-content\/uploads\/2019\/06\/logo-1.png\",\"contentUrl\":\"https:\/\/www.handdukstorkar.se\/wp-content\/uploads\/2019\/06\/logo-1.png\",\"width\":300,\"height\":45,\"caption\":\"H\u00e5ndkl\u00e6det\u00f8rrer.dk\"},\"image\":{\"@id\":\"https:\/\/www.handdukstorkar.se\/sv\/#\/schema\/logo\/image\/\"}}]}<\/script>\n<meta property=\"product:brand\" content=\"PLAN\" \/>\n<meta property=\"og:availability\" content=\"instock\" \/>\n<meta property=\"product:availability\" content=\"instock\" \/>\n<meta property=\"product:retailer_item_id\" content=\"51950\" \/>\n<meta property=\"product:condition\" content=\"new\" \/>\n<!-- \/ Yoast SEO Premium plugin. -->","yoast_head_json":{"title":"Plan Vertikal Radiator Vit - Handdukstork","robots":{"index":"index","follow":"follow","max-snippet":"max-snippet:-1","max-image-preview":"max-image-preview:large","max-video-preview":"max-video-preview:-1"},"canonical":"https:\/\/www.handdukstorkar.se\/sv\/butik\/radiatorer\/smal-radiator-2\/platt-vertikal-radiator\/","og_locale":"sv_SE","og_type":"article","og_title":"Plan Vertikal Radiator Hvid","og_description":"Vertikal Plan er en kvalitet vertikal designer radiator kan f\u00e5s i hvid-sort eller antracit gr\u00e5. Vertikal Plan er et luksuri\u00f8s vertikalradiator nem at g\u00f8re rent p\u00e5 overfladen. Radiatoren egner sig for der hvor der har brug for stor yde evne. Radiatoren er konstrueret med konvektor som giver god varmeydelse.  Radiatorer leveres med 10 \u00e5rs garanti, der giver vores kunder ro i sindet.  Helt glat overflade giver et unik design som er meget velegnet til stue, k\u00f8kken, badev\u00e6relse og alle de steder der brug for en behaglig varme.  For yde evne og teknisk tegning se pdf filen. :  EFFEKT TABEL OG INSTALLATION GUIDE\u00a0","og_url":"https:\/\/www.handdukstorkar.se\/sv\/butik\/radiatorer\/smal-radiator-2\/platt-vertikal-radiator\/","og_site_name":"Handdukstorkar.se","article_modified_time":"2026-04-24T13:13:16+00:00","og_image":[{"width":572,"height":800,"url":"https:\/\/www.handdukstorkar.se\/wp-content\/uploads\/2025\/07\/VERTIKAL-PLAN-RADIATOR-02-1.jpg","type":"image\/jpeg"}],"twitter_card":"summary_large_image","twitter_misc":{"Availability":"In stock"},"schema":{"@context":"https:\/\/schema.org","@graph":[{"@type":"WebPage","@id":"https:\/\/www.handdukstorkar.se\/sv\/shop\/radiatorer\/smal-radiator-2\/plan-vertikal-radiator\/","url":"https:\/\/www.handdukstorkar.se\/sv\/shop\/radiatorer\/smal-radiator-2\/plan-vertikal-radiator\/","name":"Plan Vertikal Radiator Vit - Handdukstork","isPartOf":{"@id":"https:\/\/www.handdukstorkar.se\/sv\/#website"},"primaryImageOfPage":{"@id":"https:\/\/www.handdukstorkar.se\/sv\/shop\/radiatorer\/smal-radiator-2\/plan-vertikal-radiator\/#primaryimage"},"image":{"@id":"https:\/\/www.handdukstorkar.se\/sv\/shop\/radiatorer\/smal-radiator-2\/plan-vertikal-radiator\/#primaryimage"},"thumbnailUrl":"https:\/\/www.handdukstorkar.se\/wp-content\/uploads\/2025\/07\/VERTIKAL-PLAN-RADIATOR-02-1.jpg","datePublished":"2016-05-27T13:12:15+00:00","dateModified":"2026-04-24T13:13:16+00:00","breadcrumb":{"@id":"https:\/\/www.handdukstorkar.se\/sv\/shop\/radiatorer\/smal-radiator-2\/plan-vertikal-radiator\/#breadcrumb"},"inLanguage":"sv-SE","potentialAction":[{"@type":"ReadAction","target":["https:\/\/www.handdukstorkar.se\/sv\/shop\/radiatorer\/smal-radiator-2\/plan-vertikal-radiator\/"]}]},{"@type":"ImageObject","inLanguage":"sv-SE","@id":"https:\/\/www.handdukstorkar.se\/sv\/shop\/radiatorer\/smal-radiator-2\/plan-vertikal-radiator\/#primaryimage","url":"https:\/\/www.handdukstorkar.se\/wp-content\/uploads\/2025\/07\/VERTIKAL-PLAN-RADIATOR-02-1.jpg","contentUrl":"https:\/\/www.handdukstorkar.se\/wp-content\/uploads\/2025\/07\/VERTIKAL-PLAN-RADIATOR-02-1.jpg","width":572,"height":800},{"@type":"BreadcrumbList","@id":"https:\/\/www.handdukstorkar.se\/sv\/shop\/radiatorer\/smal-radiator-2\/plan-vertikal-radiator\/#breadcrumb","itemListElement":[{"@type":"ListItem","position":1,"name":"Home","item":"https:\/\/www.handdukstorkar.se\/sv\/"},{"@type":"ListItem","position":2,"name":"Shop","item":"https:\/\/www.handdukstorkar.se\/sv\/butik\/"},{"@type":"ListItem","position":3,"name":"Plan Vertikal Radiator Hvid"}]},{"@type":"WebSite","@id":"https:\/\/www.handdukstorkar.se\/sv\/#website","url":"https:\/\/www.handdukstorkar.se\/sv\/","name":"Handdukstork.se","description":"Danmarks st\u00f6rsta utbud av handdukstorkar","publisher":{"@id":"https:\/\/www.handdukstorkar.se\/sv\/#organization"},"potentialAction":[{"@type":"SearchAction","target":{"@type":"EntryPoint","urlTemplate":"https:\/\/www.handdukstorkar.se\/sv\/?s={search_term_string}"},"query-input":{"@type":"PropertyValueSpecification","valueRequired":true,"valueName":"search_term_string"}}],"inLanguage":"sv-SE"},{"@type":"Organization","@id":"https:\/\/www.handdukstorkar.se\/sv\/#organization","name":"H\u00e5ndkladetorrer.dk","url":"https:\/\/www.handdukstorkar.se\/sv\/","logo":{"@type":"ImageObject","inLanguage":"sv-SE","@id":"https:\/\/www.handdukstorkar.se\/sv\/#\/schema\/logo\/image\/","url":"https:\/\/www.handdukstorkar.se\/wp-content\/uploads\/2019\/06\/logo-1.png","contentUrl":"https:\/\/www.handdukstorkar.se\/wp-content\/uploads\/2019\/06\/logo-1.png","width":300,"height":45,"caption":"H\u00e5ndkl\u00e6det\u00f8rrer.dk"},"image":{"@id":"https:\/\/www.handdukstorkar.se\/sv\/#\/schema\/logo\/image\/"}}]},"product_brand":"PLAN","og_availability":"instock","product_availability":"instock","product_retailer_item_id":"51950","product_condition":"new"},"jetpack_sharing_enabled":true,"_links":{"self":[{"href":"https:\/\/www.handdukstorkar.se\/sv\/wp-json\/wp\/v2\/product\/27207","targetHints":{"allow":["GET"]}}],"collection":[{"href":"https:\/\/www.handdukstorkar.se\/sv\/wp-json\/wp\/v2\/product"}],"about":[{"href":"https:\/\/www.handdukstorkar.se\/sv\/wp-json\/wp\/v2\/types\/product"}],"version-history":[{"count":0,"href":"https:\/\/www.handdukstorkar.se\/sv\/wp-json\/wp\/v2\/product\/27207\/revisions"}],"wp:featuredmedia":[{"embeddable":true,"href":"https:\/\/www.handdukstorkar.se\/sv\/wp-json\/wp\/v2\/media\/174802"}],"wp:attachment":[{"href":"https:\/\/www.handdukstorkar.se\/sv\/wp-json\/wp\/v2\/media?parent=27207"}],"wp:term":[{"taxonomy":"product_brand","embeddable":true,"href":"https:\/\/www.handdukstorkar.se\/sv\/wp-json\/wp\/v2\/product_brand?post=27207"},{"taxonomy":"product_cat","embeddable":true,"href":"https:\/\/www.handdukstorkar.se\/sv\/wp-json\/wp\/v2\/product_cat?post=27207"},{"taxonomy":"product_tag","embeddable":true,"href":"https:\/\/www.handdukstorkar.se\/sv\/wp-json\/wp\/v2\/product_tag?post=27207"}],"curies":[{"name":"wp","href":"https:\/\/api.w.org\/{rel}","templated":true}]}}