


{"id":27314,"date":"2016-10-24T00:33:41","date_gmt":"2016-10-23T23:33:41","guid":{"rendered":"http:\/\/www.handdukstorkar.se\/?post_type=product&#038;p=27314"},"modified":"2026-04-24T14:13:44","modified_gmt":"2026-04-24T13:13:44","slug":"platt-dubbel-vertikal-radiator-i-vitt","status":"publish","type":"product","link":"https:\/\/www.handdukstorkar.se\/sv\/shop\/radiatorer\/smal-radiator-2\/flat-dobbelt-vertikal-radiator-i-hvid\/","title":{"rendered":"Flat Vertikal Dubbel Element Vit"},"content":{"rendered":"<p><strong>Bredd (mm):<\/strong> 218,292,366,440,514,600,660,800<br \/>\n<strong>H\u00f6jd (mm):<\/strong> 1200, 1400, 1600, 1800,2000<br \/>\n<strong>c\/c-avst\u00e5nd:<\/strong> Bredd+Ventil eller bottenanslutning 50 mm<br \/>\n<strong>V\u00e4ggavst\u00e5nd:<\/strong>\u00a093 mm<br \/>\n<strong>V\u00e4gg till r\u00f6r-center:<\/strong>\u00a064 mm<br \/>\n<strong>Prestanda:<\/strong> <a href=\"https:\/\/www.haandklaedetoerrer.dk\/wp-content\/uploads\/2016\/10\/FLAT-TEKNISK-DETALJER-2023.pdf\"><span style=\"color: #0000cc;\">Se tekniska detaljer<\/span><\/a><br \/>\n<strong>Avsluta:<\/strong> Vit, antracit, svart<br \/>\n<strong>Tilltr\u00e4de och avresa:<\/strong> 1\/2\u201d RG<br \/>\n<strong>Garanti: <\/strong>5 \u00e5r<br \/>\n<strong>Design:<\/strong> Reina<\/p>\n<div style=\"padding: 20px; margin-bottom: 20px; border: 1px solid #957777; background-color: #efec9c; border-radius: 5px; color: #000; font-weight: 400; line-height: 1.5em; font-size: 1.1em;\">Radiatorn \u00e4r l\u00e4mplig f\u00f6r fj\u00e4rrv\u00e4rme\/centralv\u00e4rme. Se \u00e4ven v\u00e5rt stora utbud av <a style=\"color: blue; text-decoration: none;\" title=\"ventiler\" href=\"https:\/\/www.haandklaedetoerrer.dk\/produkt-kategori\/ventiler-og-termostater\/\">ventiler<\/a>F\u00f6r mer information och installationsanvisningar, bes\u00f6k v\u00e5r <a style=\"color: blue; text-decoration: none;\" title=\"teknisk information\" href=\"http:\/\/www.haandklaedetoerrer.dk\/teknisk-info\">sida med teknisk information<\/a>.<\/div>\n<p><img decoding=\"async\" class=\"size-full wp-image-24542\" title=\"REINA\" src=\"https:\/\/www.haandklaedetoerrer.dk\/wp-content\/uploads\/2011\/02\/logo_Reina.jpg\" alt=\"REINA\" width=\"150\" height=\"87\" srcset=\"https:\/\/www.handdukstorkar.se\/wp-content\/uploads\/2011\/02\/logo_Reina.jpg 150w, https:\/\/www.handdukstorkar.se\/wp-content\/uploads\/2011\/02\/logo_Reina-100x58.jpg 100w\" sizes=\"(max-width: 150px) 100vw, 150px\" \/><\/p>","protected":false},"excerpt":{"rendered":"<p><strong>Platt vertikal dubbelradiator vit \u2013 Modern elegans och maximal v\u00e4rme<\/strong><br \/>\nUppgradera ditt hem med v\u00e5r Flat Vertical Double Radiator White \u2013 en kombination av lyx, snygg design och extra v\u00e4rmekraft. Denna dubbelpanelradiator \u00e4r det perfekta valet n\u00e4r du vill ers\u00e4tta traditionella, djupa modeller med en smal, vertikal l\u00f6sning som b\u00e5de ser bra ut och ger maximal v\u00e4rme.<\/p>\n<p><strong>Var kan den anv\u00e4ndas?<\/strong><br \/>\nFlat Vertical Double \u00e4r perfekt f\u00f6r smala v\u00e4ggar i hallar, badrum, k\u00f6k eller sovrum d\u00e4r utrymmet \u00e4r begr\u00e4nsat. Dess smala, vertikala profil tar minimalt med plats och sprider v\u00e4rmen j\u00e4mnt i rummet.<\/p>\n<p><strong>F\u00f6rdelar och funktioner:<\/strong><\/p>\n<p>Modern, minimalistisk design med platta, fyrkantiga lameller med dubbla paneler.<br \/>\nFinns i f\u00e4rgerna vit, svart och antracit \u2013 utan extra kostnad.<br \/>\nAlternativ f\u00f6r enkel- eller dubbelpanel, samt horisontell eller vertikal modell.<br \/>\nL\u00e5g dammuppsamling tack vare sl\u00e4t yta som g\u00f6r reng\u00f6ringen enkel.<br \/>\nH\u00f6g kvalitet \u2013 tillverkad enligt BS\/EN 442-standarden.<br \/>\nLevereras med f\u00e4sten, r\u00f6r\u00e4ndstopp och luftventil \u2013 klar f\u00f6r installation.<br \/>\n5 \u00e5rs tillverkargaranti f\u00f6r extra trygghet.<\/p>\n<p>Skapa ett elegant hem och upplev v\u00e4rme med karakt\u00e4r. Den platta vertikala dubbelradiatorn i vitt \u00e4r inte bara en v\u00e4rmek\u00e4lla, utan ett designelement som lyfter din interi\u00f6r.<\/p>\n<ul>\n<li>Tillverkad enligt BS \/ EN 442<\/li>\n<li>Tillbeh\u00f6r medf\u00f6ljer: F\u00e4ste \u2013 \u00c4ndplugg \u2013 Luftventil<\/li>\n<\/ul>\n<p><a href=\"https:\/\/www.haandklaedetoerrer.dk\/wp-content\/uploads\/2016\/10\/FLAT-TEKNISK-DETALJER-2023.pdf\" rel=\"noopener noreferrer\"><strong><img decoding=\"async\" class=\"alignnone size-full wp-image-36449\" src=\"http:\/\/www.haandklaedetoerrer.dk\/wp-content\/uploads\/2015\/03\/iconfinder_24_2133056-1.png\" alt=\"\" width=\"48\" height=\"48\" \/>INSTALLATIONSRITNING, PRESTANDATABELL<\/strong><\/a><\/p>\n<hr \/>\n<p><img decoding=\"async\" class=\"alignnone size-full wp-image-159240\" src=\"https:\/\/www.haandklaedetoerrer.dk\/wp-content\/uploads\/2016\/10\/Tilslutningsmulighed-02.png\" alt=\"\" width=\"202\" height=\"152\" \/> <img loading=\"lazy\" decoding=\"async\" class=\"alignnone size-full wp-image-159239\" src=\"https:\/\/www.haandklaedetoerrer.dk\/wp-content\/uploads\/2016\/10\/Tilslutningsmulighed-01.png\" alt=\"\" width=\"200\" height=\"150\" \/><\/p>","protected":false},"featured_media":174838,"template":"","meta":[],"product_brand":[942],"product_cat":[1423,1424,1425],"product_tag":[1310,1251,1018,1313,1016,1311,1010,1309,1314,1008,1009,1312],"class_list":{"0":"post-27314","1":"product","2":"type-product","3":"status-publish","4":"has-post-thumbnail","6":"product_brand-reina","7":"product_cat-radiatorer","8":"product_cat-smal-radiator-2","9":"product_cat-tynd-radiator","10":"product_tag-aflang-radiator","11":"product_tag-antracit","12":"product_tag-designer-radiatorer","13":"product_tag-hoej-radiator","14":"product_tag-hvid","15":"product_tag-lodret-radiator","16":"product_tag-radiator","17":"product_tag-radiator-vertikal","18":"product_tag-slank-radiator","19":"product_tag-sort","20":"product_tag-vertikal","21":"product_tag-vertikal-radiator","22":"product_shipping_class-radiatorer","23":"pa_bredde-1126","24":"pa_bredde-1076","25":"pa_bredde-1127","26":"pa_bredde-1124","27":"pa_bredde-1029","28":"pa_bredde-1030","29":"pa_bredde-1278","30":"pa_bredde-800-3","31":"pa_farve-antracit","32":"pa_farve-hvid","33":"pa_farve-sort","34":"pa_finish-antracit","35":"pa_finish-hvid","36":"pa_finish-sort","37":"pa_hoejde-1033","38":"pa_hoejde-1038","39":"pa_hoejde-1034","40":"pa_hoejde-1128","41":"pa_hoejde-1221","42":"pa_leverings_tid-1f-3-5dage","43":"pa_manufacturer-reina","44":"pa_model-10-flatvertikaldobbelt","45":"pa_pdf-f9-flat_teknisk_detaljer_samm","46":"pa_pdf_label-a2-tekniskdetaljerinstallatio","48":"first","49":"instock","50":"sale","51":"taxable","52":"shipping-taxable","53":"purchasable","54":"product-type-variable"},"yoast_head":"<!-- This site is optimized with the Yoast SEO Premium plugin v27.1 (Yoast SEO v27.1.1) - https:\/\/yoast.com\/product\/yoast-seo-premium-wordpress\/ -->\n<title>Flat Vertikal Dobbelt Radiator Hvid - Handdukstorkar.se<\/title>\n<meta name=\"description\" content=\"Reina Flat er en h\u00f8j kvalitets vertikal radiator, som findes i b\u00e5de hvid RAL 9016, antracit og sort RAL 9005.Flat er en luksuri\u00f8s radiator udvalgt fra Reina Astral portef\u00f8ljen - der har flade barrer som giver et elegant design. Alle Reina radiatorer leveres med 5 \u00e5rs garanti, som giver vores kunder ro i sindet.\" \/>\n<meta name=\"robots\" content=\"index, follow, max-snippet:-1, max-image-preview:large, max-video-preview:-1\" \/>\n<link rel=\"canonical\" href=\"https:\/\/www.handdukstorkar.se\/sv\/butik\/radiatorer\/smal-radiator-2\/platt-dubbel-vertikal-radiator-i-vitt\/\" \/>\n<meta property=\"og:locale\" content=\"sv_SE\" \/>\n<meta property=\"og:type\" content=\"article\" \/>\n<meta property=\"og:title\" content=\"Flat Vertikal Dobbelt Radiator Hvid\" \/>\n<meta property=\"og:description\" content=\"Reina Flat er en h\u00f8j kvalitets vertikal radiator, som findes i b\u00e5de hvid RAL 9016, antracit og sort RAL 9005.Flat er en luksuri\u00f8s radiator udvalgt fra Reina Astral portef\u00f8ljen - der har flade barrer som giver et elegant design. Alle Reina radiatorer leveres med 5 \u00e5rs garanti, som giver vores kunder ro i sindet.\" \/>\n<meta property=\"og:url\" content=\"https:\/\/www.handdukstorkar.se\/sv\/butik\/radiatorer\/smal-radiator-2\/platt-dubbel-vertikal-radiator-i-vitt\/\" \/>\n<meta property=\"og:site_name\" content=\"Handdukstorkar.se\" \/>\n<meta property=\"article:modified_time\" content=\"2026-04-24T13:13:44+00:00\" \/>\n<meta property=\"og:image\" content=\"https:\/\/www.handdukstorkar.se\/wp-content\/uploads\/2025\/07\/flat-radiator-vertikal-dobbelt-hvid-01-1.png\" \/>\n\t<meta property=\"og:image:width\" content=\"770\" \/>\n\t<meta property=\"og:image:height\" content=\"962\" \/>\n\t<meta property=\"og:image:type\" content=\"image\/png\" \/>\n<meta name=\"twitter:card\" content=\"summary_large_image\" \/>\n<meta name=\"twitter:label1\" content=\"Availability\" \/>\n\t<meta name=\"twitter:data1\" content=\"In stock\" \/>\n<script type=\"application\/ld+json\" class=\"yoast-schema-graph\">{\"@context\":\"https:\/\/schema.org\",\"@graph\":[{\"@type\":\"WebPage\",\"@id\":\"https:\/\/www.handdukstorkar.se\/sv\/shop\/radiatorer\/smal-radiator-2\/flat-dobbelt-vertikal-radiator-i-hvid\/\",\"url\":\"https:\/\/www.handdukstorkar.se\/sv\/shop\/radiatorer\/smal-radiator-2\/flat-dobbelt-vertikal-radiator-i-hvid\/\",\"name\":\"Flat Vertikal Dobbelt Radiator Hvid - Handdukstorkar.se\",\"isPartOf\":{\"@id\":\"https:\/\/www.handdukstorkar.se\/sv\/#website\"},\"primaryImageOfPage\":{\"@id\":\"https:\/\/www.handdukstorkar.se\/sv\/shop\/radiatorer\/smal-radiator-2\/flat-dobbelt-vertikal-radiator-i-hvid\/#primaryimage\"},\"image\":{\"@id\":\"https:\/\/www.handdukstorkar.se\/sv\/shop\/radiatorer\/smal-radiator-2\/flat-dobbelt-vertikal-radiator-i-hvid\/#primaryimage\"},\"thumbnailUrl\":\"https:\/\/www.handdukstorkar.se\/wp-content\/uploads\/2025\/07\/flat-radiator-vertikal-dobbelt-hvid-01-1.png\",\"datePublished\":\"2016-10-23T23:33:41+00:00\",\"dateModified\":\"2026-04-24T13:13:44+00:00\",\"description\":\"Reina Flat er en h\u00f8j kvalitets vertikal radiator, som findes i b\u00e5de hvid RAL 9016, antracit og sort RAL 9005.Flat er en luksuri\u00f8s radiator udvalgt fra Reina Astral portef\u00f8ljen - der har flade barrer som giver et elegant design. Alle Reina radiatorer leveres med 5 \u00e5rs garanti, som giver vores kunder ro i sindet.\",\"breadcrumb\":{\"@id\":\"https:\/\/www.handdukstorkar.se\/sv\/shop\/radiatorer\/smal-radiator-2\/flat-dobbelt-vertikal-radiator-i-hvid\/#breadcrumb\"},\"inLanguage\":\"sv-SE\",\"potentialAction\":[{\"@type\":\"ReadAction\",\"target\":[\"https:\/\/www.handdukstorkar.se\/sv\/shop\/radiatorer\/smal-radiator-2\/flat-dobbelt-vertikal-radiator-i-hvid\/\"]}]},{\"@type\":\"ImageObject\",\"inLanguage\":\"sv-SE\",\"@id\":\"https:\/\/www.handdukstorkar.se\/sv\/shop\/radiatorer\/smal-radiator-2\/flat-dobbelt-vertikal-radiator-i-hvid\/#primaryimage\",\"url\":\"https:\/\/www.handdukstorkar.se\/wp-content\/uploads\/2025\/07\/flat-radiator-vertikal-dobbelt-hvid-01-1.png\",\"contentUrl\":\"https:\/\/www.handdukstorkar.se\/wp-content\/uploads\/2025\/07\/flat-radiator-vertikal-dobbelt-hvid-01-1.png\",\"width\":770,\"height\":962},{\"@type\":\"BreadcrumbList\",\"@id\":\"https:\/\/www.handdukstorkar.se\/sv\/shop\/radiatorer\/smal-radiator-2\/flat-dobbelt-vertikal-radiator-i-hvid\/#breadcrumb\",\"itemListElement\":[{\"@type\":\"ListItem\",\"position\":1,\"name\":\"Home\",\"item\":\"https:\/\/www.handdukstorkar.se\/sv\/\"},{\"@type\":\"ListItem\",\"position\":2,\"name\":\"Shop\",\"item\":\"https:\/\/www.handdukstorkar.se\/sv\/butik\/\"},{\"@type\":\"ListItem\",\"position\":3,\"name\":\"Flat Vertikal Dobbelt Radiator Hvid\"}]},{\"@type\":\"WebSite\",\"@id\":\"https:\/\/www.handdukstorkar.se\/sv\/#website\",\"url\":\"https:\/\/www.handdukstorkar.se\/sv\/\",\"name\":\"Handdukstorkar.se\",\"description\":\"Danmarks st\u00f8rste udvalg af h\u00e5ndkl\u00e6det\u00f8rrer\",\"publisher\":{\"@id\":\"https:\/\/www.handdukstorkar.se\/sv\/#organization\"},\"potentialAction\":[{\"@type\":\"SearchAction\",\"target\":{\"@type\":\"EntryPoint\",\"urlTemplate\":\"https:\/\/www.handdukstorkar.se\/sv\/?s={search_term_string}\"},\"query-input\":{\"@type\":\"PropertyValueSpecification\",\"valueRequired\":true,\"valueName\":\"search_term_string\"}}],\"inLanguage\":\"sv-SE\"},{\"@type\":\"Organization\",\"@id\":\"https:\/\/www.handdukstorkar.se\/sv\/#organization\",\"name\":\"H\u00e5ndkl\u00e6det\u00f8rrer.dk\",\"url\":\"https:\/\/www.handdukstorkar.se\/sv\/\",\"logo\":{\"@type\":\"ImageObject\",\"inLanguage\":\"sv-SE\",\"@id\":\"https:\/\/www.handdukstorkar.se\/sv\/#\/schema\/logo\/image\/\",\"url\":\"https:\/\/www.handdukstorkar.se\/wp-content\/uploads\/2019\/06\/logo-1.png\",\"contentUrl\":\"https:\/\/www.handdukstorkar.se\/wp-content\/uploads\/2019\/06\/logo-1.png\",\"width\":300,\"height\":45,\"caption\":\"H\u00e5ndkl\u00e6det\u00f8rrer.dk\"},\"image\":{\"@id\":\"https:\/\/www.handdukstorkar.se\/sv\/#\/schema\/logo\/image\/\"}}]}<\/script>\n<meta property=\"product:brand\" content=\"FLAT VERTIKAL DOBBELT\" \/>\n<meta property=\"og:availability\" content=\"instock\" \/>\n<meta property=\"product:availability\" content=\"instock\" \/>\n<meta property=\"product:retailer_item_id\" content=\"51092\" \/>\n<meta property=\"product:condition\" content=\"new\" \/>\n<!-- \/ Yoast SEO Premium plugin. -->","yoast_head_json":{"title":"Platt vertikal dubbel radiator vit - handdukstork","description":"Reina Flat \u00e4r en h\u00f6gkvalitativ vertikal radiator, tillg\u00e4nglig i b\u00e5de vit RAL 9016, antracit och svart RAL 9005. Flat \u00e4r en lyxig radiator utvald fr\u00e5n Reina Astral-portf\u00f6ljen - som har platta st\u00e4nger som ger en elegant design. Alla Reina-radiatorer levereras med 5 \u00e5rs garanti, vilket ger v\u00e5ra kunder sinnesro.","robots":{"index":"index","follow":"follow","max-snippet":"max-snippet:-1","max-image-preview":"max-image-preview:large","max-video-preview":"max-video-preview:-1"},"canonical":"https:\/\/www.handdukstorkar.se\/sv\/butik\/radiatorer\/smal-radiator-2\/platt-dubbel-vertikal-radiator-i-vitt\/","og_locale":"sv_SE","og_type":"article","og_title":"Flat Vertikal Dobbelt Radiator Hvid","og_description":"Reina Flat er en h\u00f8j kvalitets vertikal radiator, som findes i b\u00e5de hvid RAL 9016, antracit og sort RAL 9005.Flat er en luksuri\u00f8s radiator udvalgt fra Reina Astral portef\u00f8ljen - der har flade barrer som giver et elegant design. Alle Reina radiatorer leveres med 5 \u00e5rs garanti, som giver vores kunder ro i sindet.","og_url":"https:\/\/www.handdukstorkar.se\/sv\/butik\/radiatorer\/smal-radiator-2\/platt-dubbel-vertikal-radiator-i-vitt\/","og_site_name":"Handdukstorkar.se","article_modified_time":"2026-04-24T13:13:44+00:00","og_image":[{"width":770,"height":962,"url":"https:\/\/www.handdukstorkar.se\/wp-content\/uploads\/2025\/07\/flat-radiator-vertikal-dobbelt-hvid-01-1.png","type":"image\/png"}],"twitter_card":"summary_large_image","twitter_misc":{"Availability":"In stock"},"schema":{"@context":"https:\/\/schema.org","@graph":[{"@type":"WebPage","@id":"https:\/\/www.handdukstorkar.se\/sv\/shop\/radiatorer\/smal-radiator-2\/flat-dobbelt-vertikal-radiator-i-hvid\/","url":"https:\/\/www.handdukstorkar.se\/sv\/shop\/radiatorer\/smal-radiator-2\/flat-dobbelt-vertikal-radiator-i-hvid\/","name":"Platt vertikal dubbel radiator vit - handdukstork","isPartOf":{"@id":"https:\/\/www.handdukstorkar.se\/sv\/#website"},"primaryImageOfPage":{"@id":"https:\/\/www.handdukstorkar.se\/sv\/shop\/radiatorer\/smal-radiator-2\/flat-dobbelt-vertikal-radiator-i-hvid\/#primaryimage"},"image":{"@id":"https:\/\/www.handdukstorkar.se\/sv\/shop\/radiatorer\/smal-radiator-2\/flat-dobbelt-vertikal-radiator-i-hvid\/#primaryimage"},"thumbnailUrl":"https:\/\/www.handdukstorkar.se\/wp-content\/uploads\/2025\/07\/flat-radiator-vertikal-dobbelt-hvid-01-1.png","datePublished":"2016-10-23T23:33:41+00:00","dateModified":"2026-04-24T13:13:44+00:00","description":"Reina Flat \u00e4r en h\u00f6gkvalitativ vertikal radiator, tillg\u00e4nglig i b\u00e5de vit RAL 9016, antracit och svart RAL 9005. Flat \u00e4r en lyxig radiator utvald fr\u00e5n Reina Astral-portf\u00f6ljen - som har platta st\u00e4nger som ger en elegant design. Alla Reina-radiatorer levereras med 5 \u00e5rs garanti, vilket ger v\u00e5ra kunder sinnesro.","breadcrumb":{"@id":"https:\/\/www.handdukstorkar.se\/sv\/shop\/radiatorer\/smal-radiator-2\/flat-dobbelt-vertikal-radiator-i-hvid\/#breadcrumb"},"inLanguage":"sv-SE","potentialAction":[{"@type":"ReadAction","target":["https:\/\/www.handdukstorkar.se\/sv\/shop\/radiatorer\/smal-radiator-2\/flat-dobbelt-vertikal-radiator-i-hvid\/"]}]},{"@type":"ImageObject","inLanguage":"sv-SE","@id":"https:\/\/www.handdukstorkar.se\/sv\/shop\/radiatorer\/smal-radiator-2\/flat-dobbelt-vertikal-radiator-i-hvid\/#primaryimage","url":"https:\/\/www.handdukstorkar.se\/wp-content\/uploads\/2025\/07\/flat-radiator-vertikal-dobbelt-hvid-01-1.png","contentUrl":"https:\/\/www.handdukstorkar.se\/wp-content\/uploads\/2025\/07\/flat-radiator-vertikal-dobbelt-hvid-01-1.png","width":770,"height":962},{"@type":"BreadcrumbList","@id":"https:\/\/www.handdukstorkar.se\/sv\/shop\/radiatorer\/smal-radiator-2\/flat-dobbelt-vertikal-radiator-i-hvid\/#breadcrumb","itemListElement":[{"@type":"ListItem","position":1,"name":"Home","item":"https:\/\/www.handdukstorkar.se\/sv\/"},{"@type":"ListItem","position":2,"name":"Shop","item":"https:\/\/www.handdukstorkar.se\/sv\/butik\/"},{"@type":"ListItem","position":3,"name":"Flat Vertikal Dobbelt Radiator Hvid"}]},{"@type":"WebSite","@id":"https:\/\/www.handdukstorkar.se\/sv\/#website","url":"https:\/\/www.handdukstorkar.se\/sv\/","name":"Handdukstork.se","description":"Danmarks st\u00f6rsta utbud av handdukstorkar","publisher":{"@id":"https:\/\/www.handdukstorkar.se\/sv\/#organization"},"potentialAction":[{"@type":"SearchAction","target":{"@type":"EntryPoint","urlTemplate":"https:\/\/www.handdukstorkar.se\/sv\/?s={search_term_string}"},"query-input":{"@type":"PropertyValueSpecification","valueRequired":true,"valueName":"search_term_string"}}],"inLanguage":"sv-SE"},{"@type":"Organization","@id":"https:\/\/www.handdukstorkar.se\/sv\/#organization","name":"H\u00e5ndkladetorrer.dk","url":"https:\/\/www.handdukstorkar.se\/sv\/","logo":{"@type":"ImageObject","inLanguage":"sv-SE","@id":"https:\/\/www.handdukstorkar.se\/sv\/#\/schema\/logo\/image\/","url":"https:\/\/www.handdukstorkar.se\/wp-content\/uploads\/2019\/06\/logo-1.png","contentUrl":"https:\/\/www.handdukstorkar.se\/wp-content\/uploads\/2019\/06\/logo-1.png","width":300,"height":45,"caption":"H\u00e5ndkl\u00e6det\u00f8rrer.dk"},"image":{"@id":"https:\/\/www.handdukstorkar.se\/sv\/#\/schema\/logo\/image\/"}}]},"product_brand":"FLAT VERTIKAL DOBBELT","og_availability":"instock","product_availability":"instock","product_retailer_item_id":"51092","product_condition":"new"},"jetpack_sharing_enabled":true,"_links":{"self":[{"href":"https:\/\/www.handdukstorkar.se\/sv\/wp-json\/wp\/v2\/product\/27314","targetHints":{"allow":["GET"]}}],"collection":[{"href":"https:\/\/www.handdukstorkar.se\/sv\/wp-json\/wp\/v2\/product"}],"about":[{"href":"https:\/\/www.handdukstorkar.se\/sv\/wp-json\/wp\/v2\/types\/product"}],"version-history":[{"count":1,"href":"https:\/\/www.handdukstorkar.se\/sv\/wp-json\/wp\/v2\/product\/27314\/revisions"}],"predecessor-version":[{"id":16372914577,"href":"https:\/\/www.handdukstorkar.se\/sv\/wp-json\/wp\/v2\/product\/27314\/revisions\/16372914577"}],"wp:featuredmedia":[{"embeddable":true,"href":"https:\/\/www.handdukstorkar.se\/sv\/wp-json\/wp\/v2\/media\/174838"}],"wp:attachment":[{"href":"https:\/\/www.handdukstorkar.se\/sv\/wp-json\/wp\/v2\/media?parent=27314"}],"wp:term":[{"taxonomy":"product_brand","embeddable":true,"href":"https:\/\/www.handdukstorkar.se\/sv\/wp-json\/wp\/v2\/product_brand?post=27314"},{"taxonomy":"product_cat","embeddable":true,"href":"https:\/\/www.handdukstorkar.se\/sv\/wp-json\/wp\/v2\/product_cat?post=27314"},{"taxonomy":"product_tag","embeddable":true,"href":"https:\/\/www.handdukstorkar.se\/sv\/wp-json\/wp\/v2\/product_tag?post=27314"}],"curies":[{"name":"wp","href":"https:\/\/api.w.org\/{rel}","templated":true}]}}