


{"id":27449,"date":"2017-06-20T22:26:26","date_gmt":"2017-06-20T21:26:26","guid":{"rendered":"http:\/\/www.handdukstorkar.se\/?post_type=product&#038;p=27449"},"modified":"2026-04-24T14:14:17","modified_gmt":"2026-04-24T13:14:17","slug":"300w-termostatisk-elpatron-med-2-timmars-timerfunktion-2","status":"publish","type":"product","link":"https:\/\/www.handdukstorkar.se\/sv\/shop\/el-patroner-til-haandklaedetoerrer-2\/300w-termostatisk-el-patron-med-2-timers-timer-funktion-2\/","title":{"rendered":"300W termostatisk elpatron med 2-timmars timerfunktion"},"content":{"rendered":"<ul>\n<li>\n<h2><span style=\"color: #ff0000;\"><strong>2-Timer \"quick dry function\" f\u00f6r mer info se instruktion pdf-fil<\/strong><\/span><\/h2>\n<\/li>\n<li>MOA Electric Cartridge \u00e4r designad med s\u00e4rskild uppm\u00e4rksamhet p\u00e5 detaljer. MOA har en minimalistisk design och finns i flera f\u00e4rger, och med sin 2-timmars timerfunktion beh\u00f6ver du inte oroa dig f\u00f6r att st\u00e4nga av kontrollenheten. Synliga, l\u00e4ttanv\u00e4nda knappar samt en snabbtorkfunktion och termostatstyrd justerbar temperaturindikeringssystem g\u00f6r det \u00e4nnu enklare och mer intuitivt att anv\u00e4nda den elektriska patronen. MOA Electric Cartridge har kortslutningsskydd och dubbelt \u00f6verhettningsskydd. MOA:s Antifrost-funktion skyddar mot att handdukstorkens\/radiatorns temperatur sjunker under 5-7\u00b0C.<\/li>\n<\/ul>\n<p><span style=\"font-size: medium;\">Funktioner:<\/span><\/p>\n<ul>\n<li>Str\u00f6mbrytare f\u00f6r att sl\u00e5 p\u00e5\/st\u00e4nga av v\u00e4rmaren<\/li>\n<li>Knapparna + \/ \u2013 kan anv\u00e4ndas f\u00f6r att \u00f6ka eller s\u00e4nka temperaturen<br \/>\nhandduksradiator. F\u00f6r varje LED som t\u00e4nds \u00f6kar temperaturen med ca 10 - 12 grader. Dessa anv\u00e4nds ocks\u00e5 f\u00f6r att st\u00e4lla in temperaturniv\u00e5n n\u00e4r timerfunktionen \u00e4r aktiverad.<\/li>\n<li>Aktivera 2-timmarstimern som g\u00f6r att v\u00e4rmaren forts\u00e4tter i 2 timmar p\u00e5 den niv\u00e5 som visas. Niv\u00e5n kan st\u00e4llas in med knapparna + \/ -. Timerfunktionen sparar niv\u00e5n fr\u00e5n g\u00e5ng till g\u00e5ng.<br \/>\nEfter det kommer v\u00e4rmaren att &quot;g\u00e5&quot; tillbaka till den niv\u00e5 den var p\u00e5<br \/>\nn\u00e4r timern aktiverades.<br \/>\nOm du vill att den ska st\u00e4ngas av helt efter 2 timmar m\u00e5ste du se till att v\u00e4rmaren \u00e4r avst\u00e4ngd innan du aktiverar timern. Timern sl\u00e5r sedan p\u00e5 v\u00e4rmaren i 2 timmar och st\u00e4nger sedan av den igen<\/li>\n<\/ul>","protected":false},"excerpt":{"rendered":"<p>\u2022 2 timmars &quot;snabbtorkfunktion&quot;<\/p>\n<p>Elegant utseende.<\/p>\n<p>\u2022 Temperaturregleringsknappar f\u00f6r elpatroner \u2013<br \/>\nanv\u00e4ndningsomr\u00e5de 30-60 \u00b0C.<br \/>\n\u2022 5 lysdioder markerar aktuell temperatur och inst\u00e4lld.<br \/>\n\u2022 Enast\u00e5ende ergonomisk anv\u00e4ndning \u2013 stor, l\u00e4tt att l\u00e4sa<br \/>\nknappar.<br \/>\n\u2022 Aktivera statussignalering.<br \/>\n\u2022 Uteffektomr\u00e5de: 300W, 600W, 800W, 1000W.<br \/>\n\u2022 frostskyddsfunktion, skydd mot fall<br \/>\nradiatortemperatur under 5-7 \u00b0 C.<br \/>\n\u2022 Dubbelt skydd mot \u00f6verhettning.<br \/>\n\u2022 Symmetriskt sk\u00e5p (monteras fritt till v\u00e4nster resp<br \/>\nh\u00f6ger sida).<\/p>\n<p>&nbsp;<\/p>\n<p>Garanti: 1 \u00e5r.<\/p>","protected":false},"featured_media":16372911995,"template":"","meta":[],"product_brand":[944],"product_cat":[1435],"product_tag":[],"class_list":{"0":"post-27449","1":"product","2":"type-product","3":"status-publish","4":"has-post-thumbnail","6":"product_brand-terma-technologie","7":"product_cat-el-patroner-til-haandklaedetoerrer-2","8":"pa_farve-sort","9":"pa_leverings_tid-1-2dage","10":"pa_manufacturer-terma-technologie","11":"pa_model-f1-moa","12":"pa_pdf-35-monteringsanvisning_elpatr","13":"pa_pdf_label-37-seinstruktionmoa-elpatronp","15":"first","16":"instock","17":"sale","18":"taxable","19":"shipping-taxable","20":"purchasable","21":"product-type-variable"},"yoast_head":"<!-- This site is optimized with the Yoast SEO Premium plugin v27.1 (Yoast SEO v27.1.1) - https:\/\/yoast.com\/product\/yoast-seo-premium-wordpress\/ -->\n<title>300W termostatisk el-patron med 2 timer\u00b4s timer funktion - Handdukstorkar.se<\/title>\n<meta name=\"robots\" content=\"index, follow, max-snippet:-1, max-image-preview:large, max-video-preview:-1\" \/>\n<link rel=\"canonical\" href=\"https:\/\/www.handdukstorkar.se\/sv\/butik\/elektriska-patroner-for-handduksvarmare-2\/300w-termostatisk-elpatron-med-2-timmars-timerfunktion-2\/\" \/>\n<meta property=\"og:locale\" content=\"sv_SE\" \/>\n<meta property=\"og:type\" content=\"article\" \/>\n<meta property=\"og:title\" content=\"300W termostatisk el-patron med 2 timer\u00b4s timer funktion\" \/>\n<meta property=\"og:description\" content=\"\u2022 2-timer &#039;&#039;hurtigt\u00f8rrefunktion&#039;&#039;  Elegant udseende.  \u2022 El-patron temperatur regulering knapper - anvendelsesomr\u00e5det 30-60 \u00b0C. \u2022 5 lysdioder markerer den aktuelle temperatur og s\u00e6t. \u2022 Enest\u00e5ende ergonomisk brug - stor, letl\u00e6selig knapper. \u2022 Virke status signaliseringen. \u2022 Output interval: 300W, 600W, 800W, 1000W. \u2022 frostv\u00e6ske funktion, beskyttelse mod faldende temperatur radiatorunder 5-7 \u00b0 C. \u2022 Dobbelt beskyttelse mod overophedning. \u2022 Symmetrisk kabinet (monteres frit p\u00e5 venstre eller h\u00f8jre side).  &nbsp;  Garanti:1 \u00e5r.\" \/>\n<meta property=\"og:url\" content=\"https:\/\/www.handdukstorkar.se\/sv\/butik\/elektriska-patroner-for-handduksvarmare-2\/300w-termostatisk-elpatron-med-2-timmars-timerfunktion-2\/\" \/>\n<meta property=\"og:site_name\" content=\"Handdukstorkar.se\" \/>\n<meta property=\"article:modified_time\" content=\"2026-04-24T13:14:17+00:00\" \/>\n<meta property=\"og:image\" content=\"https:\/\/www.handdukstorkar.se\/wp-content\/uploads\/2025\/08\/s-l1600_2_1.jpg\" \/>\n\t<meta property=\"og:image:width\" content=\"1600\" \/>\n\t<meta property=\"og:image:height\" content=\"1600\" \/>\n\t<meta property=\"og:image:type\" content=\"image\/jpeg\" \/>\n<meta name=\"twitter:card\" content=\"summary_large_image\" \/>\n<meta name=\"twitter:label1\" content=\"Availability\" \/>\n\t<meta name=\"twitter:data1\" content=\"In stock\" \/>\n<script type=\"application\/ld+json\" class=\"yoast-schema-graph\">{\"@context\":\"https:\/\/schema.org\",\"@graph\":[{\"@type\":\"WebPage\",\"@id\":\"https:\/\/www.handdukstorkar.se\/shop\/el-patroner-til-haandklaedetoerrer-2\/300w-termostatisk-el-patron-med-2-timers-timer-funktion-2\/\",\"url\":\"https:\/\/www.handdukstorkar.se\/shop\/el-patroner-til-haandklaedetoerrer-2\/300w-termostatisk-el-patron-med-2-timers-timer-funktion-2\/\",\"name\":\"300W termostatisk el-patron med 2 timer\u00b4s timer funktion - Handdukstorkar.se\",\"isPartOf\":{\"@id\":\"https:\/\/www.handdukstorkar.se\/sv\/#website\"},\"primaryImageOfPage\":{\"@id\":\"https:\/\/www.handdukstorkar.se\/shop\/el-patroner-til-haandklaedetoerrer-2\/300w-termostatisk-el-patron-med-2-timers-timer-funktion-2\/#primaryimage\"},\"image\":{\"@id\":\"https:\/\/www.handdukstorkar.se\/shop\/el-patroner-til-haandklaedetoerrer-2\/300w-termostatisk-el-patron-med-2-timers-timer-funktion-2\/#primaryimage\"},\"thumbnailUrl\":\"https:\/\/www.handdukstorkar.se\/wp-content\/uploads\/2025\/08\/s-l1600_2_1.jpg\",\"datePublished\":\"2017-06-20T21:26:26+00:00\",\"dateModified\":\"2026-04-24T13:14:17+00:00\",\"breadcrumb\":{\"@id\":\"https:\/\/www.handdukstorkar.se\/shop\/el-patroner-til-haandklaedetoerrer-2\/300w-termostatisk-el-patron-med-2-timers-timer-funktion-2\/#breadcrumb\"},\"inLanguage\":\"sv-SE\",\"potentialAction\":[{\"@type\":\"ReadAction\",\"target\":[\"https:\/\/www.handdukstorkar.se\/shop\/el-patroner-til-haandklaedetoerrer-2\/300w-termostatisk-el-patron-med-2-timers-timer-funktion-2\/\"]}]},{\"@type\":\"ImageObject\",\"inLanguage\":\"sv-SE\",\"@id\":\"https:\/\/www.handdukstorkar.se\/shop\/el-patroner-til-haandklaedetoerrer-2\/300w-termostatisk-el-patron-med-2-timers-timer-funktion-2\/#primaryimage\",\"url\":\"https:\/\/www.handdukstorkar.se\/wp-content\/uploads\/2025\/08\/s-l1600_2_1.jpg\",\"contentUrl\":\"https:\/\/www.handdukstorkar.se\/wp-content\/uploads\/2025\/08\/s-l1600_2_1.jpg\",\"width\":1600,\"height\":1600,\"caption\":\"300W TERMOSTATISK EL-PATRON MED 2 TIMER FUNKTION I SORT-0\"},{\"@type\":\"BreadcrumbList\",\"@id\":\"https:\/\/www.handdukstorkar.se\/shop\/el-patroner-til-haandklaedetoerrer-2\/300w-termostatisk-el-patron-med-2-timers-timer-funktion-2\/#breadcrumb\",\"itemListElement\":[{\"@type\":\"ListItem\",\"position\":1,\"name\":\"Home\",\"item\":\"https:\/\/www.handdukstorkar.se\/sv\/\"},{\"@type\":\"ListItem\",\"position\":2,\"name\":\"Shop\",\"item\":\"https:\/\/www.handdukstorkar.se\/sv\/butik\/\"},{\"@type\":\"ListItem\",\"position\":3,\"name\":\"300W termostatisk el-patron med 2 timer\u00b4s timer funktion\"}]},{\"@type\":\"WebSite\",\"@id\":\"https:\/\/www.handdukstorkar.se\/sv\/#website\",\"url\":\"https:\/\/www.handdukstorkar.se\/sv\/\",\"name\":\"Handdukstorkar.se\",\"description\":\"Danmarks st\u00f8rste udvalg af h\u00e5ndkl\u00e6det\u00f8rrer\",\"publisher\":{\"@id\":\"https:\/\/www.handdukstorkar.se\/sv\/#organization\"},\"potentialAction\":[{\"@type\":\"SearchAction\",\"target\":{\"@type\":\"EntryPoint\",\"urlTemplate\":\"https:\/\/www.handdukstorkar.se\/sv\/?s={search_term_string}\"},\"query-input\":{\"@type\":\"PropertyValueSpecification\",\"valueRequired\":true,\"valueName\":\"search_term_string\"}}],\"inLanguage\":\"sv-SE\"},{\"@type\":\"Organization\",\"@id\":\"https:\/\/www.handdukstorkar.se\/sv\/#organization\",\"name\":\"H\u00e5ndkl\u00e6det\u00f8rrer.dk\",\"url\":\"https:\/\/www.handdukstorkar.se\/sv\/\",\"logo\":{\"@type\":\"ImageObject\",\"inLanguage\":\"sv-SE\",\"@id\":\"https:\/\/www.handdukstorkar.se\/sv\/#\/schema\/logo\/image\/\",\"url\":\"https:\/\/www.handdukstorkar.se\/wp-content\/uploads\/2019\/06\/logo-1.png\",\"contentUrl\":\"https:\/\/www.handdukstorkar.se\/wp-content\/uploads\/2019\/06\/logo-1.png\",\"width\":300,\"height\":45,\"caption\":\"H\u00e5ndkl\u00e6det\u00f8rrer.dk\"},\"image\":{\"@id\":\"https:\/\/www.handdukstorkar.se\/sv\/#\/schema\/logo\/image\/\"}}]}<\/script>\n<meta property=\"product:brand\" content=\"MOA\" \/>\n<meta property=\"og:availability\" content=\"instock\" \/>\n<meta property=\"product:availability\" content=\"instock\" \/>\n<meta property=\"product:retailer_item_id\" content=\"80200-0\" \/>\n<meta property=\"product:condition\" content=\"new\" \/>\n<!-- \/ Yoast SEO Premium plugin. -->","yoast_head_json":{"title":"300W termostatisk elektrisk v\u00e4rmare med 2 timmars timerfunktion - Handdukstorkar.se","robots":{"index":"index","follow":"follow","max-snippet":"max-snippet:-1","max-image-preview":"max-image-preview:large","max-video-preview":"max-video-preview:-1"},"canonical":"https:\/\/www.handdukstorkar.se\/sv\/butik\/elektriska-patroner-for-handduksvarmare-2\/300w-termostatisk-elpatron-med-2-timmars-timerfunktion-2\/","og_locale":"sv_SE","og_type":"article","og_title":"300W termostatisk el-patron med 2 timer\u00b4s timer funktion","og_description":"\u2022 2-timer ''hurtigt\u00f8rrefunktion''  Elegant udseende.  \u2022 El-patron temperatur regulering knapper - anvendelsesomr\u00e5det 30-60 \u00b0C. \u2022 5 lysdioder markerer den aktuelle temperatur og s\u00e6t. \u2022 Enest\u00e5ende ergonomisk brug - stor, letl\u00e6selig knapper. \u2022 Virke status signaliseringen. \u2022 Output interval: 300W, 600W, 800W, 1000W. \u2022 frostv\u00e6ske funktion, beskyttelse mod faldende temperatur radiatorunder 5-7 \u00b0 C. \u2022 Dobbelt beskyttelse mod overophedning. \u2022 Symmetrisk kabinet (monteres frit p\u00e5 venstre eller h\u00f8jre side).  &nbsp;  Garanti:1 \u00e5r.","og_url":"https:\/\/www.handdukstorkar.se\/sv\/butik\/elektriska-patroner-for-handduksvarmare-2\/300w-termostatisk-elpatron-med-2-timmars-timerfunktion-2\/","og_site_name":"Handdukstorkar.se","article_modified_time":"2026-04-24T13:14:17+00:00","og_image":[{"width":1600,"height":1600,"url":"https:\/\/www.handdukstorkar.se\/wp-content\/uploads\/2025\/08\/s-l1600_2_1.jpg","type":"image\/jpeg"}],"twitter_card":"summary_large_image","twitter_misc":{"Availability":"In stock"},"schema":{"@context":"https:\/\/schema.org","@graph":[{"@type":"WebPage","@id":"https:\/\/www.handdukstorkar.se\/shop\/el-patroner-til-haandklaedetoerrer-2\/300w-termostatisk-el-patron-med-2-timers-timer-funktion-2\/","url":"https:\/\/www.handdukstorkar.se\/shop\/el-patroner-til-haandklaedetoerrer-2\/300w-termostatisk-el-patron-med-2-timers-timer-funktion-2\/","name":"300W termostatisk elektrisk v\u00e4rmare med 2 timmars timerfunktion - Handdukstorkar.se","isPartOf":{"@id":"https:\/\/www.handdukstorkar.se\/sv\/#website"},"primaryImageOfPage":{"@id":"https:\/\/www.handdukstorkar.se\/shop\/el-patroner-til-haandklaedetoerrer-2\/300w-termostatisk-el-patron-med-2-timers-timer-funktion-2\/#primaryimage"},"image":{"@id":"https:\/\/www.handdukstorkar.se\/shop\/el-patroner-til-haandklaedetoerrer-2\/300w-termostatisk-el-patron-med-2-timers-timer-funktion-2\/#primaryimage"},"thumbnailUrl":"https:\/\/www.handdukstorkar.se\/wp-content\/uploads\/2025\/08\/s-l1600_2_1.jpg","datePublished":"2017-06-20T21:26:26+00:00","dateModified":"2026-04-24T13:14:17+00:00","breadcrumb":{"@id":"https:\/\/www.handdukstorkar.se\/shop\/el-patroner-til-haandklaedetoerrer-2\/300w-termostatisk-el-patron-med-2-timers-timer-funktion-2\/#breadcrumb"},"inLanguage":"sv-SE","potentialAction":[{"@type":"ReadAction","target":["https:\/\/www.handdukstorkar.se\/shop\/el-patroner-til-haandklaedetoerrer-2\/300w-termostatisk-el-patron-med-2-timers-timer-funktion-2\/"]}]},{"@type":"ImageObject","inLanguage":"sv-SE","@id":"https:\/\/www.handdukstorkar.se\/shop\/el-patroner-til-haandklaedetoerrer-2\/300w-termostatisk-el-patron-med-2-timers-timer-funktion-2\/#primaryimage","url":"https:\/\/www.handdukstorkar.se\/wp-content\/uploads\/2025\/08\/s-l1600_2_1.jpg","contentUrl":"https:\/\/www.handdukstorkar.se\/wp-content\/uploads\/2025\/08\/s-l1600_2_1.jpg","width":1600,"height":1600,"caption":"300W TERMOSTATISK EL-PATRON MED 2 TIMER FUNKTION I SORT-0"},{"@type":"BreadcrumbList","@id":"https:\/\/www.handdukstorkar.se\/shop\/el-patroner-til-haandklaedetoerrer-2\/300w-termostatisk-el-patron-med-2-timers-timer-funktion-2\/#breadcrumb","itemListElement":[{"@type":"ListItem","position":1,"name":"Home","item":"https:\/\/www.handdukstorkar.se\/sv\/"},{"@type":"ListItem","position":2,"name":"Shop","item":"https:\/\/www.handdukstorkar.se\/sv\/butik\/"},{"@type":"ListItem","position":3,"name":"300W termostatisk el-patron med 2 timer\u00b4s timer funktion"}]},{"@type":"WebSite","@id":"https:\/\/www.handdukstorkar.se\/sv\/#website","url":"https:\/\/www.handdukstorkar.se\/sv\/","name":"Handdukstork.se","description":"Danmarks st\u00f6rsta utbud av handdukstorkar","publisher":{"@id":"https:\/\/www.handdukstorkar.se\/sv\/#organization"},"potentialAction":[{"@type":"SearchAction","target":{"@type":"EntryPoint","urlTemplate":"https:\/\/www.handdukstorkar.se\/sv\/?s={search_term_string}"},"query-input":{"@type":"PropertyValueSpecification","valueRequired":true,"valueName":"search_term_string"}}],"inLanguage":"sv-SE"},{"@type":"Organization","@id":"https:\/\/www.handdukstorkar.se\/sv\/#organization","name":"H\u00e5ndkladetorrer.dk","url":"https:\/\/www.handdukstorkar.se\/sv\/","logo":{"@type":"ImageObject","inLanguage":"sv-SE","@id":"https:\/\/www.handdukstorkar.se\/sv\/#\/schema\/logo\/image\/","url":"https:\/\/www.handdukstorkar.se\/wp-content\/uploads\/2019\/06\/logo-1.png","contentUrl":"https:\/\/www.handdukstorkar.se\/wp-content\/uploads\/2019\/06\/logo-1.png","width":300,"height":45,"caption":"H\u00e5ndkl\u00e6det\u00f8rrer.dk"},"image":{"@id":"https:\/\/www.handdukstorkar.se\/sv\/#\/schema\/logo\/image\/"}}]},"product_brand":"MOA","og_availability":"instock","product_availability":"instock","product_retailer_item_id":"80200-0","product_condition":"new"},"jetpack_sharing_enabled":true,"_links":{"self":[{"href":"https:\/\/www.handdukstorkar.se\/sv\/wp-json\/wp\/v2\/product\/27449","targetHints":{"allow":["GET"]}}],"collection":[{"href":"https:\/\/www.handdukstorkar.se\/sv\/wp-json\/wp\/v2\/product"}],"about":[{"href":"https:\/\/www.handdukstorkar.se\/sv\/wp-json\/wp\/v2\/types\/product"}],"version-history":[{"count":0,"href":"https:\/\/www.handdukstorkar.se\/sv\/wp-json\/wp\/v2\/product\/27449\/revisions"}],"wp:featuredmedia":[{"embeddable":true,"href":"https:\/\/www.handdukstorkar.se\/sv\/wp-json\/wp\/v2\/media\/16372911995"}],"wp:attachment":[{"href":"https:\/\/www.handdukstorkar.se\/sv\/wp-json\/wp\/v2\/media?parent=27449"}],"wp:term":[{"taxonomy":"product_brand","embeddable":true,"href":"https:\/\/www.handdukstorkar.se\/sv\/wp-json\/wp\/v2\/product_brand?post=27449"},{"taxonomy":"product_cat","embeddable":true,"href":"https:\/\/www.handdukstorkar.se\/sv\/wp-json\/wp\/v2\/product_cat?post=27449"},{"taxonomy":"product_tag","embeddable":true,"href":"https:\/\/www.handdukstorkar.se\/sv\/wp-json\/wp\/v2\/product_tag?post=27449"}],"curies":[{"name":"wp","href":"https:\/\/api.w.org\/{rel}","templated":true}]}}