


{"id":39237,"date":"2019-07-17T10:41:58","date_gmt":"2019-07-17T09:41:58","guid":{"rendered":"http:\/\/www.handdukstorkar.se\/?post_type=product&#038;p=39237"},"modified":"2026-04-27T10:55:36","modified_gmt":"2026-04-27T09:55:36","slug":"portnd-ventiler-vinklade-i-massing","status":"publish","type":"product","link":"https:\/\/www.handdukstorkar.se\/sv\/shop\/ventiler-termostater\/ventiler-til-haandklaedetoerrer-ventiler-termostater\/messing\/portnd-ventiler-vinklet-i-messing\/","title":{"rendered":"Portland vinklad ventilsats i m\u00e4ssing"},"content":{"rendered":"<ul>\n<li><strong>Vinklad ventil:<\/strong> Denna ventil \u00e4r kompatibel med v\u00e5r handdukstork\/radiatorer och kan anv\u00e4ndas p\u00e5 platser d\u00e4r r\u00f6ret g\u00e5r direkt genom v\u00e4ggen.<br \/>\nOm r\u00f6rledningen kommer fr\u00e5n golvet, se v\u00e5rt sortiment av raka ventiler.<\/li>\n<\/ul>","protected":false},"excerpt":{"rendered":"<ul>\n<li>Exklusiva ventilsatser i m\u00e4ssing Reina kollektion av radiatorventiler i rostfritt st\u00e5l. tillbeh\u00f6r som \u00e4r det perfekta s\u00e4ttet att s\u00e4tta pricken \u00f6ver i:et p\u00e5 din radiator\/handdukstork. En komplett styrsats Ventilsatserna \u00e4r l\u00e4mpliga f\u00f6r handdukstorkar och radiatorer och kan anv\u00e4ndas p\u00e5 alla v\u00e5ra produkter som matchar varandra i design och f\u00e4rg. Satsen best\u00e5r av reglerventil och avst\u00e4ngningsventil. M\u00e4ssing Dimension: RG \u00bd\" \/ 15 mm hylsa.<\/li>\n<li><b>Anslutningsr\u00f6r och rosetter ing\u00e5r<\/b><\/li>\n<\/ul>","protected":false},"featured_media":16372912104,"template":"","meta":[],"product_brand":[1245],"product_cat":[1436,1413],"product_tag":[],"class_list":{"0":"post-39237","1":"product","2":"type-product","3":"status-publish","4":"has-post-thumbnail","6":"product_brand-isan","7":"product_cat-messing","8":"product_cat-ventiler-til-haandklaedetoerrer-ventiler-termostater","9":"pa_farve-messing","10":"pa_finish-messing","11":"pa_leverings_tid-1-2dage","12":"pa_manufacturer-reina","14":"first","15":"instock","16":"sale","17":"taxable","18":"shipping-taxable","19":"purchasable","20":"product-type-simple"},"yoast_head":"<!-- This site is optimized with the Yoast SEO Premium plugin v27.1 (Yoast SEO v27.1.1) - https:\/\/yoast.com\/product\/yoast-seo-premium-wordpress\/ -->\n<title>Portland vinklet ventils\u00e6t i messing - Handdukstorkar.se<\/title>\n<meta name=\"robots\" content=\"index, follow, max-snippet:-1, max-image-preview:large, max-video-preview:-1\" \/>\n<link rel=\"canonical\" href=\"https:\/\/www.handdukstorkar.se\/sv\/butik\/ventiler-termostater\/ventiler-for-handduksvarmare-ventiler-termostater-3\/massing\/portnd-ventiler-vinklade-i-massing\/\" \/>\n<meta property=\"og:locale\" content=\"sv_SE\" \/>\n<meta property=\"og:type\" content=\"article\" \/>\n<meta property=\"og:title\" content=\"Portland vinklet ventils\u00e6t i messing\" \/>\n<meta property=\"og:description\" content=\"Eksklusive Ventils\u00e6t i Messing Reina kollektion af rustfrit radiator ventiler. accessoirer der er den perfekte m\u00e5de at tilf\u00f8je prikken over i\u2019et til din radiator\/ h\u00e5ndkl\u00e6det\u00f8rrer. Et komplet regulerings s\u00e6t Ventils\u00e6ttene er velegnet til h\u00e5ndkl\u00e6det\u00f8rrer og radiatorer og kan anvendes p\u00e5 alle vores produkter som matcher i design og farver. S\u00e6ttet best\u00e5r af regulerings ventil og afsp\u00e6rrings ventil. Messing Dimension: RG \u00bd&quot; \/ 15mm muffe.  Tilslutningsr\u00f8r og rosetter medf\u00f8lger\" \/>\n<meta property=\"og:url\" content=\"https:\/\/www.handdukstorkar.se\/sv\/butik\/ventiler-termostater\/ventiler-for-handduksvarmare-ventiler-termostater-3\/massing\/portnd-ventiler-vinklade-i-massing\/\" \/>\n<meta property=\"og:site_name\" content=\"Handdukstorkar.se\" \/>\n<meta property=\"article:modified_time\" content=\"2026-04-27T09:55:36+00:00\" \/>\n<meta property=\"og:image\" content=\"https:\/\/www.handdukstorkar.se\/wp-content\/uploads\/2025\/08\/Portland-vinklet-messing-02-e1754598267728.png\" \/>\n\t<meta property=\"og:image:width\" content=\"976\" \/>\n\t<meta property=\"og:image:height\" content=\"1024\" \/>\n\t<meta property=\"og:image:type\" content=\"image\/png\" \/>\n<meta name=\"twitter:card\" content=\"summary_large_image\" \/>\n<meta name=\"twitter:label1\" content=\"Pris\" \/>\n\t<meta name=\"twitter:data1\" content=\"1.500,00&nbsp;kr\" \/>\n\t<meta name=\"twitter:label2\" content=\"Availability\" \/>\n\t<meta name=\"twitter:data2\" content=\"In stock\" \/>\n<script type=\"application\/ld+json\" class=\"yoast-schema-graph\">{\"@context\":\"https:\/\/schema.org\",\"@graph\":[{\"@type\":\"WebPage\",\"@id\":\"https:\/\/www.handdukstorkar.se\/shop\/ventiler-termostater\/ventiler-til-haandklaedetoerrer-ventiler-termostater\/messing\/portnd-ventiler-vinklet-i-messing\/\",\"url\":\"https:\/\/www.handdukstorkar.se\/shop\/ventiler-termostater\/ventiler-til-haandklaedetoerrer-ventiler-termostater\/messing\/portnd-ventiler-vinklet-i-messing\/\",\"name\":\"Portland vinklet ventils\u00e6t i messing - Handdukstorkar.se\",\"isPartOf\":{\"@id\":\"https:\/\/www.handdukstorkar.se\/sv\/#website\"},\"primaryImageOfPage\":{\"@id\":\"https:\/\/www.handdukstorkar.se\/shop\/ventiler-termostater\/ventiler-til-haandklaedetoerrer-ventiler-termostater\/messing\/portnd-ventiler-vinklet-i-messing\/#primaryimage\"},\"image\":{\"@id\":\"https:\/\/www.handdukstorkar.se\/shop\/ventiler-termostater\/ventiler-til-haandklaedetoerrer-ventiler-termostater\/messing\/portnd-ventiler-vinklet-i-messing\/#primaryimage\"},\"thumbnailUrl\":\"https:\/\/www.handdukstorkar.se\/wp-content\/uploads\/2025\/08\/Portland-vinklet-messing-02-e1754598267728.png\",\"datePublished\":\"2019-07-17T09:41:58+00:00\",\"dateModified\":\"2026-04-27T09:55:36+00:00\",\"breadcrumb\":{\"@id\":\"https:\/\/www.handdukstorkar.se\/shop\/ventiler-termostater\/ventiler-til-haandklaedetoerrer-ventiler-termostater\/messing\/portnd-ventiler-vinklet-i-messing\/#breadcrumb\"},\"inLanguage\":\"sv-SE\",\"potentialAction\":[{\"@type\":\"ReadAction\",\"target\":[\"https:\/\/www.handdukstorkar.se\/shop\/ventiler-termostater\/ventiler-til-haandklaedetoerrer-ventiler-termostater\/messing\/portnd-ventiler-vinklet-i-messing\/\"]}]},{\"@type\":\"ImageObject\",\"inLanguage\":\"sv-SE\",\"@id\":\"https:\/\/www.handdukstorkar.se\/shop\/ventiler-termostater\/ventiler-til-haandklaedetoerrer-ventiler-termostater\/messing\/portnd-ventiler-vinklet-i-messing\/#primaryimage\",\"url\":\"https:\/\/www.handdukstorkar.se\/wp-content\/uploads\/2025\/08\/Portland-vinklet-messing-02-e1754598267728.png\",\"contentUrl\":\"https:\/\/www.handdukstorkar.se\/wp-content\/uploads\/2025\/08\/Portland-vinklet-messing-02-e1754598267728.png\",\"width\":976,\"height\":1024},{\"@type\":\"BreadcrumbList\",\"@id\":\"https:\/\/www.handdukstorkar.se\/shop\/ventiler-termostater\/ventiler-til-haandklaedetoerrer-ventiler-termostater\/messing\/portnd-ventiler-vinklet-i-messing\/#breadcrumb\",\"itemListElement\":[{\"@type\":\"ListItem\",\"position\":1,\"name\":\"Home\",\"item\":\"https:\/\/www.handdukstorkar.se\/sv\/\"},{\"@type\":\"ListItem\",\"position\":2,\"name\":\"Shop\",\"item\":\"https:\/\/www.handdukstorkar.se\/sv\/butik\/\"},{\"@type\":\"ListItem\",\"position\":3,\"name\":\"Portland vinklet ventils\u00e6t i messing\"}]},{\"@type\":\"WebSite\",\"@id\":\"https:\/\/www.handdukstorkar.se\/sv\/#website\",\"url\":\"https:\/\/www.handdukstorkar.se\/sv\/\",\"name\":\"Handdukstorkar.se\",\"description\":\"Danmarks st\u00f8rste udvalg af h\u00e5ndkl\u00e6det\u00f8rrer\",\"publisher\":{\"@id\":\"https:\/\/www.handdukstorkar.se\/sv\/#organization\"},\"potentialAction\":[{\"@type\":\"SearchAction\",\"target\":{\"@type\":\"EntryPoint\",\"urlTemplate\":\"https:\/\/www.handdukstorkar.se\/sv\/?s={search_term_string}\"},\"query-input\":{\"@type\":\"PropertyValueSpecification\",\"valueRequired\":true,\"valueName\":\"search_term_string\"}}],\"inLanguage\":\"sv-SE\"},{\"@type\":\"Organization\",\"@id\":\"https:\/\/www.handdukstorkar.se\/sv\/#organization\",\"name\":\"H\u00e5ndkl\u00e6det\u00f8rrer.dk\",\"url\":\"https:\/\/www.handdukstorkar.se\/sv\/\",\"logo\":{\"@type\":\"ImageObject\",\"inLanguage\":\"sv-SE\",\"@id\":\"https:\/\/www.handdukstorkar.se\/sv\/#\/schema\/logo\/image\/\",\"url\":\"https:\/\/www.handdukstorkar.se\/wp-content\/uploads\/2019\/06\/logo-1.png\",\"contentUrl\":\"https:\/\/www.handdukstorkar.se\/wp-content\/uploads\/2019\/06\/logo-1.png\",\"width\":300,\"height\":45,\"caption\":\"H\u00e5ndkl\u00e6det\u00f8rrer.dk\"},\"image\":{\"@id\":\"https:\/\/www.handdukstorkar.se\/sv\/#\/schema\/logo\/image\/\"}}]}<\/script>\n<meta property=\"product:price:amount\" content=\"1500.00\" \/>\n<meta property=\"product:price:currency\" content=\"SEK\" \/>\n<meta property=\"og:availability\" content=\"instock\" \/>\n<meta property=\"product:availability\" content=\"instock\" \/>\n<meta property=\"product:retailer_item_id\" content=\"70008\" \/>\n<meta property=\"product:condition\" content=\"new\" \/>\n<!-- \/ Yoast SEO Premium plugin. -->","yoast_head_json":{"title":"Portland vinklad ventilsats i m\u00e4ssing - Handdukstorkar.se","robots":{"index":"index","follow":"follow","max-snippet":"max-snippet:-1","max-image-preview":"max-image-preview:large","max-video-preview":"max-video-preview:-1"},"canonical":"https:\/\/www.handdukstorkar.se\/sv\/butik\/ventiler-termostater\/ventiler-for-handduksvarmare-ventiler-termostater-3\/massing\/portnd-ventiler-vinklade-i-massing\/","og_locale":"sv_SE","og_type":"article","og_title":"Portland vinklet ventils\u00e6t i messing","og_description":"Eksklusive Ventils\u00e6t i Messing Reina kollektion af rustfrit radiator ventiler. accessoirer der er den perfekte m\u00e5de at tilf\u00f8je prikken over i\u2019et til din radiator\/ h\u00e5ndkl\u00e6det\u00f8rrer. Et komplet regulerings s\u00e6t Ventils\u00e6ttene er velegnet til h\u00e5ndkl\u00e6det\u00f8rrer og radiatorer og kan anvendes p\u00e5 alle vores produkter som matcher i design og farver. S\u00e6ttet best\u00e5r af regulerings ventil og afsp\u00e6rrings ventil. Messing Dimension: RG \u00bd\" \/ 15mm muffe.  Tilslutningsr\u00f8r og rosetter medf\u00f8lger","og_url":"https:\/\/www.handdukstorkar.se\/sv\/butik\/ventiler-termostater\/ventiler-for-handduksvarmare-ventiler-termostater-3\/massing\/portnd-ventiler-vinklade-i-massing\/","og_site_name":"Handdukstorkar.se","article_modified_time":"2026-04-27T09:55:36+00:00","og_image":[{"width":976,"height":1024,"url":"https:\/\/www.handdukstorkar.se\/wp-content\/uploads\/2025\/08\/Portland-vinklet-messing-02-e1754598267728.png","type":"image\/png"}],"twitter_card":"summary_large_image","twitter_misc":{"Pris":"1.500,00&nbsp;kr","Availability":"In stock"},"schema":{"@context":"https:\/\/schema.org","@graph":[{"@type":"WebPage","@id":"https:\/\/www.handdukstorkar.se\/shop\/ventiler-termostater\/ventiler-til-haandklaedetoerrer-ventiler-termostater\/messing\/portnd-ventiler-vinklet-i-messing\/","url":"https:\/\/www.handdukstorkar.se\/shop\/ventiler-termostater\/ventiler-til-haandklaedetoerrer-ventiler-termostater\/messing\/portnd-ventiler-vinklet-i-messing\/","name":"Portland vinklad ventilsats i m\u00e4ssing - Handdukstorkar.se","isPartOf":{"@id":"https:\/\/www.handdukstorkar.se\/sv\/#website"},"primaryImageOfPage":{"@id":"https:\/\/www.handdukstorkar.se\/shop\/ventiler-termostater\/ventiler-til-haandklaedetoerrer-ventiler-termostater\/messing\/portnd-ventiler-vinklet-i-messing\/#primaryimage"},"image":{"@id":"https:\/\/www.handdukstorkar.se\/shop\/ventiler-termostater\/ventiler-til-haandklaedetoerrer-ventiler-termostater\/messing\/portnd-ventiler-vinklet-i-messing\/#primaryimage"},"thumbnailUrl":"https:\/\/www.handdukstorkar.se\/wp-content\/uploads\/2025\/08\/Portland-vinklet-messing-02-e1754598267728.png","datePublished":"2019-07-17T09:41:58+00:00","dateModified":"2026-04-27T09:55:36+00:00","breadcrumb":{"@id":"https:\/\/www.handdukstorkar.se\/shop\/ventiler-termostater\/ventiler-til-haandklaedetoerrer-ventiler-termostater\/messing\/portnd-ventiler-vinklet-i-messing\/#breadcrumb"},"inLanguage":"sv-SE","potentialAction":[{"@type":"ReadAction","target":["https:\/\/www.handdukstorkar.se\/shop\/ventiler-termostater\/ventiler-til-haandklaedetoerrer-ventiler-termostater\/messing\/portnd-ventiler-vinklet-i-messing\/"]}]},{"@type":"ImageObject","inLanguage":"sv-SE","@id":"https:\/\/www.handdukstorkar.se\/shop\/ventiler-termostater\/ventiler-til-haandklaedetoerrer-ventiler-termostater\/messing\/portnd-ventiler-vinklet-i-messing\/#primaryimage","url":"https:\/\/www.handdukstorkar.se\/wp-content\/uploads\/2025\/08\/Portland-vinklet-messing-02-e1754598267728.png","contentUrl":"https:\/\/www.handdukstorkar.se\/wp-content\/uploads\/2025\/08\/Portland-vinklet-messing-02-e1754598267728.png","width":976,"height":1024},{"@type":"BreadcrumbList","@id":"https:\/\/www.handdukstorkar.se\/shop\/ventiler-termostater\/ventiler-til-haandklaedetoerrer-ventiler-termostater\/messing\/portnd-ventiler-vinklet-i-messing\/#breadcrumb","itemListElement":[{"@type":"ListItem","position":1,"name":"Home","item":"https:\/\/www.handdukstorkar.se\/sv\/"},{"@type":"ListItem","position":2,"name":"Shop","item":"https:\/\/www.handdukstorkar.se\/sv\/butik\/"},{"@type":"ListItem","position":3,"name":"Portland vinklet ventils\u00e6t i messing"}]},{"@type":"WebSite","@id":"https:\/\/www.handdukstorkar.se\/sv\/#website","url":"https:\/\/www.handdukstorkar.se\/sv\/","name":"Handdukstork.se","description":"Danmarks st\u00f6rsta utbud av handdukstorkar","publisher":{"@id":"https:\/\/www.handdukstorkar.se\/sv\/#organization"},"potentialAction":[{"@type":"SearchAction","target":{"@type":"EntryPoint","urlTemplate":"https:\/\/www.handdukstorkar.se\/sv\/?s={search_term_string}"},"query-input":{"@type":"PropertyValueSpecification","valueRequired":true,"valueName":"search_term_string"}}],"inLanguage":"sv-SE"},{"@type":"Organization","@id":"https:\/\/www.handdukstorkar.se\/sv\/#organization","name":"H\u00e5ndkladetorrer.dk","url":"https:\/\/www.handdukstorkar.se\/sv\/","logo":{"@type":"ImageObject","inLanguage":"sv-SE","@id":"https:\/\/www.handdukstorkar.se\/sv\/#\/schema\/logo\/image\/","url":"https:\/\/www.handdukstorkar.se\/wp-content\/uploads\/2019\/06\/logo-1.png","contentUrl":"https:\/\/www.handdukstorkar.se\/wp-content\/uploads\/2019\/06\/logo-1.png","width":300,"height":45,"caption":"H\u00e5ndkl\u00e6det\u00f8rrer.dk"},"image":{"@id":"https:\/\/www.handdukstorkar.se\/sv\/#\/schema\/logo\/image\/"}}]},"product_price_amount":"1500.00","product_price_currency":"SEK","og_availability":"instock","product_availability":"instock","product_retailer_item_id":"70008","product_condition":"new"},"jetpack_sharing_enabled":true,"_links":{"self":[{"href":"https:\/\/www.handdukstorkar.se\/sv\/wp-json\/wp\/v2\/product\/39237","targetHints":{"allow":["GET"]}}],"collection":[{"href":"https:\/\/www.handdukstorkar.se\/sv\/wp-json\/wp\/v2\/product"}],"about":[{"href":"https:\/\/www.handdukstorkar.se\/sv\/wp-json\/wp\/v2\/types\/product"}],"version-history":[{"count":0,"href":"https:\/\/www.handdukstorkar.se\/sv\/wp-json\/wp\/v2\/product\/39237\/revisions"}],"wp:featuredmedia":[{"embeddable":true,"href":"https:\/\/www.handdukstorkar.se\/sv\/wp-json\/wp\/v2\/media\/16372912104"}],"wp:attachment":[{"href":"https:\/\/www.handdukstorkar.se\/sv\/wp-json\/wp\/v2\/media?parent=39237"}],"wp:term":[{"taxonomy":"product_brand","embeddable":true,"href":"https:\/\/www.handdukstorkar.se\/sv\/wp-json\/wp\/v2\/product_brand?post=39237"},{"taxonomy":"product_cat","embeddable":true,"href":"https:\/\/www.handdukstorkar.se\/sv\/wp-json\/wp\/v2\/product_cat?post=39237"},{"taxonomy":"product_tag","embeddable":true,"href":"https:\/\/www.handdukstorkar.se\/sv\/wp-json\/wp\/v2\/product_tag?post=39237"}],"curies":[{"name":"wp","href":"https:\/\/api.w.org\/{rel}","templated":true}]}}