


{"id":43008,"date":"2019-08-08T20:48:31","date_gmt":"2019-08-08T19:48:31","guid":{"rendered":"http:\/\/www.handdukstorkar.se\/?post_type=product&#038;p=43008"},"modified":"2026-05-05T10:06:58","modified_gmt":"2026-05-05T09:06:58","slug":"portland-rakt-nivaaventilsate-i-krom","status":"publish","type":"product","link":"https:\/\/www.handdukstorkar.se\/sv\/shop\/ventiler-termostater\/ventiler-til-haandklaedetoerrer-ventiler-termostater\/krom-ventiler-ventiler-til-haandklaedetoerrer-ventiler-termostater\/portland-ligeloebene-ventilsaet-i-krom\/","title":{"rendered":"Portland rak ventilsats i krom"},"content":{"rendered":"<table>\n<thead>\n<tr>\n<th><span style=\"color: #808080;\">Fungera<\/span><\/th>\n<th><span style=\"color: #808080;\">Rak ventilsats<\/span><\/th>\n<th><span style=\"color: #808080;\">Vinklad ventilsats<\/span><\/th>\n<th><span style=\"color: #808080;\">H\u00f6rnventilsats<\/span><\/th>\n<\/tr>\n<\/thead>\n<tbody>\n<tr>\n<td><span style=\"color: #808080;\"><strong>Rekommenderad r\u00f6rledning<\/strong><\/span><\/td>\n<td><span style=\"color: #808080;\">Fr\u00e5n golvet<\/span><\/td>\n<td><span style=\"color: #808080;\">Fr\u00e5n v\u00e4ggen<\/span><\/td>\n<td><span style=\"color: #808080;\">Fr\u00e5n v\u00e4ggen<\/span><\/td>\n<\/tr>\n<tr>\n<td><span style=\"color: #808080;\"><strong>Kompatibilitet<\/strong><\/span><\/td>\n<td><span style=\"color: #808080;\">Handduksv\u00e4rmare och element<\/span><\/td>\n<td><span style=\"color: #808080;\">Handduksv\u00e4rmare och element<\/span><\/td>\n<td><span style=\"color: #808080;\">Handduksv\u00e4rmare och element<\/span><\/td>\n<\/tr>\n<tr>\n<td><span style=\"color: #808080;\"><strong>Setets inneh\u00e5ll<\/strong><\/span><\/td>\n<td><span style=\"color: #808080;\">Reglerventil, avst\u00e4ngningsventil (<em>med eller utan rums- eller returtermostat, beroende p\u00e5 vald modell<\/em>)<\/span><\/td>\n<td><span style=\"color: #808080;\">Reglerventil, avst\u00e4ngningsventil (<em>med eller utan rums- eller returtermostat, beroende p\u00e5 vald modell<\/em>)<\/span><\/td>\n<td><span style=\"color: #808080;\">Reglerventil, avst\u00e4ngningsventil (<em>med eller utan rums- eller returtermostat, beroende p\u00e5 vald modell<\/em>)<\/span><\/td>\n<\/tr>\n<tr>\n<td><span style=\"color: #808080;\"><strong>Godk\u00e4nnanden<\/strong><\/span><\/td>\n<td><span style=\"color: #808080;\">EN 215, BS 2767-10<\/span><\/td>\n<td><span style=\"color: #808080;\">EN 215, BS 2767-10<\/span><\/td>\n<td><span style=\"color: #808080;\">EN 215, BS 2767-10<\/span><\/td>\n<\/tr>\n<tr>\n<td><span style=\"color: #808080;\"><strong>Specialfunktioner<\/strong><\/span><\/td>\n<td><span style=\"color: #808080;\">Dubbelriktad ventilkropp, frysskydd, funktion f\u00f6r omr\u00e5desbegr\u00e4nsning<\/span><\/td>\n<td><span style=\"color: #808080;\">Dubbelriktad ventilkropp, frysskydd, funktion f\u00f6r omr\u00e5desbegr\u00e4nsning<\/span><\/td>\n<td><span style=\"color: #808080;\">Dubbelriktad ventilkropp, frysskydd, funktion f\u00f6r omr\u00e5desbegr\u00e4nsning<\/span><\/td>\n<\/tr>\n<tr>\n<td><span style=\"color: #808080;\"><strong>Montering<\/strong><\/span><\/td>\n<td><span style=\"color: #808080;\">\u00d6verg\u00e5ng till 15 mm kopparr\u00f6r ing\u00e5r. Termostat monteras p\u00e5 <strong>fram\u00e5tfl\u00f6de<\/strong> eller <strong>\u00e5terv\u00e4nda<\/strong>, beroende p\u00e5 ventiltyp (RTL-retur eller standard)<\/span><\/td>\n<td><span style=\"color: #808080;\">Ansluts till kopplingsdosa RG \u00bd\u201d \/ \u00bd\u201d hylsa. Termostaten \u00e4r monterad p\u00e5 <strong>fram\u00e5tfl\u00f6de<\/strong> eller <strong>\u00e5terv\u00e4nda<\/strong>, beroende p\u00e5 ventiltyp. R\u00f6r och rosetter ing\u00e5r.<\/span><\/td>\n<td><span style=\"color: #808080;\">Ansluts till kopplingsdosa RG \u00bd\u201d \/ \u00bd\u201d hylsa. Termostaten \u00e4r monterad p\u00e5 <strong>fram\u00e5tfl\u00f6de<\/strong> eller <strong>\u00e5terv\u00e4nda<\/strong>, beroende p\u00e5 ventiltyp. R\u00f6r och rosetter ing\u00e5r.<\/span><\/td>\n<\/tr>\n<\/tbody>\n<\/table>","protected":false},"excerpt":{"rendered":"<p><span style=\"color: #808080;\"><strong data-start=\"234\" data-end=\"262\">V\u00e4lj r\u00e4tt ventil\/termostat f\u00f6r ditt system<br \/>\n<\/strong><strong>Med eller utan termostat:<\/strong><\/span><br data-start=\"295\" data-end=\"298\" \/><span style=\"color: #808080;\">Alla v\u00e5ra ventilsatser \u2014 <strong data-start=\"321\" data-end=\"352\">rak, vinklad eller h\u00f6rnformad<\/strong> \u2014 tillg\u00e4ngligt b\u00e5de <em data-start=\"364\" data-end=\"369\">med<\/em> och <em data-start=\"373\" data-end=\"379\">utan<\/em> rumstermostat eller RTL-returtermostat.<\/span><br data-start=\"418\" data-end=\"421\" \/><span style=\"color: #808080;\">V\u00e4lj den modell som passar din installation och ditt v\u00e4rmesystem.<\/span><\/p>\n<p><span style=\"color: #808080;\"><strong style=\"font-size: 1rem;\" data-start=\"497\" data-end=\"519\">Tilluftstermostat:<\/strong><span style=\"font-size: 1rem;\"> Monterad p\u00e5 fl\u00f6det f\u00f6r snabb och exakt reglering.<br \/>\n<\/span><strong style=\"font-size: 1rem;\" data-start=\"733\" data-end=\"777\">Endast styr- och avst\u00e4ngningsventiler:<\/strong><span style=\"font-size: 1rem;\"> L\u00e4mplig om du redan har termostatstyrning n\u00e5gon annanstans i systemet.<\/span><\/span><\/p>\n<p><span style=\"color: #808080;\"><strong data-start=\"395\" data-end=\"318\">RTL-returtermostat:<\/strong><\/span><\/p>\n<p><span style=\"color: #808080;\"><strong style=\"font-size: 1rem;\" data-start=\"420\" data-end=\"455\">Vad \u00e4r en RTL-returtermostat?<br \/>\n<\/strong><span style=\"font-size: 1rem;\">En RTL (<\/span><em style=\"font-size: 1rem;\" data-start=\"466\" data-end=\"494\">Returtemperaturbegr\u00e4nsare<\/em><span style=\"font-size: 1rem;\">) returtermostaten \u00e4r monterad p\u00e5 <\/span><strong style=\"font-size: 1rem;\" data-start=\"523\" data-end=\"537\">returr\u00f6ret<\/strong><span style=\"font-size: 1rem;\"> f\u00f6r handdukstorken. Den anv\u00e4nds n\u00e4r du har:<\/span><\/span><\/p>\n<p><span style=\"color: #808080;\"><strong data-start=\"593\" data-end=\"615\">Golvv\u00e4rme i rummet<\/strong>och din handdukstork \u00e4r anslutna till samma krets.<\/span><br \/>\n<span style=\"color: #808080;\">Ett system med <strong data-start=\"685\" data-end=\"699\">fj\u00e4rrv\u00e4rme<\/strong>d\u00e4r du beh\u00f6ver s\u00e4kerst\u00e4lla ordentlig kylning.<\/span><\/p>\n<p><span style=\"color: #808080;\"><span style=\"font-size: 1rem;\">En RTL-returtermostat s\u00e4kerst\u00e4ller att <\/span><strong style=\"font-size: 1rem;\" data-start=\"779\" data-end=\"817\">handdukstorken kan avge v\u00e4rme<\/strong><span style=\"font-size: 1rem;\">, trots att golvv\u00e4rmen i rummet redan h\u00e5ller temperaturen. Utan en RTL-returtermostat kan handdukstorken st\u00e4ngas av eftersom rumstermostaten m\u00e4ter tillr\u00e4ckligt med v\u00e4rme i rummet. Med en RTL-returtermostat kan du h\u00e5lla en stabil temperatur p\u00e5 handdukstorken \u2013 oberoende av golvv\u00e4rmen.<br \/>\n<\/span><strong style=\"font-size: 1.125rem;\" data-start=\"1116\" data-end=\"455\"><br \/>\nN\u00e4r ska man v\u00e4lja en RTL-returtermostat?<\/strong><\/span><\/p>\n<p><span style=\"font-size: 1rem;\">N\u00e4r du har <\/span><strong style=\"font-size: 1rem;\" data-start=\"1178\" data-end=\"1224\">handdukstork ansluten till golvv\u00e4rmekretsen<\/strong><span style=\"font-size: 1rem;\">, och du vill se till att handdukstorken inte p\u00e5verkas av rummets golvtemperatur.<br \/>\n<\/span><span style=\"font-size: 1rem;\">N\u00e4r du har <\/span><strong style=\"font-size: 1rem;\" data-start=\"1328\" data-end=\"1342\">fj\u00e4rrv\u00e4rme<\/strong><span style=\"font-size: 1rem;\">, och returvattnet m\u00e5ste h\u00e5llas vid en stabil temperatur f\u00f6r att uppfylla kylbehovet.<br \/>\n<\/span><span style=\"font-size: 1rem;\">N\u00e4r du vill <\/span><strong style=\"font-size: 1rem;\" data-start=\"1448\" data-end=\"1468\">varma handdukar<\/strong><span style=\"font-size: 1rem;\">, \u00e4ven om rumstemperaturen \u00e4r tillr\u00e4ckligt h\u00f6g via golvv\u00e4rmen.<\/span><\/p>\n<hr data-start=\"849\" data-end=\"852\" \/>\n<p><span style=\"color: #808080;\"><strong data-start=\"856\" data-end=\"872\">F\u00f6rbindelse:<\/strong><\/span><br data-start=\"872\" data-end=\"875\" \/><span style=\"color: #808080;\">Alla ventilsatser \u00e4r konstruerade f\u00f6r anslutning till kopplingsdosor. <strong data-start=\"935\" data-end=\"955\">RG \u00bd\u201d \/ \u00bd\u201d hylsa<\/strong> \u2014 ingen \u00f6verg\u00e5ng f\u00f6r fria kopparr\u00f6r f\u00f6r raka ventilsatser ing\u00e5r.<\/span><\/p>\n<hr data-start=\"1007\" data-end=\"1010\" \/>\n<p><span style=\"color: #808080;\"><em data-start=\"1015\" data-end=\"1021\">Dricks:<\/em> Om du har n\u00e5gra fr\u00e5gor, kontakta oss \u2013 vi hj\u00e4lper dig g\u00e4rna att v\u00e4lja r\u00e4tt ventilsats f\u00f6r din installation!<\/span><\/p>","protected":false},"featured_media":16372912113,"template":"","meta":[],"product_brand":[],"product_cat":[1414,1413],"product_tag":[],"class_list":{"0":"post-43008","1":"product","2":"type-product","3":"status-publish","4":"has-post-thumbnail","6":"product_cat-krom-ventiler-ventiler-til-haandklaedetoerrer-ventiler-termostater","7":"product_cat-ventiler-til-haandklaedetoerrer-ventiler-termostater","8":"pa_farve-krom","9":"pa_finish-krom","10":"pa_leverings_tid-1-2dage","11":"pa_manufacturer-vario-term","13":"first","14":"instock","15":"sale","16":"taxable","17":"shipping-taxable","18":"purchasable","19":"product-type-simple"},"yoast_head":"<!-- This site is optimized with the Yoast SEO Premium plugin v27.1 (Yoast SEO v27.1.1) - https:\/\/yoast.com\/product\/yoast-seo-premium-wordpress\/ -->\n<title>Portland ligel\u00f8bene ventils\u00e6t i krom - Handdukstorkar.se<\/title>\n<meta name=\"robots\" content=\"index, follow, max-snippet:-1, max-image-preview:large, max-video-preview:-1\" \/>\n<link rel=\"canonical\" href=\"https:\/\/www.handdukstorkar.se\/sv\/butik\/ventiler-termostater\/ventiler-for-handduksvarmare-ventiler-termostater-3\/kromventiler-ventiler-for-handdukstorkar-ventiler-termostater-3\/portland-rakt-nivaaventilsate-i-krom\/\" \/>\n<meta property=\"og:locale\" content=\"sv_SE\" \/>\n<meta property=\"og:type\" content=\"article\" \/>\n<meta property=\"og:title\" content=\"Portland ligel\u00f8bene ventils\u00e6t i krom\" \/>\n<meta property=\"og:description\" content=\"V\u00e6lg den rigtige ventil\/termostat til dit system Med eller uden termostat:Alle vores ventils\u00e6t \u2014 lige, vinklede eller corner \u2014 f\u00e5s b\u00e5de med og uden rumtermostat eller RTL-returtermostat.V\u00e6lg den model, der passer til din installation og dit varmesystem.  Freml\u00f8bstermostat: Monteres p\u00e5 freml\u00f8bet for hurtig og pr\u00e6cis regulering. Kun regulerings- og afsp\u00e6rringsventiler: Velegnet hvis du allerede har termostatstyring andetsteds i systemet.  RTL-retur termostat:  Hvad er en RTL-retur termostat? En RTL (Return Temperature Limiter) returtermostat monteres p\u00e5 returr\u00f8ret til h\u00e5ndkl\u00e6det\u00f8rreren. Den bruges, n\u00e5r du har:  Gulvvarme i rummet, og din h\u00e5ndkl\u00e6det\u00f8rrer tilsluttes samme kreds. Et system med fjernvarme, hvor du skal sikre korrekt afk\u00f8ling.  En RTL-retur termostat s\u00f8rger for, at h\u00e5ndkl\u00e6det\u00f8rreren kan afgive varme, selvom gulvvarmen i rummet allerede holder temperaturen oppe. Uden en RTL-retur termostat kan h\u00e5ndkl\u00e6det\u00f8rreren lukke ned, fordi rumtermostaten m\u00e5ler nok varme i rummet. Med en RTL-retur termostat kan du opretholde en stabil temperatur p\u00e5 h\u00e5ndkl\u00e6det\u00f8rreren \u2014 uafh\u00e6ngigt af gulvvarmen.  Hvorn\u00e5r v\u00e6lger man en RTL-retur termostat?  N\u00e5r du har h\u00e5ndkl\u00e6det\u00f8rrer koblet p\u00e5 gulvvarmekredsen, og du vil sikre, at h\u00e5ndkl\u00e6det\u00f8rreren ikke bliver p\u00e5virket af rummets gulvtemperatur. N\u00e5r du har fjernvarme, og returvandet skal holdes p\u00e5 en stabil temperatur for at opfylde krav til afk\u00f8ling. N\u00e5r du \u00f8nsker varme h\u00e5ndkl\u00e6der, selvom rummets temperatur er h\u00f8j nok via gulvvarmen.    Tilslutning:Alle ventils\u00e6t er beregnet til tilslutning til koblingsd\u00e5se RG \u00bd&quot; \/ \u00bd&quot; muffe \u2014 der medf\u00f8lger ikke overgang til frie kobberr\u00f8r til lige ventils\u00e6t.    Tip: Er du i tvivl? Kontakt os \u2014 vi hj\u00e6lper dig gerne med at v\u00e6lge det rigtige ventils\u00e6t til din installation!\" \/>\n<meta property=\"og:url\" content=\"https:\/\/www.handdukstorkar.se\/sv\/butik\/ventiler-termostater\/ventiler-for-handduksvarmare-ventiler-termostater-3\/kromventiler-ventiler-for-handdukstorkar-ventiler-termostater-3\/portland-rakt-nivaaventilsate-i-krom\/\" \/>\n<meta property=\"og:site_name\" content=\"Handdukstorkar.se\" \/>\n<meta property=\"article:modified_time\" content=\"2026-05-05T09:06:58+00:00\" \/>\n<meta property=\"og:image\" content=\"http:\/\/www.handdukstorkar.se\/wp-content\/uploads\/2025\/08\/HTZIS02_FP-e1751916834373.png\" \/>\n\t<meta property=\"og:image:width\" content=\"1080\" \/>\n\t<meta property=\"og:image:height\" content=\"1323\" \/>\n\t<meta property=\"og:image:type\" content=\"image\/png\" \/>\n<meta name=\"twitter:card\" content=\"summary_large_image\" \/>\n<meta name=\"twitter:label1\" content=\"Pris\" \/>\n\t<meta name=\"twitter:data1\" content=\"1.000,00&nbsp;kr\" \/>\n\t<meta name=\"twitter:label2\" content=\"Availability\" \/>\n\t<meta name=\"twitter:data2\" content=\"In stock\" \/>\n<script type=\"application\/ld+json\" class=\"yoast-schema-graph\">{\"@context\":\"https:\/\/schema.org\",\"@graph\":[{\"@type\":\"WebPage\",\"@id\":\"https:\/\/www.handdukstorkar.se\/shop\/ventiler-termostater\/ventiler-til-haandklaedetoerrer-ventiler-termostater\/krom-ventiler-ventiler-til-haandklaedetoerrer-ventiler-termostater\/portland-ligeloebene-ventilsaet-i-krom\/\",\"url\":\"https:\/\/www.handdukstorkar.se\/shop\/ventiler-termostater\/ventiler-til-haandklaedetoerrer-ventiler-termostater\/krom-ventiler-ventiler-til-haandklaedetoerrer-ventiler-termostater\/portland-ligeloebene-ventilsaet-i-krom\/\",\"name\":\"Portland ligel\u00f8bene ventils\u00e6t i krom - Handdukstorkar.se\",\"isPartOf\":{\"@id\":\"https:\/\/www.handdukstorkar.se\/sv\/#website\"},\"primaryImageOfPage\":{\"@id\":\"https:\/\/www.handdukstorkar.se\/shop\/ventiler-termostater\/ventiler-til-haandklaedetoerrer-ventiler-termostater\/krom-ventiler-ventiler-til-haandklaedetoerrer-ventiler-termostater\/portland-ligeloebene-ventilsaet-i-krom\/#primaryimage\"},\"image\":{\"@id\":\"https:\/\/www.handdukstorkar.se\/shop\/ventiler-termostater\/ventiler-til-haandklaedetoerrer-ventiler-termostater\/krom-ventiler-ventiler-til-haandklaedetoerrer-ventiler-termostater\/portland-ligeloebene-ventilsaet-i-krom\/#primaryimage\"},\"thumbnailUrl\":\"https:\/\/www.handdukstorkar.se\/wp-content\/uploads\/2025\/08\/HTZIS02_FP-e1751916834373.png\",\"datePublished\":\"2019-08-08T19:48:31+00:00\",\"dateModified\":\"2026-05-05T09:06:58+00:00\",\"breadcrumb\":{\"@id\":\"https:\/\/www.handdukstorkar.se\/shop\/ventiler-termostater\/ventiler-til-haandklaedetoerrer-ventiler-termostater\/krom-ventiler-ventiler-til-haandklaedetoerrer-ventiler-termostater\/portland-ligeloebene-ventilsaet-i-krom\/#breadcrumb\"},\"inLanguage\":\"sv-SE\",\"potentialAction\":[{\"@type\":\"ReadAction\",\"target\":[\"https:\/\/www.handdukstorkar.se\/shop\/ventiler-termostater\/ventiler-til-haandklaedetoerrer-ventiler-termostater\/krom-ventiler-ventiler-til-haandklaedetoerrer-ventiler-termostater\/portland-ligeloebene-ventilsaet-i-krom\/\"]}]},{\"@type\":\"ImageObject\",\"inLanguage\":\"sv-SE\",\"@id\":\"https:\/\/www.handdukstorkar.se\/shop\/ventiler-termostater\/ventiler-til-haandklaedetoerrer-ventiler-termostater\/krom-ventiler-ventiler-til-haandklaedetoerrer-ventiler-termostater\/portland-ligeloebene-ventilsaet-i-krom\/#primaryimage\",\"url\":\"https:\/\/www.handdukstorkar.se\/wp-content\/uploads\/2025\/08\/HTZIS02_FP-e1751916834373.png\",\"contentUrl\":\"https:\/\/www.handdukstorkar.se\/wp-content\/uploads\/2025\/08\/HTZIS02_FP-e1751916834373.png\",\"width\":1080,\"height\":1323},{\"@type\":\"BreadcrumbList\",\"@id\":\"https:\/\/www.handdukstorkar.se\/shop\/ventiler-termostater\/ventiler-til-haandklaedetoerrer-ventiler-termostater\/krom-ventiler-ventiler-til-haandklaedetoerrer-ventiler-termostater\/portland-ligeloebene-ventilsaet-i-krom\/#breadcrumb\",\"itemListElement\":[{\"@type\":\"ListItem\",\"position\":1,\"name\":\"Home\",\"item\":\"https:\/\/www.handdukstorkar.se\/sv\/\"},{\"@type\":\"ListItem\",\"position\":2,\"name\":\"Shop\",\"item\":\"https:\/\/www.handdukstorkar.se\/sv\/butik\/\"},{\"@type\":\"ListItem\",\"position\":3,\"name\":\"Portland ligel\u00f8bene ventils\u00e6t i krom\"}]},{\"@type\":\"WebSite\",\"@id\":\"https:\/\/www.handdukstorkar.se\/sv\/#website\",\"url\":\"https:\/\/www.handdukstorkar.se\/sv\/\",\"name\":\"Handdukstorkar.se\",\"description\":\"Danmarks st\u00f8rste udvalg af h\u00e5ndkl\u00e6det\u00f8rrer\",\"publisher\":{\"@id\":\"https:\/\/www.handdukstorkar.se\/sv\/#organization\"},\"potentialAction\":[{\"@type\":\"SearchAction\",\"target\":{\"@type\":\"EntryPoint\",\"urlTemplate\":\"https:\/\/www.handdukstorkar.se\/sv\/?s={search_term_string}\"},\"query-input\":{\"@type\":\"PropertyValueSpecification\",\"valueRequired\":true,\"valueName\":\"search_term_string\"}}],\"inLanguage\":\"sv-SE\"},{\"@type\":\"Organization\",\"@id\":\"https:\/\/www.handdukstorkar.se\/sv\/#organization\",\"name\":\"H\u00e5ndkl\u00e6det\u00f8rrer.dk\",\"url\":\"https:\/\/www.handdukstorkar.se\/sv\/\",\"logo\":{\"@type\":\"ImageObject\",\"inLanguage\":\"sv-SE\",\"@id\":\"https:\/\/www.handdukstorkar.se\/sv\/#\/schema\/logo\/image\/\",\"url\":\"https:\/\/www.handdukstorkar.se\/wp-content\/uploads\/2019\/06\/logo-1.png\",\"contentUrl\":\"https:\/\/www.handdukstorkar.se\/wp-content\/uploads\/2019\/06\/logo-1.png\",\"width\":300,\"height\":45,\"caption\":\"H\u00e5ndkl\u00e6det\u00f8rrer.dk\"},\"image\":{\"@id\":\"https:\/\/www.handdukstorkar.se\/sv\/#\/schema\/logo\/image\/\"}}]}<\/script>\n<meta property=\"product:price:amount\" content=\"1000.00\" \/>\n<meta property=\"product:price:currency\" content=\"SEK\" \/>\n<meta property=\"og:availability\" content=\"instock\" \/>\n<meta property=\"product:availability\" content=\"instock\" \/>\n<meta property=\"product:retailer_item_id\" content=\"70001\" \/>\n<meta property=\"product:condition\" content=\"new\" \/>\n<!-- \/ Yoast SEO Premium plugin. -->","yoast_head_json":{"title":"Portland rak ventilsats i krom - Handdukstorkar.se","robots":{"index":"index","follow":"follow","max-snippet":"max-snippet:-1","max-image-preview":"max-image-preview:large","max-video-preview":"max-video-preview:-1"},"canonical":"https:\/\/www.handdukstorkar.se\/sv\/butik\/ventiler-termostater\/ventiler-for-handduksvarmare-ventiler-termostater-3\/kromventiler-ventiler-for-handdukstorkar-ventiler-termostater-3\/portland-rakt-nivaaventilsate-i-krom\/","og_locale":"sv_SE","og_type":"article","og_title":"Portland ligel\u00f8bene ventils\u00e6t i krom","og_description":"V\u00e6lg den rigtige ventil\/termostat til dit system Med eller uden termostat:Alle vores ventils\u00e6t \u2014 lige, vinklede eller corner \u2014 f\u00e5s b\u00e5de med og uden rumtermostat eller RTL-returtermostat.V\u00e6lg den model, der passer til din installation og dit varmesystem.  Freml\u00f8bstermostat: Monteres p\u00e5 freml\u00f8bet for hurtig og pr\u00e6cis regulering. Kun regulerings- og afsp\u00e6rringsventiler: Velegnet hvis du allerede har termostatstyring andetsteds i systemet.  RTL-retur termostat:  Hvad er en RTL-retur termostat? En RTL (Return Temperature Limiter) returtermostat monteres p\u00e5 returr\u00f8ret til h\u00e5ndkl\u00e6det\u00f8rreren. Den bruges, n\u00e5r du har:  Gulvvarme i rummet, og din h\u00e5ndkl\u00e6det\u00f8rrer tilsluttes samme kreds. Et system med fjernvarme, hvor du skal sikre korrekt afk\u00f8ling.  En RTL-retur termostat s\u00f8rger for, at h\u00e5ndkl\u00e6det\u00f8rreren kan afgive varme, selvom gulvvarmen i rummet allerede holder temperaturen oppe. Uden en RTL-retur termostat kan h\u00e5ndkl\u00e6det\u00f8rreren lukke ned, fordi rumtermostaten m\u00e5ler nok varme i rummet. Med en RTL-retur termostat kan du opretholde en stabil temperatur p\u00e5 h\u00e5ndkl\u00e6det\u00f8rreren \u2014 uafh\u00e6ngigt af gulvvarmen.  Hvorn\u00e5r v\u00e6lger man en RTL-retur termostat?  N\u00e5r du har h\u00e5ndkl\u00e6det\u00f8rrer koblet p\u00e5 gulvvarmekredsen, og du vil sikre, at h\u00e5ndkl\u00e6det\u00f8rreren ikke bliver p\u00e5virket af rummets gulvtemperatur. N\u00e5r du har fjernvarme, og returvandet skal holdes p\u00e5 en stabil temperatur for at opfylde krav til afk\u00f8ling. N\u00e5r du \u00f8nsker varme h\u00e5ndkl\u00e6der, selvom rummets temperatur er h\u00f8j nok via gulvvarmen.    Tilslutning:Alle ventils\u00e6t er beregnet til tilslutning til koblingsd\u00e5se RG \u00bd\" \/ \u00bd\" muffe \u2014 der medf\u00f8lger ikke overgang til frie kobberr\u00f8r til lige ventils\u00e6t.    Tip: Er du i tvivl? Kontakt os \u2014 vi hj\u00e6lper dig gerne med at v\u00e6lge det rigtige ventils\u00e6t til din installation!","og_url":"https:\/\/www.handdukstorkar.se\/sv\/butik\/ventiler-termostater\/ventiler-for-handduksvarmare-ventiler-termostater-3\/kromventiler-ventiler-for-handdukstorkar-ventiler-termostater-3\/portland-rakt-nivaaventilsate-i-krom\/","og_site_name":"Handdukstorkar.se","article_modified_time":"2026-05-05T09:06:58+00:00","og_image":[{"width":1080,"height":1323,"url":"http:\/\/www.handdukstorkar.se\/wp-content\/uploads\/2025\/08\/HTZIS02_FP-e1751916834373.png","type":"image\/png"}],"twitter_card":"summary_large_image","twitter_misc":{"Pris":"1.000,00&nbsp;kr","Availability":"In stock"},"schema":{"@context":"https:\/\/schema.org","@graph":[{"@type":"WebPage","@id":"https:\/\/www.handdukstorkar.se\/shop\/ventiler-termostater\/ventiler-til-haandklaedetoerrer-ventiler-termostater\/krom-ventiler-ventiler-til-haandklaedetoerrer-ventiler-termostater\/portland-ligeloebene-ventilsaet-i-krom\/","url":"https:\/\/www.handdukstorkar.se\/shop\/ventiler-termostater\/ventiler-til-haandklaedetoerrer-ventiler-termostater\/krom-ventiler-ventiler-til-haandklaedetoerrer-ventiler-termostater\/portland-ligeloebene-ventilsaet-i-krom\/","name":"Portland rak ventilsats i krom - Handdukstorkar.se","isPartOf":{"@id":"https:\/\/www.handdukstorkar.se\/sv\/#website"},"primaryImageOfPage":{"@id":"https:\/\/www.handdukstorkar.se\/shop\/ventiler-termostater\/ventiler-til-haandklaedetoerrer-ventiler-termostater\/krom-ventiler-ventiler-til-haandklaedetoerrer-ventiler-termostater\/portland-ligeloebene-ventilsaet-i-krom\/#primaryimage"},"image":{"@id":"https:\/\/www.handdukstorkar.se\/shop\/ventiler-termostater\/ventiler-til-haandklaedetoerrer-ventiler-termostater\/krom-ventiler-ventiler-til-haandklaedetoerrer-ventiler-termostater\/portland-ligeloebene-ventilsaet-i-krom\/#primaryimage"},"thumbnailUrl":"https:\/\/www.handdukstorkar.se\/wp-content\/uploads\/2025\/08\/HTZIS02_FP-e1751916834373.png","datePublished":"2019-08-08T19:48:31+00:00","dateModified":"2026-05-05T09:06:58+00:00","breadcrumb":{"@id":"https:\/\/www.handdukstorkar.se\/shop\/ventiler-termostater\/ventiler-til-haandklaedetoerrer-ventiler-termostater\/krom-ventiler-ventiler-til-haandklaedetoerrer-ventiler-termostater\/portland-ligeloebene-ventilsaet-i-krom\/#breadcrumb"},"inLanguage":"sv-SE","potentialAction":[{"@type":"ReadAction","target":["https:\/\/www.handdukstorkar.se\/shop\/ventiler-termostater\/ventiler-til-haandklaedetoerrer-ventiler-termostater\/krom-ventiler-ventiler-til-haandklaedetoerrer-ventiler-termostater\/portland-ligeloebene-ventilsaet-i-krom\/"]}]},{"@type":"ImageObject","inLanguage":"sv-SE","@id":"https:\/\/www.handdukstorkar.se\/shop\/ventiler-termostater\/ventiler-til-haandklaedetoerrer-ventiler-termostater\/krom-ventiler-ventiler-til-haandklaedetoerrer-ventiler-termostater\/portland-ligeloebene-ventilsaet-i-krom\/#primaryimage","url":"https:\/\/www.handdukstorkar.se\/wp-content\/uploads\/2025\/08\/HTZIS02_FP-e1751916834373.png","contentUrl":"https:\/\/www.handdukstorkar.se\/wp-content\/uploads\/2025\/08\/HTZIS02_FP-e1751916834373.png","width":1080,"height":1323},{"@type":"BreadcrumbList","@id":"https:\/\/www.handdukstorkar.se\/shop\/ventiler-termostater\/ventiler-til-haandklaedetoerrer-ventiler-termostater\/krom-ventiler-ventiler-til-haandklaedetoerrer-ventiler-termostater\/portland-ligeloebene-ventilsaet-i-krom\/#breadcrumb","itemListElement":[{"@type":"ListItem","position":1,"name":"Home","item":"https:\/\/www.handdukstorkar.se\/sv\/"},{"@type":"ListItem","position":2,"name":"Shop","item":"https:\/\/www.handdukstorkar.se\/sv\/butik\/"},{"@type":"ListItem","position":3,"name":"Portland ligel\u00f8bene ventils\u00e6t i krom"}]},{"@type":"WebSite","@id":"https:\/\/www.handdukstorkar.se\/sv\/#website","url":"https:\/\/www.handdukstorkar.se\/sv\/","name":"Handdukstork.se","description":"Danmarks st\u00f6rsta utbud av handdukstorkar","publisher":{"@id":"https:\/\/www.handdukstorkar.se\/sv\/#organization"},"potentialAction":[{"@type":"SearchAction","target":{"@type":"EntryPoint","urlTemplate":"https:\/\/www.handdukstorkar.se\/sv\/?s={search_term_string}"},"query-input":{"@type":"PropertyValueSpecification","valueRequired":true,"valueName":"search_term_string"}}],"inLanguage":"sv-SE"},{"@type":"Organization","@id":"https:\/\/www.handdukstorkar.se\/sv\/#organization","name":"H\u00e5ndkladetorrer.dk","url":"https:\/\/www.handdukstorkar.se\/sv\/","logo":{"@type":"ImageObject","inLanguage":"sv-SE","@id":"https:\/\/www.handdukstorkar.se\/sv\/#\/schema\/logo\/image\/","url":"https:\/\/www.handdukstorkar.se\/wp-content\/uploads\/2019\/06\/logo-1.png","contentUrl":"https:\/\/www.handdukstorkar.se\/wp-content\/uploads\/2019\/06\/logo-1.png","width":300,"height":45,"caption":"H\u00e5ndkl\u00e6det\u00f8rrer.dk"},"image":{"@id":"https:\/\/www.handdukstorkar.se\/sv\/#\/schema\/logo\/image\/"}}]},"product_price_amount":"1000.00","product_price_currency":"SEK","og_availability":"instock","product_availability":"instock","product_retailer_item_id":"70001","product_condition":"new"},"jetpack_sharing_enabled":true,"_links":{"self":[{"href":"https:\/\/www.handdukstorkar.se\/sv\/wp-json\/wp\/v2\/product\/43008","targetHints":{"allow":["GET"]}}],"collection":[{"href":"https:\/\/www.handdukstorkar.se\/sv\/wp-json\/wp\/v2\/product"}],"about":[{"href":"https:\/\/www.handdukstorkar.se\/sv\/wp-json\/wp\/v2\/types\/product"}],"version-history":[{"count":1,"href":"https:\/\/www.handdukstorkar.se\/sv\/wp-json\/wp\/v2\/product\/43008\/revisions"}],"predecessor-version":[{"id":16372917492,"href":"https:\/\/www.handdukstorkar.se\/sv\/wp-json\/wp\/v2\/product\/43008\/revisions\/16372917492"}],"wp:featuredmedia":[{"embeddable":true,"href":"https:\/\/www.handdukstorkar.se\/sv\/wp-json\/wp\/v2\/media\/16372912113"}],"wp:attachment":[{"href":"https:\/\/www.handdukstorkar.se\/sv\/wp-json\/wp\/v2\/media?parent=43008"}],"wp:term":[{"taxonomy":"product_brand","embeddable":true,"href":"https:\/\/www.handdukstorkar.se\/sv\/wp-json\/wp\/v2\/product_brand?post=43008"},{"taxonomy":"product_cat","embeddable":true,"href":"https:\/\/www.handdukstorkar.se\/sv\/wp-json\/wp\/v2\/product_cat?post=43008"},{"taxonomy":"product_tag","embeddable":true,"href":"https:\/\/www.handdukstorkar.se\/sv\/wp-json\/wp\/v2\/product_tag?post=43008"}],"curies":[{"name":"wp","href":"https:\/\/api.w.org\/{rel}","templated":true}]}}