


{"id":58673,"date":"2019-12-14T13:29:22","date_gmt":"2019-12-14T12:29:22","guid":{"rendered":"http:\/\/www.handdukstorkar.se\/?post_type=product&#038;p=58673"},"modified":"2026-04-24T14:15:14","modified_gmt":"2026-04-24T13:15:14","slug":"300w-termostatisk-elektrisk-patron-med-2-timmars-timerfunktion-i-massing","status":"publish","type":"product","link":"https:\/\/www.handdukstorkar.se\/sv\/shop\/el-patroner-til-haandklaedetoerrer-2\/300w-termostatisk-el-patron-med-2-timers-timer-funktion-i-messing\/","title":{"rendered":"300W termostatisk elpatron med 2-timmars timerfunktion i m\u00e4ssing"},"content":{"rendered":"<ul>\n<li>\n<h2><\/h2>\n<\/li>\n<li>MOA Elv\u00e4rmare \u00e4r designad med s\u00e4rskild uppm\u00e4rksamhet p\u00e5 detaljer. Elv\u00e4rmaren har en minimalistisk design och finns i flera f\u00e4rger, samtidigt som den \u00e4r mycket funktionell och redo att anv\u00e4ndas. MOAs 2-timmars timerfunktion ger dig komforten att du inte beh\u00f6ver oroa dig f\u00f6r om du har st\u00e4ngt av den. Synliga, anv\u00e4ndarv\u00e4nliga knappar samt en snabb torkningsfunktion och ett termostatstyrt justerbart temperaturindikeringssystem g\u00f6r det \u00e4nnu enklare och mer intuitivt att anv\u00e4nda den elektriska v\u00e4rmaren. MOA Elv\u00e4rmare har kortslutningsskydd och dubbelt \u00f6verhettningsskydd. MOAs frostskyddsfunktion skyddar mot att handdukstorkens\/elementets temperatur inte sjunker under 5-7 \u00b0C.<\/li>\n<\/ul>\n<p><span style=\"font-size: large;\"><br \/>\nFunktioner:<\/span><\/p>\n<ul>\n<li>Str\u00f6mbrytare f\u00f6r att sl\u00e5 p\u00e5\/st\u00e4nga av v\u00e4rmaren<\/li>\n<li>Knapparna + \/ \u2013 kan anv\u00e4ndas f\u00f6r att \u00f6ka eller s\u00e4nka temperaturen<br \/>\nhandduksradiatorn. F\u00f6r varje lysdiod som t\u00e4nds kommer temperaturen att \u00f6ka med ca. 10 \u2013 12 grader. Dessa anv\u00e4nds ocks\u00e5 f\u00f6r att st\u00e4lla in temperaturniv\u00e5n n\u00e4r timerfunktionen \u00e4r aktiverad.<\/li>\n<li>Aktivera 2-timmarstimern som g\u00f6r att v\u00e4rmaren forts\u00e4tter i 2 timmar p\u00e5 den visade niv\u00e5n. Niv\u00e5n kan st\u00e4llas in med + \/ \u2013 knapparna. Timerfunktionen sparar niv\u00e5n d\u00e5 och d\u00e5.<br \/>\nEfter det kommer v\u00e4rmaren att &quot;g\u00e5&quot; tillbaka till den niv\u00e5 den var p\u00e5<br \/>\nn\u00e4r timern aktiverades.<br \/>\nOm du vill att den ska st\u00e4ngas av helt efter 2 timmar m\u00e5ste du se till att v\u00e4rmaren \u00e4r avst\u00e4ngd innan du aktiverar timern. Timern sl\u00e5r sedan p\u00e5 v\u00e4rmaren i 2 timmar och st\u00e4nger sedan av den igen<\/li>\n<li><a href=\"https:\/\/www.haandklaedetoerrer.dk\/wp-content\/uploads\/2012\/01\/Vejledning-MOA-el-patroner.pdf\" target=\"_blank\" rel=\"noopener noreferrer\"><img decoding=\"async\" class=\"alignnone size-full wp-image-36449\" src=\"http:\/\/www.haandklaedetoerrer.dk\/wp-content\/uploads\/2015\/03\/iconfinder_24_2133056-1.png\" alt=\"\" width=\"48\" height=\"48\" \/>TEKNISKA DETALJER \/ installationsguide<\/a><\/li>\n<\/ul>\n<p>&nbsp;<\/p>\n<ul>\n<li><a href=\"https:\/\/www.youtube.com\/watch?v=FX5pKksEx4Y\" target=\"_blank\" rel=\"noopener noreferrer\"><img decoding=\"async\" class=\"size-medium wp-image-27522\" src=\"http:\/\/www.haandklaedetoerrer.dk\/wp-content\/uploads\/2018\/05\/YOUTUBE-300x67.png\" alt=\"MOA BL\u00c5\" width=\"300\" height=\"67\" srcset=\"https:\/\/www.handdukstorkar.se\/wp-content\/uploads\/2018\/05\/YOUTUBE-300x67.png 300w, https:\/\/www.handdukstorkar.se\/wp-content\/uploads\/2018\/05\/YOUTUBE-420x94.png 420w, https:\/\/www.handdukstorkar.se\/wp-content\/uploads\/2018\/05\/YOUTUBE-150x33.png 150w, https:\/\/www.handdukstorkar.se\/wp-content\/uploads\/2018\/05\/YOUTUBE-400x89.png 400w, https:\/\/www.handdukstorkar.se\/wp-content\/uploads\/2018\/05\/YOUTUBE-100x22.png 100w, https:\/\/www.handdukstorkar.se\/wp-content\/uploads\/2018\/05\/YOUTUBE.png 475w\" sizes=\"(max-width: 300px) 100vw, 300px\" \/><\/a><\/li>\n<\/ul>","protected":false},"excerpt":{"rendered":"<p>\u2022 2-timmars timerfunktion<br \/>\nElegant utseende.<br \/>\n\u2022 Temperaturregleringsknappar f\u00f6r elpatroner \u2013<br \/>\nanv\u00e4ndningsomr\u00e5de 30-60 \u00b0C.<br \/>\n\u2022 5 lysdioder markerar aktuell temperatur och st\u00e4ller in.<br \/>\n\u2022 Enast\u00e5ende ergonomisk anv\u00e4ndning \u2013 stor, l\u00e4tt att l\u00e4sa<br \/>\nknappar.<br \/>\n\u2022 statussignalering.<br \/>\n\u2022 frostskyddsfunktion, skydd mot fall<br \/>\nradiatortemperatur under 5-7 \u00b0 C.<br \/>\n\u2022 Dubbelt skydd mot \u00f6verhettning.<br \/>\n\u2022 Symmetriskt sk\u00e5p (monteras fritt till v\u00e4nster resp<br \/>\nh\u00f6ger sida).<\/p>\n<p><a href=\"https:\/\/www.haandklaedetoerrer.dk\/wp-content\/uploads\/2012\/01\/Vejledning-MOA-el-patroner.pdf\" target=\"_blank\" rel=\"noopener noreferrer\"><img decoding=\"async\" class=\"alignnone size-full wp-image-36449\" src=\"http:\/\/www.haandklaedetoerrer.dk\/wp-content\/uploads\/2015\/03\/iconfinder_24_2133056-1.png\" alt=\"\" width=\"48\" height=\"48\" \/>TEKNISKA DETALJER \/ installationsguide<\/a><\/p>\n<p><a href=\"https:\/\/www.youtube.com\/watch?v=FX5pKksEx4Y\" target=\"_blank\" rel=\"noopener noreferrer\"><img decoding=\"async\" class=\"size-medium wp-image-27522\" src=\"http:\/\/www.haandklaedetoerrer.dk\/wp-content\/uploads\/2018\/05\/YOUTUBE-300x67.png\" alt=\"MOA BL\u00c5\" width=\"300\" height=\"67\" srcset=\"https:\/\/www.handdukstorkar.se\/wp-content\/uploads\/2018\/05\/YOUTUBE-300x67.png 300w, https:\/\/www.handdukstorkar.se\/wp-content\/uploads\/2018\/05\/YOUTUBE-420x94.png 420w, https:\/\/www.handdukstorkar.se\/wp-content\/uploads\/2018\/05\/YOUTUBE-150x33.png 150w, https:\/\/www.handdukstorkar.se\/wp-content\/uploads\/2018\/05\/YOUTUBE-400x89.png 400w, https:\/\/www.handdukstorkar.se\/wp-content\/uploads\/2018\/05\/YOUTUBE-100x22.png 100w, https:\/\/www.handdukstorkar.se\/wp-content\/uploads\/2018\/05\/YOUTUBE.png 475w\" sizes=\"(max-width: 300px) 100vw, 300px\" \/><\/a><\/p>","protected":false},"featured_media":16372912133,"template":"","meta":[],"product_brand":[],"product_cat":[1435],"product_tag":[],"class_list":{"0":"post-58673","1":"product","2":"type-product","3":"status-publish","4":"has-post-thumbnail","6":"product_cat-el-patroner-til-haandklaedetoerrer-2","7":"pa_farve-messing","8":"pa_finish-messing","9":"pa_leverings_tid-1-2dage","10":"pa_manufacturer-terma-technologie","11":"pa_model-f1-moa","12":"pa_pdf-35-monteringsanvisning_elpatr","13":"pa_pdf_label-37-seinstruktionmoa-elpatronp","15":"first","16":"instock","17":"sale","18":"taxable","19":"shipping-taxable","20":"purchasable","21":"product-type-variable"},"yoast_head":"<!-- This site is optimized with the Yoast SEO Premium plugin v27.1 (Yoast SEO v27.1.1) - https:\/\/yoast.com\/product\/yoast-seo-premium-wordpress\/ -->\n<title>300W termostatisk el-patron med 2-timer`s timer funktion i messing - Handdukstorkar.se<\/title>\n<meta name=\"robots\" content=\"index, follow, max-snippet:-1, max-image-preview:large, max-video-preview:-1\" \/>\n<link rel=\"canonical\" href=\"https:\/\/www.handdukstorkar.se\/sv\/butik\/elektriska-patroner-for-handduksvarmare-2\/300w-termostatisk-elektrisk-patron-med-2-timmars-timerfunktion-i-massing\/\" \/>\n<meta property=\"og:locale\" content=\"sv_SE\" \/>\n<meta property=\"og:type\" content=\"article\" \/>\n<meta property=\"og:title\" content=\"300W termostatisk el-patron med 2-timer`s timer funktion i messing\" \/>\n<meta property=\"og:description\" content=\"\u2022 2-timer&#039;s timer funktion Elegant udseende. \u2022 El-patron temperatur regulering knapper - anvendelsesomr\u00e5det 30-60 \u00b0C. \u2022 5 lys dioder markerer den aktuelle temperatur og s\u00e6t. \u2022 Enest\u00e5ende ergonomisk brug - stor, letl\u00e6selig knapper. \u2022 status signaliseringen. \u2022 frostv\u00e6ske funktion, beskyttelse mod faldende temperatur radiatorunder 5-7 \u00b0 C. \u2022 Dobbelt beskyttelse mod overophedning. \u2022 Symmetrisk kabinet (monteres frit p\u00e5 venstre eller h\u00f8jre side).  TEKNISK DETALJER \/ installationsguide\" \/>\n<meta property=\"og:url\" content=\"https:\/\/www.handdukstorkar.se\/sv\/butik\/elektriska-patroner-for-handduksvarmare-2\/300w-termostatisk-elektrisk-patron-med-2-timmars-timerfunktion-i-massing\/\" \/>\n<meta property=\"og:site_name\" content=\"Handdukstorkar.se\" \/>\n<meta property=\"article:modified_time\" content=\"2026-04-24T13:15:14+00:00\" \/>\n<meta property=\"og:image\" content=\"https:\/\/www.handdukstorkar.se\/wp-content\/uploads\/2025\/08\/moa-gold-maskeret.jpg\" \/>\n\t<meta property=\"og:image:width\" content=\"1000\" \/>\n\t<meta property=\"og:image:height\" content=\"1000\" \/>\n\t<meta property=\"og:image:type\" content=\"image\/jpeg\" \/>\n<meta name=\"twitter:card\" content=\"summary_large_image\" \/>\n<meta name=\"twitter:label1\" content=\"Availability\" \/>\n\t<meta name=\"twitter:data1\" content=\"In stock\" \/>\n<script type=\"application\/ld+json\" class=\"yoast-schema-graph\">{\"@context\":\"https:\/\/schema.org\",\"@graph\":[{\"@type\":\"WebPage\",\"@id\":\"https:\/\/www.handdukstorkar.se\/sv\/shop\/el-patroner-til-haandklaedetoerrer-2\/300w-termostatisk-el-patron-med-2-timers-timer-funktion-i-messing\/\",\"url\":\"https:\/\/www.handdukstorkar.se\/sv\/shop\/el-patroner-til-haandklaedetoerrer-2\/300w-termostatisk-el-patron-med-2-timers-timer-funktion-i-messing\/\",\"name\":\"300W termostatisk el-patron med 2-timer`s timer funktion i messing - Handdukstorkar.se\",\"isPartOf\":{\"@id\":\"https:\/\/www.handdukstorkar.se\/sv\/#website\"},\"primaryImageOfPage\":{\"@id\":\"https:\/\/www.handdukstorkar.se\/sv\/shop\/el-patroner-til-haandklaedetoerrer-2\/300w-termostatisk-el-patron-med-2-timers-timer-funktion-i-messing\/#primaryimage\"},\"image\":{\"@id\":\"https:\/\/www.handdukstorkar.se\/sv\/shop\/el-patroner-til-haandklaedetoerrer-2\/300w-termostatisk-el-patron-med-2-timers-timer-funktion-i-messing\/#primaryimage\"},\"thumbnailUrl\":\"https:\/\/www.handdukstorkar.se\/wp-content\/uploads\/2025\/08\/moa-gold-maskeret.jpg\",\"datePublished\":\"2019-12-14T12:29:22+00:00\",\"dateModified\":\"2026-04-24T13:15:14+00:00\",\"breadcrumb\":{\"@id\":\"https:\/\/www.handdukstorkar.se\/sv\/shop\/el-patroner-til-haandklaedetoerrer-2\/300w-termostatisk-el-patron-med-2-timers-timer-funktion-i-messing\/#breadcrumb\"},\"inLanguage\":\"sv-SE\",\"potentialAction\":[{\"@type\":\"ReadAction\",\"target\":[\"https:\/\/www.handdukstorkar.se\/sv\/shop\/el-patroner-til-haandklaedetoerrer-2\/300w-termostatisk-el-patron-med-2-timers-timer-funktion-i-messing\/\"]}]},{\"@type\":\"ImageObject\",\"inLanguage\":\"sv-SE\",\"@id\":\"https:\/\/www.handdukstorkar.se\/sv\/shop\/el-patroner-til-haandklaedetoerrer-2\/300w-termostatisk-el-patron-med-2-timers-timer-funktion-i-messing\/#primaryimage\",\"url\":\"https:\/\/www.handdukstorkar.se\/wp-content\/uploads\/2025\/08\/moa-gold-maskeret.jpg\",\"contentUrl\":\"https:\/\/www.handdukstorkar.se\/wp-content\/uploads\/2025\/08\/moa-gold-maskeret.jpg\",\"width\":1000,\"height\":1000},{\"@type\":\"BreadcrumbList\",\"@id\":\"https:\/\/www.handdukstorkar.se\/sv\/shop\/el-patroner-til-haandklaedetoerrer-2\/300w-termostatisk-el-patron-med-2-timers-timer-funktion-i-messing\/#breadcrumb\",\"itemListElement\":[{\"@type\":\"ListItem\",\"position\":1,\"name\":\"Home\",\"item\":\"https:\/\/www.handdukstorkar.se\/sv\/\"},{\"@type\":\"ListItem\",\"position\":2,\"name\":\"Shop\",\"item\":\"https:\/\/www.handdukstorkar.se\/sv\/butik\/\"},{\"@type\":\"ListItem\",\"position\":3,\"name\":\"300W termostatisk el-patron med 2-timer`s timer funktion i messing\"}]},{\"@type\":\"WebSite\",\"@id\":\"https:\/\/www.handdukstorkar.se\/sv\/#website\",\"url\":\"https:\/\/www.handdukstorkar.se\/sv\/\",\"name\":\"Handdukstorkar.se\",\"description\":\"Danmarks st\u00f8rste udvalg af h\u00e5ndkl\u00e6det\u00f8rrer\",\"publisher\":{\"@id\":\"https:\/\/www.handdukstorkar.se\/sv\/#organization\"},\"potentialAction\":[{\"@type\":\"SearchAction\",\"target\":{\"@type\":\"EntryPoint\",\"urlTemplate\":\"https:\/\/www.handdukstorkar.se\/sv\/?s={search_term_string}\"},\"query-input\":{\"@type\":\"PropertyValueSpecification\",\"valueRequired\":true,\"valueName\":\"search_term_string\"}}],\"inLanguage\":\"sv-SE\"},{\"@type\":\"Organization\",\"@id\":\"https:\/\/www.handdukstorkar.se\/sv\/#organization\",\"name\":\"H\u00e5ndkl\u00e6det\u00f8rrer.dk\",\"url\":\"https:\/\/www.handdukstorkar.se\/sv\/\",\"logo\":{\"@type\":\"ImageObject\",\"inLanguage\":\"sv-SE\",\"@id\":\"https:\/\/www.handdukstorkar.se\/sv\/#\/schema\/logo\/image\/\",\"url\":\"https:\/\/www.handdukstorkar.se\/wp-content\/uploads\/2019\/06\/logo-1.png\",\"contentUrl\":\"https:\/\/www.handdukstorkar.se\/wp-content\/uploads\/2019\/06\/logo-1.png\",\"width\":300,\"height\":45,\"caption\":\"H\u00e5ndkl\u00e6det\u00f8rrer.dk\"},\"image\":{\"@id\":\"https:\/\/www.handdukstorkar.se\/sv\/#\/schema\/logo\/image\/\"}}]}<\/script>\n<meta property=\"product:brand\" content=\"MOA\" \/>\n<meta property=\"og:availability\" content=\"instock\" \/>\n<meta property=\"product:availability\" content=\"instock\" \/>\n<meta property=\"product:retailer_item_id\" content=\"80400\" \/>\n<meta property=\"product:condition\" content=\"new\" \/>\n<!-- \/ Yoast SEO Premium plugin. -->","yoast_head_json":{"title":"300W termostatisk elektrisk v\u00e4rmare med 2-timmars timerfunktion i m\u00e4ssing - Handdukstorkar.se","robots":{"index":"index","follow":"follow","max-snippet":"max-snippet:-1","max-image-preview":"max-image-preview:large","max-video-preview":"max-video-preview:-1"},"canonical":"https:\/\/www.handdukstorkar.se\/sv\/butik\/elektriska-patroner-for-handduksvarmare-2\/300w-termostatisk-elektrisk-patron-med-2-timmars-timerfunktion-i-massing\/","og_locale":"sv_SE","og_type":"article","og_title":"300W termostatisk el-patron med 2-timer`s timer funktion i messing","og_description":"\u2022 2-timer's timer funktion Elegant udseende. \u2022 El-patron temperatur regulering knapper - anvendelsesomr\u00e5det 30-60 \u00b0C. \u2022 5 lys dioder markerer den aktuelle temperatur og s\u00e6t. \u2022 Enest\u00e5ende ergonomisk brug - stor, letl\u00e6selig knapper. \u2022 status signaliseringen. \u2022 frostv\u00e6ske funktion, beskyttelse mod faldende temperatur radiatorunder 5-7 \u00b0 C. \u2022 Dobbelt beskyttelse mod overophedning. \u2022 Symmetrisk kabinet (monteres frit p\u00e5 venstre eller h\u00f8jre side).  TEKNISK DETALJER \/ installationsguide","og_url":"https:\/\/www.handdukstorkar.se\/sv\/butik\/elektriska-patroner-for-handduksvarmare-2\/300w-termostatisk-elektrisk-patron-med-2-timmars-timerfunktion-i-massing\/","og_site_name":"Handdukstorkar.se","article_modified_time":"2026-04-24T13:15:14+00:00","og_image":[{"width":1000,"height":1000,"url":"https:\/\/www.handdukstorkar.se\/wp-content\/uploads\/2025\/08\/moa-gold-maskeret.jpg","type":"image\/jpeg"}],"twitter_card":"summary_large_image","twitter_misc":{"Availability":"In stock"},"schema":{"@context":"https:\/\/schema.org","@graph":[{"@type":"WebPage","@id":"https:\/\/www.handdukstorkar.se\/sv\/shop\/el-patroner-til-haandklaedetoerrer-2\/300w-termostatisk-el-patron-med-2-timers-timer-funktion-i-messing\/","url":"https:\/\/www.handdukstorkar.se\/sv\/shop\/el-patroner-til-haandklaedetoerrer-2\/300w-termostatisk-el-patron-med-2-timers-timer-funktion-i-messing\/","name":"300W termostatisk elektrisk v\u00e4rmare med 2-timmars timerfunktion i m\u00e4ssing - Handdukstorkar.se","isPartOf":{"@id":"https:\/\/www.handdukstorkar.se\/sv\/#website"},"primaryImageOfPage":{"@id":"https:\/\/www.handdukstorkar.se\/sv\/shop\/el-patroner-til-haandklaedetoerrer-2\/300w-termostatisk-el-patron-med-2-timers-timer-funktion-i-messing\/#primaryimage"},"image":{"@id":"https:\/\/www.handdukstorkar.se\/sv\/shop\/el-patroner-til-haandklaedetoerrer-2\/300w-termostatisk-el-patron-med-2-timers-timer-funktion-i-messing\/#primaryimage"},"thumbnailUrl":"https:\/\/www.handdukstorkar.se\/wp-content\/uploads\/2025\/08\/moa-gold-maskeret.jpg","datePublished":"2019-12-14T12:29:22+00:00","dateModified":"2026-04-24T13:15:14+00:00","breadcrumb":{"@id":"https:\/\/www.handdukstorkar.se\/sv\/shop\/el-patroner-til-haandklaedetoerrer-2\/300w-termostatisk-el-patron-med-2-timers-timer-funktion-i-messing\/#breadcrumb"},"inLanguage":"sv-SE","potentialAction":[{"@type":"ReadAction","target":["https:\/\/www.handdukstorkar.se\/sv\/shop\/el-patroner-til-haandklaedetoerrer-2\/300w-termostatisk-el-patron-med-2-timers-timer-funktion-i-messing\/"]}]},{"@type":"ImageObject","inLanguage":"sv-SE","@id":"https:\/\/www.handdukstorkar.se\/sv\/shop\/el-patroner-til-haandklaedetoerrer-2\/300w-termostatisk-el-patron-med-2-timers-timer-funktion-i-messing\/#primaryimage","url":"https:\/\/www.handdukstorkar.se\/wp-content\/uploads\/2025\/08\/moa-gold-maskeret.jpg","contentUrl":"https:\/\/www.handdukstorkar.se\/wp-content\/uploads\/2025\/08\/moa-gold-maskeret.jpg","width":1000,"height":1000},{"@type":"BreadcrumbList","@id":"https:\/\/www.handdukstorkar.se\/sv\/shop\/el-patroner-til-haandklaedetoerrer-2\/300w-termostatisk-el-patron-med-2-timers-timer-funktion-i-messing\/#breadcrumb","itemListElement":[{"@type":"ListItem","position":1,"name":"Home","item":"https:\/\/www.handdukstorkar.se\/sv\/"},{"@type":"ListItem","position":2,"name":"Shop","item":"https:\/\/www.handdukstorkar.se\/sv\/butik\/"},{"@type":"ListItem","position":3,"name":"300W termostatisk el-patron med 2-timer`s timer funktion i messing"}]},{"@type":"WebSite","@id":"https:\/\/www.handdukstorkar.se\/sv\/#website","url":"https:\/\/www.handdukstorkar.se\/sv\/","name":"Handdukstork.se","description":"Danmarks st\u00f6rsta utbud av handdukstorkar","publisher":{"@id":"https:\/\/www.handdukstorkar.se\/sv\/#organization"},"potentialAction":[{"@type":"SearchAction","target":{"@type":"EntryPoint","urlTemplate":"https:\/\/www.handdukstorkar.se\/sv\/?s={search_term_string}"},"query-input":{"@type":"PropertyValueSpecification","valueRequired":true,"valueName":"search_term_string"}}],"inLanguage":"sv-SE"},{"@type":"Organization","@id":"https:\/\/www.handdukstorkar.se\/sv\/#organization","name":"H\u00e5ndkladetorrer.dk","url":"https:\/\/www.handdukstorkar.se\/sv\/","logo":{"@type":"ImageObject","inLanguage":"sv-SE","@id":"https:\/\/www.handdukstorkar.se\/sv\/#\/schema\/logo\/image\/","url":"https:\/\/www.handdukstorkar.se\/wp-content\/uploads\/2019\/06\/logo-1.png","contentUrl":"https:\/\/www.handdukstorkar.se\/wp-content\/uploads\/2019\/06\/logo-1.png","width":300,"height":45,"caption":"H\u00e5ndkl\u00e6det\u00f8rrer.dk"},"image":{"@id":"https:\/\/www.handdukstorkar.se\/sv\/#\/schema\/logo\/image\/"}}]},"product_brand":"MOA","og_availability":"instock","product_availability":"instock","product_retailer_item_id":"80400","product_condition":"new"},"jetpack_sharing_enabled":true,"_links":{"self":[{"href":"https:\/\/www.handdukstorkar.se\/sv\/wp-json\/wp\/v2\/product\/58673","targetHints":{"allow":["GET"]}}],"collection":[{"href":"https:\/\/www.handdukstorkar.se\/sv\/wp-json\/wp\/v2\/product"}],"about":[{"href":"https:\/\/www.handdukstorkar.se\/sv\/wp-json\/wp\/v2\/types\/product"}],"version-history":[{"count":0,"href":"https:\/\/www.handdukstorkar.se\/sv\/wp-json\/wp\/v2\/product\/58673\/revisions"}],"wp:featuredmedia":[{"embeddable":true,"href":"https:\/\/www.handdukstorkar.se\/sv\/wp-json\/wp\/v2\/media\/16372912133"}],"wp:attachment":[{"href":"https:\/\/www.handdukstorkar.se\/sv\/wp-json\/wp\/v2\/media?parent=58673"}],"wp:term":[{"taxonomy":"product_brand","embeddable":true,"href":"https:\/\/www.handdukstorkar.se\/sv\/wp-json\/wp\/v2\/product_brand?post=58673"},{"taxonomy":"product_cat","embeddable":true,"href":"https:\/\/www.handdukstorkar.se\/sv\/wp-json\/wp\/v2\/product_cat?post=58673"},{"taxonomy":"product_tag","embeddable":true,"href":"https:\/\/www.handdukstorkar.se\/sv\/wp-json\/wp\/v2\/product_tag?post=58673"}],"curies":[{"name":"wp","href":"https:\/\/api.w.org\/{rel}","templated":true}]}}