


{"id":70724,"date":"2020-04-23T13:40:00","date_gmt":"2020-04-23T12:40:00","guid":{"rendered":"http:\/\/www.handdukstorkar.se\/?post_type=product&#038;p=70724"},"modified":"2026-04-24T14:15:31","modified_gmt":"2026-04-24T13:15:31","slug":"ancora-vertikal-radiator-antracit","status":"publish","type":"product","link":"https:\/\/www.handdukstorkar.se\/sv\/shop\/radiatorer\/smal-radiator-2\/ancora-vertikal-radiator-antracit\/","title":{"rendered":"Ancora Vertikal Element Antracit"},"content":{"rendered":"<p><strong>Bredd:<\/strong>\u00a0490 mm<br \/>\n<strong>H\u00f6jd:<\/strong>\u00a01800 mm<br \/>\n<strong>c\/c-avst\u00e5nd:<\/strong>\u00a0490+90mm<br \/>\n<strong>V\u00e4ggavst\u00e5nd:<\/strong>\u00a068-88 mm<br \/>\n<strong>V\u00e4gg till r\u00f6r-center:<\/strong>\u00a035-55 mm<br \/>\n<strong>Prestanda (\u0394t=50\u00b0C):<\/strong>\u00a0936 watt<br \/>\n<strong>Avsluta:<\/strong>\u00a0 antracit, vit<br \/>\n<strong>Tilltr\u00e4de och avresa:<\/strong>\u00a01\/2\u201d RG<br \/>\n<strong>Garanti: 8 \u00e5r<br \/>\nMaximalt driftstryck: 8 bar<\/strong><br \/>\n<strong>Design:<\/strong> Reina<\/p>","protected":false},"excerpt":{"rendered":"<p><strong>Ancora Vertikal Element Antracit<\/strong><br \/>\nSmal och modern vertikal radiator i matt antracit pulverlack (RAL 7016) med integrerade \u00f6ppningar f\u00f6r upph\u00e4ngning - skapad f\u00f6r att ge ett elegant, \u00f6ppet utseende och optimalt utnyttjande av utrymmet.<\/p>\n<p><strong>Material och finish:<\/strong> St\u00e5l med robust matt antracitpulverlackering f\u00f6r l\u00e5ngvarig h\u00e5llbarhet<br \/>\n<strong>Design:<\/strong> Unik, minimalistisk panel med exakt skurna \u00f6ppningar f\u00f6r att h\u00e4nga upp handdukar<br \/>\n<strong>Storlek:<\/strong> Finns i flera h\u00f6jder fr\u00e5n 1000 mm till 1800 mm \u2013 anpassningsbar till alla badrumsutrymmen<br \/>\n<strong>Montering:<\/strong> Dolda beslag p\u00e5 baksidan f\u00f6r ett rent utseende \u2013 l\u00e4mplig f\u00f6r centralv\u00e4rme, el eller kombiinstallation<br \/>\n<strong>Garanti:<\/strong> 5 \u00e5rs garanti mot tillverkningsfel f\u00f6r sinnesro i m\u00e5nga \u00e5r<\/p>\n<p><strong>Idealisk f\u00f6r:<\/strong><br \/>\nPrivata hem, hotell och spamilj\u00f6er<br \/>\nBadrum, g\u00e4sttoaletter och h\u00e4lsorum<\/p>\n<p>Handdukstorken kan anslutas till fj\u00e4rrv\u00e4rme\/centralv\u00e4rme, elv\u00e4rme eller en kombination av el och fj\u00e4rrv\u00e4rme.<br \/>\nSe \u00e4ven v\u00e5rt stora urval av elpatroner och tillh\u00f6rande ventiler. F\u00f6r mer information och installationsanvisningar, bes\u00f6k v\u00e5r sida med teknisk information.<\/p>","protected":false},"featured_media":174947,"template":"","meta":[],"product_brand":[],"product_cat":[1423,1424,1425],"product_tag":[1005,1016,1010,1009],"class_list":{"0":"post-70724","1":"product","2":"type-product","3":"status-publish","4":"has-post-thumbnail","6":"product_cat-radiatorer","7":"product_cat-smal-radiator-2","8":"product_cat-tynd-radiator","9":"product_tag-handklaedetorrer","10":"product_tag-hvid","11":"product_tag-radiator","12":"product_tag-vertikal","13":"product_shipping_class-radiatorer","14":"pa_farve-antracit","15":"pa_farve-hvid","16":"pa_finish-antracit","17":"pa_finish-hvid","18":"pa_manufacturer-reina","19":"pa_model-0f-ancona","20":"pa_pdf-05-ancora_1pdf","21":"pa_pdf_label-02-installationsguide","23":"first","24":"instock","25":"sale","26":"taxable","27":"shipping-taxable","28":"purchasable","29":"product-type-simple"},"yoast_head":"<!-- This site is optimized with the Yoast SEO Premium plugin v27.1 (Yoast SEO v27.1.1) - https:\/\/yoast.com\/product\/yoast-seo-premium-wordpress\/ -->\n<title>Ancora Vertikal Radiator Antracit - Handdukstorkar.se<\/title>\n<meta name=\"robots\" content=\"index, follow, max-snippet:-1, max-image-preview:large, max-video-preview:-1\" \/>\n<link rel=\"canonical\" href=\"https:\/\/www.handdukstorkar.se\/sv\/butik\/radiatorer\/smal-radiator-2\/ancora-vertikal-radiator-antracit\/\" \/>\n<meta property=\"og:locale\" content=\"sv_SE\" \/>\n<meta property=\"og:type\" content=\"article\" \/>\n<meta property=\"og:title\" content=\"Ancora Vertikal Radiator Antracit\" \/>\n<meta property=\"og:description\" content=\"Ancora Vertikal Radiator Antracit Slank og moderne vertikal radiator i mat antracit pulverlak (RAL 7016) med integrerede \u00e5bninger til oph\u00e6ngning \u2013 skabt til at give et stilrent, \u00e5bent udtryk og optimal pladsudnyttelse.  Materiale &amp; Finish: St\u00e5l med robust mat antracit pulverlak for langvarig holdbarhed Design: Unikt, minimalistisk panel med pr\u00e6cist sk\u00e5rne \u00e5bninger til oph\u00e6ngning af h\u00e5ndkl\u00e6der St\u00f8rrelse: F\u00e5s i flere h\u00f8jder fra 1000 mm til 1800 mm \u2013 tilpasses ethvert badev\u00e6relsesrum Montering: Skjulte beslag bagp\u00e5 for et rent look \u2013 velegnet til centralvarme, el- eller kombiinstallation Garanti: 5 \u00e5rs garanti mod fabrikationsfejl for tryghed i mange \u00e5r  Ideel til: Privatboliger, hoteller og spa-milj\u00f8er Badev\u00e6relser, g\u00e6stetoiletter og wellnessrum  H\u00e5ndkl\u00e6det\u00f8rreren kan tilsluttes fjernvarme\/centralvarme, el-varme eller en kombination af el og fjernvarme. Se ogs\u00e5 vores store udvalg af el-patroner og tilh\u00f8rende ventiler. For mere information og installationsvejledning, bes\u00f8g venligst vores side med teknisk info.\" \/>\n<meta property=\"og:url\" content=\"https:\/\/www.handdukstorkar.se\/sv\/butik\/radiatorer\/smal-radiator-2\/ancora-vertikal-radiator-antracit\/\" \/>\n<meta property=\"og:site_name\" content=\"Handdukstorkar.se\" \/>\n<meta property=\"article:modified_time\" content=\"2026-04-24T13:15:31+00:00\" \/>\n<meta property=\"og:image\" content=\"https:\/\/www.handdukstorkar.se\/wp-content\/uploads\/2025\/07\/Ancona-scaled-2.jpg\" \/>\n\t<meta property=\"og:image:width\" content=\"1733\" \/>\n\t<meta property=\"og:image:height\" content=\"2560\" \/>\n\t<meta property=\"og:image:type\" content=\"image\/jpeg\" \/>\n<meta name=\"twitter:card\" content=\"summary_large_image\" \/>\n<meta name=\"twitter:label1\" content=\"Pris\" \/>\n\t<meta name=\"twitter:data1\" content=\"11.325,00&nbsp;kr\" \/>\n\t<meta name=\"twitter:label2\" content=\"Availability\" \/>\n\t<meta name=\"twitter:data2\" content=\"In stock\" \/>\n<script type=\"application\/ld+json\" class=\"yoast-schema-graph\">{\"@context\":\"https:\/\/schema.org\",\"@graph\":[{\"@type\":\"WebPage\",\"@id\":\"https:\/\/www.handdukstorkar.se\/sv\/shop\/radiatorer\/smal-radiator-2\/ancora-vertikal-radiator-antracit\/\",\"url\":\"https:\/\/www.handdukstorkar.se\/sv\/shop\/radiatorer\/smal-radiator-2\/ancora-vertikal-radiator-antracit\/\",\"name\":\"Ancora Vertikal Radiator Antracit - Handdukstorkar.se\",\"isPartOf\":{\"@id\":\"https:\/\/www.handdukstorkar.se\/sv\/#website\"},\"primaryImageOfPage\":{\"@id\":\"https:\/\/www.handdukstorkar.se\/sv\/shop\/radiatorer\/smal-radiator-2\/ancora-vertikal-radiator-antracit\/#primaryimage\"},\"image\":{\"@id\":\"https:\/\/www.handdukstorkar.se\/sv\/shop\/radiatorer\/smal-radiator-2\/ancora-vertikal-radiator-antracit\/#primaryimage\"},\"thumbnailUrl\":\"https:\/\/www.handdukstorkar.se\/wp-content\/uploads\/2025\/07\/Ancona-scaled-2.jpg\",\"datePublished\":\"2020-04-23T12:40:00+00:00\",\"dateModified\":\"2026-04-24T13:15:31+00:00\",\"breadcrumb\":{\"@id\":\"https:\/\/www.handdukstorkar.se\/sv\/shop\/radiatorer\/smal-radiator-2\/ancora-vertikal-radiator-antracit\/#breadcrumb\"},\"inLanguage\":\"sv-SE\",\"potentialAction\":[{\"@type\":\"ReadAction\",\"target\":[\"https:\/\/www.handdukstorkar.se\/sv\/shop\/radiatorer\/smal-radiator-2\/ancora-vertikal-radiator-antracit\/\"]}]},{\"@type\":\"ImageObject\",\"inLanguage\":\"sv-SE\",\"@id\":\"https:\/\/www.handdukstorkar.se\/sv\/shop\/radiatorer\/smal-radiator-2\/ancora-vertikal-radiator-antracit\/#primaryimage\",\"url\":\"https:\/\/www.handdukstorkar.se\/wp-content\/uploads\/2025\/07\/Ancona-scaled-2.jpg\",\"contentUrl\":\"https:\/\/www.handdukstorkar.se\/wp-content\/uploads\/2025\/07\/Ancona-scaled-2.jpg\",\"width\":1733,\"height\":2560},{\"@type\":\"BreadcrumbList\",\"@id\":\"https:\/\/www.handdukstorkar.se\/sv\/shop\/radiatorer\/smal-radiator-2\/ancora-vertikal-radiator-antracit\/#breadcrumb\",\"itemListElement\":[{\"@type\":\"ListItem\",\"position\":1,\"name\":\"Home\",\"item\":\"https:\/\/www.handdukstorkar.se\/sv\/\"},{\"@type\":\"ListItem\",\"position\":2,\"name\":\"Shop\",\"item\":\"https:\/\/www.handdukstorkar.se\/sv\/butik\/\"},{\"@type\":\"ListItem\",\"position\":3,\"name\":\"Ancora Vertikal Radiator Antracit\"}]},{\"@type\":\"WebSite\",\"@id\":\"https:\/\/www.handdukstorkar.se\/sv\/#website\",\"url\":\"https:\/\/www.handdukstorkar.se\/sv\/\",\"name\":\"Handdukstorkar.se\",\"description\":\"Danmarks st\u00f8rste udvalg af h\u00e5ndkl\u00e6det\u00f8rrer\",\"publisher\":{\"@id\":\"https:\/\/www.handdukstorkar.se\/sv\/#organization\"},\"potentialAction\":[{\"@type\":\"SearchAction\",\"target\":{\"@type\":\"EntryPoint\",\"urlTemplate\":\"https:\/\/www.handdukstorkar.se\/sv\/?s={search_term_string}\"},\"query-input\":{\"@type\":\"PropertyValueSpecification\",\"valueRequired\":true,\"valueName\":\"search_term_string\"}}],\"inLanguage\":\"sv-SE\"},{\"@type\":\"Organization\",\"@id\":\"https:\/\/www.handdukstorkar.se\/sv\/#organization\",\"name\":\"H\u00e5ndkl\u00e6det\u00f8rrer.dk\",\"url\":\"https:\/\/www.handdukstorkar.se\/sv\/\",\"logo\":{\"@type\":\"ImageObject\",\"inLanguage\":\"sv-SE\",\"@id\":\"https:\/\/www.handdukstorkar.se\/sv\/#\/schema\/logo\/image\/\",\"url\":\"https:\/\/www.handdukstorkar.se\/wp-content\/uploads\/2019\/06\/logo-1.png\",\"contentUrl\":\"https:\/\/www.handdukstorkar.se\/wp-content\/uploads\/2019\/06\/logo-1.png\",\"width\":300,\"height\":45,\"caption\":\"H\u00e5ndkl\u00e6det\u00f8rrer.dk\"},\"image\":{\"@id\":\"https:\/\/www.handdukstorkar.se\/sv\/#\/schema\/logo\/image\/\"}}]}<\/script>\n<meta property=\"product:brand\" content=\"ANCONA\" \/>\n<meta property=\"product:price:amount\" content=\"11325.00\" \/>\n<meta property=\"product:price:currency\" content=\"SEK\" \/>\n<meta property=\"og:availability\" content=\"instock\" \/>\n<meta property=\"product:availability\" content=\"instock\" \/>\n<meta property=\"product:retailer_item_id\" content=\"50000\" \/>\n<meta property=\"product:condition\" content=\"new\" \/>\n<!-- \/ Yoast SEO Premium plugin. -->","yoast_head_json":{"title":"Ancora Vertikal Radiator Antracit - Handdukstorkar.se","robots":{"index":"index","follow":"follow","max-snippet":"max-snippet:-1","max-image-preview":"max-image-preview:large","max-video-preview":"max-video-preview:-1"},"canonical":"https:\/\/www.handdukstorkar.se\/sv\/butik\/radiatorer\/smal-radiator-2\/ancora-vertikal-radiator-antracit\/","og_locale":"sv_SE","og_type":"article","og_title":"Ancora Vertikal Radiator Antracit","og_description":"Ancora Vertikal Radiator Antracit Slank og moderne vertikal radiator i mat antracit pulverlak (RAL 7016) med integrerede \u00e5bninger til oph\u00e6ngning \u2013 skabt til at give et stilrent, \u00e5bent udtryk og optimal pladsudnyttelse.  Materiale &amp; Finish: St\u00e5l med robust mat antracit pulverlak for langvarig holdbarhed Design: Unikt, minimalistisk panel med pr\u00e6cist sk\u00e5rne \u00e5bninger til oph\u00e6ngning af h\u00e5ndkl\u00e6der St\u00f8rrelse: F\u00e5s i flere h\u00f8jder fra 1000 mm til 1800 mm \u2013 tilpasses ethvert badev\u00e6relsesrum Montering: Skjulte beslag bagp\u00e5 for et rent look \u2013 velegnet til centralvarme, el- eller kombiinstallation Garanti: 5 \u00e5rs garanti mod fabrikationsfejl for tryghed i mange \u00e5r  Ideel til: Privatboliger, hoteller og spa-milj\u00f8er Badev\u00e6relser, g\u00e6stetoiletter og wellnessrum  H\u00e5ndkl\u00e6det\u00f8rreren kan tilsluttes fjernvarme\/centralvarme, el-varme eller en kombination af el og fjernvarme. Se ogs\u00e5 vores store udvalg af el-patroner og tilh\u00f8rende ventiler. For mere information og installationsvejledning, bes\u00f8g venligst vores side med teknisk info.","og_url":"https:\/\/www.handdukstorkar.se\/sv\/butik\/radiatorer\/smal-radiator-2\/ancora-vertikal-radiator-antracit\/","og_site_name":"Handdukstorkar.se","article_modified_time":"2026-04-24T13:15:31+00:00","og_image":[{"width":1733,"height":2560,"url":"https:\/\/www.handdukstorkar.se\/wp-content\/uploads\/2025\/07\/Ancona-scaled-2.jpg","type":"image\/jpeg"}],"twitter_card":"summary_large_image","twitter_misc":{"Pris":"11.325,00&nbsp;kr","Availability":"In stock"},"schema":{"@context":"https:\/\/schema.org","@graph":[{"@type":"WebPage","@id":"https:\/\/www.handdukstorkar.se\/sv\/shop\/radiatorer\/smal-radiator-2\/ancora-vertikal-radiator-antracit\/","url":"https:\/\/www.handdukstorkar.se\/sv\/shop\/radiatorer\/smal-radiator-2\/ancora-vertikal-radiator-antracit\/","name":"Ancora Vertikal Radiator Antracit - Handdukstorkar.se","isPartOf":{"@id":"https:\/\/www.handdukstorkar.se\/sv\/#website"},"primaryImageOfPage":{"@id":"https:\/\/www.handdukstorkar.se\/sv\/shop\/radiatorer\/smal-radiator-2\/ancora-vertikal-radiator-antracit\/#primaryimage"},"image":{"@id":"https:\/\/www.handdukstorkar.se\/sv\/shop\/radiatorer\/smal-radiator-2\/ancora-vertikal-radiator-antracit\/#primaryimage"},"thumbnailUrl":"https:\/\/www.handdukstorkar.se\/wp-content\/uploads\/2025\/07\/Ancona-scaled-2.jpg","datePublished":"2020-04-23T12:40:00+00:00","dateModified":"2026-04-24T13:15:31+00:00","breadcrumb":{"@id":"https:\/\/www.handdukstorkar.se\/sv\/shop\/radiatorer\/smal-radiator-2\/ancora-vertikal-radiator-antracit\/#breadcrumb"},"inLanguage":"sv-SE","potentialAction":[{"@type":"ReadAction","target":["https:\/\/www.handdukstorkar.se\/sv\/shop\/radiatorer\/smal-radiator-2\/ancora-vertikal-radiator-antracit\/"]}]},{"@type":"ImageObject","inLanguage":"sv-SE","@id":"https:\/\/www.handdukstorkar.se\/sv\/shop\/radiatorer\/smal-radiator-2\/ancora-vertikal-radiator-antracit\/#primaryimage","url":"https:\/\/www.handdukstorkar.se\/wp-content\/uploads\/2025\/07\/Ancona-scaled-2.jpg","contentUrl":"https:\/\/www.handdukstorkar.se\/wp-content\/uploads\/2025\/07\/Ancona-scaled-2.jpg","width":1733,"height":2560},{"@type":"BreadcrumbList","@id":"https:\/\/www.handdukstorkar.se\/sv\/shop\/radiatorer\/smal-radiator-2\/ancora-vertikal-radiator-antracit\/#breadcrumb","itemListElement":[{"@type":"ListItem","position":1,"name":"Home","item":"https:\/\/www.handdukstorkar.se\/sv\/"},{"@type":"ListItem","position":2,"name":"Shop","item":"https:\/\/www.handdukstorkar.se\/sv\/butik\/"},{"@type":"ListItem","position":3,"name":"Ancora Vertikal Radiator Antracit"}]},{"@type":"WebSite","@id":"https:\/\/www.handdukstorkar.se\/sv\/#website","url":"https:\/\/www.handdukstorkar.se\/sv\/","name":"Handdukstork.se","description":"Danmarks st\u00f6rsta utbud av handdukstorkar","publisher":{"@id":"https:\/\/www.handdukstorkar.se\/sv\/#organization"},"potentialAction":[{"@type":"SearchAction","target":{"@type":"EntryPoint","urlTemplate":"https:\/\/www.handdukstorkar.se\/sv\/?s={search_term_string}"},"query-input":{"@type":"PropertyValueSpecification","valueRequired":true,"valueName":"search_term_string"}}],"inLanguage":"sv-SE"},{"@type":"Organization","@id":"https:\/\/www.handdukstorkar.se\/sv\/#organization","name":"H\u00e5ndkladetorrer.dk","url":"https:\/\/www.handdukstorkar.se\/sv\/","logo":{"@type":"ImageObject","inLanguage":"sv-SE","@id":"https:\/\/www.handdukstorkar.se\/sv\/#\/schema\/logo\/image\/","url":"https:\/\/www.handdukstorkar.se\/wp-content\/uploads\/2019\/06\/logo-1.png","contentUrl":"https:\/\/www.handdukstorkar.se\/wp-content\/uploads\/2019\/06\/logo-1.png","width":300,"height":45,"caption":"H\u00e5ndkl\u00e6det\u00f8rrer.dk"},"image":{"@id":"https:\/\/www.handdukstorkar.se\/sv\/#\/schema\/logo\/image\/"}}]},"product_brand":"ANCONA","product_price_amount":"11325.00","product_price_currency":"SEK","og_availability":"instock","product_availability":"instock","product_retailer_item_id":"50000","product_condition":"new"},"jetpack_sharing_enabled":true,"_links":{"self":[{"href":"https:\/\/www.handdukstorkar.se\/sv\/wp-json\/wp\/v2\/product\/70724","targetHints":{"allow":["GET"]}}],"collection":[{"href":"https:\/\/www.handdukstorkar.se\/sv\/wp-json\/wp\/v2\/product"}],"about":[{"href":"https:\/\/www.handdukstorkar.se\/sv\/wp-json\/wp\/v2\/types\/product"}],"version-history":[{"count":0,"href":"https:\/\/www.handdukstorkar.se\/sv\/wp-json\/wp\/v2\/product\/70724\/revisions"}],"wp:featuredmedia":[{"embeddable":true,"href":"https:\/\/www.handdukstorkar.se\/sv\/wp-json\/wp\/v2\/media\/174947"}],"wp:attachment":[{"href":"https:\/\/www.handdukstorkar.se\/sv\/wp-json\/wp\/v2\/media?parent=70724"}],"wp:term":[{"taxonomy":"product_brand","embeddable":true,"href":"https:\/\/www.handdukstorkar.se\/sv\/wp-json\/wp\/v2\/product_brand?post=70724"},{"taxonomy":"product_cat","embeddable":true,"href":"https:\/\/www.handdukstorkar.se\/sv\/wp-json\/wp\/v2\/product_cat?post=70724"},{"taxonomy":"product_tag","embeddable":true,"href":"https:\/\/www.handdukstorkar.se\/sv\/wp-json\/wp\/v2\/product_tag?post=70724"}],"curies":[{"name":"wp","href":"https:\/\/api.w.org\/{rel}","templated":true}]}}