


{"id":74954,"date":"2020-08-18T22:17:28","date_gmt":"2020-08-18T21:17:28","guid":{"rendered":"http:\/\/www.handdukstorkar.se\/?post_type=product&#038;p=74954"},"modified":"2026-04-24T14:15:38","modified_gmt":"2026-04-24T13:15:38","slug":"fiona-handdukstork-430x1380-vit","status":"publish","type":"product","link":"https:\/\/www.handdukstorkar.se\/sv\/shop\/haandklaedetorrer\/hvid-haandklaedetoerrer\/fiona-haandklaedetoerrer-430x1380-hvid\/","title":{"rendered":"Fiona Handdukstork 430\u00d71380 Vit"},"content":{"rendered":"<p><strong>Bredd:<\/strong> 430-530-630 mm<br \/>\n<strong>H\u00f6jd:<\/strong> 1380 mm<br \/>\n<strong>c\/c-avst\u00e5nd:<\/strong> 400-500-600 mm<br \/>\n<strong>V\u00e4ggavst\u00e5nd:<\/strong> 72-80 mm<br \/>\n<strong>V\u00e4gg till r\u00f6r-center: <\/strong>57-65 mm<br \/>\n<strong>Prestanda (\u0394t=50\u00b0C):<\/strong> 518-616-711 watt<br \/>\n<strong>Avsluta:<\/strong> Pulverlack RAL9016, Vit<br \/>\n<strong>Tilltr\u00e4de och avresa:<\/strong> 1\/2\u201d RG<br \/>\n<strong>Garanti:\u00a0<\/strong>8 \u00e5r<br \/>\n<strong>Maximalt driftstryck: <\/strong>10 barer<br \/>\n<strong>Design: <\/strong>THERM<\/p>\n<hr \/>\n<p><strong>L\u00e4mpligt elelement: 600W<\/strong><\/p>\n<div style=\"padding: 20px; margin-bottom: 20px; border: 1px solid #957777; background-color: #efec9c; border-radius: 5px; color: #000; font-weight: 400; line-height: 1.5em; font-size: 1.1em;\">Handdukstorken kan anslutas till fj\u00e4rrv\u00e4rme\/centralv\u00e4rme, elv\u00e4rme eller en kombination av el och fj\u00e4rrv\u00e4rme.<br \/>\nSe \u00e4ven v\u00e5rt stora utbud av <a style=\"color: blue; text-decoration: none;\" href=\"https:\/\/www.haandklaedetoerrer.dk\/produkt-kategori\/el-patroner-til-haandklaedetoerrer\/\">elpatroner<\/a> och relaterade <a style=\"color: blue; text-decoration: none;\" title=\"ventiler\" href=\"https:\/\/www.haandklaedetoerrer.dk\/produkt-kategori\/ventiler-og-termostater\/\">ventiler<\/a>F\u00f6r mer information och installationsanvisningar, bes\u00f6k v\u00e5r <a style=\"color: blue; text-decoration: none;\" title=\"teknisk information\" href=\"http:\/\/www.haandklaedetoerrer.dk\/teknisk-info\">sida med teknisk information<\/a>.<\/div>\n<p><img decoding=\"async\" class=\"alignnone size-full wp-image-72634\" src=\"https:\/\/www.haandklaedetoerrer.dk\/wp-content\/uploads\/2020\/06\/terma-logo-new.jpg\" alt=\"\" width=\"180\" height=\"180\" srcset=\"https:\/\/www.handdukstorkar.se\/wp-content\/uploads\/2020\/06\/terma-logo-new.jpg 180w, https:\/\/www.handdukstorkar.se\/wp-content\/uploads\/2020\/06\/terma-logo-new-100x100.jpg 100w, https:\/\/www.handdukstorkar.se\/wp-content\/uploads\/2020\/06\/terma-logo-new-150x150.jpg 150w\" sizes=\"(max-width: 180px) 100vw, 180px\" \/><img decoding=\"async\" class=\"size-full wp-image-25783\" title=\"8 \u00c5RS GARANTI\" src=\"http:\/\/wordpress\/wp-content\/uploads\/2011\/07\/8_RS_GARANTI_-1.jpg\" alt=\"8 \u00c5RS GARANTI\" width=\"130\" height=\"118\" srcset=\"https:\/\/www.handdukstorkar.se\/wp-content\/uploads\/2011\/07\/8_RS_GARANTI_-1.jpg 130w, https:\/\/www.handdukstorkar.se\/wp-content\/uploads\/2011\/07\/8_RS_GARANTI_-1-100x91.jpg 100w\" sizes=\"(max-width: 130px) 100vw, 130px\" \/><\/p>","protected":false},"excerpt":{"rendered":"<p><strong>Fiona vit handdukstork 630 \u00d7 1380 mm<\/strong><\/p>\n<p>Fiona handdukstork kombinerar en solid st\u00e5lram med vertikala uppsamlare p\u00e5 30 \u00d7 30 mm och runda profiler p\u00e5 \u00d8 22 mm, vilket s\u00e4kerst\u00e4ller b\u00e5de robusthet och ett l\u00e4tt och elegant utseende. Med sina gener\u00f6sa m\u00e5tt p\u00e5 630 \u00d7 1380 mm ger den extra torkutrymme f\u00f6r flera handdukar samtidigt, medan driftstrycket p\u00e5 1000 kPa och en arbetstemperatur p\u00e5 upp till 95 \u00b0C garanterar snabb och effektiv uppv\u00e4rmning. Ytan \u00e4r pulverlackerad i RAL 9016 f\u00f6r optimalt skydd mot korrosion och enkel reng\u00f6ring.<\/p>\n<p><strong>Produktf\u00f6rdelar:<\/strong><\/p>\n<p>Massivt st\u00e5l med 30 \u00d7 30 mm kollektorer och \u00d8 22 mm r\u00f6rprofiler<br \/>\nH\u00f6gt driftstryck (1000 kPa) och arbetstemperatur upp till 95 \u00b0C<br \/>\nTre \u00bd anslutningsh\u00e5l f\u00f6r flexibel installation<br \/>\nPulverlackerad RAL 9016 f\u00f6r l\u00e5ng h\u00e5llbarhet och enkelt underh\u00e5ll<br \/>\nInklusive luftskruv och MKT-monteringssats (skruvar och pluggar)<\/p>\n<p><strong>Idealisk f\u00f6r:<\/strong><br \/>\nStora privata bost\u00e4der, hotell och spa-omr\u00e5den<br \/>\nBadrum, wellnessrum och poolfaciliteter<\/p>\n<p>Handdukstorken kan anslutas till fj\u00e4rrv\u00e4rme\/centralv\u00e4rme, elv\u00e4rme eller en kombination. Se \u00e4ven v\u00e5rt stora utbud av elektriska v\u00e4rmare och ventiler. F\u00f6r mer information och installationsanvisningar, se v\u00e5r tekniska informationssida.<\/p>\n<p>Finns i ass. storlekar under kategorin Vita handdukstorkar.<br \/>\n<span style=\"color: #0000ff;\"><a style=\"color: #0000ff;\" href=\"https:\/\/www.haandklaedetoerrer.dk\/produkt-kategori\/haandklaedetorrer\/hvid-haandklaedetoerrer\/\"><strong>Klicka h\u00e4r<\/strong><\/a><\/span>\u00a0f\u00f6r att se de andra storlekarna.<\/p>\n<p><strong><a href=\"https:\/\/www.haandklaedetoerrer.dk\/wp-content\/uploads\/2020\/06\/Fiona-motage-vejledning.pdf\" target=\"_blank\" rel=\"noopener noreferrer\"><img decoding=\"async\" class=\"alignnone size-full wp-image-36449\" src=\"https:\/\/www.haandklaedetoerrer.dk\/wp-content\/uploads\/2015\/03\/iconfinder_24_2133056-1.png\" alt=\"installationsguide\" width=\"48\" height=\"48\" \/>MONTERINGSANVISNINGAR\u00a0<\/a>\u00a0<\/strong><\/p>\n<p><a href=\"https:\/\/www.haandklaedetoerrer.dk\/wp-content\/uploads\/2020\/06\/Fiona-Teknisk-Detaljer.pdf\" target=\"_blank\" rel=\"noopener noreferrer\"><strong><img decoding=\"async\" class=\"alignnone size-full wp-image-36449\" src=\"https:\/\/www.haandklaedetoerrer.dk\/wp-content\/uploads\/2015\/03\/iconfinder_24_2133056-1.png\" alt=\"installationsguide\" width=\"48\" height=\"48\" \/>TEKNISKA DETALJER\u00a0<\/strong><\/a><\/p>","protected":false},"featured_media":16372912213,"template":"","meta":[],"product_brand":[],"product_cat":[964,1404,1405,972],"product_tag":[],"class_list":{"0":"post-74954","1":"product","2":"type-product","3":"status-publish","4":"has-post-thumbnail","6":"product_cat-designer-modeller","7":"product_cat-handklaedeholder","8":"product_cat-handklaedevarmer","9":"product_cat-hvid-haandklaedetoerrer","10":"pa_bredde-1295","11":"pa_bredde-1070","12":"pa_bredde-1296","13":"pa_centerafstand-1179","14":"pa_centerafstand-1158","15":"pa_centerafstand-1297","16":"pa_farve-hvid","17":"pa_finish-hvid","18":"pa_leverings_tid-1-2dage","19":"pa_manufacturer-terma-technologie","20":"pa_model-fiona","22":"first","23":"instock","24":"sale","25":"taxable","26":"shipping-taxable","27":"purchasable","28":"product-type-simple"},"yoast_head":"<!-- This site is optimized with the Yoast SEO Premium plugin v27.1 (Yoast SEO v27.1.1) - https:\/\/yoast.com\/product\/yoast-seo-premium-wordpress\/ -->\n<title>Fiona H\u00e5ndkl\u00e6det\u00f8rrer 430x1380 Hvid - Handdukstorkar.se<\/title>\n<meta name=\"robots\" content=\"index, follow, max-snippet:-1, max-image-preview:large, max-video-preview:-1\" \/>\n<link rel=\"canonical\" href=\"https:\/\/www.handdukstorkar.se\/sv\/butik\/handdukstorkar\/vit-handdukstorkar\/fiona-handdukstork-430x1380-vit\/\" \/>\n<meta property=\"og:locale\" content=\"sv_SE\" \/>\n<meta property=\"og:type\" content=\"article\" \/>\n<meta property=\"og:title\" content=\"Fiona H\u00e5ndkl\u00e6det\u00f8rrer 430x1380 Hvid\" \/>\n<meta property=\"og:description\" content=\"Fiona Hvid H\u00e5ndkl\u00e6det\u00f8rrer 630 \u00d7 1380 mm  Fiona H\u00e5ndkl\u00e6det\u00f8rrer kombinerer en massiv st\u00e5lramme med lodrette 30 \u00d7 30 mm samlere og \u00d8 22 mm rund-profiler, der sikrer b\u00e5de robusthed og et let, elegant udtryk. Med sine gener\u00f8se m\u00e5l p\u00e5 630 \u00d7 1380 mm leverer den ekstra t\u00f8rreplads til flere h\u00e5ndkl\u00e6der p\u00e5 \u00e9n gang, mens driftstrykket p\u00e5 1000 kPa og en arbejdstemperatur helt op til 95 \u00b0C garanterer hurtig og effektiv opvarmning. Overfladen er pulverlakeret i RAL 9016 for optimal beskyttelse mod korrosion og nem reng\u00f8ring.  Produktfordele:  Massivt st\u00e5l med 30 \u00d7 30 mm samlere og \u00d8 22 mm r\u00f8rprofiler H\u00f8jt driftstryk (1000 kPa) &amp; arbejdstemperatur op til 95 \u00b0C Tre \u00bd tilslutningshuller for fleksibel installation Pulverlakeret RAL 9016 for lang holdbarhed og nem vedligeholdelse Inklusiv luftskrue og MKT-monteringskit (skruer &amp; rawlplugs)  Ideel til: Store privatboliger, hoteller og spa-omr\u00e5der Badev\u00e6relser, wellnessrum og pool-faciliteter  H\u00e5ndkl\u00e6det\u00f8rreren kan tilsluttes fjernvarme\/centralvarme, el-varme eller en kombination. Se ogs\u00e5 vores store udvalg af el-patroner og ventiler. For mere information og installationsvejledning, se vores side med teknisk info.  Findes i ass. st\u00f8rrelser under kategorien Hvide H\u00e5ndkl\u00e6det\u00f8rrer. Klik her\u00a0for at se de andre st\u00f8rrelser.  MONTAGE VEJLEDNING\u00a0\u00a0  TEKNISKE DETALJER\u00a0\" \/>\n<meta property=\"og:url\" content=\"https:\/\/www.handdukstorkar.se\/sv\/butik\/handdukstorkar\/vit-handdukstorkar\/fiona-handdukstork-430x1380-vit\/\" \/>\n<meta property=\"og:site_name\" content=\"Handdukstorkar.se\" \/>\n<meta property=\"article:modified_time\" content=\"2026-04-24T13:15:38+00:00\" \/>\n<meta property=\"og:image\" content=\"https:\/\/www.handdukstorkar.se\/wp-content\/uploads\/2025\/08\/Fiona_1380_630_9016.jpg\" \/>\n\t<meta property=\"og:image:width\" content=\"447\" \/>\n\t<meta property=\"og:image:height\" content=\"598\" \/>\n\t<meta property=\"og:image:type\" content=\"image\/jpeg\" \/>\n<meta name=\"twitter:card\" content=\"summary_large_image\" \/>\n<meta name=\"twitter:label1\" content=\"Pris\" \/>\n\t<meta name=\"twitter:data1\" content=\"3.375,00&nbsp;kr\" \/>\n\t<meta name=\"twitter:label2\" content=\"Availability\" \/>\n\t<meta name=\"twitter:data2\" content=\"In stock\" \/>\n<script type=\"application\/ld+json\" class=\"yoast-schema-graph\">{\"@context\":\"https:\/\/schema.org\",\"@graph\":[{\"@type\":\"WebPage\",\"@id\":\"https:\/\/www.handdukstorkar.se\/shop\/haandklaedetorrer\/hvid-haandklaedetoerrer\/fiona-haandklaedetoerrer-430x1380-hvid\/\",\"url\":\"https:\/\/www.handdukstorkar.se\/shop\/haandklaedetorrer\/hvid-haandklaedetoerrer\/fiona-haandklaedetoerrer-430x1380-hvid\/\",\"name\":\"Fiona H\u00e5ndkl\u00e6det\u00f8rrer 430x1380 Hvid - Handdukstorkar.se\",\"isPartOf\":{\"@id\":\"https:\/\/www.handdukstorkar.se\/sv\/#website\"},\"primaryImageOfPage\":{\"@id\":\"https:\/\/www.handdukstorkar.se\/shop\/haandklaedetorrer\/hvid-haandklaedetoerrer\/fiona-haandklaedetoerrer-430x1380-hvid\/#primaryimage\"},\"image\":{\"@id\":\"https:\/\/www.handdukstorkar.se\/shop\/haandklaedetorrer\/hvid-haandklaedetoerrer\/fiona-haandklaedetoerrer-430x1380-hvid\/#primaryimage\"},\"thumbnailUrl\":\"https:\/\/www.handdukstorkar.se\/wp-content\/uploads\/2025\/08\/Fiona_1380_630_9016.jpg\",\"datePublished\":\"2020-08-18T21:17:28+00:00\",\"dateModified\":\"2026-04-24T13:15:38+00:00\",\"breadcrumb\":{\"@id\":\"https:\/\/www.handdukstorkar.se\/shop\/haandklaedetorrer\/hvid-haandklaedetoerrer\/fiona-haandklaedetoerrer-430x1380-hvid\/#breadcrumb\"},\"inLanguage\":\"sv-SE\",\"potentialAction\":[{\"@type\":\"ReadAction\",\"target\":[\"https:\/\/www.handdukstorkar.se\/shop\/haandklaedetorrer\/hvid-haandklaedetoerrer\/fiona-haandklaedetoerrer-430x1380-hvid\/\"]}]},{\"@type\":\"ImageObject\",\"inLanguage\":\"sv-SE\",\"@id\":\"https:\/\/www.handdukstorkar.se\/shop\/haandklaedetorrer\/hvid-haandklaedetoerrer\/fiona-haandklaedetoerrer-430x1380-hvid\/#primaryimage\",\"url\":\"https:\/\/www.handdukstorkar.se\/wp-content\/uploads\/2025\/08\/Fiona_1380_630_9016.jpg\",\"contentUrl\":\"https:\/\/www.handdukstorkar.se\/wp-content\/uploads\/2025\/08\/Fiona_1380_630_9016.jpg\",\"width\":447,\"height\":598,\"caption\":\"FIONA H\u00c5NDKL\u00c6DET\u00d8RRER 1380\"},{\"@type\":\"BreadcrumbList\",\"@id\":\"https:\/\/www.handdukstorkar.se\/shop\/haandklaedetorrer\/hvid-haandklaedetoerrer\/fiona-haandklaedetoerrer-430x1380-hvid\/#breadcrumb\",\"itemListElement\":[{\"@type\":\"ListItem\",\"position\":1,\"name\":\"Home\",\"item\":\"https:\/\/www.handdukstorkar.se\/sv\/\"},{\"@type\":\"ListItem\",\"position\":2,\"name\":\"Shop\",\"item\":\"https:\/\/www.handdukstorkar.se\/sv\/butik\/\"},{\"@type\":\"ListItem\",\"position\":3,\"name\":\"Fiona H\u00e5ndkl\u00e6det\u00f8rrer 430&#215;1380 Hvid\"}]},{\"@type\":\"WebSite\",\"@id\":\"https:\/\/www.handdukstorkar.se\/sv\/#website\",\"url\":\"https:\/\/www.handdukstorkar.se\/sv\/\",\"name\":\"Handdukstorkar.se\",\"description\":\"Danmarks st\u00f8rste udvalg af h\u00e5ndkl\u00e6det\u00f8rrer\",\"publisher\":{\"@id\":\"https:\/\/www.handdukstorkar.se\/sv\/#organization\"},\"potentialAction\":[{\"@type\":\"SearchAction\",\"target\":{\"@type\":\"EntryPoint\",\"urlTemplate\":\"https:\/\/www.handdukstorkar.se\/sv\/?s={search_term_string}\"},\"query-input\":{\"@type\":\"PropertyValueSpecification\",\"valueRequired\":true,\"valueName\":\"search_term_string\"}}],\"inLanguage\":\"sv-SE\"},{\"@type\":\"Organization\",\"@id\":\"https:\/\/www.handdukstorkar.se\/sv\/#organization\",\"name\":\"H\u00e5ndkl\u00e6det\u00f8rrer.dk\",\"url\":\"https:\/\/www.handdukstorkar.se\/sv\/\",\"logo\":{\"@type\":\"ImageObject\",\"inLanguage\":\"sv-SE\",\"@id\":\"https:\/\/www.handdukstorkar.se\/sv\/#\/schema\/logo\/image\/\",\"url\":\"https:\/\/www.handdukstorkar.se\/wp-content\/uploads\/2019\/06\/logo-1.png\",\"contentUrl\":\"https:\/\/www.handdukstorkar.se\/wp-content\/uploads\/2019\/06\/logo-1.png\",\"width\":300,\"height\":45,\"caption\":\"H\u00e5ndkl\u00e6det\u00f8rrer.dk\"},\"image\":{\"@id\":\"https:\/\/www.handdukstorkar.se\/sv\/#\/schema\/logo\/image\/\"}}]}<\/script>\n<meta property=\"product:brand\" content=\"FIONA\" \/>\n<meta property=\"product:price:amount\" content=\"3375.00\" \/>\n<meta property=\"product:price:currency\" content=\"SEK\" \/>\n<meta property=\"og:availability\" content=\"instock\" \/>\n<meta property=\"product:availability\" content=\"instock\" \/>\n<meta property=\"product:retailer_item_id\" content=\"21914\" \/>\n<meta property=\"product:condition\" content=\"new\" \/>\n<!-- \/ Yoast SEO Premium plugin. -->","yoast_head_json":{"title":"Fiona Handdukstork 430x1380 Vit - Handdukstorkar.se","robots":{"index":"index","follow":"follow","max-snippet":"max-snippet:-1","max-image-preview":"max-image-preview:large","max-video-preview":"max-video-preview:-1"},"canonical":"https:\/\/www.handdukstorkar.se\/sv\/butik\/handdukstorkar\/vit-handdukstorkar\/fiona-handdukstork-430x1380-vit\/","og_locale":"sv_SE","og_type":"article","og_title":"Fiona H\u00e5ndkl\u00e6det\u00f8rrer 430x1380 Hvid","og_description":"Fiona Hvid H\u00e5ndkl\u00e6det\u00f8rrer 630 \u00d7 1380 mm  Fiona H\u00e5ndkl\u00e6det\u00f8rrer kombinerer en massiv st\u00e5lramme med lodrette 30 \u00d7 30 mm samlere og \u00d8 22 mm rund-profiler, der sikrer b\u00e5de robusthed og et let, elegant udtryk. Med sine gener\u00f8se m\u00e5l p\u00e5 630 \u00d7 1380 mm leverer den ekstra t\u00f8rreplads til flere h\u00e5ndkl\u00e6der p\u00e5 \u00e9n gang, mens driftstrykket p\u00e5 1000 kPa og en arbejdstemperatur helt op til 95 \u00b0C garanterer hurtig og effektiv opvarmning. Overfladen er pulverlakeret i RAL 9016 for optimal beskyttelse mod korrosion og nem reng\u00f8ring.  Produktfordele:  Massivt st\u00e5l med 30 \u00d7 30 mm samlere og \u00d8 22 mm r\u00f8rprofiler H\u00f8jt driftstryk (1000 kPa) &amp; arbejdstemperatur op til 95 \u00b0C Tre \u00bd tilslutningshuller for fleksibel installation Pulverlakeret RAL 9016 for lang holdbarhed og nem vedligeholdelse Inklusiv luftskrue og MKT-monteringskit (skruer &amp; rawlplugs)  Ideel til: Store privatboliger, hoteller og spa-omr\u00e5der Badev\u00e6relser, wellnessrum og pool-faciliteter  H\u00e5ndkl\u00e6det\u00f8rreren kan tilsluttes fjernvarme\/centralvarme, el-varme eller en kombination. Se ogs\u00e5 vores store udvalg af el-patroner og ventiler. For mere information og installationsvejledning, se vores side med teknisk info.  Findes i ass. st\u00f8rrelser under kategorien Hvide H\u00e5ndkl\u00e6det\u00f8rrer. Klik her\u00a0for at se de andre st\u00f8rrelser.  MONTAGE VEJLEDNING\u00a0\u00a0  TEKNISKE DETALJER\u00a0","og_url":"https:\/\/www.handdukstorkar.se\/sv\/butik\/handdukstorkar\/vit-handdukstorkar\/fiona-handdukstork-430x1380-vit\/","og_site_name":"Handdukstorkar.se","article_modified_time":"2026-04-24T13:15:38+00:00","og_image":[{"width":447,"height":598,"url":"https:\/\/www.handdukstorkar.se\/wp-content\/uploads\/2025\/08\/Fiona_1380_630_9016.jpg","type":"image\/jpeg"}],"twitter_card":"summary_large_image","twitter_misc":{"Pris":"3.375,00&nbsp;kr","Availability":"In stock"},"schema":{"@context":"https:\/\/schema.org","@graph":[{"@type":"WebPage","@id":"https:\/\/www.handdukstorkar.se\/shop\/haandklaedetorrer\/hvid-haandklaedetoerrer\/fiona-haandklaedetoerrer-430x1380-hvid\/","url":"https:\/\/www.handdukstorkar.se\/shop\/haandklaedetorrer\/hvid-haandklaedetoerrer\/fiona-haandklaedetoerrer-430x1380-hvid\/","name":"Fiona Handdukstork 430x1380 Vit - Handdukstorkar.se","isPartOf":{"@id":"https:\/\/www.handdukstorkar.se\/sv\/#website"},"primaryImageOfPage":{"@id":"https:\/\/www.handdukstorkar.se\/shop\/haandklaedetorrer\/hvid-haandklaedetoerrer\/fiona-haandklaedetoerrer-430x1380-hvid\/#primaryimage"},"image":{"@id":"https:\/\/www.handdukstorkar.se\/shop\/haandklaedetorrer\/hvid-haandklaedetoerrer\/fiona-haandklaedetoerrer-430x1380-hvid\/#primaryimage"},"thumbnailUrl":"https:\/\/www.handdukstorkar.se\/wp-content\/uploads\/2025\/08\/Fiona_1380_630_9016.jpg","datePublished":"2020-08-18T21:17:28+00:00","dateModified":"2026-04-24T13:15:38+00:00","breadcrumb":{"@id":"https:\/\/www.handdukstorkar.se\/shop\/haandklaedetorrer\/hvid-haandklaedetoerrer\/fiona-haandklaedetoerrer-430x1380-hvid\/#breadcrumb"},"inLanguage":"sv-SE","potentialAction":[{"@type":"ReadAction","target":["https:\/\/www.handdukstorkar.se\/shop\/haandklaedetorrer\/hvid-haandklaedetoerrer\/fiona-haandklaedetoerrer-430x1380-hvid\/"]}]},{"@type":"ImageObject","inLanguage":"sv-SE","@id":"https:\/\/www.handdukstorkar.se\/shop\/haandklaedetorrer\/hvid-haandklaedetoerrer\/fiona-haandklaedetoerrer-430x1380-hvid\/#primaryimage","url":"https:\/\/www.handdukstorkar.se\/wp-content\/uploads\/2025\/08\/Fiona_1380_630_9016.jpg","contentUrl":"https:\/\/www.handdukstorkar.se\/wp-content\/uploads\/2025\/08\/Fiona_1380_630_9016.jpg","width":447,"height":598,"caption":"FIONA H\u00c5NDKL\u00c6DET\u00d8RRER 1380"},{"@type":"BreadcrumbList","@id":"https:\/\/www.handdukstorkar.se\/shop\/haandklaedetorrer\/hvid-haandklaedetoerrer\/fiona-haandklaedetoerrer-430x1380-hvid\/#breadcrumb","itemListElement":[{"@type":"ListItem","position":1,"name":"Home","item":"https:\/\/www.handdukstorkar.se\/sv\/"},{"@type":"ListItem","position":2,"name":"Shop","item":"https:\/\/www.handdukstorkar.se\/sv\/butik\/"},{"@type":"ListItem","position":3,"name":"Fiona H\u00e5ndkl\u00e6det\u00f8rrer 430&#215;1380 Hvid"}]},{"@type":"WebSite","@id":"https:\/\/www.handdukstorkar.se\/sv\/#website","url":"https:\/\/www.handdukstorkar.se\/sv\/","name":"Handdukstork.se","description":"Danmarks st\u00f6rsta utbud av handdukstorkar","publisher":{"@id":"https:\/\/www.handdukstorkar.se\/sv\/#organization"},"potentialAction":[{"@type":"SearchAction","target":{"@type":"EntryPoint","urlTemplate":"https:\/\/www.handdukstorkar.se\/sv\/?s={search_term_string}"},"query-input":{"@type":"PropertyValueSpecification","valueRequired":true,"valueName":"search_term_string"}}],"inLanguage":"sv-SE"},{"@type":"Organization","@id":"https:\/\/www.handdukstorkar.se\/sv\/#organization","name":"H\u00e5ndkladetorrer.dk","url":"https:\/\/www.handdukstorkar.se\/sv\/","logo":{"@type":"ImageObject","inLanguage":"sv-SE","@id":"https:\/\/www.handdukstorkar.se\/sv\/#\/schema\/logo\/image\/","url":"https:\/\/www.handdukstorkar.se\/wp-content\/uploads\/2019\/06\/logo-1.png","contentUrl":"https:\/\/www.handdukstorkar.se\/wp-content\/uploads\/2019\/06\/logo-1.png","width":300,"height":45,"caption":"H\u00e5ndkl\u00e6det\u00f8rrer.dk"},"image":{"@id":"https:\/\/www.handdukstorkar.se\/sv\/#\/schema\/logo\/image\/"}}]},"product_brand":"FIONA","product_price_amount":"3375.00","product_price_currency":"SEK","og_availability":"instock","product_availability":"instock","product_retailer_item_id":"21914","product_condition":"new"},"jetpack_sharing_enabled":true,"_links":{"self":[{"href":"https:\/\/www.handdukstorkar.se\/sv\/wp-json\/wp\/v2\/product\/74954","targetHints":{"allow":["GET"]}}],"collection":[{"href":"https:\/\/www.handdukstorkar.se\/sv\/wp-json\/wp\/v2\/product"}],"about":[{"href":"https:\/\/www.handdukstorkar.se\/sv\/wp-json\/wp\/v2\/types\/product"}],"version-history":[{"count":0,"href":"https:\/\/www.handdukstorkar.se\/sv\/wp-json\/wp\/v2\/product\/74954\/revisions"}],"wp:featuredmedia":[{"embeddable":true,"href":"https:\/\/www.handdukstorkar.se\/sv\/wp-json\/wp\/v2\/media\/16372912213"}],"wp:attachment":[{"href":"https:\/\/www.handdukstorkar.se\/sv\/wp-json\/wp\/v2\/media?parent=74954"}],"wp:term":[{"taxonomy":"product_brand","embeddable":true,"href":"https:\/\/www.handdukstorkar.se\/sv\/wp-json\/wp\/v2\/product_brand?post=74954"},{"taxonomy":"product_cat","embeddable":true,"href":"https:\/\/www.handdukstorkar.se\/sv\/wp-json\/wp\/v2\/product_cat?post=74954"},{"taxonomy":"product_tag","embeddable":true,"href":"https:\/\/www.handdukstorkar.se\/sv\/wp-json\/wp\/v2\/product_tag?post=74954"}],"curies":[{"name":"wp","href":"https:\/\/api.w.org\/{rel}","templated":true}]}}