


{"id":76102,"date":"2020-09-17T21:55:13","date_gmt":"2020-09-17T20:55:13","guid":{"rendered":"http:\/\/www.handdukstorkar.se\/?post_type=product&#038;p=76102"},"modified":"2026-04-24T14:15:57","modified_gmt":"2026-04-24T13:15:57","slug":"antracitfargad-elpatron-med-termostattimer","status":"publish","type":"product","link":"https:\/\/www.handdukstorkar.se\/sv\/shop\/el-patroner-til-haandklaedetoerrer-2\/antracit-el-patron-med-termostat-timer\/","title":{"rendered":"Antracit elektrisk patron med termostat och timer"},"content":{"rendered":"<p><span style=\"font-size: 14px;\">MOA El-patronen \u00e4r designad med s\u00e4rskild uppm\u00e4rksamhet p\u00e5 detaljer. Elpatronen har en minimalistisk design och finns i flera f\u00e4rger samtidigt som den \u00e4r mycket funktionell och redo att anv\u00e4ndas. MOAs 2 timmars timerfunktion ger dig komforten att du inte beh\u00f6ver oroa dig om du har st\u00e4ngt av. Synliga, anv\u00e4ndarv\u00e4nliga knappar samt snabbtorkande funktion och termostatstyrt justerbart temperaturindikeringssystem g\u00f6r anv\u00e4ndningen av elpatronen \u00e4nnu enklare och mer intuitiv. MOA El-patronen har kortslutning och dubbelt \u00f6verhettningsskydd. MOAs Antifrost-funktion skyddar mot att temperaturen p\u00e5 handdukstorken\/radiatorn inte sjunker under 5-7 \u00b0C.<\/span><\/p>\n<p><span style=\"font-size: 14px;\">Funktioner: Omkopplarknapp f\u00f6r att sl\u00e5 p\u00e5\/st\u00e4nga av v\u00e4rmaren p\u00e5 +\/\u2013 knapparna, du kan \u00f6ka eller minska temperaturen p\u00e5<\/span><br \/>\n<span style=\"font-size: 14px;\">handduksradiatorn. F\u00f6r varje lysdiod som t\u00e4nds kommer temperaturen att \u00f6ka med ca. 10 \u2013 12 grader. Dessa anv\u00e4nds ocks\u00e5 f\u00f6r att st\u00e4lla in temperaturniv\u00e5n n\u00e4r timerfunktionen \u00e4r aktiverad. Aktivera 2-timmarstimern som g\u00f6r att v\u00e4rmaren forts\u00e4tter i 2 timmar p\u00e5 den niv\u00e5 som visas. Niv\u00e5n kan st\u00e4llas in med + \/ \u2013 knapparna. Timerfunktionen sparar niv\u00e5n d\u00e5 och d\u00e5.<\/span><br \/>\n<span style=\"font-size: 14px;\">Efter det kommer v\u00e4rmaren att &quot;g\u00e5&quot; tillbaka till den niv\u00e5 den var p\u00e5<\/span><br \/>\n<span style=\"font-size: 14px;\">n\u00e4r timern aktiverades.<\/span><br \/>\n<span style=\"font-size: 14px;\">Om du vill att den ska st\u00e4ngas av helt efter 2 timmar m\u00e5ste du se till att v\u00e4rmaren \u00e4r avst\u00e4ngd innan du aktiverar timern. Timern sl\u00e5r sedan p\u00e5 v\u00e4rmaren i 2 timmar och st\u00e4nger sedan av den igen<\/span><\/p>","protected":false},"excerpt":{"rendered":"<p>2-timmars timerfunktion. Elegant utseende. Temperaturregleringsknappar f\u00f6r elpatroner \u2013 Temperaturen kan regleras mellan 30-60 \u00b0C. Lysdioder som visar aktuell temperatur och inst\u00e4llningar. Exceptionellt ergonomisk anv\u00e4ndning \u2013 stora, l\u00e4ttl\u00e4sta knappar. status : frostskyddsfunktion, skydd mot fall<br \/>\ntemperatur under 5-7 \u00b0 C. Dubbelt skydd mot \u00f6verhettning.<br \/>\nKan monteras fritt p\u00e5 v\u00e4nster eller h\u00f6ger sida.<\/p>\n<p><a style=\"font-size: 1rem;\" href=\"https:\/\/www.haandklaedetoerrer.dk\/wp-content\/uploads\/2012\/01\/Vejledning-MOA-el-patroner.pdf\" target=\"_blank\" rel=\"noopener noreferrer\" data-wp-editing=\"1\"><img decoding=\"async\" class=\"alignnone wp-image-36449\" src=\"http:\/\/www.haandklaedetoerrer.dk\/wp-content\/uploads\/2015\/03\/iconfinder_24_2133056-1.png\" alt=\"\" width=\"40\" height=\"40\" \/>INSTALLATIONSGUIDE<\/a><\/p>\n<p><a href=\"https:\/\/www.youtube.com\/watch?v=FX5pKksEx4Y\" target=\"_blank\" rel=\"noopener noreferrer\"><img decoding=\"async\" class=\"alignnone wp-image-27522 size-thumbnail\" src=\"https:\/\/www.haandklaedetoerrer.dk\/wp-content\/uploads\/2018\/05\/YOUTUBE-150x33.png\" alt=\"MOA BL\u00c5\" width=\"150\" height=\"33\" srcset=\"https:\/\/www.handdukstorkar.se\/wp-content\/uploads\/2018\/05\/YOUTUBE-150x33.png 150w, https:\/\/www.handdukstorkar.se\/wp-content\/uploads\/2018\/05\/YOUTUBE-420x94.png 420w, https:\/\/www.handdukstorkar.se\/wp-content\/uploads\/2018\/05\/YOUTUBE-300x67.png 300w, https:\/\/www.handdukstorkar.se\/wp-content\/uploads\/2018\/05\/YOUTUBE-400x89.png 400w, https:\/\/www.handdukstorkar.se\/wp-content\/uploads\/2018\/05\/YOUTUBE-100x22.png 100w, https:\/\/www.handdukstorkar.se\/wp-content\/uploads\/2018\/05\/YOUTUBE.png 475w\" sizes=\"(max-width: 150px) 100vw, 150px\" \/><\/a><\/p>","protected":false},"featured_media":16372912232,"template":"","meta":[],"product_brand":[944],"product_cat":[1435],"product_tag":[],"class_list":{"0":"post-76102","1":"product","2":"type-product","3":"status-publish","4":"has-post-thumbnail","6":"product_brand-terma-technologie","7":"product_cat-el-patroner-til-haandklaedetoerrer-2","8":"pa_farve-antracit","9":"pa_finish-antracit","10":"pa_leverings_tid-1-2dage","11":"pa_manufacturer-terma-technologie","12":"pa_model-f1-moa","13":"pa_pdf-35-monteringsanvisning_elpatr","14":"pa_pdf_label-37-seinstruktionmoa-elpatronp","16":"first","17":"instock","18":"sale","19":"taxable","20":"shipping-taxable","21":"purchasable","22":"product-type-variable"},"yoast_head":"<!-- This site is optimized with the Yoast SEO Premium plugin v27.1 (Yoast SEO v27.1.1) - https:\/\/yoast.com\/product\/yoast-seo-premium-wordpress\/ -->\n<title>Antracit El-Patron med Termostat &amp; Timer - Handdukstorkar.se<\/title>\n<meta name=\"robots\" content=\"index, follow, max-snippet:-1, max-image-preview:large, max-video-preview:-1\" \/>\n<link rel=\"canonical\" href=\"https:\/\/www.handdukstorkar.se\/sv\/butik\/elektriska-patroner-for-handduksvarmare-2\/antracitfargad-elpatron-med-termostattimer\/\" \/>\n<meta property=\"og:locale\" content=\"sv_SE\" \/>\n<meta property=\"og:type\" content=\"article\" \/>\n<meta property=\"og:title\" content=\"Antracit El-Patron med Termostat &amp; Timer\" \/>\n<meta property=\"og:description\" content=\"2-timer&#039;s timer funktion. Elegant udseende. El-patron temperatur regulering knapper - Temperatur kan reguleres mellem 30-60 \u00b0C. Lys dioder der viser den aktuelle temperatur og indstillinger. Enest\u00e5ende ergonomisk brug - stor, letl\u00e6selig knapper.\u00a0 status : frostv\u00e6ske funktion, beskyttelse mod faldende temperatur under 5-7 \u00b0 C. Dobbelt beskyttelse mod overophedning. Kan monteres frit p\u00e5 venstre eller h\u00f8jre side.  INSTALLATIONSGUIDE\" \/>\n<meta property=\"og:url\" content=\"https:\/\/www.handdukstorkar.se\/sv\/butik\/elektriska-patroner-for-handduksvarmare-2\/antracitfargad-elpatron-med-termostattimer\/\" \/>\n<meta property=\"og:site_name\" content=\"Handdukstorkar.se\" \/>\n<meta property=\"article:modified_time\" content=\"2026-04-24T13:15:57+00:00\" \/>\n<meta property=\"og:image\" content=\"https:\/\/www.handdukstorkar.se\/wp-content\/uploads\/2025\/08\/M7A8681.jpg\" \/>\n\t<meta property=\"og:image:width\" content=\"612\" \/>\n\t<meta property=\"og:image:height\" content=\"426\" \/>\n\t<meta property=\"og:image:type\" content=\"image\/jpeg\" \/>\n<meta name=\"twitter:card\" content=\"summary_large_image\" \/>\n<meta name=\"twitter:label1\" content=\"Availability\" \/>\n\t<meta name=\"twitter:data1\" content=\"In stock\" \/>\n<script type=\"application\/ld+json\" class=\"yoast-schema-graph\">{\"@context\":\"https:\/\/schema.org\",\"@graph\":[{\"@type\":\"WebPage\",\"@id\":\"https:\/\/www.handdukstorkar.se\/sv\/shop\/el-patroner-til-haandklaedetoerrer-2\/antracit-el-patron-med-termostat-timer\/\",\"url\":\"https:\/\/www.handdukstorkar.se\/sv\/shop\/el-patroner-til-haandklaedetoerrer-2\/antracit-el-patron-med-termostat-timer\/\",\"name\":\"Antracit El-Patron med Termostat & Timer - Handdukstorkar.se\",\"isPartOf\":{\"@id\":\"https:\/\/www.handdukstorkar.se\/sv\/#website\"},\"primaryImageOfPage\":{\"@id\":\"https:\/\/www.handdukstorkar.se\/sv\/shop\/el-patroner-til-haandklaedetoerrer-2\/antracit-el-patron-med-termostat-timer\/#primaryimage\"},\"image\":{\"@id\":\"https:\/\/www.handdukstorkar.se\/sv\/shop\/el-patroner-til-haandklaedetoerrer-2\/antracit-el-patron-med-termostat-timer\/#primaryimage\"},\"thumbnailUrl\":\"https:\/\/www.handdukstorkar.se\/wp-content\/uploads\/2025\/08\/M7A8681.jpg\",\"datePublished\":\"2020-09-17T20:55:13+00:00\",\"dateModified\":\"2026-04-24T13:15:57+00:00\",\"breadcrumb\":{\"@id\":\"https:\/\/www.handdukstorkar.se\/sv\/shop\/el-patroner-til-haandklaedetoerrer-2\/antracit-el-patron-med-termostat-timer\/#breadcrumb\"},\"inLanguage\":\"sv-SE\",\"potentialAction\":[{\"@type\":\"ReadAction\",\"target\":[\"https:\/\/www.handdukstorkar.se\/sv\/shop\/el-patroner-til-haandklaedetoerrer-2\/antracit-el-patron-med-termostat-timer\/\"]}]},{\"@type\":\"ImageObject\",\"inLanguage\":\"sv-SE\",\"@id\":\"https:\/\/www.handdukstorkar.se\/sv\/shop\/el-patroner-til-haandklaedetoerrer-2\/antracit-el-patron-med-termostat-timer\/#primaryimage\",\"url\":\"https:\/\/www.handdukstorkar.se\/wp-content\/uploads\/2025\/08\/M7A8681.jpg\",\"contentUrl\":\"https:\/\/www.handdukstorkar.se\/wp-content\/uploads\/2025\/08\/M7A8681.jpg\",\"width\":612,\"height\":426,\"caption\":\"EL PATRON ANTRACIT\"},{\"@type\":\"BreadcrumbList\",\"@id\":\"https:\/\/www.handdukstorkar.se\/sv\/shop\/el-patroner-til-haandklaedetoerrer-2\/antracit-el-patron-med-termostat-timer\/#breadcrumb\",\"itemListElement\":[{\"@type\":\"ListItem\",\"position\":1,\"name\":\"Home\",\"item\":\"https:\/\/www.handdukstorkar.se\/sv\/\"},{\"@type\":\"ListItem\",\"position\":2,\"name\":\"Shop\",\"item\":\"https:\/\/www.handdukstorkar.se\/sv\/butik\/\"},{\"@type\":\"ListItem\",\"position\":3,\"name\":\"Antracit El-Patron med Termostat &#038; Timer\"}]},{\"@type\":\"WebSite\",\"@id\":\"https:\/\/www.handdukstorkar.se\/sv\/#website\",\"url\":\"https:\/\/www.handdukstorkar.se\/sv\/\",\"name\":\"Handdukstorkar.se\",\"description\":\"Danmarks st\u00f8rste udvalg af h\u00e5ndkl\u00e6det\u00f8rrer\",\"publisher\":{\"@id\":\"https:\/\/www.handdukstorkar.se\/sv\/#organization\"},\"potentialAction\":[{\"@type\":\"SearchAction\",\"target\":{\"@type\":\"EntryPoint\",\"urlTemplate\":\"https:\/\/www.handdukstorkar.se\/sv\/?s={search_term_string}\"},\"query-input\":{\"@type\":\"PropertyValueSpecification\",\"valueRequired\":true,\"valueName\":\"search_term_string\"}}],\"inLanguage\":\"sv-SE\"},{\"@type\":\"Organization\",\"@id\":\"https:\/\/www.handdukstorkar.se\/sv\/#organization\",\"name\":\"H\u00e5ndkl\u00e6det\u00f8rrer.dk\",\"url\":\"https:\/\/www.handdukstorkar.se\/sv\/\",\"logo\":{\"@type\":\"ImageObject\",\"inLanguage\":\"sv-SE\",\"@id\":\"https:\/\/www.handdukstorkar.se\/sv\/#\/schema\/logo\/image\/\",\"url\":\"https:\/\/www.handdukstorkar.se\/wp-content\/uploads\/2019\/06\/logo-1.png\",\"contentUrl\":\"https:\/\/www.handdukstorkar.se\/wp-content\/uploads\/2019\/06\/logo-1.png\",\"width\":300,\"height\":45,\"caption\":\"H\u00e5ndkl\u00e6det\u00f8rrer.dk\"},\"image\":{\"@id\":\"https:\/\/www.handdukstorkar.se\/sv\/#\/schema\/logo\/image\/\"}}]}<\/script>\n<meta property=\"product:brand\" content=\"MOA\" \/>\n<meta property=\"og:availability\" content=\"instock\" \/>\n<meta property=\"product:availability\" content=\"instock\" \/>\n<meta property=\"product:retailer_item_id\" content=\"80510\" \/>\n<meta property=\"product:condition\" content=\"new\" \/>\n<!-- \/ Yoast SEO Premium plugin. -->","yoast_head_json":{"title":"Antracit Elpatron med Termostat &amp; Timer - Toweldryer.se","robots":{"index":"index","follow":"follow","max-snippet":"max-snippet:-1","max-image-preview":"max-image-preview:large","max-video-preview":"max-video-preview:-1"},"canonical":"https:\/\/www.handdukstorkar.se\/sv\/butik\/elektriska-patroner-for-handduksvarmare-2\/antracitfargad-elpatron-med-termostattimer\/","og_locale":"sv_SE","og_type":"article","og_title":"Antracit El-Patron med Termostat & Timer","og_description":"2-timer's timer funktion. Elegant udseende. El-patron temperatur regulering knapper - Temperatur kan reguleres mellem 30-60 \u00b0C. Lys dioder der viser den aktuelle temperatur og indstillinger. Enest\u00e5ende ergonomisk brug - stor, letl\u00e6selig knapper.\u00a0 status : frostv\u00e6ske funktion, beskyttelse mod faldende temperatur under 5-7 \u00b0 C. Dobbelt beskyttelse mod overophedning. Kan monteres frit p\u00e5 venstre eller h\u00f8jre side.  INSTALLATIONSGUIDE","og_url":"https:\/\/www.handdukstorkar.se\/sv\/butik\/elektriska-patroner-for-handduksvarmare-2\/antracitfargad-elpatron-med-termostattimer\/","og_site_name":"Handdukstorkar.se","article_modified_time":"2026-04-24T13:15:57+00:00","og_image":[{"width":612,"height":426,"url":"https:\/\/www.handdukstorkar.se\/wp-content\/uploads\/2025\/08\/M7A8681.jpg","type":"image\/jpeg"}],"twitter_card":"summary_large_image","twitter_misc":{"Availability":"In stock"},"schema":{"@context":"https:\/\/schema.org","@graph":[{"@type":"WebPage","@id":"https:\/\/www.handdukstorkar.se\/sv\/shop\/el-patroner-til-haandklaedetoerrer-2\/antracit-el-patron-med-termostat-timer\/","url":"https:\/\/www.handdukstorkar.se\/sv\/shop\/el-patroner-til-haandklaedetoerrer-2\/antracit-el-patron-med-termostat-timer\/","name":"Antracit Elpatron med Termostat &amp; Timer - Toweldryer.se","isPartOf":{"@id":"https:\/\/www.handdukstorkar.se\/sv\/#website"},"primaryImageOfPage":{"@id":"https:\/\/www.handdukstorkar.se\/sv\/shop\/el-patroner-til-haandklaedetoerrer-2\/antracit-el-patron-med-termostat-timer\/#primaryimage"},"image":{"@id":"https:\/\/www.handdukstorkar.se\/sv\/shop\/el-patroner-til-haandklaedetoerrer-2\/antracit-el-patron-med-termostat-timer\/#primaryimage"},"thumbnailUrl":"https:\/\/www.handdukstorkar.se\/wp-content\/uploads\/2025\/08\/M7A8681.jpg","datePublished":"2020-09-17T20:55:13+00:00","dateModified":"2026-04-24T13:15:57+00:00","breadcrumb":{"@id":"https:\/\/www.handdukstorkar.se\/sv\/shop\/el-patroner-til-haandklaedetoerrer-2\/antracit-el-patron-med-termostat-timer\/#breadcrumb"},"inLanguage":"sv-SE","potentialAction":[{"@type":"ReadAction","target":["https:\/\/www.handdukstorkar.se\/sv\/shop\/el-patroner-til-haandklaedetoerrer-2\/antracit-el-patron-med-termostat-timer\/"]}]},{"@type":"ImageObject","inLanguage":"sv-SE","@id":"https:\/\/www.handdukstorkar.se\/sv\/shop\/el-patroner-til-haandklaedetoerrer-2\/antracit-el-patron-med-termostat-timer\/#primaryimage","url":"https:\/\/www.handdukstorkar.se\/wp-content\/uploads\/2025\/08\/M7A8681.jpg","contentUrl":"https:\/\/www.handdukstorkar.se\/wp-content\/uploads\/2025\/08\/M7A8681.jpg","width":612,"height":426,"caption":"EL PATRON ANTRACIT"},{"@type":"BreadcrumbList","@id":"https:\/\/www.handdukstorkar.se\/sv\/shop\/el-patroner-til-haandklaedetoerrer-2\/antracit-el-patron-med-termostat-timer\/#breadcrumb","itemListElement":[{"@type":"ListItem","position":1,"name":"Home","item":"https:\/\/www.handdukstorkar.se\/sv\/"},{"@type":"ListItem","position":2,"name":"Shop","item":"https:\/\/www.handdukstorkar.se\/sv\/butik\/"},{"@type":"ListItem","position":3,"name":"Antracit El-Patron med Termostat &#038; Timer"}]},{"@type":"WebSite","@id":"https:\/\/www.handdukstorkar.se\/sv\/#website","url":"https:\/\/www.handdukstorkar.se\/sv\/","name":"Handdukstork.se","description":"Danmarks st\u00f6rsta utbud av handdukstorkar","publisher":{"@id":"https:\/\/www.handdukstorkar.se\/sv\/#organization"},"potentialAction":[{"@type":"SearchAction","target":{"@type":"EntryPoint","urlTemplate":"https:\/\/www.handdukstorkar.se\/sv\/?s={search_term_string}"},"query-input":{"@type":"PropertyValueSpecification","valueRequired":true,"valueName":"search_term_string"}}],"inLanguage":"sv-SE"},{"@type":"Organization","@id":"https:\/\/www.handdukstorkar.se\/sv\/#organization","name":"H\u00e5ndkladetorrer.dk","url":"https:\/\/www.handdukstorkar.se\/sv\/","logo":{"@type":"ImageObject","inLanguage":"sv-SE","@id":"https:\/\/www.handdukstorkar.se\/sv\/#\/schema\/logo\/image\/","url":"https:\/\/www.handdukstorkar.se\/wp-content\/uploads\/2019\/06\/logo-1.png","contentUrl":"https:\/\/www.handdukstorkar.se\/wp-content\/uploads\/2019\/06\/logo-1.png","width":300,"height":45,"caption":"H\u00e5ndkl\u00e6det\u00f8rrer.dk"},"image":{"@id":"https:\/\/www.handdukstorkar.se\/sv\/#\/schema\/logo\/image\/"}}]},"product_brand":"MOA","og_availability":"instock","product_availability":"instock","product_retailer_item_id":"80510","product_condition":"new"},"jetpack_sharing_enabled":true,"_links":{"self":[{"href":"https:\/\/www.handdukstorkar.se\/sv\/wp-json\/wp\/v2\/product\/76102","targetHints":{"allow":["GET"]}}],"collection":[{"href":"https:\/\/www.handdukstorkar.se\/sv\/wp-json\/wp\/v2\/product"}],"about":[{"href":"https:\/\/www.handdukstorkar.se\/sv\/wp-json\/wp\/v2\/types\/product"}],"version-history":[{"count":0,"href":"https:\/\/www.handdukstorkar.se\/sv\/wp-json\/wp\/v2\/product\/76102\/revisions"}],"wp:featuredmedia":[{"embeddable":true,"href":"https:\/\/www.handdukstorkar.se\/sv\/wp-json\/wp\/v2\/media\/16372912232"}],"wp:attachment":[{"href":"https:\/\/www.handdukstorkar.se\/sv\/wp-json\/wp\/v2\/media?parent=76102"}],"wp:term":[{"taxonomy":"product_brand","embeddable":true,"href":"https:\/\/www.handdukstorkar.se\/sv\/wp-json\/wp\/v2\/product_brand?post=76102"},{"taxonomy":"product_cat","embeddable":true,"href":"https:\/\/www.handdukstorkar.se\/sv\/wp-json\/wp\/v2\/product_cat?post=76102"},{"taxonomy":"product_tag","embeddable":true,"href":"https:\/\/www.handdukstorkar.se\/sv\/wp-json\/wp\/v2\/product_tag?post=76102"}],"curies":[{"name":"wp","href":"https:\/\/api.w.org\/{rel}","templated":true}]}}