


{"id":86736,"date":"2021-03-15T23:55:55","date_gmt":"2021-03-15T22:55:55","guid":{"rendered":"http:\/\/www.handdukstorkar.se\/?post_type=product&#038;p=86736"},"modified":"2026-04-24T14:23:40","modified_gmt":"2026-04-24T13:23:40","slug":"standard-el-patron-sim","status":"publish","type":"product","link":"https:\/\/www.handdukstorkar.se\/sv\/shop\/el-patroner-til-haandklaedetoerrer-2\/standard-el-patron-sim\/","title":{"rendered":"Standard elektrisk patron SIM"},"content":{"rendered":"<p>FUNKTIONALITET: SIM ELECTRIC ELEMENT \u00e4r ett grundl\u00e4ggande, enkelt v\u00e4rmeelement. SIM-kortet har inbyggt \u00f6verhettningsskydd och \u00e4r f\u00f6rsett med en bimetalltemperaturbegr\u00e4nsare.<\/p>\n<p>INTELLIGENTA BYGGSYSTEM: SIM ELECTRIC ELEMENT \u00e4r l\u00e4mpligt f\u00f6r anslutning till externa timers och intelligenta byggsystem.<\/p>\n<p>S\u00c4KERHET: SIM har en exceptionellt h\u00f6g niv\u00e5 av skydd mot fuktintr\u00e4ngning och \u00e4r utrustad med en termisk s\u00e4kring f\u00f6r att f\u00f6rhindra \u00f6verhettning av radiatorn.<\/p>\n<p>DESIGN SIM har ett h\u00f6lje av rostfritt st\u00e5l. Den har ingen p\u00e5\/av-knapp p\u00e5 h\u00f6ljet, s\u00e5 den m\u00e5ste styras externt antingen med hj\u00e4lp av en timer eller med en sm\u00e4lts\u00e4krad str\u00f6mskena. En version med en str\u00f6mbrytare placerad p\u00e5 kontaktdonet finns tillg\u00e4nglig.<\/p>\n<p>F\u00c4RG Tillg\u00e4nglig f\u00e4rg: rostfritt st\u00e5l. Sektion och \u00e4r utrustad med en termisk s\u00e4kring f\u00f6r att f\u00f6rhindra \u00f6verhettning av radiatorn.<\/p>","protected":false},"excerpt":{"rendered":"<p>EGENSKABER OG FUNKTIONER<br \/>\nVedligeholdelsesfri<br \/>\nMaksimal temperatur begr\u00e6nset til 65 \u00b0 C<br \/>\nTermisk beskyttelse mod drift i en t\u00f8r radiator.<br \/>\nSymmetrisk tilslutning (kan installeres p\u00e5 venstre eller h\u00f8jre side)<br \/>\nFarve p\u00e5 varmeelementhus &#8211; Rustfrit st\u00e5l (blank) og et hvidt kabel<br \/>\nVelegnet til tilslutning til eksterne timere og intelligente bygningssystemer<br \/>\nIndtr\u00e6ngningsbeskyttelse [IP Klasse]: IP67<br \/>\nRadiatorforbindelse: 1\/2 \u201d<\/p>\n<p>&nbsp;<\/p>\n","protected":false},"featured_media":16372912245,"template":"","meta":[],"product_brand":[944],"product_cat":[1435],"product_tag":[],"class_list":{"0":"post-86736","1":"product","2":"type-product","3":"status-publish","4":"has-post-thumbnail","6":"product_brand-terma-technologie","7":"product_cat-el-patroner-til-haandklaedetoerrer-2","8":"pa_farve-krom","9":"pa_finish-krom","10":"pa_leverings_tid-1-2dage","11":"pa_manufacturer-terma-technologie","12":"pa_model-sim","14":"first","15":"instock","16":"taxable","17":"shipping-taxable","18":"purchasable","19":"product-type-variable"},"yoast_head":"<!-- This site is optimized with the Yoast SEO Premium plugin v27.1 (Yoast SEO v27.1.1) - https:\/\/yoast.com\/product\/yoast-seo-premium-wordpress\/ -->\n<title>Standard El-Patron SIM - Handdukstorkar.se<\/title>\n<meta name=\"robots\" content=\"index, follow, max-snippet:-1, max-image-preview:large, max-video-preview:-1\" \/>\n<link rel=\"canonical\" href=\"https:\/\/www.handdukstorkar.se\/sv\/butik\/elektriska-patroner-for-handduksvarmare-2\/standard-el-patron-sim\/\" \/>\n<meta property=\"og:locale\" content=\"sv_SE\" \/>\n<meta property=\"og:type\" content=\"article\" \/>\n<meta property=\"og:title\" content=\"Standard El-Patron SIM\" \/>\n<meta property=\"og:description\" content=\"EGENSKABER OG FUNKTIONER Vedligeholdelsesfri Maksimal temperatur begr\u00e6nset til 65 \u00b0 C Termisk beskyttelse mod drift i en t\u00f8r radiator. Symmetrisk tilslutning (kan installeres p\u00e5 venstre eller h\u00f8jre side) Farve p\u00e5 varmeelementhus - Rustfrit st\u00e5l (blank) og et hvidt kabel Velegnet til tilslutning til eksterne timere og intelligente bygningssystemer Indtr\u00e6ngningsbeskyttelse [IP Klasse]: IP67 Radiatorforbindelse: 1\/2 \u201d  &nbsp;\" \/>\n<meta property=\"og:url\" content=\"https:\/\/www.handdukstorkar.se\/sv\/butik\/elektriska-patroner-for-handduksvarmare-2\/standard-el-patron-sim\/\" \/>\n<meta property=\"og:site_name\" content=\"Handdukstorkar.se\" \/>\n<meta property=\"article:modified_time\" content=\"2026-04-24T13:23:40+00:00\" \/>\n<meta property=\"og:image\" content=\"https:\/\/www.handdukstorkar.se\/wp-content\/uploads\/2025\/08\/standardheatingelement-01.jpg\" \/>\n\t<meta property=\"og:image:width\" content=\"291\" \/>\n\t<meta property=\"og:image:height\" content=\"407\" \/>\n\t<meta property=\"og:image:type\" content=\"image\/jpeg\" \/>\n<meta name=\"twitter:card\" content=\"summary_large_image\" \/>\n<meta name=\"twitter:label1\" content=\"Availability\" \/>\n\t<meta name=\"twitter:data1\" content=\"In stock\" \/>\n<script type=\"application\/ld+json\" class=\"yoast-schema-graph\">{\"@context\":\"https:\/\/schema.org\",\"@graph\":[{\"@type\":\"WebPage\",\"@id\":\"https:\/\/www.handdukstorkar.se\/sv\/shop\/el-patroner-til-haandklaedetoerrer-2\/standard-el-patron-sim\/\",\"url\":\"https:\/\/www.handdukstorkar.se\/sv\/shop\/el-patroner-til-haandklaedetoerrer-2\/standard-el-patron-sim\/\",\"name\":\"Standard El-Patron SIM - Handdukstorkar.se\",\"isPartOf\":{\"@id\":\"https:\/\/www.handdukstorkar.se\/sv\/#website\"},\"primaryImageOfPage\":{\"@id\":\"https:\/\/www.handdukstorkar.se\/sv\/shop\/el-patroner-til-haandklaedetoerrer-2\/standard-el-patron-sim\/#primaryimage\"},\"image\":{\"@id\":\"https:\/\/www.handdukstorkar.se\/sv\/shop\/el-patroner-til-haandklaedetoerrer-2\/standard-el-patron-sim\/#primaryimage\"},\"thumbnailUrl\":\"https:\/\/www.handdukstorkar.se\/wp-content\/uploads\/2025\/08\/standardheatingelement-01.jpg\",\"datePublished\":\"2021-03-15T22:55:55+00:00\",\"dateModified\":\"2026-04-24T13:23:40+00:00\",\"breadcrumb\":{\"@id\":\"https:\/\/www.handdukstorkar.se\/sv\/shop\/el-patroner-til-haandklaedetoerrer-2\/standard-el-patron-sim\/#breadcrumb\"},\"inLanguage\":\"sv-SE\",\"potentialAction\":[{\"@type\":\"ReadAction\",\"target\":[\"https:\/\/www.handdukstorkar.se\/sv\/shop\/el-patroner-til-haandklaedetoerrer-2\/standard-el-patron-sim\/\"]}]},{\"@type\":\"ImageObject\",\"inLanguage\":\"sv-SE\",\"@id\":\"https:\/\/www.handdukstorkar.se\/sv\/shop\/el-patroner-til-haandklaedetoerrer-2\/standard-el-patron-sim\/#primaryimage\",\"url\":\"https:\/\/www.handdukstorkar.se\/wp-content\/uploads\/2025\/08\/standardheatingelement-01.jpg\",\"contentUrl\":\"https:\/\/www.handdukstorkar.se\/wp-content\/uploads\/2025\/08\/standardheatingelement-01.jpg\",\"width\":291,\"height\":407},{\"@type\":\"BreadcrumbList\",\"@id\":\"https:\/\/www.handdukstorkar.se\/sv\/shop\/el-patroner-til-haandklaedetoerrer-2\/standard-el-patron-sim\/#breadcrumb\",\"itemListElement\":[{\"@type\":\"ListItem\",\"position\":1,\"name\":\"Home\",\"item\":\"https:\/\/www.handdukstorkar.se\/sv\/\"},{\"@type\":\"ListItem\",\"position\":2,\"name\":\"Shop\",\"item\":\"https:\/\/www.handdukstorkar.se\/sv\/butik\/\"},{\"@type\":\"ListItem\",\"position\":3,\"name\":\"Standard El-Patron SIM\"}]},{\"@type\":\"WebSite\",\"@id\":\"https:\/\/www.handdukstorkar.se\/sv\/#website\",\"url\":\"https:\/\/www.handdukstorkar.se\/sv\/\",\"name\":\"Handdukstorkar.se\",\"description\":\"Danmarks st\u00f8rste udvalg af h\u00e5ndkl\u00e6det\u00f8rrer\",\"publisher\":{\"@id\":\"https:\/\/www.handdukstorkar.se\/sv\/#organization\"},\"potentialAction\":[{\"@type\":\"SearchAction\",\"target\":{\"@type\":\"EntryPoint\",\"urlTemplate\":\"https:\/\/www.handdukstorkar.se\/sv\/?s={search_term_string}\"},\"query-input\":{\"@type\":\"PropertyValueSpecification\",\"valueRequired\":true,\"valueName\":\"search_term_string\"}}],\"inLanguage\":\"sv-SE\"},{\"@type\":\"Organization\",\"@id\":\"https:\/\/www.handdukstorkar.se\/sv\/#organization\",\"name\":\"H\u00e5ndkl\u00e6det\u00f8rrer.dk\",\"url\":\"https:\/\/www.handdukstorkar.se\/sv\/\",\"logo\":{\"@type\":\"ImageObject\",\"inLanguage\":\"sv-SE\",\"@id\":\"https:\/\/www.handdukstorkar.se\/sv\/#\/schema\/logo\/image\/\",\"url\":\"https:\/\/www.handdukstorkar.se\/wp-content\/uploads\/2019\/06\/logo-1.png\",\"contentUrl\":\"https:\/\/www.handdukstorkar.se\/wp-content\/uploads\/2019\/06\/logo-1.png\",\"width\":300,\"height\":45,\"caption\":\"H\u00e5ndkl\u00e6det\u00f8rrer.dk\"},\"image\":{\"@id\":\"https:\/\/www.handdukstorkar.se\/sv\/#\/schema\/logo\/image\/\"}}]}<\/script>\n<meta property=\"product:brand\" content=\"SIM\" \/>\n<meta property=\"og:availability\" content=\"instock\" \/>\n<meta property=\"product:availability\" content=\"instock\" \/>\n<meta property=\"product:retailer_item_id\" content=\"81110\" \/>\n<meta property=\"product:condition\" content=\"new\" \/>\n<!-- \/ Yoast SEO Premium plugin. -->","yoast_head_json":{"title":"Standard Elektrisk Cartridge SIM - Handdukstorkar.se","robots":{"index":"index","follow":"follow","max-snippet":"max-snippet:-1","max-image-preview":"max-image-preview:large","max-video-preview":"max-video-preview:-1"},"canonical":"https:\/\/www.handdukstorkar.se\/sv\/butik\/elektriska-patroner-for-handduksvarmare-2\/standard-el-patron-sim\/","og_locale":"sv_SE","og_type":"article","og_title":"Standard El-Patron SIM","og_description":"EGENSKABER OG FUNKTIONER Vedligeholdelsesfri Maksimal temperatur begr\u00e6nset til 65 \u00b0 C Termisk beskyttelse mod drift i en t\u00f8r radiator. Symmetrisk tilslutning (kan installeres p\u00e5 venstre eller h\u00f8jre side) Farve p\u00e5 varmeelementhus - Rustfrit st\u00e5l (blank) og et hvidt kabel Velegnet til tilslutning til eksterne timere og intelligente bygningssystemer Indtr\u00e6ngningsbeskyttelse [IP Klasse]: IP67 Radiatorforbindelse: 1\/2 \u201d  &nbsp;","og_url":"https:\/\/www.handdukstorkar.se\/sv\/butik\/elektriska-patroner-for-handduksvarmare-2\/standard-el-patron-sim\/","og_site_name":"Handdukstorkar.se","article_modified_time":"2026-04-24T13:23:40+00:00","og_image":[{"width":291,"height":407,"url":"https:\/\/www.handdukstorkar.se\/wp-content\/uploads\/2025\/08\/standardheatingelement-01.jpg","type":"image\/jpeg"}],"twitter_card":"summary_large_image","twitter_misc":{"Availability":"In stock"},"schema":{"@context":"https:\/\/schema.org","@graph":[{"@type":"WebPage","@id":"https:\/\/www.handdukstorkar.se\/sv\/shop\/el-patroner-til-haandklaedetoerrer-2\/standard-el-patron-sim\/","url":"https:\/\/www.handdukstorkar.se\/sv\/shop\/el-patroner-til-haandklaedetoerrer-2\/standard-el-patron-sim\/","name":"Standard Elektrisk Cartridge SIM - Handdukstorkar.se","isPartOf":{"@id":"https:\/\/www.handdukstorkar.se\/sv\/#website"},"primaryImageOfPage":{"@id":"https:\/\/www.handdukstorkar.se\/sv\/shop\/el-patroner-til-haandklaedetoerrer-2\/standard-el-patron-sim\/#primaryimage"},"image":{"@id":"https:\/\/www.handdukstorkar.se\/sv\/shop\/el-patroner-til-haandklaedetoerrer-2\/standard-el-patron-sim\/#primaryimage"},"thumbnailUrl":"https:\/\/www.handdukstorkar.se\/wp-content\/uploads\/2025\/08\/standardheatingelement-01.jpg","datePublished":"2021-03-15T22:55:55+00:00","dateModified":"2026-04-24T13:23:40+00:00","breadcrumb":{"@id":"https:\/\/www.handdukstorkar.se\/sv\/shop\/el-patroner-til-haandklaedetoerrer-2\/standard-el-patron-sim\/#breadcrumb"},"inLanguage":"sv-SE","potentialAction":[{"@type":"ReadAction","target":["https:\/\/www.handdukstorkar.se\/sv\/shop\/el-patroner-til-haandklaedetoerrer-2\/standard-el-patron-sim\/"]}]},{"@type":"ImageObject","inLanguage":"sv-SE","@id":"https:\/\/www.handdukstorkar.se\/sv\/shop\/el-patroner-til-haandklaedetoerrer-2\/standard-el-patron-sim\/#primaryimage","url":"https:\/\/www.handdukstorkar.se\/wp-content\/uploads\/2025\/08\/standardheatingelement-01.jpg","contentUrl":"https:\/\/www.handdukstorkar.se\/wp-content\/uploads\/2025\/08\/standardheatingelement-01.jpg","width":291,"height":407},{"@type":"BreadcrumbList","@id":"https:\/\/www.handdukstorkar.se\/sv\/shop\/el-patroner-til-haandklaedetoerrer-2\/standard-el-patron-sim\/#breadcrumb","itemListElement":[{"@type":"ListItem","position":1,"name":"Home","item":"https:\/\/www.handdukstorkar.se\/sv\/"},{"@type":"ListItem","position":2,"name":"Shop","item":"https:\/\/www.handdukstorkar.se\/sv\/butik\/"},{"@type":"ListItem","position":3,"name":"Standard El-Patron SIM"}]},{"@type":"WebSite","@id":"https:\/\/www.handdukstorkar.se\/sv\/#website","url":"https:\/\/www.handdukstorkar.se\/sv\/","name":"Handdukstork.se","description":"Danmarks st\u00f6rsta utbud av handdukstorkar","publisher":{"@id":"https:\/\/www.handdukstorkar.se\/sv\/#organization"},"potentialAction":[{"@type":"SearchAction","target":{"@type":"EntryPoint","urlTemplate":"https:\/\/www.handdukstorkar.se\/sv\/?s={search_term_string}"},"query-input":{"@type":"PropertyValueSpecification","valueRequired":true,"valueName":"search_term_string"}}],"inLanguage":"sv-SE"},{"@type":"Organization","@id":"https:\/\/www.handdukstorkar.se\/sv\/#organization","name":"H\u00e5ndkladetorrer.dk","url":"https:\/\/www.handdukstorkar.se\/sv\/","logo":{"@type":"ImageObject","inLanguage":"sv-SE","@id":"https:\/\/www.handdukstorkar.se\/sv\/#\/schema\/logo\/image\/","url":"https:\/\/www.handdukstorkar.se\/wp-content\/uploads\/2019\/06\/logo-1.png","contentUrl":"https:\/\/www.handdukstorkar.se\/wp-content\/uploads\/2019\/06\/logo-1.png","width":300,"height":45,"caption":"H\u00e5ndkl\u00e6det\u00f8rrer.dk"},"image":{"@id":"https:\/\/www.handdukstorkar.se\/sv\/#\/schema\/logo\/image\/"}}]},"product_brand":"SIM","og_availability":"instock","product_availability":"instock","product_retailer_item_id":"81110","product_condition":"new"},"jetpack_sharing_enabled":true,"_links":{"self":[{"href":"https:\/\/www.handdukstorkar.se\/sv\/wp-json\/wp\/v2\/product\/86736","targetHints":{"allow":["GET"]}}],"collection":[{"href":"https:\/\/www.handdukstorkar.se\/sv\/wp-json\/wp\/v2\/product"}],"about":[{"href":"https:\/\/www.handdukstorkar.se\/sv\/wp-json\/wp\/v2\/types\/product"}],"version-history":[{"count":0,"href":"https:\/\/www.handdukstorkar.se\/sv\/wp-json\/wp\/v2\/product\/86736\/revisions"}],"wp:featuredmedia":[{"embeddable":true,"href":"https:\/\/www.handdukstorkar.se\/sv\/wp-json\/wp\/v2\/media\/16372912245"}],"wp:attachment":[{"href":"https:\/\/www.handdukstorkar.se\/sv\/wp-json\/wp\/v2\/media?parent=86736"}],"wp:term":[{"taxonomy":"product_brand","embeddable":true,"href":"https:\/\/www.handdukstorkar.se\/sv\/wp-json\/wp\/v2\/product_brand?post=86736"},{"taxonomy":"product_cat","embeddable":true,"href":"https:\/\/www.handdukstorkar.se\/sv\/wp-json\/wp\/v2\/product_cat?post=86736"},{"taxonomy":"product_tag","embeddable":true,"href":"https:\/\/www.handdukstorkar.se\/sv\/wp-json\/wp\/v2\/product_tag?post=86736"}],"curies":[{"name":"wp","href":"https:\/\/api.w.org\/{rel}","templated":true}]}}